{"id":13593,"date":"2024-04-15T20:02:19","date_gmt":"2024-04-15T18:02:19","guid":{"rendered":"https:\/\/nexvision.dev\/spacial\/"},"modified":"2024-08-22T14:42:48","modified_gmt":"2024-08-22T12:42:48","slug":"spatial","status":"publish","type":"page","link":"https:\/\/nexvision.fr\/fr\/spatial\/","title":{"rendered":"Spatial"},"content":{"rendered":"\t\t<div data-elementor-type=\"wp-page\" data-elementor-id=\"13593\" class=\"elementor elementor-13593 elementor-12809\" data-elementor-post-type=\"page\">\n\t\t\t\t\t\t<section data-particle_enable=\"false\" data-particle-mobile-disabled=\"false\" class=\"elementor-section elementor-top-section elementor-element elementor-element-59d3bff elementor-section-height-min-height elementor-section-stretched elementor-section-boxed elementor-section-height-default elementor-section-items-middle\" data-id=\"59d3bff\" data-element_type=\"section\" data-e-type=\"section\" data-settings=\"{&quot;stretch_section&quot;:&quot;section-stretched&quot;,&quot;background_background&quot;:&quot;classic&quot;}\">\n\t\t\t\t\t\t\t<div class=\"elementor-background-overlay\"><\/div>\n\t\t\t\t\t\t\t<div class=\"elementor-container elementor-column-gap-no\">\n\t\t\t\t\t<div class=\"elementor-column elementor-col-100 elementor-top-column elementor-element elementor-element-ac681ba\" data-id=\"ac681ba\" data-element_type=\"column\" data-e-type=\"column\">\n\t\t\t<div class=\"elementor-widget-wrap elementor-element-populated\">\n\t\t\t\t\t\t<div class=\"elementor-element elementor-element-34156b8 elementor-widget elementor-widget-heading\" data-id=\"34156b8\" data-element_type=\"widget\" data-e-type=\"widget\" data-widget_type=\"heading.default\">\n\t\t\t\t<div class=\"elementor-widget-container\">\n\t\t\t\t\t<h1 class=\"elementor-heading-title elementor-size-default\">Spatial<\/h1>\t\t\t\t<\/div>\n\t\t\t\t<\/div>\n\t\t\t\t<div class=\"elementor-element elementor-element-d4f192a elementor-widget elementor-widget-text-editor\" data-id=\"d4f192a\" data-element_type=\"widget\" data-e-type=\"widget\" data-widget_type=\"text-editor.default\">\n\t\t\t\t<div class=\"elementor-widget-container\">\n\t\t\t\t\t\t\t\t\t<p>Explorer au del\u00e0 et comprendre<\/p>\n\t\t\t\t\t\t\t\t<\/div>\n\t\t\t\t<\/div>\n\t\t\t\t\t<\/div>\n\t\t<\/div>\n\t\t\t\t\t<\/div>\n\t\t<\/section>\n\t\t\t\t<section data-particle_enable=\"false\" data-particle-mobile-disabled=\"false\" class=\"elementor-section elementor-top-section elementor-element elementor-element-0e78dea elementor-section-content-middle elementor-section-boxed elementor-section-height-default elementor-section-height-default\" data-id=\"0e78dea\" data-element_type=\"section\" data-e-type=\"section\" data-settings=\"{&quot;background_background&quot;:&quot;classic&quot;}\">\n\t\t\t\t\t\t<div class=\"elementor-container elementor-column-gap-default\">\n\t\t\t\t\t<div class=\"elementor-column elementor-col-100 elementor-top-column elementor-element elementor-element-0392508\" data-id=\"0392508\" data-element_type=\"column\" data-e-type=\"column\">\n\t\t\t<div class=\"elementor-widget-wrap elementor-element-populated\">\n\t\t\t\t\t\t<div class=\"elementor-element elementor-element-ad28994 elementor-widget elementor-widget-text-editor\" data-id=\"ad28994\" data-element_type=\"widget\" data-e-type=\"widget\" data-widget_type=\"text-editor.default\">\n\t\t\t\t<div class=\"elementor-widget-container\">\n\t\t\t\t\t\t\t\t\t<p><span><span><a href=\"https:\/\/nexvision.fr\/\">Home<\/a><\/span><\/span><\/p>\n\t\t\t\t\t\t\t\t<\/div>\n\t\t\t\t<\/div>\n\t\t\t\t\t<\/div>\n\t\t<\/div>\n\t\t\t\t\t<\/div>\n\t\t<\/section>\n\t\t\t\t<section data-particle_enable=\"false\" data-particle-mobile-disabled=\"false\" class=\"elementor-section elementor-top-section elementor-element elementor-element-79ee262 elementor-section-content-middle elementor-section-stretched elementor-section-boxed elementor-section-height-default elementor-section-height-default\" data-id=\"79ee262\" data-element_type=\"section\" data-e-type=\"section\" data-settings=\"{&quot;stretch_section&quot;:&quot;section-stretched&quot;,&quot;background_background&quot;:&quot;classic&quot;,&quot;sticky&quot;:&quot;top&quot;,&quot;sticky_on&quot;:[&quot;desktop&quot;],&quot;sticky_offset&quot;:66,&quot;sticky_effects_offset&quot;:0,&quot;sticky_anchor_link_offset&quot;:0}\">\n\t\t\t\t\t\t<div class=\"elementor-container elementor-column-gap-default\">\n\t\t\t\t\t<div class=\"elementor-column elementor-col-100 elementor-top-column elementor-element elementor-element-4215df7\" data-id=\"4215df7\" data-element_type=\"column\" data-e-type=\"column\">\n\t\t\t<div class=\"elementor-widget-wrap elementor-element-populated\">\n\t\t\t\t\t\t<div class=\"elementor-element elementor-element-586548c elementor-widget elementor-widget-text-editor\" data-id=\"586548c\" data-element_type=\"widget\" data-e-type=\"widget\" data-widget_type=\"text-editor.default\">\n\t\t\t\t<div class=\"elementor-widget-container\">\n\t\t\t\t\t\t\t\t\t<div style=\"text-align: center;\"><a href=\"#specifics\">Sp\u00e9cificit\u00e9s<\/a> | <a href=\"#expertise\">Expertise Nexvision<\/a> | <a href=\"#clients\">Clients et projets r\u00e9alis\u00e9s<\/a><\/div>\n\t\t\t\t\t\t\t\t<\/div>\n\t\t\t\t<\/div>\n\t\t\t\t\t<\/div>\n\t\t<\/div>\n\t\t\t\t\t<\/div>\n\t\t<\/section>\n\t\t\t\t<section data-particle_enable=\"false\" data-particle-mobile-disabled=\"false\" class=\"elementor-section elementor-top-section elementor-element elementor-element-fc57508 elementor-section-boxed elementor-section-height-default elementor-section-height-default\" data-id=\"fc57508\" data-element_type=\"section\" data-e-type=\"section\" id=\"specifics\">\n\t\t\t\t\t\t<div class=\"elementor-container elementor-column-gap-default\">\n\t\t\t\t\t<div class=\"elementor-column elementor-col-100 elementor-top-column elementor-element elementor-element-ee4a5db\" data-id=\"ee4a5db\" data-element_type=\"column\" data-e-type=\"column\">\n\t\t\t<div class=\"elementor-widget-wrap elementor-element-populated\">\n\t\t\t\t\t\t<div class=\"elementor-element elementor-element-44b3c2a elementor-widget elementor-widget-heading\" data-id=\"44b3c2a\" data-element_type=\"widget\" data-e-type=\"widget\" data-widget_type=\"heading.default\">\n\t\t\t\t<div class=\"elementor-widget-container\">\n\t\t\t\t\t<h2 class=\"elementor-heading-title elementor-size-default\">Sp\u00e9cificit\u00e9s de l'industrie spatiale<\/h2>\t\t\t\t<\/div>\n\t\t\t\t<\/div>\n\t\t\t\t<div class=\"elementor-element elementor-element-72f7a5b elementor-widget-divider--view-line elementor-widget elementor-widget-divider\" data-id=\"72f7a5b\" data-element_type=\"widget\" data-e-type=\"widget\" data-widget_type=\"divider.default\">\n\t\t\t\t<div class=\"elementor-widget-container\">\n\t\t\t\t\t\t\t<div class=\"elementor-divider\">\n\t\t\t<span class=\"elementor-divider-separator\">\n\t\t\t\t\t\t<\/span>\n\t\t<\/div>\n\t\t\t\t\t\t<\/div>\n\t\t\t\t<\/div>\n\t\t\t\t<div class=\"elementor-element elementor-element-b2c2e90 elementor-widget elementor-widget-text-editor\" data-id=\"b2c2e90\" data-element_type=\"widget\" data-e-type=\"widget\" data-widget_type=\"text-editor.default\">\n\t\t\t\t<div class=\"elementor-widget-container\">\n\t\t\t\t\t\t\t\t\t<p>Les syst\u00e8mes de vision pour l&rsquo;industrie spatiale sont des outils essentiels et hautement sp\u00e9cialis\u00e9s con\u00e7us pour fonctionner dans des environnements extr\u00eames et accomplir des t\u00e2ches sp\u00e9cifiques li\u00e9es \u00e0 l&rsquo;exploration et l&rsquo;utilisation de l&rsquo;espace. Voici quelques sp\u00e9cificit\u00e9s notables de ces syst\u00e8mes :<\/p>\n<ol>\n<li><strong>Haute r\u00e9solution et haute sensibilit\u00e9<\/strong> : Les cam\u00e9ras utilis\u00e9es dans l&rsquo;espace doivent \u00eatre capables de capturer des images de tr\u00e8s haute r\u00e9solution pour permettre une analyse d\u00e9taill\u00e9e des corps c\u00e9lestes, des surfaces plan\u00e9taires et autres ph\u00e9nom\u00e8nes spatiaux. La sensibilit\u00e9 \u00e0 des spectres lumineux particuliers, y compris l&rsquo;infrarouge ou l&rsquo;ultraviolet, est \u00e9galement cruciale pour observer des caract\u00e9ristiques non visibles \u00e0 l&rsquo;\u0153il nu.<\/li>\n<li><strong>Robustesse aux conditions extr\u00eames<\/strong> : Ces syst\u00e8mes doivent r\u00e9sister \u00e0 des conditions extr\u00eames telles que des temp\u00e9ratures tr\u00e8s basses ou tr\u00e8s hautes, des radiations intenses, et le vide spatial. Cela implique l&rsquo;utilisation de mat\u00e9riaux et de technologies sp\u00e9ciales pour prot\u00e9ger les composants sensibles.<\/li>\n<li><strong>Fiabilit\u00e9 et autonomie<\/strong> : Dans un environnement o\u00f9 les interventions humaines sont limit\u00e9es, la fiabilit\u00e9 est cruciale. Les syst\u00e8mes de vision spatiaux doivent pouvoir fonctionner de mani\u00e8re autonome, avec des capacit\u00e9s de diagnostic et de correction d&rsquo;erreurs int\u00e9gr\u00e9es pour assurer un fonctionnement continu sans supervision directe.<\/li>\n<li><strong>Minimisation de la consommation d&rsquo;\u00e9nergie<\/strong> : La gestion de l&rsquo;\u00e9nergie est une pr\u00e9occupation majeure dans les engins spatiaux, car l&rsquo;\u00e9nergie est une ressource limit\u00e9e. Les syst\u00e8mes de vision doivent donc \u00eatre con\u00e7us pour consommer le moins d&rsquo;\u00e9nergie possible tout en maintenant une performance optimale.<\/li>\n<li><strong>Capacit\u00e9s de traitement embarqu\u00e9<\/strong> : En raison des d\u00e9lais de communication entre la Terre et les engins spatiaux, il est souvent n\u00e9cessaire que ces syst\u00e8mes traitent les images sur place pour prendre des d\u00e9cisions rapides, comme lors de man\u0153uvres d&rsquo;atterrissage ou de navigation autour d&rsquo;obstacles.<\/li>\n<li><strong>Int\u00e9gration avec d&rsquo;autres syst\u00e8mes spatiaux<\/strong> : Les syst\u00e8mes de vision doivent souvent \u00eatre int\u00e9gr\u00e9s avec d&rsquo;autres instruments et syst\u00e8mes de bord, comme des capteurs g\u00e9ophysiques ou des syst\u00e8mes de navigation, n\u00e9cessitant une grande compatibilit\u00e9 et des interfaces de communication standardis\u00e9es.<\/li>\n<li><strong>Adaptabilit\u00e9 et \u00e9volutivit\u00e9<\/strong> : Avec les progr\u00e8s de la technologie et des missions spatiales de plus en plus complexes, ces syst\u00e8mes doivent \u00e9galement \u00eatre \u00e9volutifs et adaptables pour r\u00e9pondre aux besoins de nouvelles missions et exp\u00e9riences scientifiques.<\/li>\n<\/ol>\n<p>\u00a0<\/p>\n<p>En r\u00e9sum\u00e9, les syst\u00e8mes de vision pour l&rsquo;industrie spatiale sont des outils avanc\u00e9s et sophistiqu\u00e9s, con\u00e7us pour r\u00e9pondre aux d\u00e9fis uniques de l&rsquo;environnement spatial et jouer un r\u00f4le crucial dans le succ\u00e8s des missions spatiales.<\/p>\n\t\t\t\t\t\t\t\t<\/div>\n\t\t\t\t<\/div>\n\t\t\t\t\t<\/div>\n\t\t<\/div>\n\t\t\t\t\t<\/div>\n\t\t<\/section>\n\t\t\t\t<section data-particle_enable=\"false\" data-particle-mobile-disabled=\"false\" class=\"elementor-section elementor-top-section elementor-element elementor-element-955d6d3 elementor-section-boxed elementor-section-height-default elementor-section-height-default\" data-id=\"955d6d3\" data-element_type=\"section\" data-e-type=\"section\" id=\"expertise\">\n\t\t\t\t\t\t<div class=\"elementor-container elementor-column-gap-default\">\n\t\t\t\t\t<div class=\"elementor-column elementor-col-100 elementor-top-column elementor-element elementor-element-8996448\" data-id=\"8996448\" data-element_type=\"column\" data-e-type=\"column\">\n\t\t\t<div class=\"elementor-widget-wrap elementor-element-populated\">\n\t\t\t\t\t\t<div class=\"elementor-element elementor-element-253d1a7 elementor-widget elementor-widget-heading\" data-id=\"253d1a7\" data-element_type=\"widget\" data-e-type=\"widget\" data-widget_type=\"heading.default\">\n\t\t\t\t<div class=\"elementor-widget-container\">\n\t\t\t\t\t<h2 class=\"elementor-heading-title elementor-size-default\">L'expertise Nexvision<\/h2>\t\t\t\t<\/div>\n\t\t\t\t<\/div>\n\t\t\t\t<div class=\"elementor-element elementor-element-a012061 elementor-widget-divider--view-line elementor-widget elementor-widget-divider\" data-id=\"a012061\" data-element_type=\"widget\" data-e-type=\"widget\" data-widget_type=\"divider.default\">\n\t\t\t\t<div class=\"elementor-widget-container\">\n\t\t\t\t\t\t\t<div class=\"elementor-divider\">\n\t\t\t<span class=\"elementor-divider-separator\">\n\t\t\t\t\t\t<\/span>\n\t\t<\/div>\n\t\t\t\t\t\t<\/div>\n\t\t\t\t<\/div>\n\t\t\t\t<div class=\"elementor-element elementor-element-b164986 elementor-widget elementor-widget-text-editor\" data-id=\"b164986\" data-element_type=\"widget\" data-e-type=\"widget\" data-widget_type=\"text-editor.default\">\n\t\t\t\t<div class=\"elementor-widget-container\">\n\t\t\t\t\t\t\t\t\t<p>La valeur ajout\u00e9e de Nexvision r\u00e9side dans la conception de charges utiles d&rsquo;observation pour nano et micro satellites (GSD &lt; 1m, Swath \u2243 8kms) :<\/p>\n<ul>\n<li>Cartes d&rsquo;acquisition de traitement et d&rsquo;analyse d&rsquo;images complexes incluant des capteurs d&rsquo;image tr\u00e8s haute r\u00e9solution multispectraux (chip) et les derniers composants SoC (FPGA\/CPU\/GPU\/MANY CORE) tol\u00e9rants aux radiations, int\u00e9gr\u00e9es autour d&rsquo;optiques.<\/li>\n<li>D\u00e9veloppement d&rsquo;algorithmes embarqu\u00e9s pour satellites d&rsquo;observation en push-frame.<\/li>\n<\/ul>\n\t\t\t\t\t\t\t\t<\/div>\n\t\t\t\t<\/div>\n\t\t\t\t\t<\/div>\n\t\t<\/div>\n\t\t\t\t\t<\/div>\n\t\t<\/section>\n\t\t\t\t<section data-particle_enable=\"false\" data-particle-mobile-disabled=\"false\" class=\"elementor-section elementor-top-section elementor-element elementor-element-f8bb98e elementor-section-boxed elementor-section-height-default elementor-section-height-default\" data-id=\"f8bb98e\" data-element_type=\"section\" data-e-type=\"section\" id=\"clients\">\n\t\t\t\t\t\t<div class=\"elementor-container elementor-column-gap-default\">\n\t\t\t\t\t<div class=\"elementor-column elementor-col-100 elementor-top-column elementor-element elementor-element-d388ae6\" data-id=\"d388ae6\" data-element_type=\"column\" data-e-type=\"column\">\n\t\t\t<div class=\"elementor-widget-wrap elementor-element-populated\">\n\t\t\t\t\t\t<div class=\"elementor-element elementor-element-9e0f2b6 elementor-widget elementor-widget-heading\" data-id=\"9e0f2b6\" data-element_type=\"widget\" data-e-type=\"widget\" data-widget_type=\"heading.default\">\n\t\t\t\t<div class=\"elementor-widget-container\">\n\t\t\t\t\t<h2 class=\"elementor-heading-title elementor-size-default\">Clients et projets r\u00e9alis\u00e9s<\/h2>\t\t\t\t<\/div>\n\t\t\t\t<\/div>\n\t\t\t\t<div class=\"elementor-element elementor-element-90905db elementor-widget-divider--view-line elementor-widget elementor-widget-divider\" data-id=\"90905db\" data-element_type=\"widget\" data-e-type=\"widget\" data-widget_type=\"divider.default\">\n\t\t\t\t<div class=\"elementor-widget-container\">\n\t\t\t\t\t\t\t<div class=\"elementor-divider\">\n\t\t\t<span class=\"elementor-divider-separator\">\n\t\t\t\t\t\t<\/span>\n\t\t<\/div>\n\t\t\t\t\t\t<\/div>\n\t\t\t\t<\/div>\n\t\t\t\t<div class=\"elementor-element elementor-element-7ddfe2e elementor-widget elementor-widget-text-editor\" data-id=\"7ddfe2e\" data-element_type=\"widget\" data-e-type=\"widget\" data-widget_type=\"text-editor.default\">\n\t\t\t\t<div class=\"elementor-widget-container\">\n\t\t\t\t\t\t\t\t\t<p>Centre national d&rsquo;\u00e9tudes spatiales (CNES)<\/p>\n<ul>\n<li>DARWIN : D\u00e9monstrateur d&rsquo;une charge utile satellitaire de type push-frame pour la t\u00e9l\u00e9d\u00e9tection de la terre avec traitement d&rsquo;image embarqu\u00e9 (capteur d&rsquo;image et carte de traitement FPGA haut de gamme).<\/li>\n<li>ISAAC : Mod\u00e8le d&rsquo;ing\u00e9nierie (EM) pour une charge utile push-frame ou push-broom pour la t\u00e9l\u00e9d\u00e9tection de la terre avec un syst\u00e8me FPGA sur puce (SoC) de derni\u00e8re g\u00e9n\u00e9ration, incluant le traitement d&rsquo;image embarqu\u00e9 et l&rsquo;analyse via intelligence artificielle.<\/li>\n<li>Carte tout-en-un : interface avec les capteurs d&rsquo;images, traitement, analyse, compression, stockage, transmission, r\u00e9gulation de puissance,&#8230;<\/li>\n<\/ul>\n<p>Thales Alenia Space (TAS)<\/p>\n<ul>\n<li>Sous-syst\u00e8me ADC stabilisant<\/li>\n<\/ul>\n<p><span style=\"text-decoration: underline;\">Partenaires<\/span> :<\/p>\n<ul>\n<li>STEEL ELECTRONIQUE<\/li>\n<li>PYXALIS<\/li>\n<\/ul>\n\t\t\t\t\t\t\t\t<\/div>\n\t\t\t\t<\/div>\n\t\t\t\t\t<\/div>\n\t\t<\/div>\n\t\t\t\t\t<\/div>\n\t\t<\/section>\n\t\t\t\t<\/div>\n\t\t","protected":false},"excerpt":{"rendered":"<p>Explorer au del\u00e0 et comprendre Sp\u00e9cificit\u00e9s | Expertise Nexvision | Clients et projets r\u00e9alis\u00e9s Sp\u00e9cificit\u00e9s de l&rsquo;industrie spatiale Les syst\u00e8mes de vision pour l&rsquo;industrie spatiale sont des outils essentiels et hautement sp\u00e9cialis\u00e9s con\u00e7us pour fonctionner dans des environnements extr\u00eames et accomplir des t\u00e2ches sp\u00e9cifiques li\u00e9es \u00e0 l&rsquo;exploration et l&rsquo;utilisation de l&rsquo;espace. Voici quelques sp\u00e9cificit\u00e9s notables [&hellip;]<\/p>\n","protected":false},"author":1,"featured_media":0,"parent":0,"menu_order":0,"comment_status":"closed","ping_status":"closed","template":"elementor_header_footer","meta":{"_acf_changed":false,"inline_featured_image":false,"_monsterinsights_skip_tracking":false,"_monsterinsights_sitenote_active":false,"_monsterinsights_sitenote_note":"","_monsterinsights_sitenote_category":0,"footnotes":""},"class_list":["post-13593","page","type-page","status-publish","hentry"],"acf":[],"yoast_head":"<!-- This site is optimized with the Yoast SEO plugin v27.2 - https:\/\/yoast.com\/product\/yoast-seo-wordpress\/ -->\n<title>Syst\u00e8mes optroniques embarqu\u00e9s pour le spatial<\/title>\n<meta name=\"description\" content=\"D\u00e9couvrez nos technologies de vision avanc\u00e9e d\u00e9di\u00e9es aux applications spatiales. Repoussez les fronti\u00e8res de l&#039;exploration. Cliquez ici !\" \/>\n<meta name=\"robots\" content=\"index, follow, max-snippet:-1, max-image-preview:large, max-video-preview:-1\" \/>\n<link rel=\"canonical\" href=\"https:\/\/nexvision.fr\/fr\/spatial\/\" \/>\n<meta property=\"og:locale\" content=\"fr_FR\" \/>\n<meta property=\"og:type\" content=\"article\" \/>\n<meta property=\"og:title\" content=\"Syst\u00e8mes optroniques embarqu\u00e9s pour le spatial\" \/>\n<meta property=\"og:description\" content=\"D\u00e9couvrez nos technologies de vision avanc\u00e9e d\u00e9di\u00e9es aux applications spatiales. Repoussez les fronti\u00e8res de l&#039;exploration. Cliquez ici !\" \/>\n<meta property=\"og:url\" content=\"https:\/\/nexvision.fr\/fr\/spatial\/\" \/>\n<meta property=\"og:site_name\" content=\"NEXVISION\" \/>\n<meta property=\"article:modified_time\" content=\"2024-08-22T12:42:48+00:00\" \/>\n<meta name=\"twitter:card\" content=\"summary_large_image\" \/>\n<meta name=\"twitter:label1\" content=\"Dur\u00e9e de lecture estim\u00e9e\" \/>\n\t<meta name=\"twitter:data1\" content=\"3 minutes\" \/>\n<script type=\"application\/ld+json\" class=\"yoast-schema-graph\">{\"@context\":\"https:\/\/schema.org\",\"@graph\":[{\"@type\":\"WebPage\",\"@id\":\"https:\/\/nexvision.fr\/fr\/spatial\/\",\"url\":\"https:\/\/nexvision.fr\/fr\/spatial\/\",\"name\":\"Syst\u00e8mes optroniques embarqu\u00e9s pour le spatial\",\"isPartOf\":{\"@id\":\"https:\/\/nexvision.fr\/#website\"},\"datePublished\":\"2024-04-15T18:02:19+00:00\",\"dateModified\":\"2024-08-22T12:42:48+00:00\",\"description\":\"D\u00e9couvrez nos technologies de vision avanc\u00e9e d\u00e9di\u00e9es aux applications spatiales. Repoussez les fronti\u00e8res de l'exploration. Cliquez ici !\",\"breadcrumb\":{\"@id\":\"https:\/\/nexvision.fr\/fr\/spatial\/#breadcrumb\"},\"inLanguage\":\"fr-FR\",\"potentialAction\":[{\"@type\":\"ReadAction\",\"target\":[\"https:\/\/nexvision.fr\/fr\/spatial\/\"]}]},{\"@type\":\"BreadcrumbList\",\"@id\":\"https:\/\/nexvision.fr\/fr\/spatial\/#breadcrumb\",\"itemListElement\":[{\"@type\":\"ListItem\",\"position\":1,\"name\":\"Home\",\"item\":\"https:\/\/nexvision.fr\/\"},{\"@type\":\"ListItem\",\"position\":2,\"name\":\"Spatial\"}]},{\"@type\":\"WebSite\",\"@id\":\"https:\/\/nexvision.fr\/#website\",\"url\":\"https:\/\/nexvision.fr\/\",\"name\":\"NEXVISION\",\"description\":\"Vision solution : optronic system UV night SWIR LWIR Terahertz\",\"publisher\":{\"@id\":\"https:\/\/nexvision.fr\/#organization\"},\"potentialAction\":[{\"@type\":\"SearchAction\",\"target\":{\"@type\":\"EntryPoint\",\"urlTemplate\":\"https:\/\/nexvision.fr\/?s={search_term_string}\"},\"query-input\":{\"@type\":\"PropertyValueSpecification\",\"valueRequired\":true,\"valueName\":\"search_term_string\"}}],\"inLanguage\":\"fr-FR\"},{\"@type\":\"Organization\",\"@id\":\"https:\/\/nexvision.fr\/#organization\",\"name\":\"NEXVISION\",\"url\":\"https:\/\/nexvision.fr\/\",\"logo\":{\"@type\":\"ImageObject\",\"inLanguage\":\"fr-FR\",\"@id\":\"https:\/\/nexvision.fr\/#\/schema\/logo\/image\/\",\"url\":\"https:\/\/nexvision.fr\/wp-content\/uploads\/2025\/10\/LogoNexvision696px.png\",\"contentUrl\":\"https:\/\/nexvision.fr\/wp-content\/uploads\/2025\/10\/LogoNexvision696px.png\",\"width\":696,\"height\":696,\"caption\":\"NEXVISION\"},\"image\":{\"@id\":\"https:\/\/nexvision.fr\/#\/schema\/logo\/image\/\"}}]}<\/script>\n<!-- \/ Yoast SEO plugin. -->","yoast_head_json":{"title":"Syst\u00e8mes optroniques embarqu\u00e9s pour le spatial","description":"D\u00e9couvrez nos technologies de vision avanc\u00e9e d\u00e9di\u00e9es aux applications spatiales. Repoussez les fronti\u00e8res de l'exploration. Cliquez ici !","robots":{"index":"index","follow":"follow","max-snippet":"max-snippet:-1","max-image-preview":"max-image-preview:large","max-video-preview":"max-video-preview:-1"},"canonical":"https:\/\/nexvision.fr\/fr\/spatial\/","og_locale":"fr_FR","og_type":"article","og_title":"Syst\u00e8mes optroniques embarqu\u00e9s pour le spatial","og_description":"D\u00e9couvrez nos technologies de vision avanc\u00e9e d\u00e9di\u00e9es aux applications spatiales. Repoussez les fronti\u00e8res de l'exploration. Cliquez ici !","og_url":"https:\/\/nexvision.fr\/fr\/spatial\/","og_site_name":"NEXVISION","article_modified_time":"2024-08-22T12:42:48+00:00","twitter_card":"summary_large_image","twitter_misc":{"Dur\u00e9e de lecture estim\u00e9e":"3 minutes"},"schema":{"@context":"https:\/\/schema.org","@graph":[{"@type":"WebPage","@id":"https:\/\/nexvision.fr\/fr\/spatial\/","url":"https:\/\/nexvision.fr\/fr\/spatial\/","name":"Syst\u00e8mes optroniques embarqu\u00e9s pour le spatial","isPartOf":{"@id":"https:\/\/nexvision.fr\/#website"},"datePublished":"2024-04-15T18:02:19+00:00","dateModified":"2024-08-22T12:42:48+00:00","description":"D\u00e9couvrez nos technologies de vision avanc\u00e9e d\u00e9di\u00e9es aux applications spatiales. Repoussez les fronti\u00e8res de l'exploration. Cliquez ici !","breadcrumb":{"@id":"https:\/\/nexvision.fr\/fr\/spatial\/#breadcrumb"},"inLanguage":"fr-FR","potentialAction":[{"@type":"ReadAction","target":["https:\/\/nexvision.fr\/fr\/spatial\/"]}]},{"@type":"BreadcrumbList","@id":"https:\/\/nexvision.fr\/fr\/spatial\/#breadcrumb","itemListElement":[{"@type":"ListItem","position":1,"name":"Home","item":"https:\/\/nexvision.fr\/"},{"@type":"ListItem","position":2,"name":"Spatial"}]},{"@type":"WebSite","@id":"https:\/\/nexvision.fr\/#website","url":"https:\/\/nexvision.fr\/","name":"NEXVISION","description":"Vision solution : optronic system UV night SWIR LWIR Terahertz","publisher":{"@id":"https:\/\/nexvision.fr\/#organization"},"potentialAction":[{"@type":"SearchAction","target":{"@type":"EntryPoint","urlTemplate":"https:\/\/nexvision.fr\/?s={search_term_string}"},"query-input":{"@type":"PropertyValueSpecification","valueRequired":true,"valueName":"search_term_string"}}],"inLanguage":"fr-FR"},{"@type":"Organization","@id":"https:\/\/nexvision.fr\/#organization","name":"NEXVISION","url":"https:\/\/nexvision.fr\/","logo":{"@type":"ImageObject","inLanguage":"fr-FR","@id":"https:\/\/nexvision.fr\/#\/schema\/logo\/image\/","url":"https:\/\/nexvision.fr\/wp-content\/uploads\/2025\/10\/LogoNexvision696px.png","contentUrl":"https:\/\/nexvision.fr\/wp-content\/uploads\/2025\/10\/LogoNexvision696px.png","width":696,"height":696,"caption":"NEXVISION"},"image":{"@id":"https:\/\/nexvision.fr\/#\/schema\/logo\/image\/"}}]}},"_links":{"self":[{"href":"https:\/\/nexvision.fr\/fr\/wp-json\/wp\/v2\/pages\/13593","targetHints":{"allow":["GET"]}}],"collection":[{"href":"https:\/\/nexvision.fr\/fr\/wp-json\/wp\/v2\/pages"}],"about":[{"href":"https:\/\/nexvision.fr\/fr\/wp-json\/wp\/v2\/types\/page"}],"author":[{"embeddable":true,"href":"https:\/\/nexvision.fr\/fr\/wp-json\/wp\/v2\/users\/1"}],"replies":[{"embeddable":true,"href":"https:\/\/nexvision.fr\/fr\/wp-json\/wp\/v2\/comments?post=13593"}],"version-history":[{"count":10,"href":"https:\/\/nexvision.fr\/fr\/wp-json\/wp\/v2\/pages\/13593\/revisions"}],"predecessor-version":[{"id":16511,"href":"https:\/\/nexvision.fr\/fr\/wp-json\/wp\/v2\/pages\/13593\/revisions\/16511"}],"wp:attachment":[{"href":"https:\/\/nexvision.fr\/fr\/wp-json\/wp\/v2\/media?parent=13593"}],"curies":[{"name":"wp","href":"https:\/\/api.w.org\/{rel}","templated":true}]}}