{"id":13598,"date":"2024-05-03T16:30:33","date_gmt":"2024-05-03T14:30:33","guid":{"rendered":"https:\/\/nexvision.dev\/vision-inspection-industrielle\/"},"modified":"2024-08-19T18:53:56","modified_gmt":"2024-08-19T16:53:56","slug":"vision-inspection-industrielle","status":"publish","type":"page","link":"https:\/\/nexvision.fr\/fr\/vision-inspection-industrielle\/","title":{"rendered":"Vision \/ inspection industrielle"},"content":{"rendered":"\t\t<div data-elementor-type=\"wp-page\" data-elementor-id=\"13598\" class=\"elementor elementor-13598 elementor-13229\" data-elementor-post-type=\"page\">\n\t\t\t\t\t\t<section data-particle_enable=\"false\" data-particle-mobile-disabled=\"false\" class=\"elementor-section elementor-top-section elementor-element elementor-element-a1bff2a elementor-section-height-min-height elementor-section-stretched elementor-section-boxed elementor-section-height-default elementor-section-items-middle\" data-id=\"a1bff2a\" data-element_type=\"section\" data-e-type=\"section\" data-settings=\"{&quot;stretch_section&quot;:&quot;section-stretched&quot;,&quot;background_background&quot;:&quot;classic&quot;}\">\n\t\t\t\t\t\t\t<div class=\"elementor-background-overlay\"><\/div>\n\t\t\t\t\t\t\t<div class=\"elementor-container elementor-column-gap-no\">\n\t\t\t\t\t<div class=\"elementor-column elementor-col-100 elementor-top-column elementor-element elementor-element-161b2b1\" data-id=\"161b2b1\" data-element_type=\"column\" data-e-type=\"column\">\n\t\t\t<div class=\"elementor-widget-wrap elementor-element-populated\">\n\t\t\t\t\t\t<div class=\"elementor-element elementor-element-8abd6a7 elementor-widget elementor-widget-heading\" data-id=\"8abd6a7\" data-element_type=\"widget\" data-e-type=\"widget\" data-widget_type=\"heading.default\">\n\t\t\t\t<div class=\"elementor-widget-container\">\n\t\t\t\t\t<h1 class=\"elementor-heading-title elementor-size-default\">Vision \/ inspection industrielle<\/h1>\t\t\t\t<\/div>\n\t\t\t\t<\/div>\n\t\t\t\t<div class=\"elementor-element elementor-element-526d837 elementor-widget elementor-widget-text-editor\" data-id=\"526d837\" data-element_type=\"widget\" data-e-type=\"widget\" data-widget_type=\"text-editor.default\">\n\t\t\t\t<div class=\"elementor-widget-container\">\n\t\t\t\t\t\t\t\t\t<p>Une large gamme de combinaisons pour r\u00e9pondre aux besoins exacts en mati\u00e8re d&rsquo;inspection et de traitement de l&rsquo;image<\/p>\n\t\t\t\t\t\t\t\t<\/div>\n\t\t\t\t<\/div>\n\t\t\t\t\t<\/div>\n\t\t<\/div>\n\t\t\t\t\t<\/div>\n\t\t<\/section>\n\t\t\t\t<section data-particle_enable=\"false\" data-particle-mobile-disabled=\"false\" class=\"elementor-section elementor-top-section elementor-element elementor-element-661f0c5 elementor-section-content-middle elementor-section-boxed elementor-section-height-default elementor-section-height-default\" data-id=\"661f0c5\" data-element_type=\"section\" data-e-type=\"section\" data-settings=\"{&quot;background_background&quot;:&quot;classic&quot;}\">\n\t\t\t\t\t\t<div class=\"elementor-container elementor-column-gap-default\">\n\t\t\t\t\t<div class=\"elementor-column elementor-col-100 elementor-top-column elementor-element elementor-element-7f6a3c9\" data-id=\"7f6a3c9\" data-element_type=\"column\" data-e-type=\"column\">\n\t\t\t<div class=\"elementor-widget-wrap elementor-element-populated\">\n\t\t\t\t\t\t<div class=\"elementor-element elementor-element-baf69b4 elementor-widget elementor-widget-text-editor\" data-id=\"baf69b4\" data-element_type=\"widget\" data-e-type=\"widget\" data-widget_type=\"text-editor.default\">\n\t\t\t\t<div class=\"elementor-widget-container\">\n\t\t\t\t\t\t\t\t\t<p><span><span><a href=\"https:\/\/nexvision.fr\/fr\/accueil\/\">Home<\/a><\/span><\/span><\/p>\n\t\t\t\t\t\t\t\t<\/div>\n\t\t\t\t<\/div>\n\t\t\t\t\t<\/div>\n\t\t<\/div>\n\t\t\t\t\t<\/div>\n\t\t<\/section>\n\t\t\t\t<section data-particle_enable=\"false\" data-particle-mobile-disabled=\"false\" class=\"elementor-section elementor-top-section elementor-element elementor-element-eea2cad elementor-section-content-middle elementor-section-stretched elementor-section-boxed elementor-section-height-default elementor-section-height-default\" data-id=\"eea2cad\" data-element_type=\"section\" data-e-type=\"section\" data-settings=\"{&quot;stretch_section&quot;:&quot;section-stretched&quot;,&quot;background_background&quot;:&quot;classic&quot;,&quot;sticky&quot;:&quot;top&quot;,&quot;sticky_on&quot;:[&quot;desktop&quot;],&quot;sticky_offset&quot;:66,&quot;sticky_effects_offset&quot;:0,&quot;sticky_anchor_link_offset&quot;:0}\">\n\t\t\t\t\t\t<div class=\"elementor-container elementor-column-gap-default\">\n\t\t\t\t\t<div class=\"elementor-column elementor-col-100 elementor-top-column elementor-element elementor-element-9cec3a9\" data-id=\"9cec3a9\" data-element_type=\"column\" data-e-type=\"column\">\n\t\t\t<div class=\"elementor-widget-wrap elementor-element-populated\">\n\t\t\t\t\t\t<div class=\"elementor-element elementor-element-f82069a elementor-widget elementor-widget-text-editor\" data-id=\"f82069a\" data-element_type=\"widget\" data-e-type=\"widget\" data-widget_type=\"text-editor.default\">\n\t\t\t\t<div class=\"elementor-widget-container\">\n\t\t\t\t\t\t\t\t\t<div style=\"text-align: center;\"><a href=\"#specifics\">Sp\u00e9cificit\u00e9s<\/a> | <a href=\"#expertise\">Expertise Nexvision<\/a> | <a href=\"#clients\">Clients et projets r\u00e9alis\u00e9s<\/a><\/div>\n\t\t\t\t\t\t\t\t<\/div>\n\t\t\t\t<\/div>\n\t\t\t\t\t<\/div>\n\t\t<\/div>\n\t\t\t\t\t<\/div>\n\t\t<\/section>\n\t\t\t\t<section data-particle_enable=\"false\" data-particle-mobile-disabled=\"false\" class=\"elementor-section elementor-top-section elementor-element elementor-element-698e9e7 elementor-section-boxed elementor-section-height-default elementor-section-height-default\" data-id=\"698e9e7\" data-element_type=\"section\" data-e-type=\"section\" id=\"specifics\">\n\t\t\t\t\t\t<div class=\"elementor-container elementor-column-gap-default\">\n\t\t\t\t\t<div class=\"elementor-column elementor-col-100 elementor-top-column elementor-element elementor-element-c039be9\" data-id=\"c039be9\" data-element_type=\"column\" data-e-type=\"column\">\n\t\t\t<div class=\"elementor-widget-wrap elementor-element-populated\">\n\t\t\t\t\t\t<div class=\"elementor-element elementor-element-30d3ef3 elementor-widget elementor-widget-heading\" data-id=\"30d3ef3\" data-element_type=\"widget\" data-e-type=\"widget\" data-widget_type=\"heading.default\">\n\t\t\t\t<div class=\"elementor-widget-container\">\n\t\t\t\t\t<h2 class=\"elementor-heading-title elementor-size-default\">Sp\u00e9cificit\u00e9s de l'inspection industrielle<\/h2>\t\t\t\t<\/div>\n\t\t\t\t<\/div>\n\t\t\t\t<div class=\"elementor-element elementor-element-4cb7bd7 elementor-widget-divider--view-line elementor-widget elementor-widget-divider\" data-id=\"4cb7bd7\" data-element_type=\"widget\" data-e-type=\"widget\" data-widget_type=\"divider.default\">\n\t\t\t\t<div class=\"elementor-widget-container\">\n\t\t\t\t\t\t\t<div class=\"elementor-divider\">\n\t\t\t<span class=\"elementor-divider-separator\">\n\t\t\t\t\t\t<\/span>\n\t\t<\/div>\n\t\t\t\t\t\t<\/div>\n\t\t\t\t<\/div>\n\t\t\t\t<div class=\"elementor-element elementor-element-3a1d4e8 elementor-widget elementor-widget-text-editor\" data-id=\"3a1d4e8\" data-element_type=\"widget\" data-e-type=\"widget\" data-widget_type=\"text-editor.default\">\n\t\t\t\t<div class=\"elementor-widget-container\">\n\t\t\t\t\t\t\t\t\t<p>Les syst\u00e8mes de vision pour l&rsquo;industrie et l&rsquo;inspection industrielle jouent un r\u00f4le central dans le contr\u00f4le qualit\u00e9, la maintenance et l&rsquo;automatisation des processus de fabrication. Voici quelques-unes des sp\u00e9cificit\u00e9s principales de ces syst\u00e8mes :<\/p>\n<ol>\n<li><strong>Haute pr\u00e9cision et r\u00e9solution<\/strong> : Les cam\u00e9ras et capteurs utilis\u00e9s dans l&rsquo;inspection industrielle doivent offrir une haute r\u00e9solution pour capturer des d\u00e9tails tr\u00e8s fins sur les pi\u00e8ces et produits manufactur\u00e9s. La pr\u00e9cision est essentielle pour identifier les d\u00e9fauts minuscules qui pourraient affecter la qualit\u00e9 ou la fonctionnalit\u00e9 du produit.<\/li>\n<li><strong>Vitesse de traitement \u00e9lev\u00e9e<\/strong> : Pour s&rsquo;int\u00e9grer dans des lignes de production souvent tr\u00e8s rapides, ces syst\u00e8mes doivent traiter les images \u00e0 grande vitesse, permettant des inspections en temps r\u00e9el sans ralentir le processus de production.<\/li>\n<li><strong>Robustesse environnementale<\/strong> : Les cam\u00e9ras et les \u00e9quipements doivent r\u00e9sister aux conditions difficiles souvent pr\u00e9sentes dans les milieux industriels, comme les vibrations, la poussi\u00e8re, les temp\u00e9ratures extr\u00eames, et l&rsquo;exposition \u00e0 des produits chimiques ou \u00e0 l&rsquo;humidit\u00e9.<\/li>\n<li><strong>Automatisation avanc\u00e9e<\/strong> : Les syst\u00e8mes de vision industrielle utilisent souvent l&rsquo;intelligence artificielle et l&rsquo;apprentissage automatique pour automatiser l&rsquo;identification des d\u00e9fauts, la classification des produits, et m\u00eame pour guider des robots dans des t\u00e2ches d&rsquo;assemblage ou de manipulation.<\/li>\n<li><strong>Int\u00e9gration avec les syst\u00e8mes de contr\u00f4le<\/strong> : Ces syst\u00e8mes sont typiquement int\u00e9gr\u00e9s avec des syst\u00e8mes de contr\u00f4le de processus industriels pour fournir une r\u00e9troaction en temps r\u00e9el et ajuster automatiquement les param\u00e8tres de production en fonction des r\u00e9sultats d&rsquo;inspection.<\/li>\n<li><strong>Flexibilit\u00e9 et \u00e9volutivit\u00e9<\/strong> : Les syst\u00e8mes de vision pour l&rsquo;industrie sont con\u00e7us pour \u00eatre flexibles et \u00e9volutifs, permettant des ajustements rapides pour diff\u00e9rentes lignes de production ou pour des changements dans les sp\u00e9cifications du produit.<\/li>\n<li><strong>Capacit\u00e9s multispectrales<\/strong> : Au-del\u00e0 de la lumi\u00e8re visible, ces syst\u00e8mes peuvent inclure des capteurs infrarouges, ultraviolets, ou X-ray pour inspecter les aspects non visibles des produits, comme l&rsquo;int\u00e9grit\u00e9 structurelle sous la surface ou la v\u00e9rification de composants internes.<\/li>\n<li><strong>Communication et connectivit\u00e9<\/strong> : Les syst\u00e8mes de vision industrielle doivent se connecter efficacement aux r\u00e9seaux de l&rsquo;usine pour transmettre des donn\u00e9es, recevoir des instructions, et s&rsquo;int\u00e9grer aux syst\u00e8mes de gestion de donn\u00e9es pour le suivi de la qualit\u00e9 et le reporting.<\/li>\n<li><strong>Conformit\u00e9 aux normes de s\u00e9curit\u00e9 et r\u00e9glementations<\/strong> : Ils doivent \u00e9galement respecter des normes de s\u00e9curit\u00e9 strictes pour prot\u00e9ger les op\u00e9rateurs et les produits, surtout dans les industries r\u00e9glement\u00e9es comme l&rsquo;alimentaire, la pharmaceutique, et l&rsquo;automobile.<\/li>\n<\/ol>\n<p>En somme, les syst\u00e8mes de vision pour l&rsquo;inspection industrielle sont des outils cruciaux pour assurer la qualit\u00e9 et l&rsquo;efficacit\u00e9 dans la production moderne, en offrant des technologies avanc\u00e9es pour la d\u00e9tection de d\u00e9fauts, l&rsquo;analyse de produits, et l&rsquo;automatisation des processus.<\/p>\n\t\t\t\t\t\t\t\t<\/div>\n\t\t\t\t<\/div>\n\t\t\t\t\t<\/div>\n\t\t<\/div>\n\t\t\t\t\t<\/div>\n\t\t<\/section>\n\t\t\t\t<section data-particle_enable=\"false\" data-particle-mobile-disabled=\"false\" class=\"elementor-section elementor-top-section elementor-element elementor-element-3c8f76e elementor-section-boxed elementor-section-height-default elementor-section-height-default\" data-id=\"3c8f76e\" data-element_type=\"section\" data-e-type=\"section\" id=\"expertise\">\n\t\t\t\t\t\t<div class=\"elementor-container elementor-column-gap-default\">\n\t\t\t\t\t<div class=\"elementor-column elementor-col-100 elementor-top-column elementor-element elementor-element-d423f7b\" data-id=\"d423f7b\" data-element_type=\"column\" data-e-type=\"column\">\n\t\t\t<div class=\"elementor-widget-wrap elementor-element-populated\">\n\t\t\t\t\t\t<div class=\"elementor-element elementor-element-ff95f42 elementor-widget elementor-widget-heading\" data-id=\"ff95f42\" data-element_type=\"widget\" data-e-type=\"widget\" data-widget_type=\"heading.default\">\n\t\t\t\t<div class=\"elementor-widget-container\">\n\t\t\t\t\t<h2 class=\"elementor-heading-title elementor-size-default\">L'expertise Nexvision<\/h2>\t\t\t\t<\/div>\n\t\t\t\t<\/div>\n\t\t\t\t<div class=\"elementor-element elementor-element-88acbd4 elementor-widget-divider--view-line elementor-widget elementor-widget-divider\" data-id=\"88acbd4\" data-element_type=\"widget\" data-e-type=\"widget\" data-widget_type=\"divider.default\">\n\t\t\t\t<div class=\"elementor-widget-container\">\n\t\t\t\t\t\t\t<div class=\"elementor-divider\">\n\t\t\t<span class=\"elementor-divider-separator\">\n\t\t\t\t\t\t<\/span>\n\t\t<\/div>\n\t\t\t\t\t\t<\/div>\n\t\t\t\t<\/div>\n\t\t\t\t<div class=\"elementor-element elementor-element-01c47ae elementor-widget elementor-widget-text-editor\" data-id=\"01c47ae\" data-element_type=\"widget\" data-e-type=\"widget\" data-widget_type=\"text-editor.default\">\n\t\t\t\t<div class=\"elementor-widget-container\">\n\t\t\t\t\t\t\t\t\t<p>Nous offrons des services OEM pour la conception de cam\u00e9ras de vision industrielle.<\/p>\n<p>Notre bloc \u00e9lectronique modulaire permet une tr\u00e8s large gamme de combinaisons pour r\u00e9pondre aux besoins exacts en mati\u00e8re d&rsquo;inspection et de traitement de l&rsquo;image.<\/p>\n<p>Nous avons utilis\u00e9 des lentilles liquides pour permettre une mise au point automatique \u00e0 grande vitesse dans des conditions de pression et de force difficiles.<br \/>\nNous avons con\u00e7u de nombreux syst\u00e8mes de contr\u00f4le de la lumi\u00e8re et de mise au point pour l&rsquo;acquisition par d\u00e9clenchement.<\/p>\n<p>Nous proposons une large gamme de capteurs d&rsquo;images dans de nombreuses bandes spectrales, afin de choisir le meilleur spectre pour rep\u00e9rer les d\u00e9fauts ou les contraintes de mesure.<\/p>\n<p>Nous fournissons \u00e9galement des services d&rsquo;\u00e9tude et d&rsquo;ing\u00e9nierie pour les exigences et la s\u00e9lection des caract\u00e9ristiques des produits.<\/p>\n<p>Nous ma\u00eetrisons les technologies de pointe (Kintex7, USB3, HDR) pour les liaisons \u00e0 haut d\u00e9bit.<br \/>\nPour plus d&rsquo;informations, veuillez vous r\u00e9f\u00e9rer au produit Endoscope et \u00e0 la conception de r\u00e9f\u00e9rence CamGuru.<\/p>\n\t\t\t\t\t\t\t\t<\/div>\n\t\t\t\t<\/div>\n\t\t\t\t\t<\/div>\n\t\t<\/div>\n\t\t\t\t\t<\/div>\n\t\t<\/section>\n\t\t\t\t<section data-particle_enable=\"false\" data-particle-mobile-disabled=\"false\" class=\"elementor-section elementor-top-section elementor-element elementor-element-f4ce1e2 elementor-section-boxed elementor-section-height-default elementor-section-height-default\" data-id=\"f4ce1e2\" data-element_type=\"section\" data-e-type=\"section\" id=\"clients\">\n\t\t\t\t\t\t<div class=\"elementor-container elementor-column-gap-default\">\n\t\t\t\t\t<div class=\"elementor-column elementor-col-100 elementor-top-column elementor-element elementor-element-8756c8c\" data-id=\"8756c8c\" data-element_type=\"column\" data-e-type=\"column\">\n\t\t\t<div class=\"elementor-widget-wrap elementor-element-populated\">\n\t\t\t\t\t\t<div class=\"elementor-element elementor-element-5ca0aa5 elementor-widget elementor-widget-heading\" data-id=\"5ca0aa5\" data-element_type=\"widget\" data-e-type=\"widget\" data-widget_type=\"heading.default\">\n\t\t\t\t<div class=\"elementor-widget-container\">\n\t\t\t\t\t<h2 class=\"elementor-heading-title elementor-size-default\">Clients et projets r\u00e9alis\u00e9s<\/h2>\t\t\t\t<\/div>\n\t\t\t\t<\/div>\n\t\t\t\t<div class=\"elementor-element elementor-element-16b6719 elementor-widget-divider--view-line elementor-widget elementor-widget-divider\" data-id=\"16b6719\" data-element_type=\"widget\" data-e-type=\"widget\" data-widget_type=\"divider.default\">\n\t\t\t\t<div class=\"elementor-widget-container\">\n\t\t\t\t\t\t\t<div class=\"elementor-divider\">\n\t\t\t<span class=\"elementor-divider-separator\">\n\t\t\t\t\t\t<\/span>\n\t\t<\/div>\n\t\t\t\t\t\t<\/div>\n\t\t\t\t<\/div>\n\t\t\t\t<div class=\"elementor-element elementor-element-ac2cf9c elementor-widget elementor-widget-text-editor\" data-id=\"ac2cf9c\" data-element_type=\"widget\" data-e-type=\"widget\" data-widget_type=\"text-editor.default\">\n\t\t\t\t<div class=\"elementor-widget-container\">\n\t\t\t\t\t\t\t\t\t<p>Pellenc : conception d&rsquo;une machine de tri multispectral des d\u00e9chets plastiques.<\/p>\n\t\t\t\t\t\t\t\t<\/div>\n\t\t\t\t<\/div>\n\t\t\t\t\t<\/div>\n\t\t<\/div>\n\t\t\t\t\t<\/div>\n\t\t<\/section>\n\t\t\t\t<\/div>\n\t\t","protected":false},"excerpt":{"rendered":"<p>Une large gamme de combinaisons pour r\u00e9pondre aux besoins exacts en mati\u00e8re d&rsquo;inspection et de traitement de l&rsquo;image Sp\u00e9cificit\u00e9s | Expertise Nexvision | Clients et projets r\u00e9alis\u00e9s Sp\u00e9cificit\u00e9s de l&rsquo;inspection industrielle Les syst\u00e8mes de vision pour l&rsquo;industrie et l&rsquo;inspection industrielle jouent un r\u00f4le central dans le contr\u00f4le qualit\u00e9, la maintenance et l&rsquo;automatisation des processus de [&hellip;]<\/p>\n","protected":false},"author":1,"featured_media":0,"parent":0,"menu_order":0,"comment_status":"closed","ping_status":"closed","template":"elementor_header_footer","meta":{"_acf_changed":false,"inline_featured_image":false,"_monsterinsights_skip_tracking":false,"_monsterinsights_sitenote_active":false,"_monsterinsights_sitenote_note":"","_monsterinsights_sitenote_category":0,"footnotes":""},"class_list":["post-13598","page","type-page","status-publish","hentry"],"acf":[],"yoast_head":"<!-- This site is optimized with the Yoast SEO plugin v27.2 - https:\/\/yoast.com\/product\/yoast-seo-wordpress\/ -->\n<title>Syst\u00e8mes optroniques embarqu\u00e9s pour l&#039;inspection industrielle<\/title>\n<meta name=\"description\" content=\"Am\u00e9liorez vos processus avec nos solutions de vision pour l&#039;inspection industrielle. Pr\u00e9cision et fiabilit\u00e9. En savoir plus ici !\" \/>\n<meta name=\"robots\" content=\"index, follow, max-snippet:-1, max-image-preview:large, max-video-preview:-1\" \/>\n<link rel=\"canonical\" href=\"https:\/\/nexvision.fr\/fr\/vision-inspection-industrielle\/\" \/>\n<meta property=\"og:locale\" content=\"fr_FR\" \/>\n<meta property=\"og:type\" content=\"article\" \/>\n<meta property=\"og:title\" content=\"Syst\u00e8mes optroniques embarqu\u00e9s pour l&#039;inspection industrielle\" \/>\n<meta property=\"og:description\" content=\"Am\u00e9liorez vos processus avec nos solutions de vision pour l&#039;inspection industrielle. Pr\u00e9cision et fiabilit\u00e9. En savoir plus ici !\" \/>\n<meta property=\"og:url\" content=\"https:\/\/nexvision.fr\/fr\/vision-inspection-industrielle\/\" \/>\n<meta property=\"og:site_name\" content=\"NEXVISION\" \/>\n<meta property=\"article:modified_time\" content=\"2024-08-19T16:53:56+00:00\" \/>\n<meta name=\"twitter:card\" content=\"summary_large_image\" \/>\n<meta name=\"twitter:label1\" content=\"Dur\u00e9e de lecture estim\u00e9e\" \/>\n\t<meta name=\"twitter:data1\" content=\"4 minutes\" \/>\n<script type=\"application\/ld+json\" class=\"yoast-schema-graph\">{\"@context\":\"https:\/\/schema.org\",\"@graph\":[{\"@type\":\"WebPage\",\"@id\":\"https:\/\/nexvision.fr\/fr\/vision-inspection-industrielle\/\",\"url\":\"https:\/\/nexvision.fr\/fr\/vision-inspection-industrielle\/\",\"name\":\"Syst\u00e8mes optroniques embarqu\u00e9s pour l'inspection industrielle\",\"isPartOf\":{\"@id\":\"https:\/\/nexvision.fr\/#website\"},\"datePublished\":\"2024-05-03T14:30:33+00:00\",\"dateModified\":\"2024-08-19T16:53:56+00:00\",\"description\":\"Am\u00e9liorez vos processus avec nos solutions de vision pour l'inspection industrielle. Pr\u00e9cision et fiabilit\u00e9. En savoir plus ici !\",\"breadcrumb\":{\"@id\":\"https:\/\/nexvision.fr\/fr\/vision-inspection-industrielle\/#breadcrumb\"},\"inLanguage\":\"fr-FR\",\"potentialAction\":[{\"@type\":\"ReadAction\",\"target\":[\"https:\/\/nexvision.fr\/fr\/vision-inspection-industrielle\/\"]}]},{\"@type\":\"BreadcrumbList\",\"@id\":\"https:\/\/nexvision.fr\/fr\/vision-inspection-industrielle\/#breadcrumb\",\"itemListElement\":[{\"@type\":\"ListItem\",\"position\":1,\"name\":\"Home\",\"item\":\"https:\/\/nexvision.fr\/fr\/accueil\/\"},{\"@type\":\"ListItem\",\"position\":2,\"name\":\"Vision \/ inspection industrielle\"}]},{\"@type\":\"WebSite\",\"@id\":\"https:\/\/nexvision.fr\/#website\",\"url\":\"https:\/\/nexvision.fr\/\",\"name\":\"NEXVISION\",\"description\":\"Vision solution : optronic system UV night SWIR LWIR Terahertz\",\"publisher\":{\"@id\":\"https:\/\/nexvision.fr\/#organization\"},\"potentialAction\":[{\"@type\":\"SearchAction\",\"target\":{\"@type\":\"EntryPoint\",\"urlTemplate\":\"https:\/\/nexvision.fr\/?s={search_term_string}\"},\"query-input\":{\"@type\":\"PropertyValueSpecification\",\"valueRequired\":true,\"valueName\":\"search_term_string\"}}],\"inLanguage\":\"fr-FR\"},{\"@type\":\"Organization\",\"@id\":\"https:\/\/nexvision.fr\/#organization\",\"name\":\"NEXVISION\",\"url\":\"https:\/\/nexvision.fr\/\",\"logo\":{\"@type\":\"ImageObject\",\"inLanguage\":\"fr-FR\",\"@id\":\"https:\/\/nexvision.fr\/#\/schema\/logo\/image\/\",\"url\":\"https:\/\/nexvision.fr\/wp-content\/uploads\/2025\/10\/LogoNexvision696px.png\",\"contentUrl\":\"https:\/\/nexvision.fr\/wp-content\/uploads\/2025\/10\/LogoNexvision696px.png\",\"width\":696,\"height\":696,\"caption\":\"NEXVISION\"},\"image\":{\"@id\":\"https:\/\/nexvision.fr\/#\/schema\/logo\/image\/\"}}]}<\/script>\n<!-- \/ Yoast SEO plugin. -->","yoast_head_json":{"title":"Syst\u00e8mes optroniques embarqu\u00e9s pour l'inspection industrielle","description":"Am\u00e9liorez vos processus avec nos solutions de vision pour l'inspection industrielle. Pr\u00e9cision et fiabilit\u00e9. En savoir plus ici !","robots":{"index":"index","follow":"follow","max-snippet":"max-snippet:-1","max-image-preview":"max-image-preview:large","max-video-preview":"max-video-preview:-1"},"canonical":"https:\/\/nexvision.fr\/fr\/vision-inspection-industrielle\/","og_locale":"fr_FR","og_type":"article","og_title":"Syst\u00e8mes optroniques embarqu\u00e9s pour l'inspection industrielle","og_description":"Am\u00e9liorez vos processus avec nos solutions de vision pour l'inspection industrielle. Pr\u00e9cision et fiabilit\u00e9. En savoir plus ici !","og_url":"https:\/\/nexvision.fr\/fr\/vision-inspection-industrielle\/","og_site_name":"NEXVISION","article_modified_time":"2024-08-19T16:53:56+00:00","twitter_card":"summary_large_image","twitter_misc":{"Dur\u00e9e de lecture estim\u00e9e":"4 minutes"},"schema":{"@context":"https:\/\/schema.org","@graph":[{"@type":"WebPage","@id":"https:\/\/nexvision.fr\/fr\/vision-inspection-industrielle\/","url":"https:\/\/nexvision.fr\/fr\/vision-inspection-industrielle\/","name":"Syst\u00e8mes optroniques embarqu\u00e9s pour l'inspection industrielle","isPartOf":{"@id":"https:\/\/nexvision.fr\/#website"},"datePublished":"2024-05-03T14:30:33+00:00","dateModified":"2024-08-19T16:53:56+00:00","description":"Am\u00e9liorez vos processus avec nos solutions de vision pour l'inspection industrielle. Pr\u00e9cision et fiabilit\u00e9. En savoir plus ici !","breadcrumb":{"@id":"https:\/\/nexvision.fr\/fr\/vision-inspection-industrielle\/#breadcrumb"},"inLanguage":"fr-FR","potentialAction":[{"@type":"ReadAction","target":["https:\/\/nexvision.fr\/fr\/vision-inspection-industrielle\/"]}]},{"@type":"BreadcrumbList","@id":"https:\/\/nexvision.fr\/fr\/vision-inspection-industrielle\/#breadcrumb","itemListElement":[{"@type":"ListItem","position":1,"name":"Home","item":"https:\/\/nexvision.fr\/fr\/accueil\/"},{"@type":"ListItem","position":2,"name":"Vision \/ inspection industrielle"}]},{"@type":"WebSite","@id":"https:\/\/nexvision.fr\/#website","url":"https:\/\/nexvision.fr\/","name":"NEXVISION","description":"Vision solution : optronic system UV night SWIR LWIR Terahertz","publisher":{"@id":"https:\/\/nexvision.fr\/#organization"},"potentialAction":[{"@type":"SearchAction","target":{"@type":"EntryPoint","urlTemplate":"https:\/\/nexvision.fr\/?s={search_term_string}"},"query-input":{"@type":"PropertyValueSpecification","valueRequired":true,"valueName":"search_term_string"}}],"inLanguage":"fr-FR"},{"@type":"Organization","@id":"https:\/\/nexvision.fr\/#organization","name":"NEXVISION","url":"https:\/\/nexvision.fr\/","logo":{"@type":"ImageObject","inLanguage":"fr-FR","@id":"https:\/\/nexvision.fr\/#\/schema\/logo\/image\/","url":"https:\/\/nexvision.fr\/wp-content\/uploads\/2025\/10\/LogoNexvision696px.png","contentUrl":"https:\/\/nexvision.fr\/wp-content\/uploads\/2025\/10\/LogoNexvision696px.png","width":696,"height":696,"caption":"NEXVISION"},"image":{"@id":"https:\/\/nexvision.fr\/#\/schema\/logo\/image\/"}}]}},"_links":{"self":[{"href":"https:\/\/nexvision.fr\/fr\/wp-json\/wp\/v2\/pages\/13598","targetHints":{"allow":["GET"]}}],"collection":[{"href":"https:\/\/nexvision.fr\/fr\/wp-json\/wp\/v2\/pages"}],"about":[{"href":"https:\/\/nexvision.fr\/fr\/wp-json\/wp\/v2\/types\/page"}],"author":[{"embeddable":true,"href":"https:\/\/nexvision.fr\/fr\/wp-json\/wp\/v2\/users\/1"}],"replies":[{"embeddable":true,"href":"https:\/\/nexvision.fr\/fr\/wp-json\/wp\/v2\/comments?post=13598"}],"version-history":[{"count":6,"href":"https:\/\/nexvision.fr\/fr\/wp-json\/wp\/v2\/pages\/13598\/revisions"}],"predecessor-version":[{"id":16157,"href":"https:\/\/nexvision.fr\/fr\/wp-json\/wp\/v2\/pages\/13598\/revisions\/16157"}],"wp:attachment":[{"href":"https:\/\/nexvision.fr\/fr\/wp-json\/wp\/v2\/media?parent=13598"}],"curies":[{"name":"wp","href":"https:\/\/api.w.org\/{rel}","templated":true}]}}