{"id":14257,"date":"2023-12-06T17:06:06","date_gmt":"2023-12-06T16:06:06","guid":{"rendered":"https:\/\/nexvision.dev\/focus\/"},"modified":"2024-08-12T18:26:54","modified_gmt":"2024-08-12T16:26:54","slug":"focus","status":"publish","type":"page","link":"https:\/\/nexvision.fr\/fr\/a-propos\/focus\/","title":{"rendered":"Focus"},"content":{"rendered":"\t\t<div data-elementor-type=\"wp-page\" data-elementor-id=\"14257\" class=\"elementor elementor-14257 elementor-10666\" data-elementor-post-type=\"page\">\n\t\t\t\t\t\t<section data-particle_enable=\"true\" class=\"eael-section-particles-4082a04f elementor-section elementor-top-section elementor-element elementor-element-4082a04f elementor-section-height-min-height elementor-section-stretched elementor-section-boxed elementor-section-height-default elementor-section-items-middle\" data-eael_ptheme_source=\"presets\" data-preset_theme=\"default\" data-custom_style=\"\" data-particle_opacity=\"0.5\" data-particle_speed=\"6\" data-particle-mobile-disabled=\"false\" data-id=\"4082a04f\" data-element_type=\"section\" data-e-type=\"section\" data-settings=\"{&quot;stretch_section&quot;:&quot;section-stretched&quot;,&quot;background_background&quot;:&quot;classic&quot;}\">\n\t\t\t\t\t\t\t<div class=\"elementor-background-overlay\"><\/div>\n\t\t\t\t\t\t\t<div class=\"elementor-container elementor-column-gap-no\">\n\t\t\t\t\t<div class=\"elementor-column elementor-col-100 elementor-top-column elementor-element elementor-element-25b4051\" data-id=\"25b4051\" data-element_type=\"column\" data-e-type=\"column\">\n\t\t\t<div class=\"elementor-widget-wrap elementor-element-populated\">\n\t\t\t\t\t\t<div class=\"elementor-element elementor-element-23aa6e12 elementor-invisible elementor-widget elementor-widget-heading\" data-id=\"23aa6e12\" data-element_type=\"widget\" data-e-type=\"widget\" data-settings=\"{&quot;_animation&quot;:&quot;fadeInLeft&quot;,&quot;_animation_delay&quot;:600}\" data-widget_type=\"heading.default\">\n\t\t\t\t<div class=\"elementor-widget-container\">\n\t\t\t\t\t<span class=\"elementor-heading-title elementor-size-default\">Pour toute question, n'h\u00e9sitez-pas \u00e0 nous contacter !<\/span>\t\t\t\t<\/div>\n\t\t\t\t<\/div>\n\t\t\t\t\t<\/div>\n\t\t<\/div>\n\t\t\t\t\t<\/div>\n\t\t<\/section>\n\t\t            <style>\n                .elementor-element-4082a04f.eael-particles-section > canvas {\n                    z-index: -1;\n                    position: absolute;\n                    top:0;\n                }\n            <\/style>\n        \t\t<section data-particle_enable=\"false\" data-particle-mobile-disabled=\"false\" class=\"elementor-section elementor-top-section elementor-element elementor-element-e1e172b elementor-section-stretched elementor-section-boxed elementor-section-height-default elementor-section-height-default\" data-id=\"e1e172b\" data-element_type=\"section\" data-e-type=\"section\" data-settings=\"{&quot;stretch_section&quot;:&quot;section-stretched&quot;,&quot;background_background&quot;:&quot;classic&quot;,&quot;sticky&quot;:&quot;top&quot;,&quot;sticky_on&quot;:[&quot;desktop&quot;],&quot;sticky_offset&quot;:60,&quot;sticky_effects_offset&quot;:0,&quot;sticky_anchor_link_offset&quot;:0}\">\n\t\t\t\t\t\t<div class=\"elementor-container elementor-column-gap-default\">\n\t\t\t\t\t<div class=\"elementor-column elementor-col-100 elementor-top-column elementor-element elementor-element-b044929\" data-id=\"b044929\" data-element_type=\"column\" data-e-type=\"column\">\n\t\t\t<div class=\"elementor-widget-wrap elementor-element-populated\">\n\t\t\t\t\t\t<div class=\"elementor-element elementor-element-592abc1 elementor-nav-menu__align-center elementor-nav-menu--dropdown-tablet elementor-nav-menu__text-align-aside elementor-nav-menu--toggle elementor-nav-menu--burger elementor-widget elementor-widget-nav-menu\" data-id=\"592abc1\" data-element_type=\"widget\" data-e-type=\"widget\" data-settings=\"{&quot;layout&quot;:&quot;horizontal&quot;,&quot;submenu_icon&quot;:{&quot;value&quot;:&quot;&lt;i class=\\&quot;fas fa-caret-down\\&quot; aria-hidden=\\&quot;true\\&quot;&gt;&lt;\\\/i&gt;&quot;,&quot;library&quot;:&quot;fa-solid&quot;},&quot;toggle&quot;:&quot;burger&quot;}\" data-widget_type=\"nav-menu.default\">\n\t\t\t\t<div class=\"elementor-widget-container\">\n\t\t\t\t\t\t\t\t<nav aria-label=\"Menu\" class=\"elementor-nav-menu--main elementor-nav-menu__container elementor-nav-menu--layout-horizontal e--pointer-underline e--animation-fade\">\n\t\t\t\t<ul id=\"menu-1-592abc1\" class=\"elementor-nav-menu\"><li class=\"menu-item menu-item-type-post_type menu-item-object-page menu-item-14998\"><a href=\"https:\/\/nexvision.fr\/fr\/a-propos\/\" class=\"elementor-item\">A propos<\/a><\/li>\n<li class=\"menu-item menu-item-type-post_type menu-item-object-page menu-item-15401\"><a href=\"https:\/\/nexvision.fr\/fr\/expertise\/\" class=\"elementor-item\">Expertise<\/a><\/li>\n<li class=\"menu-item menu-item-type-post_type menu-item-object-page menu-item-14999\"><a href=\"https:\/\/nexvision.fr\/fr\/a-propos\/focus\/\" class=\"elementor-item\">Focus<\/a><\/li>\n<li class=\"menu-item menu-item-type-post_type menu-item-object-page menu-item-15000\"><a href=\"https:\/\/nexvision.fr\/fr\/a-propos\/domaines-dexpertise\/\" class=\"elementor-item\">Domaines d&rsquo;expertise<\/a><\/li>\n<li class=\"menu-item menu-item-type-post_type menu-item-object-page menu-item-15001\"><a href=\"https:\/\/nexvision.fr\/fr\/a-propos\/historique\/\" class=\"elementor-item\">Historique<\/a><\/li>\n<li class=\"menu-item menu-item-type-post_type menu-item-object-page menu-item-15002\"><a href=\"https:\/\/nexvision.fr\/fr\/a-propos\/innovation-rd\/\" class=\"elementor-item\">Innovation \/ R&amp;D<\/a><\/li>\n<li class=\"menu-item menu-item-type-post_type menu-item-object-page menu-item-15003\"><a href=\"https:\/\/nexvision.fr\/fr\/a-propos\/equipe\/\" class=\"elementor-item\">Equipe<\/a><\/li>\n<li class=\"menu-item menu-item-type-custom menu-item-object-custom menu-item-15004\"><a href=\"https:\/\/nexvision.dev\/fr\/candidat\/\" class=\"elementor-item\">Jobs<\/a><\/li>\n<\/ul>\t\t\t<\/nav>\n\t\t\t\t\t<div class=\"elementor-menu-toggle\" role=\"button\" tabindex=\"0\" aria-label=\"Permuter le menu\" aria-expanded=\"false\">\n\t\t\t<i aria-hidden=\"true\" role=\"presentation\" class=\"elementor-menu-toggle__icon--open eicon-menu-bar\"><\/i><i aria-hidden=\"true\" role=\"presentation\" class=\"elementor-menu-toggle__icon--close eicon-close\"><\/i>\t\t<\/div>\n\t\t\t\t\t<nav class=\"elementor-nav-menu--dropdown elementor-nav-menu__container\" aria-hidden=\"true\">\n\t\t\t\t<ul id=\"menu-2-592abc1\" class=\"elementor-nav-menu\"><li class=\"menu-item menu-item-type-post_type menu-item-object-page menu-item-14998\"><a href=\"https:\/\/nexvision.fr\/fr\/a-propos\/\" class=\"elementor-item\" tabindex=\"-1\">A propos<\/a><\/li>\n<li class=\"menu-item menu-item-type-post_type menu-item-object-page menu-item-15401\"><a href=\"https:\/\/nexvision.fr\/fr\/expertise\/\" class=\"elementor-item\" tabindex=\"-1\">Expertise<\/a><\/li>\n<li class=\"menu-item menu-item-type-post_type menu-item-object-page menu-item-14999\"><a href=\"https:\/\/nexvision.fr\/fr\/a-propos\/focus\/\" class=\"elementor-item\" tabindex=\"-1\">Focus<\/a><\/li>\n<li class=\"menu-item menu-item-type-post_type menu-item-object-page menu-item-15000\"><a href=\"https:\/\/nexvision.fr\/fr\/a-propos\/domaines-dexpertise\/\" class=\"elementor-item\" tabindex=\"-1\">Domaines d&rsquo;expertise<\/a><\/li>\n<li class=\"menu-item menu-item-type-post_type menu-item-object-page menu-item-15001\"><a href=\"https:\/\/nexvision.fr\/fr\/a-propos\/historique\/\" class=\"elementor-item\" tabindex=\"-1\">Historique<\/a><\/li>\n<li class=\"menu-item menu-item-type-post_type menu-item-object-page menu-item-15002\"><a href=\"https:\/\/nexvision.fr\/fr\/a-propos\/innovation-rd\/\" class=\"elementor-item\" tabindex=\"-1\">Innovation \/ R&amp;D<\/a><\/li>\n<li class=\"menu-item menu-item-type-post_type menu-item-object-page menu-item-15003\"><a href=\"https:\/\/nexvision.fr\/fr\/a-propos\/equipe\/\" class=\"elementor-item\" tabindex=\"-1\">Equipe<\/a><\/li>\n<li class=\"menu-item menu-item-type-custom menu-item-object-custom menu-item-15004\"><a href=\"https:\/\/nexvision.dev\/fr\/candidat\/\" class=\"elementor-item\" tabindex=\"-1\">Jobs<\/a><\/li>\n<\/ul>\t\t\t<\/nav>\n\t\t\t\t\t\t<\/div>\n\t\t\t\t<\/div>\n\t\t\t\t\t<\/div>\n\t\t<\/div>\n\t\t\t\t\t<\/div>\n\t\t<\/section>\n\t\t\t\t<section data-particle_enable=\"false\" data-particle-mobile-disabled=\"false\" class=\"elementor-section elementor-top-section elementor-element elementor-element-1aa68a0 elementor-section-boxed elementor-section-height-default elementor-section-height-default\" data-id=\"1aa68a0\" data-element_type=\"section\" data-e-type=\"section\">\n\t\t\t\t\t\t<div class=\"elementor-container elementor-column-gap-default\">\n\t\t\t\t\t<div class=\"elementor-column elementor-col-25 elementor-top-column elementor-element elementor-element-20d78e8\" data-id=\"20d78e8\" data-element_type=\"column\" data-e-type=\"column\">\n\t\t\t<div class=\"elementor-widget-wrap\">\n\t\t\t\t\t\t\t<\/div>\n\t\t<\/div>\n\t\t\t\t<div class=\"elementor-column elementor-col-50 elementor-top-column elementor-element elementor-element-4822d18\" data-id=\"4822d18\" data-element_type=\"column\" data-e-type=\"column\">\n\t\t\t<div class=\"elementor-widget-wrap elementor-element-populated\">\n\t\t\t\t\t\t<div class=\"elementor-element elementor-element-d02ae26 elementor-widget elementor-widget-text-editor\" data-id=\"d02ae26\" data-element_type=\"widget\" data-e-type=\"widget\" data-widget_type=\"text-editor.default\">\n\t\t\t\t<div class=\"elementor-widget-container\">\n\t\t\t\t\t\t\t\t\t<p><em><strong>Nexvision est un bureau d&rsquo;\u00e9tudes optroniques sp\u00e9cialis\u00e9 dans les syst\u00e8mes de vision et les technologies de r\u00e9seau vid\u00e9o sur IP.<\/strong><\/em><\/p>\n\t\t\t\t\t\t\t\t<\/div>\n\t\t\t\t<\/div>\n\t\t\t\t<div class=\"elementor-element elementor-element-f35070e elementor-widget elementor-widget-heading\" data-id=\"f35070e\" data-element_type=\"widget\" data-e-type=\"widget\" data-widget_type=\"heading.default\">\n\t\t\t\t<div class=\"elementor-widget-container\">\n\t\t\t\t\t<h2 class=\"elementor-heading-title elementor-size-default\">Expertise<\/h2>\t\t\t\t<\/div>\n\t\t\t\t<\/div>\n\t\t\t\t<div class=\"elementor-element elementor-element-c130fac elementor-widget-divider--view-line elementor-widget elementor-widget-divider\" data-id=\"c130fac\" data-element_type=\"widget\" data-e-type=\"widget\" data-widget_type=\"divider.default\">\n\t\t\t\t<div class=\"elementor-widget-container\">\n\t\t\t\t\t\t\t<div class=\"elementor-divider\">\n\t\t\t<span class=\"elementor-divider-separator\">\n\t\t\t\t\t\t<\/span>\n\t\t<\/div>\n\t\t\t\t\t\t<\/div>\n\t\t\t\t<\/div>\n\t\t\t\t<div class=\"elementor-element elementor-element-1958ed3 elementor-widget elementor-widget-text-editor\" data-id=\"1958ed3\" data-element_type=\"widget\" data-e-type=\"widget\" data-widget_type=\"text-editor.default\">\n\t\t\t\t<div class=\"elementor-widget-container\">\n\t\t\t\t\t\t\t\t\t<ul>\n<li>Conception d&rsquo;\u00e9lectroniques vid\u00e9o<\/li>\n<li>Conception de syst\u00e8mes \u00e9lectro-optiques (EO)<\/li>\n<li>Architecture de syst\u00e8mes de vision, traitement vid\u00e9o, conception d&rsquo;algorithmes d&rsquo;analyse vid\u00e9o<\/li>\n<li>Conception d&rsquo;\u00e9lectroniques de capteurs d&rsquo;images multispectraux (UV, visible, SWIR, MWIR, LWIR et T\u00e9rahertz)<\/li>\n<li>Codage de flux vid\u00e9o sur IP H264 \/ RTSP<\/li>\n<li>Conception de microprogrammes embarqu\u00e9s sur des processeurs multim\u00e9dia \/ eLinux (NVIDIA)<\/li>\n<\/ul>\n\t\t\t\t\t\t\t\t<\/div>\n\t\t\t\t<\/div>\n\t\t\t\t<div class=\"elementor-element elementor-element-10628db elementor-widget elementor-widget-heading\" data-id=\"10628db\" data-element_type=\"widget\" data-e-type=\"widget\" data-widget_type=\"heading.default\">\n\t\t\t\t<div class=\"elementor-widget-container\">\n\t\t\t\t\t<h2 class=\"elementor-heading-title elementor-size-default\">March\u00e9s \/ Applications<\/h2>\t\t\t\t<\/div>\n\t\t\t\t<\/div>\n\t\t\t\t<div class=\"elementor-element elementor-element-7fbdba9 elementor-widget-divider--view-line elementor-widget elementor-widget-divider\" data-id=\"7fbdba9\" data-element_type=\"widget\" data-e-type=\"widget\" data-widget_type=\"divider.default\">\n\t\t\t\t<div class=\"elementor-widget-container\">\n\t\t\t\t\t\t\t<div class=\"elementor-divider\">\n\t\t\t<span class=\"elementor-divider-separator\">\n\t\t\t\t\t\t<\/span>\n\t\t<\/div>\n\t\t\t\t\t\t<\/div>\n\t\t\t\t<\/div>\n\t\t\t\t<div class=\"elementor-element elementor-element-118d1aa elementor-widget elementor-widget-text-editor\" data-id=\"118d1aa\" data-element_type=\"widget\" data-e-type=\"widget\" data-widget_type=\"text-editor.default\">\n\t\t\t\t<div class=\"elementor-widget-container\">\n\t\t\t\t\t\t\t\t\t<ul>\n<li>Cam\u00e9ra vid\u00e9o pour sports extr\u00eames<\/li>\n<li>Cam\u00e9ra vid\u00e9o mobile pour le cin\u00e9ma et la t\u00e9l\u00e9diffusion<\/li>\n<li>Vision industrielle \/ inspection industrielle<\/li>\n<li>S\u00e9curit\u00e9\/d\u00e9fense (vision nocturne)<\/li>\n<li>Optronique gyrostabilis\u00e9e pour v\u00e9hicules terrestres sans pilote (UGV) et v\u00e9hicules a\u00e9riens sans pilote (UAV)<\/li>\n<li>Vid\u00e9osurveillance en r\u00e9seau \/ CCTV<\/li>\n<li>Microscope num\u00e9rique de m\u00e9trologie \/ projecteur de profil \/ endoscope<\/li>\n<li>Cam\u00e9ra de ralenti<\/li>\n<li>Syst\u00e8me avanc\u00e9 d&rsquo;aide \u00e0 la conduite automobile (ADAS)<\/li>\n<li>S\u00e9curit\u00e9 des transports<\/li>\n<li>Signalisation num\u00e9rique<\/li>\n<li>Lecteur multim\u00e9dia<\/li>\n<li>Vision sous-marine<\/li>\n<li>Suivi des actifs<\/li>\n<\/ul>\n\t\t\t\t\t\t\t\t<\/div>\n\t\t\t\t<\/div>\n\t\t\t\t<div class=\"elementor-element elementor-element-769b46c elementor-widget elementor-widget-heading\" data-id=\"769b46c\" data-element_type=\"widget\" data-e-type=\"widget\" data-widget_type=\"heading.default\">\n\t\t\t\t<div class=\"elementor-widget-container\">\n\t\t\t\t\t<h2 class=\"elementor-heading-title elementor-size-default\">Technologies<\/h2>\t\t\t\t<\/div>\n\t\t\t\t<\/div>\n\t\t\t\t<div class=\"elementor-element elementor-element-fc18424 elementor-widget-divider--view-line elementor-widget elementor-widget-divider\" data-id=\"fc18424\" data-element_type=\"widget\" data-e-type=\"widget\" data-widget_type=\"divider.default\">\n\t\t\t\t<div class=\"elementor-widget-container\">\n\t\t\t\t\t\t\t<div class=\"elementor-divider\">\n\t\t\t<span class=\"elementor-divider-separator\">\n\t\t\t\t\t\t<\/span>\n\t\t<\/div>\n\t\t\t\t\t\t<\/div>\n\t\t\t\t<\/div>\n\t\t\t\t<div class=\"elementor-element elementor-element-9175632 elementor-widget elementor-widget-text-editor\" data-id=\"9175632\" data-element_type=\"widget\" data-e-type=\"widget\" data-widget_type=\"text-editor.default\">\n\t\t\t\t<div class=\"elementor-widget-container\">\n\t\t\t\t\t\t\t\t\t<ul>\n<li>Vision<\/li>\n<li>Traitement vid\u00e9o<\/li>\n<li>Algorithmes d&rsquo;analyse vid\u00e9o<\/li>\n<li>Conception de mat\u00e9riel \u00e9lectronique \u00e0 grande vitesse<\/li>\n<li>Capteur d&rsquo;image \u00e0 bande multispectrale (UV, visible, SWIR, LWIR, Terahertz)<\/li>\n<li>360\u00b0<\/li>\n<li>X-HD<\/li>\n<li>Capteur de vision nocturne (EBCMOS, SCMOS)<\/li>\n<li>Optronique \/ \u00e9lectro-optique (EO)<\/li>\n<li>Linux embarqu\u00e9<\/li>\n<li>VoIP<\/li>\n<li>Compression H264 1080p60 \/ streaming RTSP<\/li>\n<li>FPGA (Xilinx kintex7 \/ ultrascale, lattice ECP3)<\/li>\n<li>DSP<\/li>\n<li>SIMD<\/li>\n<li>GPU\/NPU<\/li>\n<li>SOC NVIDIA<\/li>\n<li>Algorithmes (accentuation, filtrage du bruit, plage dynamique \u00e9lev\u00e9e, profondeur de champ \u00e9tendue, traitement des couleurs, stabilisation de l&rsquo;image, reconnaissance des formes, SIRF\/SVM\/OpenTLD, d\u00e9convolution aveugle)<\/li>\n<li>SIRF\/SVM\/OpenTLD, d\u00e9convolution aveugle)<\/li>\n<li>Imagerie active \u00e0 d\u00e9tection de distance \/ LIDAR<\/li>\n<li>CoaxPress<\/li>\n<li>6G-SDI<\/li>\n<li>Zigbee \/ Wifi \/ Wimax<\/li>\n<li>\u00c9cran microOLED HD (viseur et \u00e9cran mont\u00e9s sur la t\u00eate HMSD\/HUD)<\/li>\n<li>\u00c9clairage flash nanoseconde \u00e0 LED haute puissance<\/li>\n<li>Capteurs inertiels<\/li>\n<li>CUDA\/OpenCL<\/li>\n<\/ul>\n\t\t\t\t\t\t\t\t<\/div>\n\t\t\t\t<\/div>\n\t\t\t\t<div class=\"elementor-element elementor-element-3ed38c4 elementor-widget elementor-widget-heading\" data-id=\"3ed38c4\" data-element_type=\"widget\" data-e-type=\"widget\" data-widget_type=\"heading.default\">\n\t\t\t\t<div class=\"elementor-widget-container\">\n\t\t\t\t\t<h2 class=\"elementor-heading-title elementor-size-default\">Partenaires technologiques<\/h2>\t\t\t\t<\/div>\n\t\t\t\t<\/div>\n\t\t\t\t<div class=\"elementor-element elementor-element-c714fa4 elementor-widget-divider--view-line elementor-widget elementor-widget-divider\" data-id=\"c714fa4\" data-element_type=\"widget\" data-e-type=\"widget\" data-widget_type=\"divider.default\">\n\t\t\t\t<div class=\"elementor-widget-container\">\n\t\t\t\t\t\t\t<div class=\"elementor-divider\">\n\t\t\t<span class=\"elementor-divider-separator\">\n\t\t\t\t\t\t<\/span>\n\t\t<\/div>\n\t\t\t\t\t\t<\/div>\n\t\t\t\t<\/div>\n\t\t\t\t<div class=\"elementor-element elementor-element-d44cb0c elementor-widget elementor-widget-text-editor\" data-id=\"d44cb0c\" data-element_type=\"widget\" data-e-type=\"widget\" data-widget_type=\"text-editor.default\">\n\t\t\t\t<div class=\"elementor-widget-container\">\n\t\t\t\t\t\t\t\t\t<p>Nexvision est \u00e9galement un partenaire de longue date et un int\u00e9grateur privil\u00e9gi\u00e9 de :<\/p>\n<ul>\n<li>Nvidia (GPU\/NPU&#8230;)<\/li>\n<li>Les fabricants de capteurs d&rsquo;images (PYXALIS, CMOSIS, APTINA, PHOTONIS, DYNAMAX, BAE-FAIRCHILD Imaging, E2V, OMNIVISION, SAMSUNG, SONY, III-V LAB, ULIS&#8230;).<\/li>\n<\/ul>\n\t\t\t\t\t\t\t\t<\/div>\n\t\t\t\t<\/div>\n\t\t\t\t\t<\/div>\n\t\t<\/div>\n\t\t\t\t<div class=\"elementor-column elementor-col-25 elementor-top-column elementor-element elementor-element-0f92475\" data-id=\"0f92475\" data-element_type=\"column\" data-e-type=\"column\">\n\t\t\t<div class=\"elementor-widget-wrap\">\n\t\t\t\t\t\t\t<\/div>\n\t\t<\/div>\n\t\t\t\t\t<\/div>\n\t\t<\/section>\n\t\t\t\t<\/div>\n\t\t","protected":false},"excerpt":{"rendered":"<p>Pour toute question, n&rsquo;h\u00e9sitez-pas \u00e0 nous contacter ! Nexvision est un bureau d&rsquo;\u00e9tudes optroniques sp\u00e9cialis\u00e9 dans les syst\u00e8mes de vision et les technologies de r\u00e9seau vid\u00e9o sur IP. Expertise Conception d&rsquo;\u00e9lectroniques vid\u00e9o Conception de syst\u00e8mes \u00e9lectro-optiques (EO) Architecture de syst\u00e8mes de vision, traitement vid\u00e9o, conception d&rsquo;algorithmes d&rsquo;analyse vid\u00e9o Conception d&rsquo;\u00e9lectroniques de capteurs d&rsquo;images multispectraux (UV, [&hellip;]<\/p>\n","protected":false},"author":1,"featured_media":0,"parent":14259,"menu_order":0,"comment_status":"closed","ping_status":"closed","template":"elementor_header_footer","meta":{"_acf_changed":false,"inline_featured_image":false,"_monsterinsights_skip_tracking":false,"_monsterinsights_sitenote_active":false,"_monsterinsights_sitenote_note":"","_monsterinsights_sitenote_category":0,"footnotes":""},"class_list":["post-14257","page","type-page","status-publish","hentry"],"acf":[],"yoast_head":"<!-- This site is optimized with the Yoast SEO plugin v27.2 - https:\/\/yoast.com\/product\/yoast-seo-wordpress\/ -->\n<title>Focus sur l&#039;expertise en optronique de Nexvision<\/title>\n<meta name=\"description\" content=\"Explorez les domaines d&#039;expertise de Nexvision. D\u00e9couvrez notre leadership en solutions optroniques avanc\u00e9es. Cliquez ici !\" \/>\n<meta name=\"robots\" content=\"index, follow, max-snippet:-1, max-image-preview:large, max-video-preview:-1\" \/>\n<link rel=\"canonical\" href=\"https:\/\/nexvision.fr\/fr\/a-propos\/focus\/\" \/>\n<meta property=\"og:locale\" content=\"fr_FR\" \/>\n<meta property=\"og:type\" content=\"article\" \/>\n<meta property=\"og:title\" content=\"Focus sur l&#039;expertise en optronique de Nexvision\" \/>\n<meta property=\"og:description\" content=\"Explorez les domaines d&#039;expertise de Nexvision. D\u00e9couvrez notre leadership en solutions optroniques avanc\u00e9es. Cliquez ici !\" \/>\n<meta property=\"og:url\" content=\"https:\/\/nexvision.fr\/fr\/a-propos\/focus\/\" \/>\n<meta property=\"og:site_name\" content=\"NEXVISION\" \/>\n<meta property=\"article:modified_time\" content=\"2024-08-12T16:26:54+00:00\" \/>\n<meta name=\"twitter:card\" content=\"summary_large_image\" \/>\n<meta name=\"twitter:label1\" content=\"Dur\u00e9e de lecture estim\u00e9e\" \/>\n\t<meta name=\"twitter:data1\" content=\"2 minutes\" \/>\n<script type=\"application\/ld+json\" class=\"yoast-schema-graph\">{\"@context\":\"https:\/\/schema.org\",\"@graph\":[{\"@type\":\"WebPage\",\"@id\":\"https:\/\/nexvision.fr\/fr\/a-propos\/focus\/\",\"url\":\"https:\/\/nexvision.fr\/fr\/a-propos\/focus\/\",\"name\":\"Focus sur l'expertise en optronique de Nexvision\",\"isPartOf\":{\"@id\":\"https:\/\/nexvision.fr\/#website\"},\"datePublished\":\"2023-12-06T16:06:06+00:00\",\"dateModified\":\"2024-08-12T16:26:54+00:00\",\"description\":\"Explorez les domaines d'expertise de Nexvision. D\u00e9couvrez notre leadership en solutions optroniques avanc\u00e9es. Cliquez ici !\",\"breadcrumb\":{\"@id\":\"https:\/\/nexvision.fr\/fr\/a-propos\/focus\/#breadcrumb\"},\"inLanguage\":\"fr-FR\",\"potentialAction\":[{\"@type\":\"ReadAction\",\"target\":[\"https:\/\/nexvision.fr\/fr\/a-propos\/focus\/\"]}]},{\"@type\":\"BreadcrumbList\",\"@id\":\"https:\/\/nexvision.fr\/fr\/a-propos\/focus\/#breadcrumb\",\"itemListElement\":[{\"@type\":\"ListItem\",\"position\":1,\"name\":\"Home\",\"item\":\"https:\/\/nexvision.fr\/fr\/accueil\/\"},{\"@type\":\"ListItem\",\"position\":2,\"name\":\"A propos\",\"item\":\"https:\/\/nexvision.fr\/fr\/a-propos\/\"},{\"@type\":\"ListItem\",\"position\":3,\"name\":\"Focus\"}]},{\"@type\":\"WebSite\",\"@id\":\"https:\/\/nexvision.fr\/#website\",\"url\":\"https:\/\/nexvision.fr\/\",\"name\":\"NEXVISION\",\"description\":\"Vision solution : optronic system UV night SWIR LWIR Terahertz\",\"publisher\":{\"@id\":\"https:\/\/nexvision.fr\/#organization\"},\"potentialAction\":[{\"@type\":\"SearchAction\",\"target\":{\"@type\":\"EntryPoint\",\"urlTemplate\":\"https:\/\/nexvision.fr\/?s={search_term_string}\"},\"query-input\":{\"@type\":\"PropertyValueSpecification\",\"valueRequired\":true,\"valueName\":\"search_term_string\"}}],\"inLanguage\":\"fr-FR\"},{\"@type\":\"Organization\",\"@id\":\"https:\/\/nexvision.fr\/#organization\",\"name\":\"NEXVISION\",\"url\":\"https:\/\/nexvision.fr\/\",\"logo\":{\"@type\":\"ImageObject\",\"inLanguage\":\"fr-FR\",\"@id\":\"https:\/\/nexvision.fr\/#\/schema\/logo\/image\/\",\"url\":\"https:\/\/nexvision.fr\/wp-content\/uploads\/2025\/10\/LogoNexvision696px.png\",\"contentUrl\":\"https:\/\/nexvision.fr\/wp-content\/uploads\/2025\/10\/LogoNexvision696px.png\",\"width\":696,\"height\":696,\"caption\":\"NEXVISION\"},\"image\":{\"@id\":\"https:\/\/nexvision.fr\/#\/schema\/logo\/image\/\"}}]}<\/script>\n<!-- \/ Yoast SEO plugin. -->","yoast_head_json":{"title":"Focus sur l'expertise en optronique de Nexvision","description":"Explorez les domaines d'expertise de Nexvision. D\u00e9couvrez notre leadership en solutions optroniques avanc\u00e9es. Cliquez ici !","robots":{"index":"index","follow":"follow","max-snippet":"max-snippet:-1","max-image-preview":"max-image-preview:large","max-video-preview":"max-video-preview:-1"},"canonical":"https:\/\/nexvision.fr\/fr\/a-propos\/focus\/","og_locale":"fr_FR","og_type":"article","og_title":"Focus sur l'expertise en optronique de Nexvision","og_description":"Explorez les domaines d'expertise de Nexvision. D\u00e9couvrez notre leadership en solutions optroniques avanc\u00e9es. Cliquez ici !","og_url":"https:\/\/nexvision.fr\/fr\/a-propos\/focus\/","og_site_name":"NEXVISION","article_modified_time":"2024-08-12T16:26:54+00:00","twitter_card":"summary_large_image","twitter_misc":{"Dur\u00e9e de lecture estim\u00e9e":"2 minutes"},"schema":{"@context":"https:\/\/schema.org","@graph":[{"@type":"WebPage","@id":"https:\/\/nexvision.fr\/fr\/a-propos\/focus\/","url":"https:\/\/nexvision.fr\/fr\/a-propos\/focus\/","name":"Focus sur l'expertise en optronique de Nexvision","isPartOf":{"@id":"https:\/\/nexvision.fr\/#website"},"datePublished":"2023-12-06T16:06:06+00:00","dateModified":"2024-08-12T16:26:54+00:00","description":"Explorez les domaines d'expertise de Nexvision. D\u00e9couvrez notre leadership en solutions optroniques avanc\u00e9es. Cliquez ici !","breadcrumb":{"@id":"https:\/\/nexvision.fr\/fr\/a-propos\/focus\/#breadcrumb"},"inLanguage":"fr-FR","potentialAction":[{"@type":"ReadAction","target":["https:\/\/nexvision.fr\/fr\/a-propos\/focus\/"]}]},{"@type":"BreadcrumbList","@id":"https:\/\/nexvision.fr\/fr\/a-propos\/focus\/#breadcrumb","itemListElement":[{"@type":"ListItem","position":1,"name":"Home","item":"https:\/\/nexvision.fr\/fr\/accueil\/"},{"@type":"ListItem","position":2,"name":"A propos","item":"https:\/\/nexvision.fr\/fr\/a-propos\/"},{"@type":"ListItem","position":3,"name":"Focus"}]},{"@type":"WebSite","@id":"https:\/\/nexvision.fr\/#website","url":"https:\/\/nexvision.fr\/","name":"NEXVISION","description":"Vision solution : optronic system UV night SWIR LWIR Terahertz","publisher":{"@id":"https:\/\/nexvision.fr\/#organization"},"potentialAction":[{"@type":"SearchAction","target":{"@type":"EntryPoint","urlTemplate":"https:\/\/nexvision.fr\/?s={search_term_string}"},"query-input":{"@type":"PropertyValueSpecification","valueRequired":true,"valueName":"search_term_string"}}],"inLanguage":"fr-FR"},{"@type":"Organization","@id":"https:\/\/nexvision.fr\/#organization","name":"NEXVISION","url":"https:\/\/nexvision.fr\/","logo":{"@type":"ImageObject","inLanguage":"fr-FR","@id":"https:\/\/nexvision.fr\/#\/schema\/logo\/image\/","url":"https:\/\/nexvision.fr\/wp-content\/uploads\/2025\/10\/LogoNexvision696px.png","contentUrl":"https:\/\/nexvision.fr\/wp-content\/uploads\/2025\/10\/LogoNexvision696px.png","width":696,"height":696,"caption":"NEXVISION"},"image":{"@id":"https:\/\/nexvision.fr\/#\/schema\/logo\/image\/"}}]}},"_links":{"self":[{"href":"https:\/\/nexvision.fr\/fr\/wp-json\/wp\/v2\/pages\/14257","targetHints":{"allow":["GET"]}}],"collection":[{"href":"https:\/\/nexvision.fr\/fr\/wp-json\/wp\/v2\/pages"}],"about":[{"href":"https:\/\/nexvision.fr\/fr\/wp-json\/wp\/v2\/types\/page"}],"author":[{"embeddable":true,"href":"https:\/\/nexvision.fr\/fr\/wp-json\/wp\/v2\/users\/1"}],"replies":[{"embeddable":true,"href":"https:\/\/nexvision.fr\/fr\/wp-json\/wp\/v2\/comments?post=14257"}],"version-history":[{"count":3,"href":"https:\/\/nexvision.fr\/fr\/wp-json\/wp\/v2\/pages\/14257\/revisions"}],"predecessor-version":[{"id":15523,"href":"https:\/\/nexvision.fr\/fr\/wp-json\/wp\/v2\/pages\/14257\/revisions\/15523"}],"up":[{"embeddable":true,"href":"https:\/\/nexvision.fr\/fr\/wp-json\/wp\/v2\/pages\/14259"}],"wp:attachment":[{"href":"https:\/\/nexvision.fr\/fr\/wp-json\/wp\/v2\/media?parent=14257"}],"curies":[{"name":"wp","href":"https:\/\/api.w.org\/{rel}","templated":true}]}}