{"id":14265,"date":"2024-05-29T13:40:26","date_gmt":"2024-05-29T11:40:26","guid":{"rendered":"https:\/\/nexvision.dev\/architecture-modulaire-hardware\/"},"modified":"2024-08-19T12:57:25","modified_gmt":"2024-08-19T10:57:25","slug":"architecture-modulaire-hardware","status":"publish","type":"page","link":"https:\/\/nexvision.fr\/fr\/solutions\/modules\/architecture-modulaire-hardware\/","title":{"rendered":"Architecture modulaire Hardware"},"content":{"rendered":"\t\t<div data-elementor-type=\"wp-page\" data-elementor-id=\"14265\" class=\"elementor elementor-14265 elementor-13678\" data-elementor-post-type=\"page\">\n\t\t\t\t\t\t<section data-particle_enable=\"false\" data-particle-mobile-disabled=\"false\" class=\"elementor-section elementor-top-section elementor-element elementor-element-5af10ea elementor-section-height-min-height elementor-section-stretched elementor-section-boxed elementor-section-height-default elementor-section-items-middle\" data-id=\"5af10ea\" data-element_type=\"section\" data-e-type=\"section\" data-settings=\"{&quot;stretch_section&quot;:&quot;section-stretched&quot;,&quot;background_background&quot;:&quot;classic&quot;}\">\n\t\t\t\t\t\t\t<div class=\"elementor-background-overlay\"><\/div>\n\t\t\t\t\t\t\t<div class=\"elementor-container elementor-column-gap-no\">\n\t\t\t\t\t<div class=\"elementor-column elementor-col-100 elementor-top-column elementor-element elementor-element-a5695cb\" data-id=\"a5695cb\" data-element_type=\"column\" data-e-type=\"column\">\n\t\t\t<div class=\"elementor-widget-wrap elementor-element-populated\">\n\t\t\t\t\t\t<div class=\"elementor-element elementor-element-6efb8d2 elementor-widget elementor-widget-heading\" data-id=\"6efb8d2\" data-element_type=\"widget\" data-e-type=\"widget\" data-widget_type=\"heading.default\">\n\t\t\t\t<div class=\"elementor-widget-container\">\n\t\t\t\t\t<h1 class=\"elementor-heading-title elementor-size-default\">Architecture modulaire Hardware<\/h1>\t\t\t\t<\/div>\n\t\t\t\t<\/div>\n\t\t\t\t<div class=\"elementor-element elementor-element-a37174d elementor-widget elementor-widget-text-editor\" data-id=\"a37174d\" data-element_type=\"widget\" data-e-type=\"widget\" data-widget_type=\"text-editor.default\">\n\t\t\t\t<div class=\"elementor-widget-container\">\n\t\t\t\t\t\t\t\t\t<p>&#8212;&#8212;&#8212;&#8212;&#8212;&#8212;&#8211;<\/p>\n\t\t\t\t\t\t\t\t<\/div>\n\t\t\t\t<\/div>\n\t\t\t\t\t<\/div>\n\t\t<\/div>\n\t\t\t\t\t<\/div>\n\t\t<\/section>\n\t\t\t\t<section data-particle_enable=\"false\" data-particle-mobile-disabled=\"false\" class=\"elementor-section elementor-top-section elementor-element elementor-element-acb58f8 elementor-section-stretched elementor-section-boxed elementor-section-height-default elementor-section-height-default\" data-id=\"acb58f8\" data-element_type=\"section\" data-e-type=\"section\" data-settings=\"{&quot;stretch_section&quot;:&quot;section-stretched&quot;,&quot;background_background&quot;:&quot;classic&quot;}\">\n\t\t\t\t\t\t<div class=\"elementor-container elementor-column-gap-default\">\n\t\t\t\t\t<div class=\"elementor-column elementor-col-100 elementor-top-column elementor-element elementor-element-dfefc5f\" data-id=\"dfefc5f\" data-element_type=\"column\" data-e-type=\"column\">\n\t\t\t<div class=\"elementor-widget-wrap elementor-element-populated\">\n\t\t\t\t\t\t<div class=\"elementor-element elementor-element-4ad3a26 elementor-widget elementor-widget-heading\" data-id=\"4ad3a26\" data-element_type=\"widget\" data-e-type=\"widget\" data-widget_type=\"heading.default\">\n\t\t\t\t<div class=\"elementor-widget-container\">\n\t\t\t\t\t<h2 class=\"elementor-heading-title elementor-size-default\">Notre solution HARDWARE \u201cPr\u00eate \u00e0 customiser\u201d<\/h2>\t\t\t\t<\/div>\n\t\t\t\t<\/div>\n\t\t\t\t<div class=\"elementor-element elementor-element-27678d6 elementor-widget__width-initial elementor-widget elementor-widget-text-editor\" data-id=\"27678d6\" data-element_type=\"widget\" data-e-type=\"widget\" data-widget_type=\"text-editor.default\">\n\t\t\t\t<div class=\"elementor-widget-container\">\n\t\t\t\t\t\t\t\t\t<p>Nos solutions modulaires Hardware comprennent la carte \u00e9lectronique et tout le syst\u00e8me int\u00e9gr\u00e9, sur des plateformes standards ou embarqu\u00e9es incluant le logiciel de carte m\u00e8re (BSP).<\/p>\n\t\t\t\t\t\t\t\t<\/div>\n\t\t\t\t<\/div>\n\t\t\t\t<div class=\"elementor-element elementor-element-270f6ed elementor-widget elementor-widget-image\" data-id=\"270f6ed\" data-element_type=\"widget\" data-e-type=\"widget\" data-widget_type=\"image.default\">\n\t\t\t\t<div class=\"elementor-widget-container\">\n\t\t\t\t\t\t\t\t\t\t\t\t\t\t\t<img fetchpriority=\"high\" decoding=\"async\" width=\"1238\" height=\"848\" src=\"https:\/\/nexvision.fr\/wp-content\/uploads\/2024\/06\/Electronic_module_architecture_HW_RVB_OK.png\" class=\"attachment-full size-full wp-image-13777\" alt=\"\" srcset=\"https:\/\/nexvision.fr\/wp-content\/uploads\/2024\/06\/Electronic_module_architecture_HW_RVB_OK.png 1238w, https:\/\/nexvision.fr\/wp-content\/uploads\/2024\/06\/Electronic_module_architecture_HW_RVB_OK-300x205.png 300w, https:\/\/nexvision.fr\/wp-content\/uploads\/2024\/06\/Electronic_module_architecture_HW_RVB_OK-1024x701.png 1024w, https:\/\/nexvision.fr\/wp-content\/uploads\/2024\/06\/Electronic_module_architecture_HW_RVB_OK-768x526.png 768w\" sizes=\"(max-width: 1238px) 100vw, 1238px\" \/>\t\t\t\t\t\t\t\t\t\t\t\t\t\t\t<\/div>\n\t\t\t\t<\/div>\n\t\t\t\t<div class=\"elementor-element elementor-element-e3ccbf2 elementor-widget__width-initial elementor-widget elementor-widget-text-editor\" data-id=\"e3ccbf2\" data-element_type=\"widget\" data-e-type=\"widget\" data-widget_type=\"text-editor.default\">\n\t\t\t\t<div class=\"elementor-widget-container\">\n\t\t\t\t\t\t\t\t\t<p>Vous pouvez \u00e9galement consulter notre\u00a0<a title=\"Architecture modulaire \u00e9lectronique SoftWare\" href=\"https:\/\/nexvision.fr\/fr\/architecture-modulaire-software\/\">Architecture modulaire SW<\/a>\u00a0et notre\u00a0<a title=\"Librairie de traitement d'images FPGA\" href=\"https:\/\/nexvision.fr\/fr\/bibliotheques-dip-pour-fpga\/\">Librairie IP Core FPGA<\/a>.<\/p>\n\t\t\t\t\t\t\t\t<\/div>\n\t\t\t\t<\/div>\n\t\t\t\t\t<\/div>\n\t\t<\/div>\n\t\t\t\t\t<\/div>\n\t\t<\/section>\n\t\t\t\t<\/div>\n\t\t","protected":false},"excerpt":{"rendered":"<p>&#8212;&#8212;&#8212;&#8212;&#8212;&#8212;&#8211; Notre solution HARDWARE \u201cPr\u00eate \u00e0 customiser\u201d Nos solutions modulaires Hardware comprennent la carte \u00e9lectronique et tout le syst\u00e8me int\u00e9gr\u00e9, sur des plateformes standards ou embarqu\u00e9es incluant le logiciel de carte m\u00e8re (BSP). Vous pouvez \u00e9galement consulter notre\u00a0Architecture modulaire SW\u00a0et notre\u00a0Librairie IP Core FPGA.<\/p>\n","protected":false},"author":1,"featured_media":0,"parent":16038,"menu_order":0,"comment_status":"closed","ping_status":"closed","template":"elementor_header_footer","meta":{"_acf_changed":false,"inline_featured_image":false,"_monsterinsights_skip_tracking":false,"_monsterinsights_sitenote_active":false,"_monsterinsights_sitenote_note":"","_monsterinsights_sitenote_category":0,"footnotes":""},"class_list":["post-14265","page","type-page","status-publish","hentry"],"acf":[],"yoast_head":"<!-- This site is optimized with the Yoast SEO plugin v27.2 - https:\/\/yoast.com\/product\/yoast-seo-wordpress\/ -->\n<title>Architecture modulaire Hardware pour syst\u00e8mes optroniques<\/title>\n<meta name=\"description\" content=\"Optimisez vos projets avec notre architecture modulaire hardware. Flexibilit\u00e9 et performance \u00e0 port\u00e9e de main. En savoir plus ici !\" \/>\n<meta name=\"robots\" content=\"index, follow, max-snippet:-1, max-image-preview:large, max-video-preview:-1\" \/>\n<link rel=\"canonical\" href=\"https:\/\/nexvision.fr\/fr\/solutions\/modules\/architecture-modulaire-hardware\/\" \/>\n<meta property=\"og:locale\" content=\"fr_FR\" \/>\n<meta property=\"og:type\" content=\"article\" \/>\n<meta property=\"og:title\" content=\"Architecture modulaire Hardware pour syst\u00e8mes optroniques\" \/>\n<meta property=\"og:description\" content=\"Optimisez vos projets avec notre architecture modulaire hardware. Flexibilit\u00e9 et performance \u00e0 port\u00e9e de main. En savoir plus ici !\" \/>\n<meta property=\"og:url\" content=\"https:\/\/nexvision.fr\/fr\/solutions\/modules\/architecture-modulaire-hardware\/\" \/>\n<meta property=\"og:site_name\" content=\"NEXVISION\" \/>\n<meta property=\"article:modified_time\" content=\"2024-08-19T10:57:25+00:00\" \/>\n<meta property=\"og:image\" content=\"https:\/\/nexvision.fr\/wp-content\/uploads\/2024\/06\/Electronic_module_architecture_HW_RVB_OK.png\" \/>\n<meta name=\"twitter:card\" content=\"summary_large_image\" \/>\n<script type=\"application\/ld+json\" class=\"yoast-schema-graph\">{\"@context\":\"https:\/\/schema.org\",\"@graph\":[{\"@type\":\"WebPage\",\"@id\":\"https:\/\/nexvision.fr\/fr\/solutions\/modules\/architecture-modulaire-hardware\/\",\"url\":\"https:\/\/nexvision.fr\/fr\/solutions\/modules\/architecture-modulaire-hardware\/\",\"name\":\"Architecture modulaire Hardware pour syst\u00e8mes optroniques\",\"isPartOf\":{\"@id\":\"https:\/\/nexvision.fr\/#website\"},\"primaryImageOfPage\":{\"@id\":\"https:\/\/nexvision.fr\/fr\/solutions\/modules\/architecture-modulaire-hardware\/#primaryimage\"},\"image\":{\"@id\":\"https:\/\/nexvision.fr\/fr\/solutions\/modules\/architecture-modulaire-hardware\/#primaryimage\"},\"thumbnailUrl\":\"https:\/\/nexvision.fr\/wp-content\/uploads\/2024\/06\/Electronic_module_architecture_HW_RVB_OK.png\",\"datePublished\":\"2024-05-29T11:40:26+00:00\",\"dateModified\":\"2024-08-19T10:57:25+00:00\",\"description\":\"Optimisez vos projets avec notre architecture modulaire hardware. Flexibilit\u00e9 et performance \u00e0 port\u00e9e de main. En savoir plus ici !\",\"breadcrumb\":{\"@id\":\"https:\/\/nexvision.fr\/fr\/solutions\/modules\/architecture-modulaire-hardware\/#breadcrumb\"},\"inLanguage\":\"fr-FR\",\"potentialAction\":[{\"@type\":\"ReadAction\",\"target\":[\"https:\/\/nexvision.fr\/fr\/solutions\/modules\/architecture-modulaire-hardware\/\"]}]},{\"@type\":\"ImageObject\",\"inLanguage\":\"fr-FR\",\"@id\":\"https:\/\/nexvision.fr\/fr\/solutions\/modules\/architecture-modulaire-hardware\/#primaryimage\",\"url\":\"https:\/\/nexvision.fr\/wp-content\/uploads\/2024\/06\/Electronic_module_architecture_HW_RVB_OK.png\",\"contentUrl\":\"https:\/\/nexvision.fr\/wp-content\/uploads\/2024\/06\/Electronic_module_architecture_HW_RVB_OK.png\"},{\"@type\":\"BreadcrumbList\",\"@id\":\"https:\/\/nexvision.fr\/fr\/solutions\/modules\/architecture-modulaire-hardware\/#breadcrumb\",\"itemListElement\":[{\"@type\":\"ListItem\",\"position\":1,\"name\":\"Home\",\"item\":\"https:\/\/nexvision.fr\/fr\/accueil\/\"},{\"@type\":\"ListItem\",\"position\":2,\"name\":\"Solutions\",\"item\":\"https:\/\/nexvision.fr\/fr\/solutions\/\"},{\"@type\":\"ListItem\",\"position\":3,\"name\":\"Modules\",\"item\":\"https:\/\/nexvision.fr\/fr\/solutions\/modules\/\"},{\"@type\":\"ListItem\",\"position\":4,\"name\":\"Architecture modulaire Hardware\"}]},{\"@type\":\"WebSite\",\"@id\":\"https:\/\/nexvision.fr\/#website\",\"url\":\"https:\/\/nexvision.fr\/\",\"name\":\"NEXVISION\",\"description\":\"Vision solution : optronic system UV night SWIR LWIR Terahertz\",\"publisher\":{\"@id\":\"https:\/\/nexvision.fr\/#organization\"},\"potentialAction\":[{\"@type\":\"SearchAction\",\"target\":{\"@type\":\"EntryPoint\",\"urlTemplate\":\"https:\/\/nexvision.fr\/?s={search_term_string}\"},\"query-input\":{\"@type\":\"PropertyValueSpecification\",\"valueRequired\":true,\"valueName\":\"search_term_string\"}}],\"inLanguage\":\"fr-FR\"},{\"@type\":\"Organization\",\"@id\":\"https:\/\/nexvision.fr\/#organization\",\"name\":\"NEXVISION\",\"url\":\"https:\/\/nexvision.fr\/\",\"logo\":{\"@type\":\"ImageObject\",\"inLanguage\":\"fr-FR\",\"@id\":\"https:\/\/nexvision.fr\/#\/schema\/logo\/image\/\",\"url\":\"https:\/\/nexvision.fr\/wp-content\/uploads\/2025\/10\/LogoNexvision696px.png\",\"contentUrl\":\"https:\/\/nexvision.fr\/wp-content\/uploads\/2025\/10\/LogoNexvision696px.png\",\"width\":696,\"height\":696,\"caption\":\"NEXVISION\"},\"image\":{\"@id\":\"https:\/\/nexvision.fr\/#\/schema\/logo\/image\/\"}}]}<\/script>\n<!-- \/ Yoast SEO plugin. -->","yoast_head_json":{"title":"Architecture modulaire Hardware pour syst\u00e8mes optroniques","description":"Optimisez vos projets avec notre architecture modulaire hardware. Flexibilit\u00e9 et performance \u00e0 port\u00e9e de main. En savoir plus ici !","robots":{"index":"index","follow":"follow","max-snippet":"max-snippet:-1","max-image-preview":"max-image-preview:large","max-video-preview":"max-video-preview:-1"},"canonical":"https:\/\/nexvision.fr\/fr\/solutions\/modules\/architecture-modulaire-hardware\/","og_locale":"fr_FR","og_type":"article","og_title":"Architecture modulaire Hardware pour syst\u00e8mes optroniques","og_description":"Optimisez vos projets avec notre architecture modulaire hardware. Flexibilit\u00e9 et performance \u00e0 port\u00e9e de main. En savoir plus ici !","og_url":"https:\/\/nexvision.fr\/fr\/solutions\/modules\/architecture-modulaire-hardware\/","og_site_name":"NEXVISION","article_modified_time":"2024-08-19T10:57:25+00:00","og_image":[{"url":"https:\/\/nexvision.fr\/wp-content\/uploads\/2024\/06\/Electronic_module_architecture_HW_RVB_OK.png","type":"","width":"","height":""}],"twitter_card":"summary_large_image","schema":{"@context":"https:\/\/schema.org","@graph":[{"@type":"WebPage","@id":"https:\/\/nexvision.fr\/fr\/solutions\/modules\/architecture-modulaire-hardware\/","url":"https:\/\/nexvision.fr\/fr\/solutions\/modules\/architecture-modulaire-hardware\/","name":"Architecture modulaire Hardware pour syst\u00e8mes optroniques","isPartOf":{"@id":"https:\/\/nexvision.fr\/#website"},"primaryImageOfPage":{"@id":"https:\/\/nexvision.fr\/fr\/solutions\/modules\/architecture-modulaire-hardware\/#primaryimage"},"image":{"@id":"https:\/\/nexvision.fr\/fr\/solutions\/modules\/architecture-modulaire-hardware\/#primaryimage"},"thumbnailUrl":"https:\/\/nexvision.fr\/wp-content\/uploads\/2024\/06\/Electronic_module_architecture_HW_RVB_OK.png","datePublished":"2024-05-29T11:40:26+00:00","dateModified":"2024-08-19T10:57:25+00:00","description":"Optimisez vos projets avec notre architecture modulaire hardware. Flexibilit\u00e9 et performance \u00e0 port\u00e9e de main. En savoir plus ici !","breadcrumb":{"@id":"https:\/\/nexvision.fr\/fr\/solutions\/modules\/architecture-modulaire-hardware\/#breadcrumb"},"inLanguage":"fr-FR","potentialAction":[{"@type":"ReadAction","target":["https:\/\/nexvision.fr\/fr\/solutions\/modules\/architecture-modulaire-hardware\/"]}]},{"@type":"ImageObject","inLanguage":"fr-FR","@id":"https:\/\/nexvision.fr\/fr\/solutions\/modules\/architecture-modulaire-hardware\/#primaryimage","url":"https:\/\/nexvision.fr\/wp-content\/uploads\/2024\/06\/Electronic_module_architecture_HW_RVB_OK.png","contentUrl":"https:\/\/nexvision.fr\/wp-content\/uploads\/2024\/06\/Electronic_module_architecture_HW_RVB_OK.png"},{"@type":"BreadcrumbList","@id":"https:\/\/nexvision.fr\/fr\/solutions\/modules\/architecture-modulaire-hardware\/#breadcrumb","itemListElement":[{"@type":"ListItem","position":1,"name":"Home","item":"https:\/\/nexvision.fr\/fr\/accueil\/"},{"@type":"ListItem","position":2,"name":"Solutions","item":"https:\/\/nexvision.fr\/fr\/solutions\/"},{"@type":"ListItem","position":3,"name":"Modules","item":"https:\/\/nexvision.fr\/fr\/solutions\/modules\/"},{"@type":"ListItem","position":4,"name":"Architecture modulaire Hardware"}]},{"@type":"WebSite","@id":"https:\/\/nexvision.fr\/#website","url":"https:\/\/nexvision.fr\/","name":"NEXVISION","description":"Vision solution : optronic system UV night SWIR LWIR Terahertz","publisher":{"@id":"https:\/\/nexvision.fr\/#organization"},"potentialAction":[{"@type":"SearchAction","target":{"@type":"EntryPoint","urlTemplate":"https:\/\/nexvision.fr\/?s={search_term_string}"},"query-input":{"@type":"PropertyValueSpecification","valueRequired":true,"valueName":"search_term_string"}}],"inLanguage":"fr-FR"},{"@type":"Organization","@id":"https:\/\/nexvision.fr\/#organization","name":"NEXVISION","url":"https:\/\/nexvision.fr\/","logo":{"@type":"ImageObject","inLanguage":"fr-FR","@id":"https:\/\/nexvision.fr\/#\/schema\/logo\/image\/","url":"https:\/\/nexvision.fr\/wp-content\/uploads\/2025\/10\/LogoNexvision696px.png","contentUrl":"https:\/\/nexvision.fr\/wp-content\/uploads\/2025\/10\/LogoNexvision696px.png","width":696,"height":696,"caption":"NEXVISION"},"image":{"@id":"https:\/\/nexvision.fr\/#\/schema\/logo\/image\/"}}]}},"_links":{"self":[{"href":"https:\/\/nexvision.fr\/fr\/wp-json\/wp\/v2\/pages\/14265","targetHints":{"allow":["GET"]}}],"collection":[{"href":"https:\/\/nexvision.fr\/fr\/wp-json\/wp\/v2\/pages"}],"about":[{"href":"https:\/\/nexvision.fr\/fr\/wp-json\/wp\/v2\/types\/page"}],"author":[{"embeddable":true,"href":"https:\/\/nexvision.fr\/fr\/wp-json\/wp\/v2\/users\/1"}],"replies":[{"embeddable":true,"href":"https:\/\/nexvision.fr\/fr\/wp-json\/wp\/v2\/comments?post=14265"}],"version-history":[{"count":3,"href":"https:\/\/nexvision.fr\/fr\/wp-json\/wp\/v2\/pages\/14265\/revisions"}],"predecessor-version":[{"id":14275,"href":"https:\/\/nexvision.fr\/fr\/wp-json\/wp\/v2\/pages\/14265\/revisions\/14275"}],"up":[{"embeddable":true,"href":"https:\/\/nexvision.fr\/fr\/wp-json\/wp\/v2\/pages\/16038"}],"wp:attachment":[{"href":"https:\/\/nexvision.fr\/fr\/wp-json\/wp\/v2\/media?parent=14265"}],"curies":[{"name":"wp","href":"https:\/\/api.w.org\/{rel}","templated":true}]}}