{"id":14297,"date":"2024-03-19T12:06:49","date_gmt":"2024-03-19T11:06:49","guid":{"rendered":"https:\/\/nexvision.dev\/base-de-connaissances-sur-les-systemes-de-vision\/comprendre-le-fonctionnement-et-le-potentiel-des-systemes-optroniques\/"},"modified":"2024-07-18T11:31:09","modified_gmt":"2024-07-18T09:31:09","slug":"comprendre-le-fonctionnement-et-le-potentiel-des-systemes-optroniques","status":"publish","type":"page","link":"https:\/\/nexvision.fr\/fr\/base-de-connaissances-sur-les-systemes-de-vision\/comprendre-le-fonctionnement-et-le-potentiel-des-systemes-optroniques\/","title":{"rendered":"Comprendre le fonctionnement et le potentiel des syst\u00e8mes optroniques"},"content":{"rendered":"\t\t<div data-elementor-type=\"wp-page\" data-elementor-id=\"14297\" class=\"elementor elementor-14297 elementor-12189\" data-elementor-post-type=\"page\">\n\t\t\t\t\t\t<section data-particle_enable=\"false\" data-particle-mobile-disabled=\"false\" class=\"elementor-section elementor-top-section elementor-element elementor-element-37b2d91 elementor-section-height-min-height elementor-section-stretched elementor-section-boxed elementor-section-height-default elementor-section-items-middle\" data-id=\"37b2d91\" data-element_type=\"section\" data-e-type=\"section\" data-settings=\"{&quot;stretch_section&quot;:&quot;section-stretched&quot;,&quot;background_background&quot;:&quot;classic&quot;}\">\n\t\t\t\t\t\t\t<div class=\"elementor-background-overlay\"><\/div>\n\t\t\t\t\t\t\t<div class=\"elementor-container elementor-column-gap-no\">\n\t\t\t\t\t<div class=\"elementor-column elementor-col-100 elementor-top-column elementor-element elementor-element-6da4e88\" data-id=\"6da4e88\" data-element_type=\"column\" data-e-type=\"column\">\n\t\t\t<div class=\"elementor-widget-wrap elementor-element-populated\">\n\t\t\t\t\t\t<div class=\"elementor-element elementor-element-b89341c elementor-widget elementor-widget-heading\" data-id=\"b89341c\" data-element_type=\"widget\" data-e-type=\"widget\" data-widget_type=\"heading.default\">\n\t\t\t\t<div class=\"elementor-widget-container\">\n\t\t\t\t\t<h1 class=\"elementor-heading-title elementor-size-default\">Introduction<\/h1>\t\t\t\t<\/div>\n\t\t\t\t<\/div>\n\t\t\t\t<div class=\"elementor-element elementor-element-31f06bc elementor-widget-divider--view-line_text elementor-widget-divider--element-align-left elementor-widget elementor-widget-divider\" data-id=\"31f06bc\" data-element_type=\"widget\" data-e-type=\"widget\" data-widget_type=\"divider.default\">\n\t\t\t\t<div class=\"elementor-widget-container\">\n\t\t\t\t\t\t\t<div class=\"elementor-divider\">\n\t\t\t<span class=\"elementor-divider-separator\">\n\t\t\t\t\t\t\t<span class=\"elementor-divider__text elementor-divider__element\">\n\t\t\t\tComprendre le fonctionnement et le potentiel des syst\u00e8mes optroniques\t\t\t\t<\/span>\n\t\t\t\t\t\t<\/span>\n\t\t<\/div>\n\t\t\t\t\t\t<\/div>\n\t\t\t\t<\/div>\n\t\t\t\t\t<\/div>\n\t\t<\/div>\n\t\t\t\t\t<\/div>\n\t\t<\/section>\n\t\t\t\t<section data-particle_enable=\"false\" data-particle-mobile-disabled=\"false\" class=\"elementor-section elementor-top-section elementor-element elementor-element-74007dc elementor-section-boxed elementor-section-height-default elementor-section-height-default\" data-id=\"74007dc\" data-element_type=\"section\" data-e-type=\"section\">\n\t\t\t\t\t\t<div class=\"elementor-container elementor-column-gap-default\">\n\t\t\t\t\t<div class=\"elementor-column elementor-col-25 elementor-top-column elementor-element elementor-element-dea90db\" data-id=\"dea90db\" data-element_type=\"column\" data-e-type=\"column\">\n\t\t\t<div class=\"elementor-widget-wrap elementor-element-populated\">\n\t\t\t\t\t\t<div class=\"elementor-element elementor-element-ab172e2 eael_advanced_menu_hamburger_disable_selected_menu_no eael-advanced-menu-hamburger-align-right eael-advanced-menu--no eael-hamburger--tablet elementor-widget elementor-widget-eael-advanced-menu\" data-id=\"ab172e2\" data-element_type=\"widget\" data-e-type=\"widget\" data-settings=\"{&quot;sticky&quot;:&quot;top&quot;,&quot;sticky_offset&quot;:68,&quot;sticky_on&quot;:[&quot;desktop&quot;,&quot;tablet&quot;],&quot;sticky_effects_offset&quot;:0,&quot;sticky_anchor_link_offset&quot;:0}\" data-widget_type=\"eael-advanced-menu.skin-two\">\n\t\t\t\t<div class=\"elementor-widget-container\">\n\t\t\t\t\t<style>\n                        @media screen and (max-width: 1024px) {\n                            .eael-hamburger--tablet {\n                                .eael-advanced-menu-horizontal,\n                                .eael-advanced-menu-vertical {\n                                    display: none;\n                                }\n                            }\n                            .eael-hamburger--tablet {\n                                .eael-advanced-menu-container .eael-advanced-menu-toggle {\n                                    display: block;\n                                }\n                            }\n                        }\n                    <\/style>            <div data-hamburger-icon=\"&lt;i aria-hidden=&quot;true&quot; class=&quot;fas fa-bars&quot;&gt;&lt;\/i&gt;\" data-indicator-class=\"&lt;i aria-hidden=&quot;true&quot; class=&quot;fas fa-angle-down&quot;&gt;&lt;\/i&gt;\" data-dropdown-indicator-class=\"&lt;i aria-hidden=&quot;true&quot; class=&quot;fas fa-angle-down&quot;&gt;&lt;\/i&gt;\" class=\"eael-advanced-menu-container eael-advanced-menu-align-left eael-advanced-menu-dropdown-align-left\" data-hamburger-breakpoints=\"{&quot;mobile&quot;:&quot;Portrait mobile (&gt; 767px)&quot;,&quot;tablet&quot;:&quot;Tablette en mode portrait (&gt; 1024px)&quot;,&quot;desktop&quot;:&quot;Desktop (&gt; 2400px)&quot;,&quot;none&quot;:&quot;None&quot;}\" data-hamburger-device=\"tablet\">\n                <ul id=\"menu-white-paper-french\" class=\"eael-advanced-menu eael-advanced-menu-dropdown-animate-zoom-in eael-advanced-menu-indicator eael-advanced-menu-vertical\"><li id=\"menu-item-15005\" class=\"menu-item menu-item-type-post_type menu-item-object-page menu-item-15005\"><a href=\"https:\/\/nexvision.fr\/fr\/base-de-connaissances-sur-les-systemes-de-vision\/comprendre-le-fonctionnement-et-le-potentiel-des-systemes-optroniques\/\">Comprendre le fonctionnement et le potentiel des syst\u00e8mes optroniques<\/a><\/li>\n<li id=\"menu-item-15006\" class=\"menu-item menu-item-type-post_type menu-item-object-page menu-item-15006\"><a href=\"https:\/\/nexvision.fr\/fr\/base-de-connaissances-sur-les-systemes-de-vision\/comprendre-le-fonctionnement-et-le-potentiel-des-systemes-optroniques\/partie-1-vision-couleur-et-spectre-electromagnetique\/\">Partie 1 : Vision, couleur et spectre \u00e9lectromagn\u00e9tique<\/a><\/li>\n<li id=\"menu-item-15007\" class=\"menu-item menu-item-type-post_type menu-item-object-page menu-item-15007\"><a href=\"https:\/\/nexvision.fr\/fr\/base-de-connaissances-sur-les-systemes-de-vision\/comprendre-le-fonctionnement-et-le-potentiel-des-systemes-optroniques\/partie-2-construction-traitement-et-analyse-dune-image-numerique\/\">Partie 2 : Construction, traitement et analyse d&rsquo;une image num\u00e9rique<\/a><\/li>\n<li id=\"menu-item-15008\" class=\"menu-item menu-item-type-post_type menu-item-object-page menu-item-15008\"><a href=\"https:\/\/nexvision.fr\/fr\/base-de-connaissances-sur-les-systemes-de-vision\/comprendre-le-fonctionnement-et-le-potentiel-des-systemes-optroniques\/part-3-conception\/\">Part 3 :\u00a0 Conception<\/a><\/li>\n<li id=\"menu-item-15009\" class=\"menu-item menu-item-type-post_type menu-item-object-page menu-item-15009\"><a href=\"https:\/\/nexvision.fr\/fr\/base-de-connaissances-sur-les-systemes-de-vision\/comprendre-le-fonctionnement-et-le-potentiel-des-systemes-optroniques\/part-4-votre-projet\/\">Part 4 :\u00a0 Votre projet<\/a><\/li>\n<\/ul>                <button class=\"eael-advanced-menu-toggle\" aria-label=\"Essential Addons Toggle Menu\">\n                    <i aria-hidden=\"true\" class=\"fas fa-bars\"><\/i>                <\/button>\n            <\/div>\n            \t\t\t\t<\/div>\n\t\t\t\t<\/div>\n\t\t\t\t\t<\/div>\n\t\t<\/div>\n\t\t\t\t<div class=\"elementor-column elementor-col-50 elementor-top-column elementor-element elementor-element-76ad037\" data-id=\"76ad037\" data-element_type=\"column\" data-e-type=\"column\">\n\t\t\t<div class=\"elementor-widget-wrap elementor-element-populated\">\n\t\t\t\t\t\t<div class=\"elementor-element elementor-element-f5435fa elementor-widget elementor-widget-text-editor\" data-id=\"f5435fa\" data-element_type=\"widget\" data-e-type=\"widget\" data-widget_type=\"text-editor.default\">\n\t\t\t\t<div class=\"elementor-widget-container\">\n\t\t\t\t\t\t\t\t\t<p>Vous \u00eates directeur de l&rsquo;innovation et vous avez besoin d&rsquo;apporter de l&rsquo;innovation \u00e0 vos produits ?<\/p>\n<p>Ce livre blanc a \u00e9t\u00e9 con\u00e7u comme un guide pratique visant \u00e0 inspirer, mais surtout \u00e0 vous permettre de comprendre les concepts de base des syst\u00e8mes optroniques afin de mieux appr\u00e9hender les points cl\u00e9s du d\u00e9veloppement d&rsquo;un syst\u00e8me de vision.<\/p>\n<p>Avec l&rsquo;\u00e9volution de la technologie (puissance de traitement, miniaturisation des composants, etc.), il est d\u00e9sormais possible de r\u00e9aliser des applications plus \u00e9labor\u00e9es \u00e0 partir de syst\u00e8mes de vision : d\u00e9tection, suivi, reconnaissance, mesure de l&rsquo;environnement, etc.<\/p>\n<p>Cela ouvre un \u00e9ventail de possibilit\u00e9s sans pr\u00e9c\u00e9dent dans de nombreux domaines : a\u00e9ronautique, espace, d\u00e9fense et s\u00e9curit\u00e9, industrie, transport (en particulier dans le cas des v\u00e9hicules autonomes).<\/p>\n<p>J&rsquo;esp\u00e8re que ce livret sera une source d&rsquo;inspiration et vous aidera \u00e0 concevoir de nouvelles applications pour vos projets en vision.<\/p>\n<p>Vincent CARRIER<br \/>\nPDG NEXVISION<\/p>\n\t\t\t\t\t\t\t\t<\/div>\n\t\t\t\t<\/div>\n\t\t\t\t<div class=\"elementor-element elementor-element-c509579 elementor-widget-divider--view-line elementor-widget elementor-widget-divider\" data-id=\"c509579\" data-element_type=\"widget\" data-e-type=\"widget\" data-widget_type=\"divider.default\">\n\t\t\t\t<div class=\"elementor-widget-container\">\n\t\t\t\t\t\t\t<div class=\"elementor-divider\">\n\t\t\t<span class=\"elementor-divider-separator\">\n\t\t\t\t\t\t<\/span>\n\t\t<\/div>\n\t\t\t\t\t\t<\/div>\n\t\t\t\t<\/div>\n\t\t\t\t<section data-particle_enable=\"false\" data-particle-mobile-disabled=\"false\" class=\"elementor-section elementor-inner-section elementor-element elementor-element-18e4985 elementor-section-boxed elementor-section-height-default elementor-section-height-default\" data-id=\"18e4985\" data-element_type=\"section\" data-e-type=\"section\">\n\t\t\t\t\t\t<div class=\"elementor-container elementor-column-gap-default\">\n\t\t\t\t\t<div class=\"elementor-column elementor-col-50 elementor-inner-column elementor-element elementor-element-e71e6d4\" data-id=\"e71e6d4\" data-element_type=\"column\" data-e-type=\"column\">\n\t\t\t<div class=\"elementor-widget-wrap\">\n\t\t\t\t\t\t\t<\/div>\n\t\t<\/div>\n\t\t\t\t<div class=\"elementor-column elementor-col-50 elementor-inner-column elementor-element elementor-element-6eda257\" data-id=\"6eda257\" data-element_type=\"column\" data-e-type=\"column\">\n\t\t\t<div class=\"elementor-widget-wrap elementor-element-populated\">\n\t\t\t\t\t\t<div class=\"elementor-element elementor-element-df5823c elementor-align-end elementor-icon-list--layout-traditional elementor-list-item-link-full_width elementor-widget elementor-widget-icon-list\" data-id=\"df5823c\" data-element_type=\"widget\" data-e-type=\"widget\" data-widget_type=\"icon-list.default\">\n\t\t\t\t<div class=\"elementor-widget-container\">\n\t\t\t\t\t\t\t<ul class=\"elementor-icon-list-items\">\n\t\t\t\t\t\t\t<li class=\"elementor-icon-list-item\">\n\t\t\t\t\t\t\t\t\t\t\t<a href=\"https:\/\/nexvision.fr\/fr\/base-de-connaissances-sur-les-systemes-de-vision\/comprendre-le-fonctionnement-et-le-potentiel-des-systemes-optroniques\/partie-1-vision-couleur-et-spectre-electromagnetique\/\">\n\n\t\t\t\t\t\t\t\t\t\t\t\t<span class=\"elementor-icon-list-icon\">\n\t\t\t\t\t\t\t<i aria-hidden=\"true\" class=\"fas fa-long-arrow-alt-right\"><\/i>\t\t\t\t\t\t<\/span>\n\t\t\t\t\t\t\t\t\t\t<span class=\"elementor-icon-list-text\">SUIVANT<\/span>\n\t\t\t\t\t\t\t\t\t\t\t<\/a>\n\t\t\t\t\t\t\t\t\t<\/li>\n\t\t\t\t\t\t<\/ul>\n\t\t\t\t\t\t<\/div>\n\t\t\t\t<\/div>\n\t\t\t\t\t<\/div>\n\t\t<\/div>\n\t\t\t\t\t<\/div>\n\t\t<\/section>\n\t\t\t\t\t<\/div>\n\t\t<\/div>\n\t\t\t\t<div class=\"elementor-column elementor-col-25 elementor-top-column elementor-element elementor-element-2d7dc52\" data-id=\"2d7dc52\" data-element_type=\"column\" data-e-type=\"column\">\n\t\t\t<div class=\"elementor-widget-wrap\">\n\t\t\t\t\t\t\t<\/div>\n\t\t<\/div>\n\t\t\t\t\t<\/div>\n\t\t<\/section>\n\t\t\t\t<\/div>\n\t\t","protected":false},"excerpt":{"rendered":"<p>Introduction Comprendre le fonctionnement et le potentiel des syst\u00e8mes optroniques Introduction Part 1 : Vision, color and the electromagnetic spectrum Part 2 :\u00a0 Building, processing and analysis of a digital image Part 3 :\u00a0 Design Part 4 :\u00a0 Your project Vous \u00eates directeur de l&rsquo;innovation et vous avez besoin d&rsquo;apporter de l&rsquo;innovation \u00e0 vos produits [&hellip;]<\/p>\n","protected":false},"author":1,"featured_media":0,"parent":14291,"menu_order":0,"comment_status":"closed","ping_status":"closed","template":"elementor_header_footer","meta":{"_acf_changed":false,"inline_featured_image":false,"_monsterinsights_skip_tracking":false,"_monsterinsights_sitenote_active":false,"_monsterinsights_sitenote_note":"","_monsterinsights_sitenote_category":0,"footnotes":""},"class_list":["post-14297","page","type-page","status-publish","hentry"],"acf":[],"yoast_head":"<!-- This site is optimized with the Yoast SEO plugin v27.2 - https:\/\/yoast.com\/product\/yoast-seo-wordpress\/ -->\n<title>Comprendre le fonctionnement et le potentiel des syst\u00e8mes optroniques<\/title>\n<meta name=\"description\" content=\"Plongez dans le fonctionnement et le potentiel des syst\u00e8mes optroniques. Comprenez l&#039;avenir de la vision. Cliquez ici !\" \/>\n<meta name=\"robots\" content=\"index, follow, max-snippet:-1, max-image-preview:large, max-video-preview:-1\" \/>\n<link rel=\"canonical\" href=\"https:\/\/nexvision.fr\/fr\/base-de-connaissances-sur-les-systemes-de-vision\/comprendre-le-fonctionnement-et-le-potentiel-des-systemes-optroniques\/\" \/>\n<meta property=\"og:locale\" content=\"fr_FR\" \/>\n<meta property=\"og:type\" content=\"article\" \/>\n<meta property=\"og:title\" content=\"Comprendre le fonctionnement et le potentiel des syst\u00e8mes optroniques\" \/>\n<meta property=\"og:description\" content=\"Plongez dans le fonctionnement et le potentiel des syst\u00e8mes optroniques. Comprenez l&#039;avenir de la vision. Cliquez ici !\" \/>\n<meta property=\"og:url\" content=\"https:\/\/nexvision.fr\/fr\/base-de-connaissances-sur-les-systemes-de-vision\/comprendre-le-fonctionnement-et-le-potentiel-des-systemes-optroniques\/\" \/>\n<meta property=\"og:site_name\" content=\"NEXVISION\" \/>\n<meta property=\"article:modified_time\" content=\"2024-07-18T09:31:09+00:00\" \/>\n<meta name=\"twitter:card\" content=\"summary_large_image\" \/>\n<meta name=\"twitter:label1\" content=\"Dur\u00e9e de lecture estim\u00e9e\" \/>\n\t<meta name=\"twitter:data1\" content=\"1 minute\" \/>\n<script type=\"application\/ld+json\" class=\"yoast-schema-graph\">{\"@context\":\"https:\/\/schema.org\",\"@graph\":[{\"@type\":\"WebPage\",\"@id\":\"https:\/\/nexvision.fr\/fr\/base-de-connaissances-sur-les-systemes-de-vision\/comprendre-le-fonctionnement-et-le-potentiel-des-systemes-optroniques\/\",\"url\":\"https:\/\/nexvision.fr\/fr\/base-de-connaissances-sur-les-systemes-de-vision\/comprendre-le-fonctionnement-et-le-potentiel-des-systemes-optroniques\/\",\"name\":\"Comprendre le fonctionnement et le potentiel des syst\u00e8mes optroniques\",\"isPartOf\":{\"@id\":\"https:\/\/nexvision.fr\/#website\"},\"datePublished\":\"2024-03-19T11:06:49+00:00\",\"dateModified\":\"2024-07-18T09:31:09+00:00\",\"description\":\"Plongez dans le fonctionnement et le potentiel des syst\u00e8mes optroniques. Comprenez l'avenir de la vision. Cliquez ici !\",\"breadcrumb\":{\"@id\":\"https:\/\/nexvision.fr\/fr\/base-de-connaissances-sur-les-systemes-de-vision\/comprendre-le-fonctionnement-et-le-potentiel-des-systemes-optroniques\/#breadcrumb\"},\"inLanguage\":\"fr-FR\",\"potentialAction\":[{\"@type\":\"ReadAction\",\"target\":[\"https:\/\/nexvision.fr\/fr\/base-de-connaissances-sur-les-systemes-de-vision\/comprendre-le-fonctionnement-et-le-potentiel-des-systemes-optroniques\/\"]}]},{\"@type\":\"BreadcrumbList\",\"@id\":\"https:\/\/nexvision.fr\/fr\/base-de-connaissances-sur-les-systemes-de-vision\/comprendre-le-fonctionnement-et-le-potentiel-des-systemes-optroniques\/#breadcrumb\",\"itemListElement\":[{\"@type\":\"ListItem\",\"position\":1,\"name\":\"Home\",\"item\":\"https:\/\/nexvision.fr\/fr\/accueil\/\"},{\"@type\":\"ListItem\",\"position\":2,\"name\":\"Base de connaissances sur les syst\u00e8mes de vision\",\"item\":\"https:\/\/nexvision.fr\/fr\/base-de-connaissances-sur-les-systemes-de-vision\/\"},{\"@type\":\"ListItem\",\"position\":3,\"name\":\"Comprendre le fonctionnement et le potentiel des syst\u00e8mes optroniques\"}]},{\"@type\":\"WebSite\",\"@id\":\"https:\/\/nexvision.fr\/#website\",\"url\":\"https:\/\/nexvision.fr\/\",\"name\":\"NEXVISION\",\"description\":\"Vision solution : optronic system UV night SWIR LWIR Terahertz\",\"publisher\":{\"@id\":\"https:\/\/nexvision.fr\/#organization\"},\"potentialAction\":[{\"@type\":\"SearchAction\",\"target\":{\"@type\":\"EntryPoint\",\"urlTemplate\":\"https:\/\/nexvision.fr\/?s={search_term_string}\"},\"query-input\":{\"@type\":\"PropertyValueSpecification\",\"valueRequired\":true,\"valueName\":\"search_term_string\"}}],\"inLanguage\":\"fr-FR\"},{\"@type\":\"Organization\",\"@id\":\"https:\/\/nexvision.fr\/#organization\",\"name\":\"NEXVISION\",\"url\":\"https:\/\/nexvision.fr\/\",\"logo\":{\"@type\":\"ImageObject\",\"inLanguage\":\"fr-FR\",\"@id\":\"https:\/\/nexvision.fr\/#\/schema\/logo\/image\/\",\"url\":\"https:\/\/nexvision.fr\/wp-content\/uploads\/2025\/10\/LogoNexvision696px.png\",\"contentUrl\":\"https:\/\/nexvision.fr\/wp-content\/uploads\/2025\/10\/LogoNexvision696px.png\",\"width\":696,\"height\":696,\"caption\":\"NEXVISION\"},\"image\":{\"@id\":\"https:\/\/nexvision.fr\/#\/schema\/logo\/image\/\"}}]}<\/script>\n<!-- \/ Yoast SEO plugin. -->","yoast_head_json":{"title":"Comprendre le fonctionnement et le potentiel des syst\u00e8mes optroniques","description":"Plongez dans le fonctionnement et le potentiel des syst\u00e8mes optroniques. Comprenez l'avenir de la vision. Cliquez ici !","robots":{"index":"index","follow":"follow","max-snippet":"max-snippet:-1","max-image-preview":"max-image-preview:large","max-video-preview":"max-video-preview:-1"},"canonical":"https:\/\/nexvision.fr\/fr\/base-de-connaissances-sur-les-systemes-de-vision\/comprendre-le-fonctionnement-et-le-potentiel-des-systemes-optroniques\/","og_locale":"fr_FR","og_type":"article","og_title":"Comprendre le fonctionnement et le potentiel des syst\u00e8mes optroniques","og_description":"Plongez dans le fonctionnement et le potentiel des syst\u00e8mes optroniques. Comprenez l'avenir de la vision. Cliquez ici !","og_url":"https:\/\/nexvision.fr\/fr\/base-de-connaissances-sur-les-systemes-de-vision\/comprendre-le-fonctionnement-et-le-potentiel-des-systemes-optroniques\/","og_site_name":"NEXVISION","article_modified_time":"2024-07-18T09:31:09+00:00","twitter_card":"summary_large_image","twitter_misc":{"Dur\u00e9e de lecture estim\u00e9e":"1 minute"},"schema":{"@context":"https:\/\/schema.org","@graph":[{"@type":"WebPage","@id":"https:\/\/nexvision.fr\/fr\/base-de-connaissances-sur-les-systemes-de-vision\/comprendre-le-fonctionnement-et-le-potentiel-des-systemes-optroniques\/","url":"https:\/\/nexvision.fr\/fr\/base-de-connaissances-sur-les-systemes-de-vision\/comprendre-le-fonctionnement-et-le-potentiel-des-systemes-optroniques\/","name":"Comprendre le fonctionnement et le potentiel des syst\u00e8mes optroniques","isPartOf":{"@id":"https:\/\/nexvision.fr\/#website"},"datePublished":"2024-03-19T11:06:49+00:00","dateModified":"2024-07-18T09:31:09+00:00","description":"Plongez dans le fonctionnement et le potentiel des syst\u00e8mes optroniques. Comprenez l'avenir de la vision. Cliquez ici !","breadcrumb":{"@id":"https:\/\/nexvision.fr\/fr\/base-de-connaissances-sur-les-systemes-de-vision\/comprendre-le-fonctionnement-et-le-potentiel-des-systemes-optroniques\/#breadcrumb"},"inLanguage":"fr-FR","potentialAction":[{"@type":"ReadAction","target":["https:\/\/nexvision.fr\/fr\/base-de-connaissances-sur-les-systemes-de-vision\/comprendre-le-fonctionnement-et-le-potentiel-des-systemes-optroniques\/"]}]},{"@type":"BreadcrumbList","@id":"https:\/\/nexvision.fr\/fr\/base-de-connaissances-sur-les-systemes-de-vision\/comprendre-le-fonctionnement-et-le-potentiel-des-systemes-optroniques\/#breadcrumb","itemListElement":[{"@type":"ListItem","position":1,"name":"Home","item":"https:\/\/nexvision.fr\/fr\/accueil\/"},{"@type":"ListItem","position":2,"name":"Base de connaissances sur les syst\u00e8mes de vision","item":"https:\/\/nexvision.fr\/fr\/base-de-connaissances-sur-les-systemes-de-vision\/"},{"@type":"ListItem","position":3,"name":"Comprendre le fonctionnement et le potentiel des syst\u00e8mes optroniques"}]},{"@type":"WebSite","@id":"https:\/\/nexvision.fr\/#website","url":"https:\/\/nexvision.fr\/","name":"NEXVISION","description":"Vision solution : optronic system UV night SWIR LWIR Terahertz","publisher":{"@id":"https:\/\/nexvision.fr\/#organization"},"potentialAction":[{"@type":"SearchAction","target":{"@type":"EntryPoint","urlTemplate":"https:\/\/nexvision.fr\/?s={search_term_string}"},"query-input":{"@type":"PropertyValueSpecification","valueRequired":true,"valueName":"search_term_string"}}],"inLanguage":"fr-FR"},{"@type":"Organization","@id":"https:\/\/nexvision.fr\/#organization","name":"NEXVISION","url":"https:\/\/nexvision.fr\/","logo":{"@type":"ImageObject","inLanguage":"fr-FR","@id":"https:\/\/nexvision.fr\/#\/schema\/logo\/image\/","url":"https:\/\/nexvision.fr\/wp-content\/uploads\/2025\/10\/LogoNexvision696px.png","contentUrl":"https:\/\/nexvision.fr\/wp-content\/uploads\/2025\/10\/LogoNexvision696px.png","width":696,"height":696,"caption":"NEXVISION"},"image":{"@id":"https:\/\/nexvision.fr\/#\/schema\/logo\/image\/"}}]}},"_links":{"self":[{"href":"https:\/\/nexvision.fr\/fr\/wp-json\/wp\/v2\/pages\/14297","targetHints":{"allow":["GET"]}}],"collection":[{"href":"https:\/\/nexvision.fr\/fr\/wp-json\/wp\/v2\/pages"}],"about":[{"href":"https:\/\/nexvision.fr\/fr\/wp-json\/wp\/v2\/types\/page"}],"author":[{"embeddable":true,"href":"https:\/\/nexvision.fr\/fr\/wp-json\/wp\/v2\/users\/1"}],"replies":[{"embeddable":true,"href":"https:\/\/nexvision.fr\/fr\/wp-json\/wp\/v2\/comments?post=14297"}],"version-history":[{"count":2,"href":"https:\/\/nexvision.fr\/fr\/wp-json\/wp\/v2\/pages\/14297\/revisions"}],"predecessor-version":[{"id":14536,"href":"https:\/\/nexvision.fr\/fr\/wp-json\/wp\/v2\/pages\/14297\/revisions\/14536"}],"up":[{"embeddable":true,"href":"https:\/\/nexvision.fr\/fr\/wp-json\/wp\/v2\/pages\/14291"}],"wp:attachment":[{"href":"https:\/\/nexvision.fr\/fr\/wp-json\/wp\/v2\/media?parent=14297"}],"curies":[{"name":"wp","href":"https:\/\/api.w.org\/{rel}","templated":true}]}}