{"id":14355,"date":"2018-09-07T14:18:35","date_gmt":"2018-09-07T12:18:35","guid":{"rendered":"https:\/\/nexvision.dev\/afficheur-tete-haute\/"},"modified":"2024-08-12T18:47:44","modified_gmt":"2024-08-12T16:47:44","slug":"afficheur-tete-haute","status":"publish","type":"page","link":"https:\/\/nexvision.fr\/fr\/produits\/afficheur-tete-haute\/","title":{"rendered":"AFFICHEUR T\u00caTE HAUTE"},"content":{"rendered":"\t\t<div data-elementor-type=\"wp-page\" data-elementor-id=\"14355\" class=\"elementor elementor-14355 elementor-7178\" data-elementor-post-type=\"page\">\n\t\t\t\t\t\t<section data-particle_enable=\"false\" data-particle-mobile-disabled=\"false\" class=\"elementor-section elementor-top-section elementor-element elementor-element-546d8c1 elementor-section-height-full elementor-section-stretched elementor-section-boxed elementor-section-height-default elementor-section-items-middle\" data-id=\"546d8c1\" data-element_type=\"section\" data-e-type=\"section\" data-settings=\"{&quot;stretch_section&quot;:&quot;section-stretched&quot;,&quot;background_background&quot;:&quot;gradient&quot;}\">\n\t\t\t\t\t\t\t<div class=\"elementor-background-overlay\"><\/div>\n\t\t\t\t\t\t\t<div class=\"elementor-container elementor-column-gap-no\">\n\t\t\t\t\t<div class=\"elementor-column elementor-col-100 elementor-top-column elementor-element elementor-element-5e31ba0\" data-id=\"5e31ba0\" data-element_type=\"column\" data-e-type=\"column\">\n\t\t\t<div class=\"elementor-widget-wrap elementor-element-populated\">\n\t\t\t\t\t\t<div class=\"elementor-element elementor-element-e5799dd elementor-widget-divider--view-line_text elementor-widget-divider--element-align-left elementor-widget elementor-widget-divider\" data-id=\"e5799dd\" data-element_type=\"widget\" data-e-type=\"widget\" data-widget_type=\"divider.default\">\n\t\t\t\t<div class=\"elementor-widget-container\">\n\t\t\t\t\t\t\t<div class=\"elementor-divider\">\n\t\t\t<span class=\"elementor-divider-separator\">\n\t\t\t\t\t\t<\/span>\n\t\t<\/div>\n\t\t\t\t\t\t<\/div>\n\t\t\t\t<\/div>\n\t\t\t\t<div class=\"elementor-element elementor-element-0a09416 animated-fast elementor-invisible elementor-widget elementor-widget-heading\" data-id=\"0a09416\" data-element_type=\"widget\" data-e-type=\"widget\" data-settings=\"{&quot;_animation&quot;:&quot;fadeInDown&quot;,&quot;_animation_delay&quot;:300}\" data-widget_type=\"heading.default\">\n\t\t\t\t<div class=\"elementor-widget-container\">\n\t\t\t\t\t<h1 class=\"elementor-heading-title elementor-size-default\">Syst\u00e8me de vision de nuit  <br>pour casque de pilote d'h\u00e9licopt\u00e8re<\/h1>\t\t\t\t<\/div>\n\t\t\t\t<\/div>\n\t\t\t\t<div class=\"elementor-element elementor-element-50f7d77 elementor-invisible elementor-widget elementor-widget-heading\" data-id=\"50f7d77\" data-element_type=\"widget\" data-e-type=\"widget\" data-settings=\"{&quot;_animation&quot;:&quot;fadeInLeft&quot;,&quot;_animation_delay&quot;:600}\" data-widget_type=\"heading.default\">\n\t\t\t\t<div class=\"elementor-widget-container\">\n\t\t\t\t\t<h2 class=\"elementor-heading-title elementor-size-default\">HMSD | R\u00e9alit\u00e9 augment\u00e9e<\/h2>\t\t\t\t<\/div>\n\t\t\t\t<\/div>\n\t\t\t\t\t<\/div>\n\t\t<\/div>\n\t\t\t\t\t<\/div>\n\t\t<\/section>\n\t\t\t\t<section data-particle_enable=\"false\" data-particle-mobile-disabled=\"false\" class=\"elementor-section elementor-top-section elementor-element elementor-element-b413c61 elementor-section-boxed elementor-section-height-default elementor-section-height-default\" data-id=\"b413c61\" data-element_type=\"section\" data-e-type=\"section\">\n\t\t\t\t\t\t<div class=\"elementor-container elementor-column-gap-default\">\n\t\t\t\t\t<div class=\"elementor-column elementor-col-50 elementor-top-column elementor-element elementor-element-521ffe1\" data-id=\"521ffe1\" data-element_type=\"column\" data-e-type=\"column\">\n\t\t\t<div class=\"elementor-widget-wrap elementor-element-populated\">\n\t\t\t\t\t\t<div class=\"elementor-element elementor-element-e360288 elementor-widget elementor-widget-heading\" data-id=\"e360288\" data-element_type=\"widget\" data-e-type=\"widget\" data-widget_type=\"heading.default\">\n\t\t\t\t<div class=\"elementor-widget-container\">\n\t\t\t\t\t<h2 class=\"elementor-heading-title elementor-size-default\">Un syst\u00e8me de vision de nuit pour combattre les feux de for\u00eat de nuit en terrain accident\u00e9 !<\/h2>\t\t\t\t<\/div>\n\t\t\t\t<\/div>\n\t\t\t\t<div class=\"elementor-element elementor-element-d4a7a98 elementor-widget elementor-widget-text-editor\" data-id=\"d4a7a98\" data-element_type=\"widget\" data-e-type=\"widget\" data-widget_type=\"text-editor.default\">\n\t\t\t\t<div class=\"elementor-widget-container\">\n\t\t\t\t\t\t\t\t\t<p>L\u2019objectif de ce projet est de combattre les feux de for\u00eat de nuit en terrain accident\u00e9\u00a0(ex : massifs montagneux).<\/p>\n<p>Pour la premi\u00e8re fois, les largages d\u2019eau seront fait de nuit, avec les m\u00eames param\u00e8tres de vol que ceux de jour. Gr\u00e2ce \u00e0 un champ de vision plus large, des images en couleur haute r\u00e9solution et une grande dynamique, le pilote aura un confort de vue jamais atteint avec les jumelles de vision nocturne (JVN).<\/p>\n\t\t\t\t\t\t\t\t<\/div>\n\t\t\t\t<\/div>\n\t\t\t\t<div class=\"elementor-element elementor-element-96f75b7 elementor-icon-list--layout-traditional elementor-list-item-link-full_width elementor-widget elementor-widget-icon-list\" data-id=\"96f75b7\" data-element_type=\"widget\" data-e-type=\"widget\" data-widget_type=\"icon-list.default\">\n\t\t\t\t<div class=\"elementor-widget-container\">\n\t\t\t\t\t\t\t<ul class=\"elementor-icon-list-items\">\n\t\t\t\t\t\t\t<li class=\"elementor-icon-list-item\">\n\t\t\t\t\t\t\t\t\t\t\t<span class=\"elementor-icon-list-icon\">\n\t\t\t\t\t\t\t<i aria-hidden=\"true\" class=\"far fa-eye\"><\/i>\t\t\t\t\t\t<\/span>\n\t\t\t\t\t\t\t\t\t\t<span class=\"elementor-icon-list-text\">Niveau de nuit 3 OTAN<\/span>\n\t\t\t\t\t\t\t\t\t<\/li>\n\t\t\t\t\t\t<\/ul>\n\t\t\t\t\t\t<\/div>\n\t\t\t\t<\/div>\n\t\t\t\t\t<\/div>\n\t\t<\/div>\n\t\t\t\t<div class=\"elementor-column elementor-col-50 elementor-top-column elementor-element elementor-element-217db77\" data-id=\"217db77\" data-element_type=\"column\" data-e-type=\"column\">\n\t\t\t<div class=\"elementor-widget-wrap elementor-element-populated\">\n\t\t\t\t\t\t<div class=\"elementor-element elementor-element-199688d elementor-widget elementor-widget-image\" data-id=\"199688d\" data-element_type=\"widget\" data-e-type=\"widget\" data-widget_type=\"image.default\">\n\t\t\t\t<div class=\"elementor-widget-container\">\n\t\t\t\t\t\t\t\t\t\t\t\t\t\t\t<img fetchpriority=\"high\" decoding=\"async\" width=\"750\" height=\"400\" src=\"https:\/\/nexvision.fr\/wp-content\/uploads\/2024\/03\/night_vision_system_hmsd_fpga_board_4.jpg\" class=\"attachment-large size-large wp-image-11215\" alt=\"\" srcset=\"https:\/\/nexvision.fr\/wp-content\/uploads\/2024\/03\/night_vision_system_hmsd_fpga_board_4.jpg 750w, https:\/\/nexvision.fr\/wp-content\/uploads\/2024\/03\/night_vision_system_hmsd_fpga_board_4-300x160.jpg 300w\" sizes=\"(max-width: 750px) 100vw, 750px\" \/>\t\t\t\t\t\t\t\t\t\t\t\t\t\t\t<\/div>\n\t\t\t\t<\/div>\n\t\t\t\t\t<\/div>\n\t\t<\/div>\n\t\t\t\t\t<\/div>\n\t\t<\/section>\n\t\t\t\t<section data-particle_enable=\"false\" data-particle-mobile-disabled=\"false\" class=\"elementor-section elementor-top-section elementor-element elementor-element-fdb90f7 elementor-section-boxed elementor-section-height-default elementor-section-height-default\" data-id=\"fdb90f7\" data-element_type=\"section\" data-e-type=\"section\">\n\t\t\t\t\t\t<div class=\"elementor-container elementor-column-gap-default\">\n\t\t\t\t\t<div class=\"elementor-column elementor-col-50 elementor-top-column elementor-element elementor-element-776d303\" data-id=\"776d303\" data-element_type=\"column\" data-e-type=\"column\">\n\t\t\t<div class=\"elementor-widget-wrap elementor-element-populated\">\n\t\t\t\t\t\t<div class=\"elementor-element elementor-element-3bab4de elementor-arrows-position-inside elementor-widget elementor-widget-image-carousel\" data-id=\"3bab4de\" data-element_type=\"widget\" data-e-type=\"widget\" data-settings=\"{&quot;slides_to_show&quot;:&quot;1&quot;,&quot;navigation&quot;:&quot;arrows&quot;,&quot;autoplay&quot;:&quot;yes&quot;,&quot;pause_on_hover&quot;:&quot;yes&quot;,&quot;pause_on_interaction&quot;:&quot;yes&quot;,&quot;autoplay_speed&quot;:5000,&quot;infinite&quot;:&quot;yes&quot;,&quot;effect&quot;:&quot;slide&quot;,&quot;speed&quot;:500}\" data-widget_type=\"image-carousel.default\">\n\t\t\t\t<div class=\"elementor-widget-container\">\n\t\t\t\t\t\t\t<div class=\"elementor-image-carousel-wrapper swiper\" role=\"region\" aria-roledescription=\"carousel\" aria-label=\"Carrousel d\u2019images\" dir=\"ltr\">\n\t\t\t<div class=\"elementor-image-carousel swiper-wrapper\" aria-live=\"off\">\n\t\t\t\t\t\t\t\t<div class=\"swiper-slide\" role=\"group\" aria-roledescription=\"slide\" aria-label=\"1 sur 2\"><figure class=\"swiper-slide-inner\"><img decoding=\"async\" class=\"swiper-slide-image\" src=\"https:\/\/nexvision.fr\/wp-content\/uploads\/2024\/03\/Extrem_OWL_night_vision_1.jpg\" alt=\"Extrem_OWL_night_vision_1\" \/><\/figure><\/div><div class=\"swiper-slide\" role=\"group\" aria-roledescription=\"slide\" aria-label=\"2 sur 2\"><figure class=\"swiper-slide-inner\"><img decoding=\"async\" class=\"swiper-slide-image\" src=\"https:\/\/nexvision.fr\/wp-content\/uploads\/2024\/03\/Extrem_OWL_night_vision_2.jpg\" alt=\"Extrem_OWL_night_vision_2\" \/><\/figure><\/div>\t\t\t<\/div>\n\t\t\t\t\t\t\t\t\t\t\t\t<div class=\"elementor-swiper-button elementor-swiper-button-prev\" role=\"button\" tabindex=\"0\">\n\t\t\t\t\t\t<i aria-hidden=\"true\" class=\"eicon-chevron-left\"><\/i>\t\t\t\t\t<\/div>\n\t\t\t\t\t<div class=\"elementor-swiper-button elementor-swiper-button-next\" role=\"button\" tabindex=\"0\">\n\t\t\t\t\t\t<i aria-hidden=\"true\" class=\"eicon-chevron-right\"><\/i>\t\t\t\t\t<\/div>\n\t\t\t\t\n\t\t\t\t\t\t\t\t\t<\/div>\n\t\t\t\t\t\t<\/div>\n\t\t\t\t<\/div>\n\t\t\t\t\t<\/div>\n\t\t<\/div>\n\t\t\t\t<div class=\"elementor-column elementor-col-50 elementor-top-column elementor-element elementor-element-ebce7a4\" data-id=\"ebce7a4\" data-element_type=\"column\" data-e-type=\"column\">\n\t\t\t<div class=\"elementor-widget-wrap elementor-element-populated\">\n\t\t\t\t\t\t<div class=\"elementor-element elementor-element-2d18727 elementor-widget elementor-widget-heading\" data-id=\"2d18727\" data-element_type=\"widget\" data-e-type=\"widget\" data-widget_type=\"heading.default\">\n\t\t\t\t<div class=\"elementor-widget-container\">\n\t\t\t\t\t<h2 class=\"elementor-heading-title elementor-size-default\">Un syst\u00e8me de vision innovant pour casque de pilote d\u2019h\u00e9licopt\u00e8re bas\u00e9 sur de la r\u00e9alit\u00e9 augment\u00e9e<\/h2>\t\t\t\t<\/div>\n\t\t\t\t<\/div>\n\t\t\t\t<div class=\"elementor-element elementor-element-4730630 elementor-widget elementor-widget-text-editor\" data-id=\"4730630\" data-element_type=\"widget\" data-e-type=\"widget\" data-widget_type=\"text-editor.default\">\n\t\t\t\t<div class=\"elementor-widget-container\">\n\t\t\t\t\t\t\t\t\t<p>Ce\u00a0syst\u00e8me de vision de nuit est innovant car il utilise des capteurs de vision de nuit couleur et de l\u2019affichage t\u00eate haute. C\u2019est un casque de r\u00e9alit\u00e9 augment\u00e9e \u00e0 l\u2019\u00e9tat de l\u2019art avec des cam\u00e9ras de vision de nuit tr\u00e8s sensibles (nuit 3 OTAN).<\/p>\n<p>Le pilote aura la fusion de ce qu\u2019il distingue naturellement \u00e0 travers la visi\u00e8re et les images recr\u00e9\u00e9es \u00e0 partir des capteurs.<\/p>\n\t\t\t\t\t\t\t\t<\/div>\n\t\t\t\t<\/div>\n\t\t\t\t\t<\/div>\n\t\t<\/div>\n\t\t\t\t\t<\/div>\n\t\t<\/section>\n\t\t\t\t<section data-particle_enable=\"false\" data-particle-mobile-disabled=\"false\" class=\"elementor-section elementor-top-section elementor-element elementor-element-cbd4a2f elementor-section-boxed elementor-section-height-default elementor-section-height-default\" data-id=\"cbd4a2f\" data-element_type=\"section\" data-e-type=\"section\">\n\t\t\t\t\t\t<div class=\"elementor-container elementor-column-gap-default\">\n\t\t\t\t\t<div class=\"elementor-column elementor-col-50 elementor-top-column elementor-element elementor-element-7a5d072\" data-id=\"7a5d072\" data-element_type=\"column\" data-e-type=\"column\">\n\t\t\t<div class=\"elementor-widget-wrap elementor-element-populated\">\n\t\t\t\t\t\t<div class=\"elementor-element elementor-element-51a4ffc elementor-widget elementor-widget-heading\" data-id=\"51a4ffc\" data-element_type=\"widget\" data-e-type=\"widget\" data-widget_type=\"heading.default\">\n\t\t\t\t<div class=\"elementor-widget-container\">\n\t\t\t\t\t<h2 class=\"elementor-heading-title elementor-size-default\">Un syst\u00e8me \u00e9lectronique \u00e0 l'\u00e9tat de l'art<\/h2>\t\t\t\t<\/div>\n\t\t\t\t<\/div>\n\t\t\t\t<div class=\"elementor-element elementor-element-a0124f1 elementor-widget elementor-widget-text-editor\" data-id=\"a0124f1\" data-element_type=\"widget\" data-e-type=\"widget\" data-widget_type=\"text-editor.default\">\n\t\t\t\t<div class=\"elementor-widget-container\">\n\t\t\t\t\t\t\t\t\t<p>Les capteurs sont dispos\u00e9s de chaque c\u00f4t\u00e9 du casque et la projection \u00e0 l\u2019int\u00e9rieur de la visi\u00e8re est r\u00e9alis\u00e9e gr\u00e2ce \u00e0 2 afficheurs Microoled et une optique complexe.<\/p>\n\t\t\t\t\t\t\t\t<\/div>\n\t\t\t\t<\/div>\n\t\t\t\t\t<\/div>\n\t\t<\/div>\n\t\t\t\t<div class=\"elementor-column elementor-col-50 elementor-top-column elementor-element elementor-element-e22ce82\" data-id=\"e22ce82\" data-element_type=\"column\" data-e-type=\"column\">\n\t\t\t<div class=\"elementor-widget-wrap elementor-element-populated\">\n\t\t\t\t\t\t<div class=\"elementor-element elementor-element-21bb5cc elementor-widget elementor-widget-image\" data-id=\"21bb5cc\" data-element_type=\"widget\" data-e-type=\"widget\" data-widget_type=\"image.default\">\n\t\t\t\t<div class=\"elementor-widget-container\">\n\t\t\t\t\t\t\t\t\t\t\t\t\t\t\t<img decoding=\"async\" width=\"750\" height=\"400\" src=\"https:\/\/nexvision.fr\/wp-content\/uploads\/2024\/03\/night_vision_system_hmsd_fpga_board.jpg\" class=\"attachment-large size-large wp-image-11217\" alt=\"\" srcset=\"https:\/\/nexvision.fr\/wp-content\/uploads\/2024\/03\/night_vision_system_hmsd_fpga_board.jpg 750w, https:\/\/nexvision.fr\/wp-content\/uploads\/2024\/03\/night_vision_system_hmsd_fpga_board-300x160.jpg 300w\" sizes=\"(max-width: 750px) 100vw, 750px\" \/>\t\t\t\t\t\t\t\t\t\t\t\t\t\t\t<\/div>\n\t\t\t\t<\/div>\n\t\t\t\t\t<\/div>\n\t\t<\/div>\n\t\t\t\t\t<\/div>\n\t\t<\/section>\n\t\t\t\t<\/div>\n\t\t","protected":false},"excerpt":{"rendered":"<p>Syst\u00e8me de vision de nuit pour casque de pilote d&rsquo;h\u00e9licopt\u00e8re HMSD | R\u00e9alit\u00e9 augment\u00e9e Un syst\u00e8me de vision de nuit pour combattre les feux de for\u00eat de nuit en terrain accident\u00e9 ! L\u2019objectif de ce projet est de combattre les feux de for\u00eat de nuit en terrain accident\u00e9\u00a0(ex : massifs montagneux). Pour la premi\u00e8re fois, [&hellip;]<\/p>\n","protected":false},"author":1,"featured_media":0,"parent":15395,"menu_order":0,"comment_status":"closed","ping_status":"closed","template":"elementor_header_footer","meta":{"_acf_changed":false,"inline_featured_image":false,"_monsterinsights_skip_tracking":false,"_monsterinsights_sitenote_active":false,"_monsterinsights_sitenote_note":"","_monsterinsights_sitenote_category":0,"footnotes":""},"class_list":["post-14355","page","type-page","status-publish","hentry"],"acf":[],"yoast_head":"<!-- This site is optimized with the Yoast SEO plugin v27.2 - https:\/\/yoast.com\/product\/yoast-seo-wordpress\/ -->\n<title>Afficheur t\u00eate haute HMSD avec r\u00e9alit\u00e9 augment\u00e9e<\/title>\n<meta name=\"description\" content=\"Am\u00e9liorez votre exp\u00e9rience de vol avec notre afficheur t\u00eate haute. Con\u00e7u pour une vision claire et pr\u00e9cise. En savoir plus ici !\" \/>\n<meta name=\"robots\" content=\"index, follow, max-snippet:-1, max-image-preview:large, max-video-preview:-1\" \/>\n<link rel=\"canonical\" href=\"https:\/\/nexvision.fr\/products\/headmount-display\/\" \/>\n<meta property=\"og:locale\" content=\"fr_FR\" \/>\n<meta property=\"og:type\" content=\"article\" \/>\n<meta property=\"og:title\" content=\"Afficheur t\u00eate haute HMSD avec r\u00e9alit\u00e9 augment\u00e9e\" \/>\n<meta property=\"og:description\" content=\"Am\u00e9liorez votre exp\u00e9rience de vol avec notre afficheur t\u00eate haute. Con\u00e7u pour une vision claire et pr\u00e9cise. En savoir plus ici !\" \/>\n<meta property=\"og:url\" content=\"https:\/\/nexvision.fr\/products\/headmount-display\/\" \/>\n<meta property=\"og:site_name\" content=\"NEXVISION\" \/>\n<meta property=\"article:modified_time\" content=\"2024-08-12T16:47:44+00:00\" \/>\n<meta property=\"og:image\" content=\"https:\/\/nexvision.fr\/wp-content\/uploads\/2024\/03\/night_vision_system_hmsd_fpga_board_4.jpg\" \/>\n<meta name=\"twitter:card\" content=\"summary_large_image\" \/>\n<meta name=\"twitter:label1\" content=\"Dur\u00e9e de lecture estim\u00e9e\" \/>\n\t<meta name=\"twitter:data1\" content=\"1 minute\" \/>\n<script type=\"application\/ld+json\" class=\"yoast-schema-graph\">{\"@context\":\"https:\/\/schema.org\",\"@graph\":[{\"@type\":\"WebPage\",\"@id\":\"https:\/\/nexvision.fr\/products\/headmount-display\/\",\"url\":\"https:\/\/nexvision.fr\/products\/headmount-display\/\",\"name\":\"Afficheur t\u00eate haute HMSD avec r\u00e9alit\u00e9 augment\u00e9e\",\"isPartOf\":{\"@id\":\"https:\/\/nexvision.fr\/#website\"},\"primaryImageOfPage\":{\"@id\":\"https:\/\/nexvision.fr\/products\/headmount-display\/#primaryimage\"},\"image\":{\"@id\":\"https:\/\/nexvision.fr\/products\/headmount-display\/#primaryimage\"},\"thumbnailUrl\":\"https:\/\/nexvision.fr\/wp-content\/uploads\/2024\/03\/night_vision_system_hmsd_fpga_board_4.jpg\",\"datePublished\":\"2018-09-07T12:18:35+00:00\",\"dateModified\":\"2024-08-12T16:47:44+00:00\",\"description\":\"Am\u00e9liorez votre exp\u00e9rience de vol avec notre afficheur t\u00eate haute. Con\u00e7u pour une vision claire et pr\u00e9cise. En savoir plus ici !\",\"breadcrumb\":{\"@id\":\"https:\/\/nexvision.fr\/products\/headmount-display\/#breadcrumb\"},\"inLanguage\":\"fr-FR\",\"potentialAction\":[{\"@type\":\"ReadAction\",\"target\":[\"https:\/\/nexvision.fr\/products\/headmount-display\/\"]}]},{\"@type\":\"ImageObject\",\"inLanguage\":\"fr-FR\",\"@id\":\"https:\/\/nexvision.fr\/products\/headmount-display\/#primaryimage\",\"url\":\"https:\/\/nexvision.fr\/wp-content\/uploads\/2024\/03\/night_vision_system_hmsd_fpga_board_4.jpg\",\"contentUrl\":\"https:\/\/nexvision.fr\/wp-content\/uploads\/2024\/03\/night_vision_system_hmsd_fpga_board_4.jpg\"},{\"@type\":\"BreadcrumbList\",\"@id\":\"https:\/\/nexvision.fr\/products\/headmount-display\/#breadcrumb\",\"itemListElement\":[{\"@type\":\"ListItem\",\"position\":1,\"name\":\"Home\",\"item\":\"https:\/\/nexvision.fr\/\"},{\"@type\":\"ListItem\",\"position\":2,\"name\":\"Produits\",\"item\":\"https:\/\/nexvision.fr\/products\/\"},{\"@type\":\"ListItem\",\"position\":3,\"name\":\"AFFICHEUR T\u00caTE HAUTE\"}]},{\"@type\":\"WebSite\",\"@id\":\"https:\/\/nexvision.fr\/#website\",\"url\":\"https:\/\/nexvision.fr\/\",\"name\":\"NEXVISION\",\"description\":\"Vision solution : optronic system UV night SWIR LWIR Terahertz\",\"publisher\":{\"@id\":\"https:\/\/nexvision.fr\/#organization\"},\"potentialAction\":[{\"@type\":\"SearchAction\",\"target\":{\"@type\":\"EntryPoint\",\"urlTemplate\":\"https:\/\/nexvision.fr\/?s={search_term_string}\"},\"query-input\":{\"@type\":\"PropertyValueSpecification\",\"valueRequired\":true,\"valueName\":\"search_term_string\"}}],\"inLanguage\":\"fr-FR\"},{\"@type\":\"Organization\",\"@id\":\"https:\/\/nexvision.fr\/#organization\",\"name\":\"NEXVISION\",\"url\":\"https:\/\/nexvision.fr\/\",\"logo\":{\"@type\":\"ImageObject\",\"inLanguage\":\"fr-FR\",\"@id\":\"https:\/\/nexvision.fr\/#\/schema\/logo\/image\/\",\"url\":\"https:\/\/nexvision.fr\/wp-content\/uploads\/2025\/10\/LogoNexvision696px.png\",\"contentUrl\":\"https:\/\/nexvision.fr\/wp-content\/uploads\/2025\/10\/LogoNexvision696px.png\",\"width\":696,\"height\":696,\"caption\":\"NEXVISION\"},\"image\":{\"@id\":\"https:\/\/nexvision.fr\/#\/schema\/logo\/image\/\"}}]}<\/script>\n<!-- \/ Yoast SEO plugin. -->","yoast_head_json":{"title":"Afficheur t\u00eate haute HMSD avec r\u00e9alit\u00e9 augment\u00e9e","description":"Am\u00e9liorez votre exp\u00e9rience de vol avec notre afficheur t\u00eate haute. Con\u00e7u pour une vision claire et pr\u00e9cise. En savoir plus ici !","robots":{"index":"index","follow":"follow","max-snippet":"max-snippet:-1","max-image-preview":"max-image-preview:large","max-video-preview":"max-video-preview:-1"},"canonical":"https:\/\/nexvision.fr\/products\/headmount-display\/","og_locale":"fr_FR","og_type":"article","og_title":"Afficheur t\u00eate haute HMSD avec r\u00e9alit\u00e9 augment\u00e9e","og_description":"Am\u00e9liorez votre exp\u00e9rience de vol avec notre afficheur t\u00eate haute. Con\u00e7u pour une vision claire et pr\u00e9cise. En savoir plus ici !","og_url":"https:\/\/nexvision.fr\/products\/headmount-display\/","og_site_name":"NEXVISION","article_modified_time":"2024-08-12T16:47:44+00:00","og_image":[{"url":"https:\/\/nexvision.fr\/wp-content\/uploads\/2024\/03\/night_vision_system_hmsd_fpga_board_4.jpg","type":"","width":"","height":""}],"twitter_card":"summary_large_image","twitter_misc":{"Dur\u00e9e de lecture estim\u00e9e":"1 minute"},"schema":{"@context":"https:\/\/schema.org","@graph":[{"@type":"WebPage","@id":"https:\/\/nexvision.fr\/products\/headmount-display\/","url":"https:\/\/nexvision.fr\/products\/headmount-display\/","name":"Afficheur t\u00eate haute HMSD avec r\u00e9alit\u00e9 augment\u00e9e","isPartOf":{"@id":"https:\/\/nexvision.fr\/#website"},"primaryImageOfPage":{"@id":"https:\/\/nexvision.fr\/products\/headmount-display\/#primaryimage"},"image":{"@id":"https:\/\/nexvision.fr\/products\/headmount-display\/#primaryimage"},"thumbnailUrl":"https:\/\/nexvision.fr\/wp-content\/uploads\/2024\/03\/night_vision_system_hmsd_fpga_board_4.jpg","datePublished":"2018-09-07T12:18:35+00:00","dateModified":"2024-08-12T16:47:44+00:00","description":"Am\u00e9liorez votre exp\u00e9rience de vol avec notre afficheur t\u00eate haute. Con\u00e7u pour une vision claire et pr\u00e9cise. En savoir plus ici !","breadcrumb":{"@id":"https:\/\/nexvision.fr\/products\/headmount-display\/#breadcrumb"},"inLanguage":"fr-FR","potentialAction":[{"@type":"ReadAction","target":["https:\/\/nexvision.fr\/products\/headmount-display\/"]}]},{"@type":"ImageObject","inLanguage":"fr-FR","@id":"https:\/\/nexvision.fr\/products\/headmount-display\/#primaryimage","url":"https:\/\/nexvision.fr\/wp-content\/uploads\/2024\/03\/night_vision_system_hmsd_fpga_board_4.jpg","contentUrl":"https:\/\/nexvision.fr\/wp-content\/uploads\/2024\/03\/night_vision_system_hmsd_fpga_board_4.jpg"},{"@type":"BreadcrumbList","@id":"https:\/\/nexvision.fr\/products\/headmount-display\/#breadcrumb","itemListElement":[{"@type":"ListItem","position":1,"name":"Home","item":"https:\/\/nexvision.fr\/"},{"@type":"ListItem","position":2,"name":"Produits","item":"https:\/\/nexvision.fr\/products\/"},{"@type":"ListItem","position":3,"name":"AFFICHEUR T\u00caTE HAUTE"}]},{"@type":"WebSite","@id":"https:\/\/nexvision.fr\/#website","url":"https:\/\/nexvision.fr\/","name":"NEXVISION","description":"Vision solution : optronic system UV night SWIR LWIR Terahertz","publisher":{"@id":"https:\/\/nexvision.fr\/#organization"},"potentialAction":[{"@type":"SearchAction","target":{"@type":"EntryPoint","urlTemplate":"https:\/\/nexvision.fr\/?s={search_term_string}"},"query-input":{"@type":"PropertyValueSpecification","valueRequired":true,"valueName":"search_term_string"}}],"inLanguage":"fr-FR"},{"@type":"Organization","@id":"https:\/\/nexvision.fr\/#organization","name":"NEXVISION","url":"https:\/\/nexvision.fr\/","logo":{"@type":"ImageObject","inLanguage":"fr-FR","@id":"https:\/\/nexvision.fr\/#\/schema\/logo\/image\/","url":"https:\/\/nexvision.fr\/wp-content\/uploads\/2025\/10\/LogoNexvision696px.png","contentUrl":"https:\/\/nexvision.fr\/wp-content\/uploads\/2025\/10\/LogoNexvision696px.png","width":696,"height":696,"caption":"NEXVISION"},"image":{"@id":"https:\/\/nexvision.fr\/#\/schema\/logo\/image\/"}}]}},"_links":{"self":[{"href":"https:\/\/nexvision.fr\/fr\/wp-json\/wp\/v2\/pages\/14355","targetHints":{"allow":["GET"]}}],"collection":[{"href":"https:\/\/nexvision.fr\/fr\/wp-json\/wp\/v2\/pages"}],"about":[{"href":"https:\/\/nexvision.fr\/fr\/wp-json\/wp\/v2\/types\/page"}],"author":[{"embeddable":true,"href":"https:\/\/nexvision.fr\/fr\/wp-json\/wp\/v2\/users\/1"}],"replies":[{"embeddable":true,"href":"https:\/\/nexvision.fr\/fr\/wp-json\/wp\/v2\/comments?post=14355"}],"version-history":[{"count":2,"href":"https:\/\/nexvision.fr\/fr\/wp-json\/wp\/v2\/pages\/14355\/revisions"}],"predecessor-version":[{"id":15592,"href":"https:\/\/nexvision.fr\/fr\/wp-json\/wp\/v2\/pages\/14355\/revisions\/15592"}],"up":[{"embeddable":true,"href":"https:\/\/nexvision.fr\/fr\/wp-json\/wp\/v2\/pages\/15395"}],"wp:attachment":[{"href":"https:\/\/nexvision.fr\/fr\/wp-json\/wp\/v2\/media?parent=14355"}],"curies":[{"name":"wp","href":"https:\/\/api.w.org\/{rel}","templated":true}]}}