{"id":14421,"date":"2024-05-03T16:44:26","date_gmt":"2024-05-03T14:44:26","guid":{"rendered":"https:\/\/nexvision.dev\/securite-du-transport\/"},"modified":"2024-08-19T18:54:12","modified_gmt":"2024-08-19T16:54:12","slug":"securite-du-transport","status":"publish","type":"page","link":"https:\/\/nexvision.fr\/fr\/securite-du-transport\/","title":{"rendered":"S\u00e9curit\u00e9 du transport"},"content":{"rendered":"\t\t<div data-elementor-type=\"wp-page\" data-elementor-id=\"14421\" class=\"elementor elementor-14421 elementor-13246\" data-elementor-post-type=\"page\">\n\t\t\t\t\t\t<section data-particle_enable=\"false\" data-particle-mobile-disabled=\"false\" class=\"elementor-section elementor-top-section elementor-element elementor-element-497ee87 elementor-section-height-min-height elementor-section-stretched elementor-section-boxed elementor-section-height-default elementor-section-items-middle\" data-id=\"497ee87\" data-element_type=\"section\" data-e-type=\"section\" data-settings=\"{&quot;stretch_section&quot;:&quot;section-stretched&quot;,&quot;background_background&quot;:&quot;classic&quot;}\">\n\t\t\t\t\t\t\t<div class=\"elementor-background-overlay\"><\/div>\n\t\t\t\t\t\t\t<div class=\"elementor-container elementor-column-gap-no\">\n\t\t\t\t\t<div class=\"elementor-column elementor-col-100 elementor-top-column elementor-element elementor-element-ef27545\" data-id=\"ef27545\" data-element_type=\"column\" data-e-type=\"column\">\n\t\t\t<div class=\"elementor-widget-wrap elementor-element-populated\">\n\t\t\t\t\t\t<div class=\"elementor-element elementor-element-a54b600 elementor-widget elementor-widget-heading\" data-id=\"a54b600\" data-element_type=\"widget\" data-e-type=\"widget\" data-widget_type=\"heading.default\">\n\t\t\t\t<div class=\"elementor-widget-container\">\n\t\t\t\t\t<h1 class=\"elementor-heading-title elementor-size-default\">S\u00e9curit\u00e9 du transport<\/h1>\t\t\t\t<\/div>\n\t\t\t\t<\/div>\n\t\t\t\t<div class=\"elementor-element elementor-element-e837adf elementor-widget elementor-widget-text-editor\" data-id=\"e837adf\" data-element_type=\"widget\" data-e-type=\"widget\" data-widget_type=\"text-editor.default\">\n\t\t\t\t<div class=\"elementor-widget-container\">\n\t\t\t\t\t\t\t\t\t<p>Syst\u00e8mes de vision avanc\u00e9s pour augmenter la s\u00e9curit\u00e9<\/p>\n\t\t\t\t\t\t\t\t<\/div>\n\t\t\t\t<\/div>\n\t\t\t\t\t<\/div>\n\t\t<\/div>\n\t\t\t\t\t<\/div>\n\t\t<\/section>\n\t\t\t\t<section data-particle_enable=\"false\" data-particle-mobile-disabled=\"false\" class=\"elementor-section elementor-top-section elementor-element elementor-element-41e4761 elementor-section-content-middle elementor-section-boxed elementor-section-height-default elementor-section-height-default\" data-id=\"41e4761\" data-element_type=\"section\" data-e-type=\"section\" data-settings=\"{&quot;background_background&quot;:&quot;classic&quot;}\">\n\t\t\t\t\t\t<div class=\"elementor-container elementor-column-gap-default\">\n\t\t\t\t\t<div class=\"elementor-column elementor-col-100 elementor-top-column elementor-element elementor-element-5d42876\" data-id=\"5d42876\" data-element_type=\"column\" data-e-type=\"column\">\n\t\t\t<div class=\"elementor-widget-wrap elementor-element-populated\">\n\t\t\t\t\t\t<div class=\"elementor-element elementor-element-8aec512 elementor-widget elementor-widget-text-editor\" data-id=\"8aec512\" data-element_type=\"widget\" data-e-type=\"widget\" data-widget_type=\"text-editor.default\">\n\t\t\t\t<div class=\"elementor-widget-container\">\n\t\t\t\t\t\t\t\t\t<p><span><span><a href=\"https:\/\/nexvision.fr\/fr\/accueil\/\">Home<\/a><\/span><\/span><\/p>\n\t\t\t\t\t\t\t\t<\/div>\n\t\t\t\t<\/div>\n\t\t\t\t\t<\/div>\n\t\t<\/div>\n\t\t\t\t\t<\/div>\n\t\t<\/section>\n\t\t\t\t<section data-particle_enable=\"false\" data-particle-mobile-disabled=\"false\" class=\"elementor-section elementor-top-section elementor-element elementor-element-c362ba4 elementor-section-content-middle elementor-section-stretched elementor-section-boxed elementor-section-height-default elementor-section-height-default\" data-id=\"c362ba4\" data-element_type=\"section\" data-e-type=\"section\" data-settings=\"{&quot;stretch_section&quot;:&quot;section-stretched&quot;,&quot;background_background&quot;:&quot;classic&quot;,&quot;sticky&quot;:&quot;top&quot;,&quot;sticky_on&quot;:[&quot;desktop&quot;],&quot;sticky_offset&quot;:66,&quot;sticky_effects_offset&quot;:0,&quot;sticky_anchor_link_offset&quot;:0}\">\n\t\t\t\t\t\t<div class=\"elementor-container elementor-column-gap-default\">\n\t\t\t\t\t<div class=\"elementor-column elementor-col-100 elementor-top-column elementor-element elementor-element-82387b4\" data-id=\"82387b4\" data-element_type=\"column\" data-e-type=\"column\">\n\t\t\t<div class=\"elementor-widget-wrap elementor-element-populated\">\n\t\t\t\t\t\t<div class=\"elementor-element elementor-element-34c142a elementor-widget elementor-widget-text-editor\" data-id=\"34c142a\" data-element_type=\"widget\" data-e-type=\"widget\" data-widget_type=\"text-editor.default\">\n\t\t\t\t<div class=\"elementor-widget-container\">\n\t\t\t\t\t\t\t\t\t<div style=\"text-align: center;\"><a href=\"#specifics\">Sp\u00e9cificit\u00e9s<\/a> | <a href=\"#expertise\">Expertise Nexvision<\/a> | <a href=\"#clients\">Clients et projets r\u00e9alis\u00e9s<\/a><\/div>\n\t\t\t\t\t\t\t\t<\/div>\n\t\t\t\t<\/div>\n\t\t\t\t\t<\/div>\n\t\t<\/div>\n\t\t\t\t\t<\/div>\n\t\t<\/section>\n\t\t\t\t<section data-particle_enable=\"false\" data-particle-mobile-disabled=\"false\" class=\"elementor-section elementor-top-section elementor-element elementor-element-eb08f4b elementor-section-boxed elementor-section-height-default elementor-section-height-default\" data-id=\"eb08f4b\" data-element_type=\"section\" data-e-type=\"section\" id=\"specifics\">\n\t\t\t\t\t\t<div class=\"elementor-container elementor-column-gap-default\">\n\t\t\t\t\t<div class=\"elementor-column elementor-col-100 elementor-top-column elementor-element elementor-element-9f7f262\" data-id=\"9f7f262\" data-element_type=\"column\" data-e-type=\"column\">\n\t\t\t<div class=\"elementor-widget-wrap elementor-element-populated\">\n\t\t\t\t\t\t<div class=\"elementor-element elementor-element-5dd06c5 elementor-widget elementor-widget-heading\" data-id=\"5dd06c5\" data-element_type=\"widget\" data-e-type=\"widget\" data-widget_type=\"heading.default\">\n\t\t\t\t<div class=\"elementor-widget-container\">\n\t\t\t\t\t<h2 class=\"elementor-heading-title elementor-size-default\">Sp\u00e9cificit\u00e9s du transport<\/h2>\t\t\t\t<\/div>\n\t\t\t\t<\/div>\n\t\t\t\t<div class=\"elementor-element elementor-element-556b6f2 elementor-widget-divider--view-line elementor-widget elementor-widget-divider\" data-id=\"556b6f2\" data-element_type=\"widget\" data-e-type=\"widget\" data-widget_type=\"divider.default\">\n\t\t\t\t<div class=\"elementor-widget-container\">\n\t\t\t\t\t\t\t<div class=\"elementor-divider\">\n\t\t\t<span class=\"elementor-divider-separator\">\n\t\t\t\t\t\t<\/span>\n\t\t<\/div>\n\t\t\t\t\t\t<\/div>\n\t\t\t\t<\/div>\n\t\t\t\t<div class=\"elementor-element elementor-element-84d8271 elementor-widget elementor-widget-text-editor\" data-id=\"84d8271\" data-element_type=\"widget\" data-e-type=\"widget\" data-widget_type=\"text-editor.default\">\n\t\t\t\t<div class=\"elementor-widget-container\">\n\t\t\t\t\t\t\t\t\t<p>Les syst\u00e8mes de vision pour la fili\u00e8re transport, qui englobe les automobiles, les trains, les navires et les a\u00e9ronefs, sont essentiels pour la s\u00e9curit\u00e9, la navigation, et la gestion efficace du trafic. Voici les sp\u00e9cificit\u00e9s principales de ces syst\u00e8mes dans diff\u00e9rents contextes de transport :<\/p>\n<ol>\n<li><strong>Assistance \u00e0 la conduite<\/strong> : Dans les v\u00e9hicules automobiles, les syst\u00e8mes de vision sont utilis\u00e9s pour des fonctions telles que l&rsquo;assistance au stationnement, la d\u00e9tection de pi\u00e9tons, la surveillance des angles morts, et l&rsquo;alerte de franchissement de ligne. Ces syst\u00e8mes contribuent \u00e0 la s\u00e9curit\u00e9 en fournissant des alertes en temps r\u00e9el et en aidant \u00e0 la prise de d\u00e9cision.<\/li>\n<li><strong>Syst\u00e8mes autonomes<\/strong> : Les v\u00e9hicules autonomes utilisent des syst\u00e8mes de vision avanc\u00e9s pour interpr\u00e9ter leur environnement. Ces syst\u00e8mes combinent souvent plusieurs types de cam\u00e9ras, y compris thermiques et infrarouges, pour d\u00e9tecter et naviguer autour des obstacles, identifier les panneaux de signalisation, et suivre les marquages routiers.<\/li>\n<li><strong>Surveillance du trafic<\/strong> : Dans le domaine des transports urbains et interurbains, les syst\u00e8mes de vision sont utilis\u00e9s pour surveiller le trafic, analyser les flux de v\u00e9hicules, et g\u00e9rer les syst\u00e8mes de signalisation dynamique. Ils aident \u00e0 r\u00e9duire les embouteillages et \u00e0 augmenter l&rsquo;efficacit\u00e9 du trafic.<\/li>\n<li><strong>S\u00e9curit\u00e9 ferroviaire<\/strong> : Pour les trains, les syst\u00e8mes de vision sont utilis\u00e9s pour la surveillance des rails, la d\u00e9tection d&rsquo;obstacles sur les voies, et le contr\u00f4le des passages \u00e0 niveau. Ils sont essentiels pour pr\u00e9venir les accidents et pour la maintenance pr\u00e9dictive des infrastructures ferroviaires.<\/li>\n<li><strong>Navigation maritime<\/strong> : Dans la navigation, les syst\u00e8mes de vision aident \u00e0 la d\u00e9tection d&rsquo;autres navires, \u00e0 la navigation dans des conditions de visibilit\u00e9 r\u00e9duite, et \u00e0 l&rsquo;inspection de la coque et des \u00e9quipements du navire. Ils jouent un r\u00f4le cl\u00e9 dans la s\u00e9curit\u00e9 maritime et l&rsquo;efficacit\u00e9 des op\u00e9rations.<\/li>\n<li><strong>Inspection et maintenance<\/strong> : Les syst\u00e8mes de vision sont \u00e9galement utilis\u00e9s pour inspecter et maintenir les v\u00e9hicules et les infrastructures de transport. En aviation, par exemple, ils peuvent d\u00e9tecter des fissures ou des d\u00e9fauts sur la carrosserie des avions.<\/li>\n<li><strong>Robustesse et fiabilit\u00e9<\/strong> : Ces syst\u00e8mes doivent \u00eatre extr\u00eamement fiables et capables de fonctionner dans diverses conditions environnementales, y compris des temp\u00e9ratures extr\u00eames, des conditions m\u00e9t\u00e9orologiques adverses, et des niveaux \u00e9lev\u00e9s de vibrations.<\/li>\n<li><strong>Int\u00e9gration avec d&rsquo;autres technologies<\/strong> : Les syst\u00e8mes de vision dans la fili\u00e8re transport sont souvent int\u00e9gr\u00e9s avec d&rsquo;autres technologies, telles que les capteurs radar, lidar, et les syst\u00e8mes GPS, pour fournir une compr\u00e9hension compl\u00e8te et d\u00e9taill\u00e9e de l&rsquo;environnement.<\/li>\n<\/ol>\n<p>En r\u00e9sum\u00e9, les syst\u00e8mes de vision dans la fili\u00e8re transport sont essentiels pour augmenter la s\u00e9curit\u00e9, optimiser le flux de trafic, et supporter l&rsquo;automatisation et l&rsquo;autonomie des v\u00e9hicules. Ils sont con\u00e7us pour \u00eatre r\u00e9sistants, pr\u00e9cis, et int\u00e9gr\u00e9s avec d&rsquo;autres technologies pour r\u00e9pondre aux besoins diversifi\u00e9s et complexes du secteur des transports.<\/p>\n\t\t\t\t\t\t\t\t<\/div>\n\t\t\t\t<\/div>\n\t\t\t\t\t<\/div>\n\t\t<\/div>\n\t\t\t\t\t<\/div>\n\t\t<\/section>\n\t\t\t\t<section data-particle_enable=\"false\" data-particle-mobile-disabled=\"false\" class=\"elementor-section elementor-top-section elementor-element elementor-element-22e025a elementor-section-boxed elementor-section-height-default elementor-section-height-default\" data-id=\"22e025a\" data-element_type=\"section\" data-e-type=\"section\" id=\"expertise\">\n\t\t\t\t\t\t<div class=\"elementor-container elementor-column-gap-default\">\n\t\t\t\t\t<div class=\"elementor-column elementor-col-100 elementor-top-column elementor-element elementor-element-8f08960\" data-id=\"8f08960\" data-element_type=\"column\" data-e-type=\"column\">\n\t\t\t<div class=\"elementor-widget-wrap elementor-element-populated\">\n\t\t\t\t\t\t<div class=\"elementor-element elementor-element-dd976ae elementor-widget elementor-widget-heading\" data-id=\"dd976ae\" data-element_type=\"widget\" data-e-type=\"widget\" data-widget_type=\"heading.default\">\n\t\t\t\t<div class=\"elementor-widget-container\">\n\t\t\t\t\t<h2 class=\"elementor-heading-title elementor-size-default\">L'expertise Nexvision<\/h2>\t\t\t\t<\/div>\n\t\t\t\t<\/div>\n\t\t\t\t<div class=\"elementor-element elementor-element-0664e6a elementor-widget-divider--view-line elementor-widget elementor-widget-divider\" data-id=\"0664e6a\" data-element_type=\"widget\" data-e-type=\"widget\" data-widget_type=\"divider.default\">\n\t\t\t\t<div class=\"elementor-widget-container\">\n\t\t\t\t\t\t\t<div class=\"elementor-divider\">\n\t\t\t<span class=\"elementor-divider-separator\">\n\t\t\t\t\t\t<\/span>\n\t\t<\/div>\n\t\t\t\t\t\t<\/div>\n\t\t\t\t<\/div>\n\t\t\t\t<div class=\"elementor-element elementor-element-162b6d9 elementor-widget elementor-widget-text-editor\" data-id=\"162b6d9\" data-element_type=\"widget\" data-e-type=\"widget\" data-widget_type=\"text-editor.default\">\n\t\t\t\t<div class=\"elementor-widget-container\">\n\t\t\t\t\t\t\t\t\t<ul>\n<li>Ordinateur de vision embarqu\u00e9 \u00e0 haute performance (HPC) int\u00e9grant un m\u00e9lange de GPU\/CPU\/NPU\/MANY CORE\/FPGA\/ASIC pour l&rsquo;assistance au pilotage ou la connaissance de la situation.<\/li>\n<li>Fusion multi-capteurs : imageurs multispectraux, LiDaR, RaDaR de proximit\u00e9 millim\u00e9trique.<\/li>\n<\/ul>\n\t\t\t\t\t\t\t\t<\/div>\n\t\t\t\t<\/div>\n\t\t\t\t\t<\/div>\n\t\t<\/div>\n\t\t\t\t\t<\/div>\n\t\t<\/section>\n\t\t\t\t<section data-particle_enable=\"false\" data-particle-mobile-disabled=\"false\" class=\"elementor-section elementor-top-section elementor-element elementor-element-11adcbb elementor-section-boxed elementor-section-height-default elementor-section-height-default\" data-id=\"11adcbb\" data-element_type=\"section\" data-e-type=\"section\" id=\"clients\">\n\t\t\t\t\t\t<div class=\"elementor-container elementor-column-gap-default\">\n\t\t\t\t\t<div class=\"elementor-column elementor-col-100 elementor-top-column elementor-element elementor-element-7516aec\" data-id=\"7516aec\" data-element_type=\"column\" data-e-type=\"column\">\n\t\t\t<div class=\"elementor-widget-wrap elementor-element-populated\">\n\t\t\t\t\t\t<div class=\"elementor-element elementor-element-bf40e5b elementor-widget elementor-widget-heading\" data-id=\"bf40e5b\" data-element_type=\"widget\" data-e-type=\"widget\" data-widget_type=\"heading.default\">\n\t\t\t\t<div class=\"elementor-widget-container\">\n\t\t\t\t\t<h2 class=\"elementor-heading-title elementor-size-default\">Clients et projets r\u00e9alis\u00e9s<\/h2>\t\t\t\t<\/div>\n\t\t\t\t<\/div>\n\t\t\t\t<div class=\"elementor-element elementor-element-dc5c5c2 elementor-widget-divider--view-line elementor-widget elementor-widget-divider\" data-id=\"dc5c5c2\" data-element_type=\"widget\" data-e-type=\"widget\" data-widget_type=\"divider.default\">\n\t\t\t\t<div class=\"elementor-widget-container\">\n\t\t\t\t\t\t\t<div class=\"elementor-divider\">\n\t\t\t<span class=\"elementor-divider-separator\">\n\t\t\t\t\t\t<\/span>\n\t\t<\/div>\n\t\t\t\t\t\t<\/div>\n\t\t\t\t<\/div>\n\t\t\t\t<div class=\"elementor-element elementor-element-89e50bd elementor-widget elementor-widget-text-editor\" data-id=\"89e50bd\" data-element_type=\"widget\" data-e-type=\"widget\" data-widget_type=\"text-editor.default\">\n\t\t\t\t<div class=\"elementor-widget-container\">\n\t\t\t\t\t\t\t\t\t<p>Plusieurs projets pour des constructeurs.<\/p>\n\t\t\t\t\t\t\t\t<\/div>\n\t\t\t\t<\/div>\n\t\t\t\t\t<\/div>\n\t\t<\/div>\n\t\t\t\t\t<\/div>\n\t\t<\/section>\n\t\t\t\t<\/div>\n\t\t","protected":false},"excerpt":{"rendered":"<p>Syst\u00e8mes de vision avanc\u00e9s pour augmenter la s\u00e9curit\u00e9 Sp\u00e9cificit\u00e9s | Expertise Nexvision | Clients et projets r\u00e9alis\u00e9s Sp\u00e9cificit\u00e9s du transport Les syst\u00e8mes de vision pour la fili\u00e8re transport, qui englobe les automobiles, les trains, les navires et les a\u00e9ronefs, sont essentiels pour la s\u00e9curit\u00e9, la navigation, et la gestion efficace du trafic. Voici les sp\u00e9cificit\u00e9s [&hellip;]<\/p>\n","protected":false},"author":1,"featured_media":0,"parent":0,"menu_order":0,"comment_status":"closed","ping_status":"closed","template":"elementor_header_footer","meta":{"_acf_changed":false,"inline_featured_image":false,"_monsterinsights_skip_tracking":false,"_monsterinsights_sitenote_active":false,"_monsterinsights_sitenote_note":"","_monsterinsights_sitenote_category":0,"footnotes":""},"class_list":["post-14421","page","type-page","status-publish","hentry"],"acf":[],"yoast_head":"<!-- This site is optimized with the Yoast SEO plugin v27.2 - https:\/\/yoast.com\/product\/yoast-seo-wordpress\/ -->\n<title>Syst\u00e8mes optroniques embarqu\u00e9s pour la s\u00e9curit\u00e9 du transport<\/title>\n<meta name=\"description\" content=\"Optimisez la s\u00e9curit\u00e9 des transports avec nos solutions de vision avanc\u00e9e. Cliquez ici pour en savoir plus !\" \/>\n<meta name=\"robots\" content=\"index, follow, max-snippet:-1, max-image-preview:large, max-video-preview:-1\" \/>\n<link rel=\"canonical\" href=\"https:\/\/nexvision.fr\/fr\/securite-du-transport\/\" \/>\n<meta property=\"og:locale\" content=\"fr_FR\" \/>\n<meta property=\"og:type\" content=\"article\" \/>\n<meta property=\"og:title\" content=\"Syst\u00e8mes optroniques embarqu\u00e9s pour la s\u00e9curit\u00e9 du transport\" \/>\n<meta property=\"og:description\" content=\"Optimisez la s\u00e9curit\u00e9 des transports avec nos solutions de vision avanc\u00e9e. Cliquez ici pour en savoir plus !\" \/>\n<meta property=\"og:url\" content=\"https:\/\/nexvision.fr\/fr\/securite-du-transport\/\" \/>\n<meta property=\"og:site_name\" content=\"NEXVISION\" \/>\n<meta property=\"article:modified_time\" content=\"2024-08-19T16:54:12+00:00\" \/>\n<meta name=\"twitter:card\" content=\"summary_large_image\" \/>\n<meta name=\"twitter:label1\" content=\"Dur\u00e9e de lecture estim\u00e9e\" \/>\n\t<meta name=\"twitter:data1\" content=\"3 minutes\" \/>\n<script type=\"application\/ld+json\" class=\"yoast-schema-graph\">{\"@context\":\"https:\/\/schema.org\",\"@graph\":[{\"@type\":\"WebPage\",\"@id\":\"https:\/\/nexvision.fr\/fr\/securite-du-transport\/\",\"url\":\"https:\/\/nexvision.fr\/fr\/securite-du-transport\/\",\"name\":\"Syst\u00e8mes optroniques embarqu\u00e9s pour la s\u00e9curit\u00e9 du transport\",\"isPartOf\":{\"@id\":\"https:\/\/nexvision.fr\/#website\"},\"datePublished\":\"2024-05-03T14:44:26+00:00\",\"dateModified\":\"2024-08-19T16:54:12+00:00\",\"description\":\"Optimisez la s\u00e9curit\u00e9 des transports avec nos solutions de vision avanc\u00e9e. Cliquez ici pour en savoir plus !\",\"breadcrumb\":{\"@id\":\"https:\/\/nexvision.fr\/fr\/securite-du-transport\/#breadcrumb\"},\"inLanguage\":\"fr-FR\",\"potentialAction\":[{\"@type\":\"ReadAction\",\"target\":[\"https:\/\/nexvision.fr\/fr\/securite-du-transport\/\"]}]},{\"@type\":\"BreadcrumbList\",\"@id\":\"https:\/\/nexvision.fr\/fr\/securite-du-transport\/#breadcrumb\",\"itemListElement\":[{\"@type\":\"ListItem\",\"position\":1,\"name\":\"Home\",\"item\":\"https:\/\/nexvision.fr\/fr\/accueil\/\"},{\"@type\":\"ListItem\",\"position\":2,\"name\":\"S\u00e9curit\u00e9 du transport\"}]},{\"@type\":\"WebSite\",\"@id\":\"https:\/\/nexvision.fr\/#website\",\"url\":\"https:\/\/nexvision.fr\/\",\"name\":\"NEXVISION\",\"description\":\"Vision solution : optronic system UV night SWIR LWIR Terahertz\",\"publisher\":{\"@id\":\"https:\/\/nexvision.fr\/#organization\"},\"potentialAction\":[{\"@type\":\"SearchAction\",\"target\":{\"@type\":\"EntryPoint\",\"urlTemplate\":\"https:\/\/nexvision.fr\/?s={search_term_string}\"},\"query-input\":{\"@type\":\"PropertyValueSpecification\",\"valueRequired\":true,\"valueName\":\"search_term_string\"}}],\"inLanguage\":\"fr-FR\"},{\"@type\":\"Organization\",\"@id\":\"https:\/\/nexvision.fr\/#organization\",\"name\":\"NEXVISION\",\"url\":\"https:\/\/nexvision.fr\/\",\"logo\":{\"@type\":\"ImageObject\",\"inLanguage\":\"fr-FR\",\"@id\":\"https:\/\/nexvision.fr\/#\/schema\/logo\/image\/\",\"url\":\"https:\/\/nexvision.fr\/wp-content\/uploads\/2025\/10\/LogoNexvision696px.png\",\"contentUrl\":\"https:\/\/nexvision.fr\/wp-content\/uploads\/2025\/10\/LogoNexvision696px.png\",\"width\":696,\"height\":696,\"caption\":\"NEXVISION\"},\"image\":{\"@id\":\"https:\/\/nexvision.fr\/#\/schema\/logo\/image\/\"}}]}<\/script>\n<!-- \/ Yoast SEO plugin. -->","yoast_head_json":{"title":"Syst\u00e8mes optroniques embarqu\u00e9s pour la s\u00e9curit\u00e9 du transport","description":"Optimisez la s\u00e9curit\u00e9 des transports avec nos solutions de vision avanc\u00e9e. Cliquez ici pour en savoir plus !","robots":{"index":"index","follow":"follow","max-snippet":"max-snippet:-1","max-image-preview":"max-image-preview:large","max-video-preview":"max-video-preview:-1"},"canonical":"https:\/\/nexvision.fr\/fr\/securite-du-transport\/","og_locale":"fr_FR","og_type":"article","og_title":"Syst\u00e8mes optroniques embarqu\u00e9s pour la s\u00e9curit\u00e9 du transport","og_description":"Optimisez la s\u00e9curit\u00e9 des transports avec nos solutions de vision avanc\u00e9e. Cliquez ici pour en savoir plus !","og_url":"https:\/\/nexvision.fr\/fr\/securite-du-transport\/","og_site_name":"NEXVISION","article_modified_time":"2024-08-19T16:54:12+00:00","twitter_card":"summary_large_image","twitter_misc":{"Dur\u00e9e de lecture estim\u00e9e":"3 minutes"},"schema":{"@context":"https:\/\/schema.org","@graph":[{"@type":"WebPage","@id":"https:\/\/nexvision.fr\/fr\/securite-du-transport\/","url":"https:\/\/nexvision.fr\/fr\/securite-du-transport\/","name":"Syst\u00e8mes optroniques embarqu\u00e9s pour la s\u00e9curit\u00e9 du transport","isPartOf":{"@id":"https:\/\/nexvision.fr\/#website"},"datePublished":"2024-05-03T14:44:26+00:00","dateModified":"2024-08-19T16:54:12+00:00","description":"Optimisez la s\u00e9curit\u00e9 des transports avec nos solutions de vision avanc\u00e9e. Cliquez ici pour en savoir plus !","breadcrumb":{"@id":"https:\/\/nexvision.fr\/fr\/securite-du-transport\/#breadcrumb"},"inLanguage":"fr-FR","potentialAction":[{"@type":"ReadAction","target":["https:\/\/nexvision.fr\/fr\/securite-du-transport\/"]}]},{"@type":"BreadcrumbList","@id":"https:\/\/nexvision.fr\/fr\/securite-du-transport\/#breadcrumb","itemListElement":[{"@type":"ListItem","position":1,"name":"Home","item":"https:\/\/nexvision.fr\/fr\/accueil\/"},{"@type":"ListItem","position":2,"name":"S\u00e9curit\u00e9 du transport"}]},{"@type":"WebSite","@id":"https:\/\/nexvision.fr\/#website","url":"https:\/\/nexvision.fr\/","name":"NEXVISION","description":"Vision solution : optronic system UV night SWIR LWIR Terahertz","publisher":{"@id":"https:\/\/nexvision.fr\/#organization"},"potentialAction":[{"@type":"SearchAction","target":{"@type":"EntryPoint","urlTemplate":"https:\/\/nexvision.fr\/?s={search_term_string}"},"query-input":{"@type":"PropertyValueSpecification","valueRequired":true,"valueName":"search_term_string"}}],"inLanguage":"fr-FR"},{"@type":"Organization","@id":"https:\/\/nexvision.fr\/#organization","name":"NEXVISION","url":"https:\/\/nexvision.fr\/","logo":{"@type":"ImageObject","inLanguage":"fr-FR","@id":"https:\/\/nexvision.fr\/#\/schema\/logo\/image\/","url":"https:\/\/nexvision.fr\/wp-content\/uploads\/2025\/10\/LogoNexvision696px.png","contentUrl":"https:\/\/nexvision.fr\/wp-content\/uploads\/2025\/10\/LogoNexvision696px.png","width":696,"height":696,"caption":"NEXVISION"},"image":{"@id":"https:\/\/nexvision.fr\/#\/schema\/logo\/image\/"}}]}},"_links":{"self":[{"href":"https:\/\/nexvision.fr\/fr\/wp-json\/wp\/v2\/pages\/14421","targetHints":{"allow":["GET"]}}],"collection":[{"href":"https:\/\/nexvision.fr\/fr\/wp-json\/wp\/v2\/pages"}],"about":[{"href":"https:\/\/nexvision.fr\/fr\/wp-json\/wp\/v2\/types\/page"}],"author":[{"embeddable":true,"href":"https:\/\/nexvision.fr\/fr\/wp-json\/wp\/v2\/users\/1"}],"replies":[{"embeddable":true,"href":"https:\/\/nexvision.fr\/fr\/wp-json\/wp\/v2\/comments?post=14421"}],"version-history":[{"count":5,"href":"https:\/\/nexvision.fr\/fr\/wp-json\/wp\/v2\/pages\/14421\/revisions"}],"predecessor-version":[{"id":16159,"href":"https:\/\/nexvision.fr\/fr\/wp-json\/wp\/v2\/pages\/14421\/revisions\/16159"}],"wp:attachment":[{"href":"https:\/\/nexvision.fr\/fr\/wp-json\/wp\/v2\/media?parent=14421"}],"curies":[{"name":"wp","href":"https:\/\/api.w.org\/{rel}","templated":true}]}}