{"id":15699,"date":"2023-03-08T11:35:23","date_gmt":"2023-03-08T10:35:23","guid":{"rendered":"https:\/\/nexvision.dev\/politique-de-confidentialite\/"},"modified":"2025-04-22T14:29:33","modified_gmt":"2025-04-22T12:29:33","slug":"politique-de-confidentialite","status":"publish","type":"page","link":"https:\/\/nexvision.fr\/fr\/politique-de-confidentialite\/","title":{"rendered":"Politique de confidentialit\u00e9"},"content":{"rendered":"\t\t<div data-elementor-type=\"wp-page\" data-elementor-id=\"15699\" class=\"elementor elementor-15699 elementor-3\" data-elementor-post-type=\"page\">\n\t\t\t\t\t\t<section data-particle_enable=\"true\" class=\"eael-section-particles-22fccfa9 elementor-section elementor-top-section elementor-element elementor-element-22fccfa9 elementor-section-height-min-height elementor-section-stretched elementor-section-boxed elementor-section-height-default elementor-section-items-middle\" data-eael_ptheme_source=\"presets\" data-preset_theme=\"default\" data-custom_style=\"\" data-particle_opacity=\"0.5\" data-particle_speed=\"6\" data-particle-mobile-disabled=\"false\" data-id=\"22fccfa9\" data-element_type=\"section\" data-e-type=\"section\" data-settings=\"{&quot;stretch_section&quot;:&quot;section-stretched&quot;,&quot;background_background&quot;:&quot;classic&quot;}\">\n\t\t\t\t\t\t\t<div class=\"elementor-background-overlay\"><\/div>\n\t\t\t\t\t\t\t<div class=\"elementor-container elementor-column-gap-no\">\n\t\t\t\t\t<div class=\"elementor-column elementor-col-100 elementor-top-column elementor-element elementor-element-43989555\" data-id=\"43989555\" data-element_type=\"column\" data-e-type=\"column\">\n\t\t\t<div class=\"elementor-widget-wrap elementor-element-populated\">\n\t\t\t\t\t\t\t<\/div>\n\t\t<\/div>\n\t\t\t\t\t<\/div>\n\t\t<\/section>\n\t\t            <style>\n                .elementor-element-22fccfa9.eael-particles-section > canvas {\n                    z-index: -1;\n                    position: absolute;\n                    top:0;\n                }\n            <\/style>\n        \t\t<section data-particle_enable=\"false\" data-particle-mobile-disabled=\"false\" class=\"elementor-section elementor-top-section elementor-element elementor-element-704f66fa elementor-section-boxed elementor-section-height-default elementor-section-height-default\" data-id=\"704f66fa\" data-element_type=\"section\" data-e-type=\"section\">\n\t\t\t\t\t\t<div class=\"elementor-container elementor-column-gap-default\">\n\t\t\t\t\t<div class=\"elementor-column elementor-col-100 elementor-top-column elementor-element elementor-element-71dcb431\" data-id=\"71dcb431\" data-element_type=\"column\" data-e-type=\"column\">\n\t\t\t<div class=\"elementor-widget-wrap elementor-element-populated\">\n\t\t\t\t\t\t<div class=\"elementor-element elementor-element-347394f elementor-widget elementor-widget-text-editor\" data-id=\"347394f\" data-element_type=\"widget\" data-e-type=\"widget\" data-widget_type=\"text-editor.default\">\n\t\t\t\t<div class=\"elementor-widget-container\">\n\t\t\t\t\t\t\t\t\t<h2>1. Champ d&rsquo;application et contenu<\/h2>\n<p>La pr\u00e9sente politique de confidentialit\u00e9 explique comment NEXVISION, Parc d&rsquo;activit\u00e9 Sud &#8211; B\u00e2t. D2 Hall D4 &#8211; 1, Bd de l&rsquo;Oc\u00e9an &#8211; Imp. Paradou &#8211; 13009 Marseille France traite vos Donn\u00e9es Personnelles collect\u00e9es sur le site Internet de NEXVISION. Les Donn\u00e9es Personnelles sont toutes les informations relatives \u00e0 une personne identifi\u00e9e ou identifiable, par exemple, votre adresse e-mail, votre nom ou votre num\u00e9ro de t\u00e9l\u00e9phone. Cette Politique de Confidentialit\u00e9 ne s&rsquo;applique pas aux informations que NEXVISION collecte hors ligne.<\/p>\n<h2>2. Utilisation anonyme du site Internet de NEXVISION<\/h2>\n<p>Vous pouvez visiter le site Internet de NEXVISION tout en restant anonyme et en ne r\u00e9v\u00e9lant aucune Donn\u00e9e Personnelle. Le partage de vos Donn\u00e9es Personnelles est volontaire. Cependant, si vous choisissez de ne pas fournir certaines informations, il se peut que vous ne puissiez pas b\u00e9n\u00e9ficier de nombreuses fonctionnalit\u00e9s et programmes de NEXVISION. Les informations que vous fournissez \u00e0 NEXVISION permettront \u00e0 NEXVISION de mieux communiquer avec vous concernant nos produits et vos besoins en mati\u00e8re de produits.<\/p>\n<h2>3. Les donn\u00e9es que nous collectons et comment nous les utilisons<\/h2>\n<p>NEXVISION collecte les Donn\u00e9es Personnelles que vous saisissez dans les formulaires du site. Par exemple, si vous saisissez votre adresse \u00e9lectronique ou postale lorsque vous nous contactez, ces donn\u00e9es seront utilis\u00e9es pour r\u00e9pondre \u00e0 votre demande, par exemple pour vous fournir les informations sur les produits et services que vous avez demand\u00e9s. NEXVISION utilise \u00e9galement les Donn\u00e9es Personnelles pour am\u00e9liorer le service du site Internet de NEXVISION et pour personnaliser les informations qui vous sont fournies en ligne ou hors ligne. Des informations suppl\u00e9mentaires sur la finalit\u00e9 de l&rsquo;utilisation de vos donn\u00e9es peuvent vous \u00eatre fournies lorsque vous saisissez vos Donn\u00e9es Personnelles dans un formulaire particulier.<\/p>\n<p>Vos Donn\u00e9es Personnelles sont collect\u00e9es, stock\u00e9es et trait\u00e9es par NEXVISION.<\/p>\n<p>En plus des Donn\u00e9es Personnelles, NEXVISION collecte certaines informations sur une base anonyme, c&rsquo;est-\u00e0-dire d&rsquo;une mani\u00e8re qui ne peut \u00eatre associ\u00e9e \u00e0 votre identit\u00e9 personnelle. Par exemple, NEXVISION collecte le nombre de visiteurs sur nos sites Internet, les habitudes de navigation, les informations d\u00e9riv\u00e9es de votre adresse IP indiquant le pays ou l&rsquo;\u00e9tat d&rsquo;o\u00f9 provient votre communication, et les centres d&rsquo;int\u00e9r\u00eat des visiteurs. Nous analysons ces donn\u00e9es pour \u00e9valuer les tendances, les statistiques et les besoins des clients, pour nous aider \u00e0 am\u00e9liorer et \u00e0 personnaliser notre site Internet et nos produits, afin de r\u00e9pondre efficacement aux besoins des visiteurs.<\/p>\n<h2>4.Divulgation \u00e0 d&rsquo;autres soci\u00e9t\u00e9s<\/h2>\n<p>Dans certaines circonstances, les Donn\u00e9es Personnelles peuvent \u00eatre communiqu\u00e9es aux partenaires commerciaux de NEXVISION lorsque nous pensons que vos int\u00e9r\u00eats commerciaux seront servis. Par exemple, si nous devons vous exp\u00e9dier des produits, nous communiquerons votre nom et votre adresse \u00e0 un transporteur.NEXVISION divulguera \u00e9galement des Donn\u00e9es Personnelles si la loi l&rsquo;y oblige. Par ailleurs, NEXVISION ne fournira pas vos Donn\u00e9es Personnelles \u00e0 un tiers ext\u00e9rieur au groupe NEXVISION sans votre consentement.<\/p>\n<h2>5. Votre droit d&rsquo;opposition \u00e0 tout moment<\/h2>\n<p>Vous pouvez vous opposer \u00e0 la collecte et au traitement de vos Donn\u00e9es Personnelles \u00e0 tout moment. Si vous choisissez de recevoir ces communications suppl\u00e9mentaires (comme la newsletter) et que vous changez d&rsquo;avis par la suite, vous pouvez vous d\u00e9sinscrire \u00e0 tout moment.<br \/>\nPar exemple, les messages \u00e9lectroniques contiendront des instructions sur la mani\u00e8re de se \u00ab\u00a0d\u00e9sinscrire\u00a0\u00bb de la r\u00e9ception de l&rsquo;e-mail en question.<\/p>\n<h2>6. Cookies<\/h2>\n<p>Les cookies sont de petits fichiers texte que notre site web demande de placer sur le disque dur de votre ordinateur.<br \/>\nSi votre navigateur est configur\u00e9 pour accepter les cookies, il ajoute le texte dans un petit fichier. Nous n&rsquo;utilisons pas les cookies pour lire d&rsquo;autres informations sur le disque dur de votre ordinateur. Nous utilisons la technologie des cookies pour authentifier votre acc\u00e8s \u00e0 diverses parties de notre site web, adapter son contenu \u00e0 vos pr\u00e9f\u00e9rences ou \u00e0 votre r\u00e9gion g\u00e9ographique, pour nous aider \u00e0 analyser le trafic web en g\u00e9n\u00e9ral et pour savoir quand les visiteurs du site r\u00e9pondent \u00e0 des enqu\u00eates, de sorte que nous ne leur pr\u00e9sentions plus d&rsquo;enqu\u00eate pendant 90 jours. Les cookies peuvent \u00eatre utilis\u00e9s dans les interactions o\u00f9 vous demandez quelque chose \u00e0 NEXVISION : litt\u00e9rature, CD-ROM, support technique, inscriptions \u00e0 des s\u00e9minaires, pages web personnalis\u00e9es, ou lorsque vous participez \u00e0 une enqu\u00eate. La plupart des navigateurs sont initialement configur\u00e9s pour accepter les cookies. Si vous le pr\u00e9f\u00e9rez, vous pouvez configurer votre navigateur pour qu&rsquo;il refuse les cookies ou pour qu&rsquo;il vous avertisse avant qu&rsquo;un cookie ne soit plac\u00e9.<\/p>\n<h2>7. Votre droit d&rsquo;acc\u00e8s, de rectification et de suppression des donn\u00e9es \u00e0 caract\u00e8re personnel<\/h2>\n<p>Vous avez le droit de nous demander quelles sont les donn\u00e9es personnelles que nous d\u00e9tenons \u00e0 votre sujet. En outre, vous avez le droit de corriger ou de supprimer les donn\u00e9es personnelles que nous d\u00e9tenons \u00e0 votre sujet.<\/p>\n<p>Vous pouvez nous contacter aux adresses \u00e9lectroniques indiqu\u00e9es ci-dessous pour demander une modification de vos donn\u00e9es personnelles ou une copie des donn\u00e9es personnelles stock\u00e9es.<\/p>\n<p>contact(at)nexvision(dot)fr<\/p>\n<h2>8. S\u00e9curit\u00e9 des donn\u00e9es<\/h2>\n<p>Notre objectif est de prot\u00e9ger vos Donn\u00e9es Personnelles. NEXVISION utilise une vari\u00e9t\u00e9 de technologies de s\u00e9curit\u00e9 disponibles sur le march\u00e9 pour prot\u00e9ger vos Donn\u00e9es Personnelles, y compris des serveurs s\u00e9curis\u00e9s, des pare-feux et le cryptage des donn\u00e9es financi\u00e8res.<\/p>\n<h2>9. Modifications de cette politique de confidentialit\u00e9<\/h2>\n<p>Nous nous r\u00e9servons le droit de modifier cette politique. Bien que nous n&rsquo;ayons pas l&rsquo;intention de modifier cette politique tr\u00e8s souvent, il est toujours bon de v\u00e9rifier notre d\u00e9claration de politique la plus r\u00e9cente lorsque vous nous rendez visite afin de vous assurer que vous avez lu et accept\u00e9 les informations que nous collectons, la mani\u00e8re dont nous les utilisons et les circonstances dans lesquelles nous les divulguons. Pour plus d&rsquo;informations sur l&rsquo;utilisation du site Web de NEXVISION, voir les <a href=\"https:\/\/nexvision.fr\/fr\/conditions-dutilisation\/\">conditions d&rsquo;utilisation<\/a>.<\/p>\n\t\t\t\t\t\t\t\t<\/div>\n\t\t\t\t<\/div>\n\t\t\t\t\t<\/div>\n\t\t<\/div>\n\t\t\t\t\t<\/div>\n\t\t<\/section>\n\t\t\t\t<\/div>\n\t\t","protected":false},"excerpt":{"rendered":"<p>1. Champ d&rsquo;application et contenu La pr\u00e9sente politique de confidentialit\u00e9 explique comment NEXVISION, Parc d&rsquo;activit\u00e9 Sud &#8211; B\u00e2t. D2 Hall D4 &#8211; 1, Bd de l&rsquo;Oc\u00e9an &#8211; Imp. Paradou &#8211; 13009 Marseille France traite vos Donn\u00e9es Personnelles collect\u00e9es sur le site Internet de NEXVISION. Les Donn\u00e9es Personnelles sont toutes les informations relatives \u00e0 une personne [&hellip;]<\/p>\n","protected":false},"author":1,"featured_media":0,"parent":0,"menu_order":0,"comment_status":"closed","ping_status":"open","template":"elementor_header_footer","meta":{"_acf_changed":false,"inline_featured_image":false,"_monsterinsights_skip_tracking":false,"_monsterinsights_sitenote_active":false,"_monsterinsights_sitenote_note":"","_monsterinsights_sitenote_category":0,"footnotes":""},"class_list":["post-15699","page","type-page","status-publish","hentry"],"acf":[],"yoast_head":"<!-- This site is optimized with the Yoast SEO plugin v27.2 - https:\/\/yoast.com\/product\/yoast-seo-wordpress\/ -->\n<title>Politique de confirdentialit\u00e9 Nexvision<\/title>\n<meta name=\"description\" content=\"Consultez notre politique de confidentialit\u00e9 pour comprendre comment nous prot\u00e9geons vos donn\u00e9es. Cliquez ici !\" \/>\n<meta name=\"robots\" content=\"index, follow, max-snippet:-1, max-image-preview:large, max-video-preview:-1\" \/>\n<link rel=\"canonical\" href=\"https:\/\/nexvision.fr\/privacy-policy\/\" \/>\n<meta property=\"og:locale\" content=\"fr_FR\" \/>\n<meta property=\"og:type\" content=\"article\" \/>\n<meta property=\"og:title\" content=\"Politique de confirdentialit\u00e9 Nexvision\" \/>\n<meta property=\"og:description\" content=\"Consultez notre politique de confidentialit\u00e9 pour comprendre comment nous prot\u00e9geons vos donn\u00e9es. Cliquez ici !\" \/>\n<meta property=\"og:url\" content=\"https:\/\/nexvision.fr\/privacy-policy\/\" \/>\n<meta property=\"og:site_name\" content=\"NEXVISION\" \/>\n<meta property=\"article:modified_time\" content=\"2025-04-22T12:29:33+00:00\" \/>\n<meta name=\"twitter:card\" content=\"summary_large_image\" \/>\n<meta name=\"twitter:label1\" content=\"Dur\u00e9e de lecture estim\u00e9e\" \/>\n\t<meta name=\"twitter:data1\" content=\"5 minutes\" \/>\n<script type=\"application\/ld+json\" class=\"yoast-schema-graph\">{\"@context\":\"https:\/\/schema.org\",\"@graph\":[{\"@type\":\"WebPage\",\"@id\":\"https:\/\/nexvision.fr\/privacy-policy\/\",\"url\":\"https:\/\/nexvision.fr\/privacy-policy\/\",\"name\":\"Politique de confirdentialit\u00e9 Nexvision\",\"isPartOf\":{\"@id\":\"https:\/\/nexvision.fr\/#website\"},\"datePublished\":\"2023-03-08T10:35:23+00:00\",\"dateModified\":\"2025-04-22T12:29:33+00:00\",\"description\":\"Consultez notre politique de confidentialit\u00e9 pour comprendre comment nous prot\u00e9geons vos donn\u00e9es. Cliquez ici !\",\"breadcrumb\":{\"@id\":\"https:\/\/nexvision.fr\/privacy-policy\/#breadcrumb\"},\"inLanguage\":\"fr-FR\",\"potentialAction\":[{\"@type\":\"ReadAction\",\"target\":[\"https:\/\/nexvision.fr\/privacy-policy\/\"]}]},{\"@type\":\"BreadcrumbList\",\"@id\":\"https:\/\/nexvision.fr\/privacy-policy\/#breadcrumb\",\"itemListElement\":[{\"@type\":\"ListItem\",\"position\":1,\"name\":\"Home\",\"item\":\"https:\/\/nexvision.fr\/fr\/accueil\/\"},{\"@type\":\"ListItem\",\"position\":2,\"name\":\"Politique de confidentialit\u00e9\"}]},{\"@type\":\"WebSite\",\"@id\":\"https:\/\/nexvision.fr\/#website\",\"url\":\"https:\/\/nexvision.fr\/\",\"name\":\"NEXVISION\",\"description\":\"Vision solution : optronic system UV night SWIR LWIR Terahertz\",\"publisher\":{\"@id\":\"https:\/\/nexvision.fr\/#organization\"},\"potentialAction\":[{\"@type\":\"SearchAction\",\"target\":{\"@type\":\"EntryPoint\",\"urlTemplate\":\"https:\/\/nexvision.fr\/?s={search_term_string}\"},\"query-input\":{\"@type\":\"PropertyValueSpecification\",\"valueRequired\":true,\"valueName\":\"search_term_string\"}}],\"inLanguage\":\"fr-FR\"},{\"@type\":\"Organization\",\"@id\":\"https:\/\/nexvision.fr\/#organization\",\"name\":\"NEXVISION\",\"url\":\"https:\/\/nexvision.fr\/\",\"logo\":{\"@type\":\"ImageObject\",\"inLanguage\":\"fr-FR\",\"@id\":\"https:\/\/nexvision.fr\/#\/schema\/logo\/image\/\",\"url\":\"https:\/\/nexvision.fr\/wp-content\/uploads\/2025\/10\/LogoNexvision696px.png\",\"contentUrl\":\"https:\/\/nexvision.fr\/wp-content\/uploads\/2025\/10\/LogoNexvision696px.png\",\"width\":696,\"height\":696,\"caption\":\"NEXVISION\"},\"image\":{\"@id\":\"https:\/\/nexvision.fr\/#\/schema\/logo\/image\/\"}}]}<\/script>\n<!-- \/ Yoast SEO plugin. -->","yoast_head_json":{"title":"Politique de confirdentialit\u00e9 Nexvision","description":"Consultez notre politique de confidentialit\u00e9 pour comprendre comment nous prot\u00e9geons vos donn\u00e9es. Cliquez ici !","robots":{"index":"index","follow":"follow","max-snippet":"max-snippet:-1","max-image-preview":"max-image-preview:large","max-video-preview":"max-video-preview:-1"},"canonical":"https:\/\/nexvision.fr\/privacy-policy\/","og_locale":"fr_FR","og_type":"article","og_title":"Politique de confirdentialit\u00e9 Nexvision","og_description":"Consultez notre politique de confidentialit\u00e9 pour comprendre comment nous prot\u00e9geons vos donn\u00e9es. Cliquez ici !","og_url":"https:\/\/nexvision.fr\/privacy-policy\/","og_site_name":"NEXVISION","article_modified_time":"2025-04-22T12:29:33+00:00","twitter_card":"summary_large_image","twitter_misc":{"Dur\u00e9e de lecture estim\u00e9e":"5 minutes"},"schema":{"@context":"https:\/\/schema.org","@graph":[{"@type":"WebPage","@id":"https:\/\/nexvision.fr\/privacy-policy\/","url":"https:\/\/nexvision.fr\/privacy-policy\/","name":"Politique de confirdentialit\u00e9 Nexvision","isPartOf":{"@id":"https:\/\/nexvision.fr\/#website"},"datePublished":"2023-03-08T10:35:23+00:00","dateModified":"2025-04-22T12:29:33+00:00","description":"Consultez notre politique de confidentialit\u00e9 pour comprendre comment nous prot\u00e9geons vos donn\u00e9es. Cliquez ici !","breadcrumb":{"@id":"https:\/\/nexvision.fr\/privacy-policy\/#breadcrumb"},"inLanguage":"fr-FR","potentialAction":[{"@type":"ReadAction","target":["https:\/\/nexvision.fr\/privacy-policy\/"]}]},{"@type":"BreadcrumbList","@id":"https:\/\/nexvision.fr\/privacy-policy\/#breadcrumb","itemListElement":[{"@type":"ListItem","position":1,"name":"Home","item":"https:\/\/nexvision.fr\/fr\/accueil\/"},{"@type":"ListItem","position":2,"name":"Politique de confidentialit\u00e9"}]},{"@type":"WebSite","@id":"https:\/\/nexvision.fr\/#website","url":"https:\/\/nexvision.fr\/","name":"NEXVISION","description":"Vision solution : optronic system UV night SWIR LWIR Terahertz","publisher":{"@id":"https:\/\/nexvision.fr\/#organization"},"potentialAction":[{"@type":"SearchAction","target":{"@type":"EntryPoint","urlTemplate":"https:\/\/nexvision.fr\/?s={search_term_string}"},"query-input":{"@type":"PropertyValueSpecification","valueRequired":true,"valueName":"search_term_string"}}],"inLanguage":"fr-FR"},{"@type":"Organization","@id":"https:\/\/nexvision.fr\/#organization","name":"NEXVISION","url":"https:\/\/nexvision.fr\/","logo":{"@type":"ImageObject","inLanguage":"fr-FR","@id":"https:\/\/nexvision.fr\/#\/schema\/logo\/image\/","url":"https:\/\/nexvision.fr\/wp-content\/uploads\/2025\/10\/LogoNexvision696px.png","contentUrl":"https:\/\/nexvision.fr\/wp-content\/uploads\/2025\/10\/LogoNexvision696px.png","width":696,"height":696,"caption":"NEXVISION"},"image":{"@id":"https:\/\/nexvision.fr\/#\/schema\/logo\/image\/"}}]}},"_links":{"self":[{"href":"https:\/\/nexvision.fr\/fr\/wp-json\/wp\/v2\/pages\/15699","targetHints":{"allow":["GET"]}}],"collection":[{"href":"https:\/\/nexvision.fr\/fr\/wp-json\/wp\/v2\/pages"}],"about":[{"href":"https:\/\/nexvision.fr\/fr\/wp-json\/wp\/v2\/types\/page"}],"author":[{"embeddable":true,"href":"https:\/\/nexvision.fr\/fr\/wp-json\/wp\/v2\/users\/1"}],"replies":[{"embeddable":true,"href":"https:\/\/nexvision.fr\/fr\/wp-json\/wp\/v2\/comments?post=15699"}],"version-history":[{"count":4,"href":"https:\/\/nexvision.fr\/fr\/wp-json\/wp\/v2\/pages\/15699\/revisions"}],"predecessor-version":[{"id":16755,"href":"https:\/\/nexvision.fr\/fr\/wp-json\/wp\/v2\/pages\/15699\/revisions\/16755"}],"wp:attachment":[{"href":"https:\/\/nexvision.fr\/fr\/wp-json\/wp\/v2\/media?parent=15699"}],"curies":[{"name":"wp","href":"https:\/\/api.w.org\/{rel}","templated":true}]}}