{"id":15703,"date":"2024-08-13T13:28:20","date_gmt":"2024-08-13T11:28:20","guid":{"rendered":"https:\/\/nexvision.dev\/conditions-dutilisation\/"},"modified":"2024-08-13T13:51:09","modified_gmt":"2024-08-13T11:51:09","slug":"conditions-dutilisation","status":"publish","type":"page","link":"https:\/\/nexvision.fr\/fr\/conditions-dutilisation\/","title":{"rendered":"Conditions d&rsquo;utilisation"},"content":{"rendered":"\t\t<div data-elementor-type=\"wp-page\" data-elementor-id=\"15703\" class=\"elementor elementor-15703 elementor-15688\" data-elementor-post-type=\"page\">\n\t\t\t\t\t\t<section data-particle_enable=\"true\" class=\"eael-section-particles-65515f3 elementor-section elementor-top-section elementor-element elementor-element-65515f3 elementor-section-height-min-height elementor-section-stretched elementor-section-boxed elementor-section-height-default elementor-section-items-middle\" data-eael_ptheme_source=\"presets\" data-preset_theme=\"default\" data-custom_style=\"\" data-particle_opacity=\"0.5\" data-particle_speed=\"6\" data-particle-mobile-disabled=\"false\" data-id=\"65515f3\" data-element_type=\"section\" data-e-type=\"section\" data-settings=\"{&quot;stretch_section&quot;:&quot;section-stretched&quot;,&quot;background_background&quot;:&quot;classic&quot;}\">\n\t\t\t\t\t\t\t<div class=\"elementor-background-overlay\"><\/div>\n\t\t\t\t\t\t\t<div class=\"elementor-container elementor-column-gap-no\">\n\t\t\t\t\t<div class=\"elementor-column elementor-col-100 elementor-top-column elementor-element elementor-element-b980f39\" data-id=\"b980f39\" data-element_type=\"column\" data-e-type=\"column\">\n\t\t\t<div class=\"elementor-widget-wrap elementor-element-populated\">\n\t\t\t\t\t\t\t<\/div>\n\t\t<\/div>\n\t\t\t\t\t<\/div>\n\t\t<\/section>\n\t\t            <style>\n                .elementor-element-65515f3.eael-particles-section > canvas {\n                    z-index: -1;\n                    position: absolute;\n                    top:0;\n                }\n            <\/style>\n        \t\t<section data-particle_enable=\"false\" data-particle-mobile-disabled=\"false\" class=\"elementor-section elementor-top-section elementor-element elementor-element-b15b6c4 elementor-section-boxed elementor-section-height-default elementor-section-height-default\" data-id=\"b15b6c4\" data-element_type=\"section\" data-e-type=\"section\">\n\t\t\t\t\t\t<div class=\"elementor-container elementor-column-gap-default\">\n\t\t\t\t\t<div class=\"elementor-column elementor-col-100 elementor-top-column elementor-element elementor-element-eb65df5\" data-id=\"eb65df5\" data-element_type=\"column\" data-e-type=\"column\">\n\t\t\t<div class=\"elementor-widget-wrap elementor-element-populated\">\n\t\t\t\t\t\t<div class=\"elementor-element elementor-element-2b6f14e elementor-widget elementor-widget-text-editor\" data-id=\"2b6f14e\" data-element_type=\"widget\" data-e-type=\"widget\" data-widget_type=\"text-editor.default\">\n\t\t\t\t<div class=\"elementor-widget-container\">\n\t\t\t\t\t\t\t\t\t<h2>Conditions d&rsquo;utilisation du site<\/h2>\n<p>Les informations, le mat\u00e9riel et les graphiques connexes disponibles sur ce site (\u00a0\u00bb Mat\u00e9riel \u00ab\u00a0) sont fournis par NEXVISION. Les conditions suivantes r\u00e9gissent l&rsquo;utilisation de ce site. En utilisant ce site, vous reconnaissez avoir lu et compris ces conditions et acceptez d&rsquo;\u00eatre li\u00e9 par ces conditions, et de vous conformer \u00e0 toutes les lois et r\u00e9glementations applicables concernant l&rsquo;utilisation de ce site. Si vous n&rsquo;acceptez pas ces conditions, n&rsquo;utilisez pas ce site.<\/p>\n<p>NEXVISION exploite ce site depuis ses bureaux en France. NEXVISION ne garantit pas que les documents r\u00e9f\u00e9renc\u00e9s sur ce site sont appropri\u00e9s ou disponibles pour une utilisation dans d&rsquo;autres r\u00e9gions du monde. Les personnes qui acc\u00e8dent \u00e0 ce site \u00e0 partir d&rsquo;endroits situ\u00e9s en dehors de la France sont responsables du respect des lois locales applicables. Toute r\u00e9clamation relative \u00e0 ce site ou \u00e0 son utilisation sera r\u00e9gie et interpr\u00e9t\u00e9e conform\u00e9ment aux lois fran\u00e7aises, sans r\u00e9f\u00e9rence aux principes de conflit de lois. Vous acceptez de renoncer \u00e0 toute d\u00e9fense relative \u00e0 l&rsquo;absence de juridiction personnelle et de forum non-conveniens et acceptez que les actes de proc\u00e9dure soient signifi\u00e9s de la mani\u00e8re autoris\u00e9e par la loi applicable ou les r\u00e8gles du tribunal.<\/p>\n<p>NEXVISION se r\u00e9serve le droit de modifier ce site et ces conditions \u00e0 tout moment. Toute modification des pr\u00e9sentes conditions sera uniquement prospective, sauf si un effet r\u00e9troactif est l\u00e9galement requis. En continuant \u00e0 utiliser ce site, vous acceptez les nouvelles conditions ou les conditions modifi\u00e9es.<\/p>\n<h2>Restrictions d&rsquo;utilisation<\/h2>\n<p>Les \u00e9l\u00e9ments contenus dans ce site sont prot\u00e9g\u00e9s par les lois sur les droits d&rsquo;auteur, les trait\u00e9s internationaux sur les droits d&rsquo;auteur et d&rsquo;autres lois et trait\u00e9s sur la propri\u00e9t\u00e9 intellectuelle. Sauf mention contraire, ces \u00e9l\u00e9ments ne peuvent \u00eatre reproduits, modifi\u00e9s, affich\u00e9s ou distribu\u00e9s sous quelque forme ou par quelque moyen que ce soit sans l&rsquo;accord \u00e9crit pr\u00e9alable de NEXVISION.<\/p>\n<p>NEXVISION autorise le t\u00e9l\u00e9chargement, la reproduction, l&rsquo;affichage et la distribution des \u00e9l\u00e9ments publi\u00e9s sur ce site uniquement \u00e0 des fins d&rsquo;information et d&rsquo;utilisation non commerciale ou personnelle, \u00e0 condition que vous ne modifiiez pas ces \u00e9l\u00e9ments et que vous conserviez toutes les mentions de copyright et de propri\u00e9t\u00e9 telles qu&rsquo;elles apparaissent dans ces \u00e9l\u00e9ments. L&rsquo;utilisation non autoris\u00e9e de l&rsquo;un quelconque de ces \u00e9l\u00e9ments est express\u00e9ment interdite par la loi et peut entra\u00eener des sanctions civiles et p\u00e9nales. Cette autorisation prend fin si vous ne respectez pas l&rsquo;une de ces conditions. En cas de r\u00e9siliation, vous acceptez de d\u00e9truire tout mat\u00e9riel t\u00e9l\u00e9charg\u00e9 \u00e0 partir de ce site.<\/p>\n<h2>Garanties et clauses de non-responsabilit\u00e9<\/h2>\n<p>NEXVISION s&rsquo;efforce d&rsquo;assurer l&rsquo;exactitude et la fiabilit\u00e9 des documents contenus sur ce site. Ces Mat\u00e9riels peuvent toutefois contenir des inexactitudes techniques, des erreurs typographiques ou d&rsquo;autres erreurs. NEXVISION peut \u00e0 tout moment apporter des corrections ou d&rsquo;autres changements \u00e0 ces Mat\u00e9riels. NEXVISION et ses fournisseurs se r\u00e9servent le droit d&rsquo;apporter des corrections, des modifications, des am\u00e9liorations et d&rsquo;autres changements \u00e0 ses produits, programmes et services \u00e0 tout moment ou d&rsquo;interrompre tout produit, programme ou service sans pr\u00e9avis.<\/p>\n<p>LES \u00c9L\u00c9MENTS DE CE SITE SONT FOURNIS \u00ab\u00a0EN L&rsquo;\u00c9TAT\u00a0\u00bb. NEXVISION ET SES FOURNISSEURS RESPECTIFS NE FONT AUCUNE D\u00c9CLARATION QUANT \u00c0 L&rsquo;AD\u00c9QUATION DE CES DOCUMENTS \u00c0 QUELQUE FIN QUE CE SOIT ET D\u00c9CLINENT TOUTE GARANTIE ET CONDITION CONCERNANT CES DOCUMENTS, Y COMPRIS, MAIS SANS S&rsquo;Y LIMITER, TOUTES LES GARANTIES ET CONDITIONS IMPLICITES DE QUALIT\u00c9 MARCHANDE, D&rsquo;AD\u00c9QUATION \u00c0 UN USAGE PARTICULIER, DE TITRE ET DE NON-VIOLATION DES DROITS DE PROPRI\u00c9T\u00c9 INTELLECTUELLE D&rsquo;UN TIERS.<\/p>\n<p>VOUS RECONNAISSEZ ET ACCEPTEZ QUE LES NOTES D&rsquo;APPLICATION, LES CONCEPTIONS DE R\u00c9F\u00c9RENCE ET AUTRES DOCUMENTS DE CONCEPTION INCLUS DANS LE PR\u00c9SENT DOCUMENT SONT FOURNIS \u00c0 TITRE D&rsquo;EXEMPLE UNIQUEMENT ET QUE VOUS FEREZ PREUVE D&rsquo;UNE ANALYSE ET D&rsquo;UN JUGEMENT IND\u00c9PENDANTS LORS DE L&rsquo;UTILISATION DE CES DOCUMENTS. NEXVISION N&rsquo;ASSUME AUCUNE RESPONSABILIT\u00c9 QUANT \u00c0 L&rsquo;UTILISATION DE CES DOCUMENTS, \u00c0 LA CONCEPTION DE VOS PRODUITS OU \u00c0 L&rsquo;ASSISTANCE FOURNIE PAR NEXVISION EN MATI\u00c8RE D&rsquo;APPLICATIONS.<\/p>\n<p>NEXVISION NE GARANTIT NI NE D\u00c9CLARE QU&rsquo;UNE LICENCE, EXPRESSE OU IMPLICITE, EST ACCORD\u00c9E EN VERTU D&rsquo;UN DROIT DE BREVET, D&rsquo;UN DROIT D&rsquo;AUTEUR, D&rsquo;UN DROIT DE MASQUAGE OU D&rsquo;UN AUTRE DROIT DE PROPRI\u00c9T\u00c9 INTELLECTUELLE DE NEXVISION COUVRANT OU CONCERNANT CES MAT\u00c9RIAUX OU TOUTE COMBINAISON, MACHINE OU PROCESSUS AUXQUELS CES MAT\u00c9RIAUX SE RAPPORTENT OU AVEC LESQUELS CES MAT\u00c9RIAUX PEUVENT \u00caTRE UTILIS\u00c9S.<\/p>\n<h2>Limitation de responsabilit\u00e9<\/h2>\n<p>EN AUCUN CAS NEXVISION OU SES FOURNISSEURS NE POURRONT \u00caTRE TENUS RESPONSABLES DE DOMMAGES INDIRECTS, SP\u00c9CIAUX, ACCESSOIRES OU CONS\u00c9CUTIFS OU DE TOUT AUTRE DOMMAGE, Y COMPRIS, MAIS SANS S&rsquo;Y LIMITER, LES DOMMAGES R\u00c9SULTANT D&rsquo;UNE PERTE D&rsquo;UTILISATION, DE DONN\u00c9ES OU DE B\u00c9N\u00c9FICES, QUE CE SOIT DANS LE CADRE D&rsquo;UNE ACTION CONTRACTUELLE, D&rsquo;UNE N\u00c9GLIGENCE OU D&rsquo;UNE AUTRE ACTION D\u00c9LICTUELLE R\u00c9SULTANT DE L&rsquo;UTILISATION DE CE SITE OU DE L&rsquo;UTILISATION OU DE LA PERFORMANCE DES \u00c9L\u00c9MENTS DISPONIBLES SUR CE SITE, QUE NEXVISION OU UN REPR\u00c9SENTANT AUTORIS\u00c9 DE NEXVISION AIT \u00c9T\u00c9 AVIS\u00c9 OU NON DE LA POSSIBILIT\u00c9 DE TELS DOMMAGES.<\/p>\n<h2>Avis sp\u00e9cifique concernant les logiciels disponibles sur ce site<\/h2>\n<p>Tout logiciel disponible au t\u00e9l\u00e9chargement sur ce site (\u00ab\u00a0Logiciel\u00a0\u00bb) est prot\u00e9g\u00e9 par des droits d&rsquo;auteur. L&rsquo;utilisation de ce logiciel est r\u00e9gie par les conditions de licence qui accompagnent ou sont incluses dans ce logiciel (\u00ab\u00a0Conditions de licence\u00a0\u00bb). Veuillez lire attentivement toutes les conditions de licence avant de t\u00e9l\u00e9charger et d&rsquo;utiliser le logiciel. Les conditions suivantes s&rsquo;appliquent aux logiciels pour lesquels il n&rsquo;existe pas de conditions accompagnant ou incluses :<\/p>\n<h2>Avis sp\u00e9cifique concernant les liens vers des sites tiers<\/h2>\n<p>Certains liens fournis ici vous permettent de quitter ce site et d&rsquo;acc\u00e9der \u00e0 des sites n&rsquo;appartenant pas \u00e0 NEXVISION. Ces sites li\u00e9s ne sont pas sous le contr\u00f4le de NEXVISION. NEXVISION n&rsquo;est pas responsable du contenu de ces sites, ni des changements ou mises \u00e0 jour qui leur sont apport\u00e9s. NEXVISION ne fournit ces liens que pour votre commodit\u00e9. L&rsquo;inclusion de tout lien n&rsquo;implique pas l&rsquo;approbation par NEXVISION de tout site li\u00e9.<\/p>\n<p>LA PUBLICATION PAR NEXVISION D&rsquo;INFORMATIONS CONCERNANT DES PRODUITS OU SERVICES DE TIERS NE CONSTITUE PAS UNE APPROBATION DE L&rsquo;AD\u00c9QUATION DE CES PRODUITS OU SERVICES, NI UNE GARANTIE, UNE REPR\u00c9SENTATION OU UNE APPROBATION DE CES PRODUITS OU SERVICES, QUE CE SOIT SEUL OU EN COMBINAISON AVEC UN PRODUIT OU SERVICE DE NEXVISION.<\/p>\n<h2>Politique de confidentialit\u00e9<\/h2>\n<p>L&rsquo;utilisation de ce site est soumise \u00e0 la <a title=\"Nexvision's privacy policy\" href=\"https:\/\/nexvision.fr\/fr\/politique-de-confidentialite\/\">politique de confidentialit\u00e9 de Nexvision<\/a>.<\/p>\n\t\t\t\t\t\t\t\t<\/div>\n\t\t\t\t<\/div>\n\t\t\t\t\t<\/div>\n\t\t<\/div>\n\t\t\t\t\t<\/div>\n\t\t<\/section>\n\t\t\t\t<\/div>\n\t\t","protected":false},"excerpt":{"rendered":"<p>Conditions d&rsquo;utilisation du site Les informations, le mat\u00e9riel et les graphiques connexes disponibles sur ce site (\u00a0\u00bb Mat\u00e9riel \u00ab\u00a0) sont fournis par NEXVISION. Les conditions suivantes r\u00e9gissent l&rsquo;utilisation de ce site. En utilisant ce site, vous reconnaissez avoir lu et compris ces conditions et acceptez d&rsquo;\u00eatre li\u00e9 par ces conditions, et de vous conformer \u00e0 [&hellip;]<\/p>\n","protected":false},"author":1,"featured_media":0,"parent":0,"menu_order":0,"comment_status":"closed","ping_status":"closed","template":"elementor_header_footer","meta":{"_acf_changed":false,"inline_featured_image":false,"_monsterinsights_skip_tracking":false,"_monsterinsights_sitenote_active":false,"_monsterinsights_sitenote_note":"","_monsterinsights_sitenote_category":0,"footnotes":""},"class_list":["post-15703","page","type-page","status-publish","hentry"],"acf":[],"yoast_head":"<!-- This site is optimized with the Yoast SEO plugin v27.2 - https:\/\/yoast.com\/product\/yoast-seo-wordpress\/ -->\n<title>Conditions d&#039;utilisation du site Nexvision<\/title>\n<meta name=\"description\" content=\"Consultez nos conditions d&#039;utilisation pour en savoir plus sur l&#039;utilisation de notre site et de nos services. Cliquez ici !\" \/>\n<meta name=\"robots\" content=\"index, follow, max-snippet:-1, max-image-preview:large, max-video-preview:-1\" \/>\n<link rel=\"canonical\" href=\"https:\/\/nexvision.fr\/fr\/conditions-dutilisation\/\" \/>\n<meta property=\"og:locale\" content=\"fr_FR\" \/>\n<meta property=\"og:type\" content=\"article\" \/>\n<meta property=\"og:title\" content=\"Conditions d&#039;utilisation du site Nexvision\" \/>\n<meta property=\"og:description\" content=\"Consultez nos conditions d&#039;utilisation pour en savoir plus sur l&#039;utilisation de notre site et de nos services. Cliquez ici !\" \/>\n<meta property=\"og:url\" content=\"https:\/\/nexvision.fr\/fr\/conditions-dutilisation\/\" \/>\n<meta property=\"og:site_name\" content=\"NEXVISION\" \/>\n<meta property=\"article:modified_time\" content=\"2024-08-13T11:51:09+00:00\" \/>\n<meta name=\"twitter:card\" content=\"summary_large_image\" \/>\n<meta name=\"twitter:label1\" content=\"Dur\u00e9e de lecture estim\u00e9e\" \/>\n\t<meta name=\"twitter:data1\" content=\"5 minutes\" \/>\n<script type=\"application\/ld+json\" class=\"yoast-schema-graph\">{\"@context\":\"https:\/\/schema.org\",\"@graph\":[{\"@type\":\"WebPage\",\"@id\":\"https:\/\/nexvision.fr\/fr\/conditions-dutilisation\/\",\"url\":\"https:\/\/nexvision.fr\/fr\/conditions-dutilisation\/\",\"name\":\"Conditions d'utilisation du site Nexvision\",\"isPartOf\":{\"@id\":\"https:\/\/nexvision.fr\/#website\"},\"datePublished\":\"2024-08-13T11:28:20+00:00\",\"dateModified\":\"2024-08-13T11:51:09+00:00\",\"description\":\"Consultez nos conditions d'utilisation pour en savoir plus sur l'utilisation de notre site et de nos services. Cliquez ici !\",\"breadcrumb\":{\"@id\":\"https:\/\/nexvision.fr\/fr\/conditions-dutilisation\/#breadcrumb\"},\"inLanguage\":\"fr-FR\",\"potentialAction\":[{\"@type\":\"ReadAction\",\"target\":[\"https:\/\/nexvision.fr\/fr\/conditions-dutilisation\/\"]}]},{\"@type\":\"BreadcrumbList\",\"@id\":\"https:\/\/nexvision.fr\/fr\/conditions-dutilisation\/#breadcrumb\",\"itemListElement\":[{\"@type\":\"ListItem\",\"position\":1,\"name\":\"Home\",\"item\":\"https:\/\/nexvision.fr\/\"},{\"@type\":\"ListItem\",\"position\":2,\"name\":\"Conditions d&#8217;utilisation\"}]},{\"@type\":\"WebSite\",\"@id\":\"https:\/\/nexvision.fr\/#website\",\"url\":\"https:\/\/nexvision.fr\/\",\"name\":\"NEXVISION\",\"description\":\"Vision solution : optronic system UV night SWIR LWIR Terahertz\",\"publisher\":{\"@id\":\"https:\/\/nexvision.fr\/#organization\"},\"potentialAction\":[{\"@type\":\"SearchAction\",\"target\":{\"@type\":\"EntryPoint\",\"urlTemplate\":\"https:\/\/nexvision.fr\/?s={search_term_string}\"},\"query-input\":{\"@type\":\"PropertyValueSpecification\",\"valueRequired\":true,\"valueName\":\"search_term_string\"}}],\"inLanguage\":\"fr-FR\"},{\"@type\":\"Organization\",\"@id\":\"https:\/\/nexvision.fr\/#organization\",\"name\":\"NEXVISION\",\"url\":\"https:\/\/nexvision.fr\/\",\"logo\":{\"@type\":\"ImageObject\",\"inLanguage\":\"fr-FR\",\"@id\":\"https:\/\/nexvision.fr\/#\/schema\/logo\/image\/\",\"url\":\"https:\/\/nexvision.fr\/wp-content\/uploads\/2025\/10\/LogoNexvision696px.png\",\"contentUrl\":\"https:\/\/nexvision.fr\/wp-content\/uploads\/2025\/10\/LogoNexvision696px.png\",\"width\":696,\"height\":696,\"caption\":\"NEXVISION\"},\"image\":{\"@id\":\"https:\/\/nexvision.fr\/#\/schema\/logo\/image\/\"}}]}<\/script>\n<!-- \/ Yoast SEO plugin. -->","yoast_head_json":{"title":"Conditions d'utilisation du site Nexvision","description":"Consultez nos conditions d'utilisation pour en savoir plus sur l'utilisation de notre site et de nos services. Cliquez ici !","robots":{"index":"index","follow":"follow","max-snippet":"max-snippet:-1","max-image-preview":"max-image-preview:large","max-video-preview":"max-video-preview:-1"},"canonical":"https:\/\/nexvision.fr\/fr\/conditions-dutilisation\/","og_locale":"fr_FR","og_type":"article","og_title":"Conditions d'utilisation du site Nexvision","og_description":"Consultez nos conditions d'utilisation pour en savoir plus sur l'utilisation de notre site et de nos services. Cliquez ici !","og_url":"https:\/\/nexvision.fr\/fr\/conditions-dutilisation\/","og_site_name":"NEXVISION","article_modified_time":"2024-08-13T11:51:09+00:00","twitter_card":"summary_large_image","twitter_misc":{"Dur\u00e9e de lecture estim\u00e9e":"5 minutes"},"schema":{"@context":"https:\/\/schema.org","@graph":[{"@type":"WebPage","@id":"https:\/\/nexvision.fr\/fr\/conditions-dutilisation\/","url":"https:\/\/nexvision.fr\/fr\/conditions-dutilisation\/","name":"Conditions d'utilisation du site Nexvision","isPartOf":{"@id":"https:\/\/nexvision.fr\/#website"},"datePublished":"2024-08-13T11:28:20+00:00","dateModified":"2024-08-13T11:51:09+00:00","description":"Consultez nos conditions d'utilisation pour en savoir plus sur l'utilisation de notre site et de nos services. Cliquez ici !","breadcrumb":{"@id":"https:\/\/nexvision.fr\/fr\/conditions-dutilisation\/#breadcrumb"},"inLanguage":"fr-FR","potentialAction":[{"@type":"ReadAction","target":["https:\/\/nexvision.fr\/fr\/conditions-dutilisation\/"]}]},{"@type":"BreadcrumbList","@id":"https:\/\/nexvision.fr\/fr\/conditions-dutilisation\/#breadcrumb","itemListElement":[{"@type":"ListItem","position":1,"name":"Home","item":"https:\/\/nexvision.fr\/"},{"@type":"ListItem","position":2,"name":"Conditions d&#8217;utilisation"}]},{"@type":"WebSite","@id":"https:\/\/nexvision.fr\/#website","url":"https:\/\/nexvision.fr\/","name":"NEXVISION","description":"Vision solution : optronic system UV night SWIR LWIR Terahertz","publisher":{"@id":"https:\/\/nexvision.fr\/#organization"},"potentialAction":[{"@type":"SearchAction","target":{"@type":"EntryPoint","urlTemplate":"https:\/\/nexvision.fr\/?s={search_term_string}"},"query-input":{"@type":"PropertyValueSpecification","valueRequired":true,"valueName":"search_term_string"}}],"inLanguage":"fr-FR"},{"@type":"Organization","@id":"https:\/\/nexvision.fr\/#organization","name":"NEXVISION","url":"https:\/\/nexvision.fr\/","logo":{"@type":"ImageObject","inLanguage":"fr-FR","@id":"https:\/\/nexvision.fr\/#\/schema\/logo\/image\/","url":"https:\/\/nexvision.fr\/wp-content\/uploads\/2025\/10\/LogoNexvision696px.png","contentUrl":"https:\/\/nexvision.fr\/wp-content\/uploads\/2025\/10\/LogoNexvision696px.png","width":696,"height":696,"caption":"NEXVISION"},"image":{"@id":"https:\/\/nexvision.fr\/#\/schema\/logo\/image\/"}}]}},"_links":{"self":[{"href":"https:\/\/nexvision.fr\/fr\/wp-json\/wp\/v2\/pages\/15703","targetHints":{"allow":["GET"]}}],"collection":[{"href":"https:\/\/nexvision.fr\/fr\/wp-json\/wp\/v2\/pages"}],"about":[{"href":"https:\/\/nexvision.fr\/fr\/wp-json\/wp\/v2\/types\/page"}],"author":[{"embeddable":true,"href":"https:\/\/nexvision.fr\/fr\/wp-json\/wp\/v2\/users\/1"}],"replies":[{"embeddable":true,"href":"https:\/\/nexvision.fr\/fr\/wp-json\/wp\/v2\/comments?post=15703"}],"version-history":[{"count":3,"href":"https:\/\/nexvision.fr\/fr\/wp-json\/wp\/v2\/pages\/15703\/revisions"}],"predecessor-version":[{"id":15706,"href":"https:\/\/nexvision.fr\/fr\/wp-json\/wp\/v2\/pages\/15703\/revisions\/15706"}],"wp:attachment":[{"href":"https:\/\/nexvision.fr\/fr\/wp-json\/wp\/v2\/media?parent=15703"}],"curies":[{"name":"wp","href":"https:\/\/api.w.org\/{rel}","templated":true}]}}