{"id":16049,"date":"2024-08-19T12:30:39","date_gmt":"2024-08-19T10:30:39","guid":{"rendered":"https:\/\/nexvision.dev\/solutions\/services\/oem-reference-design\/"},"modified":"2024-08-19T16:45:32","modified_gmt":"2024-08-19T14:45:32","slug":"oem-reference-design","status":"publish","type":"page","link":"https:\/\/nexvision.fr\/fr\/solutions\/services\/oem-reference-design\/","title":{"rendered":"OEM &#038; Reference Design"},"content":{"rendered":"\t\t<div data-elementor-type=\"wp-page\" data-elementor-id=\"16049\" class=\"elementor elementor-16049 elementor-15844\" data-elementor-post-type=\"page\">\n\t\t\t\t\t\t<section data-particle_enable=\"false\" data-particle-mobile-disabled=\"false\" class=\"elementor-section elementor-top-section elementor-element elementor-element-09fa33f elementor-section-height-min-height elementor-section-stretched elementor-section-boxed elementor-section-height-default elementor-section-items-middle\" data-id=\"09fa33f\" data-element_type=\"section\" data-e-type=\"section\" data-settings=\"{&quot;stretch_section&quot;:&quot;section-stretched&quot;,&quot;background_background&quot;:&quot;classic&quot;}\">\n\t\t\t\t\t\t\t<div class=\"elementor-background-overlay\"><\/div>\n\t\t\t\t\t\t\t<div class=\"elementor-container elementor-column-gap-no\">\n\t\t\t\t\t<div class=\"elementor-column elementor-col-100 elementor-top-column elementor-element elementor-element-4da22c2\" data-id=\"4da22c2\" data-element_type=\"column\" data-e-type=\"column\">\n\t\t\t<div class=\"elementor-widget-wrap elementor-element-populated\">\n\t\t\t\t\t\t<div class=\"elementor-element elementor-element-2b9404d elementor-widget elementor-widget-heading\" data-id=\"2b9404d\" data-element_type=\"widget\" data-e-type=\"widget\" data-widget_type=\"heading.default\">\n\t\t\t\t<div class=\"elementor-widget-container\">\n\t\t\t\t\t<h1 class=\"elementor-heading-title elementor-size-default\">OEM &#038; Reference Design<\/h1>\t\t\t\t<\/div>\n\t\t\t\t<\/div>\n\t\t\t\t\t<\/div>\n\t\t<\/div>\n\t\t\t\t\t<\/div>\n\t\t<\/section>\n\t\t\t\t<section data-particle_enable=\"false\" data-particle-mobile-disabled=\"false\" class=\"elementor-section elementor-top-section elementor-element elementor-element-42d28a4 elementor-section-content-middle elementor-section-boxed elementor-section-height-default elementor-section-height-default\" data-id=\"42d28a4\" data-element_type=\"section\" data-e-type=\"section\" data-settings=\"{&quot;background_background&quot;:&quot;classic&quot;}\">\n\t\t\t\t\t\t<div class=\"elementor-container elementor-column-gap-default\">\n\t\t\t\t\t<div class=\"elementor-column elementor-col-100 elementor-top-column elementor-element elementor-element-67a7c13\" data-id=\"67a7c13\" data-element_type=\"column\" data-e-type=\"column\">\n\t\t\t<div class=\"elementor-widget-wrap elementor-element-populated\">\n\t\t\t\t\t\t<div class=\"elementor-element elementor-element-fc3583b elementor-widget elementor-widget-text-editor\" data-id=\"fc3583b\" data-element_type=\"widget\" data-e-type=\"widget\" data-widget_type=\"text-editor.default\">\n\t\t\t\t<div class=\"elementor-widget-container\">\n\t\t\t\t\t\t\t\t\t<p><span><span><a href=\"https:\/\/nexvision.fr\/fr\/accueil\/\">Home<\/a><\/span><\/span><\/p>\n\t\t\t\t\t\t\t\t<\/div>\n\t\t\t\t<\/div>\n\t\t\t\t\t<\/div>\n\t\t<\/div>\n\t\t\t\t\t<\/div>\n\t\t<\/section>\n\t\t\t\t<section data-particle_enable=\"false\" data-particle-mobile-disabled=\"false\" class=\"elementor-section elementor-top-section elementor-element elementor-element-f65e192 elementor-section-boxed elementor-section-height-default elementor-section-height-default\" data-id=\"f65e192\" data-element_type=\"section\" data-e-type=\"section\">\n\t\t\t\t\t\t<div class=\"elementor-container elementor-column-gap-default\">\n\t\t\t\t\t<div class=\"elementor-column elementor-col-100 elementor-top-column elementor-element elementor-element-3571d2a\" data-id=\"3571d2a\" data-element_type=\"column\" data-e-type=\"column\">\n\t\t\t<div class=\"elementor-widget-wrap elementor-element-populated\">\n\t\t\t\t\t\t<div class=\"elementor-element elementor-element-f2a1566 elementor-widget elementor-widget-text-editor\" data-id=\"f2a1566\" data-element_type=\"widget\" data-e-type=\"widget\" data-widget_type=\"text-editor.default\">\n\t\t\t\t<div class=\"elementor-widget-container\">\n\t\t\t\t\t\t\t\t\t<p>Pour vous permettre de tester rapidement un produit qui correspondrait \u00e0 ce que vous avez imagin\u00e9, nous proposons des Reference Design, test\u00e9s, approuv\u00e9s et tr\u00e8s largement personnalisables.<\/p>\n<p>La plupart de nos reference designs sont d\u00e9j\u00e0 certifi\u00e9s.<\/p>\n<p>Nous proposons des services OEM pour ces designs que ce soit avec ou sans personnalisation, selon le volume et le rapport co\u00fbt\/fonctionnalit\u00e9s.<\/p>\n\t\t\t\t\t\t\t\t<\/div>\n\t\t\t\t<\/div>\n\t\t\t\t\t<\/div>\n\t\t<\/div>\n\t\t\t\t\t<\/div>\n\t\t<\/section>\n\t\t\t\t<\/div>\n\t\t","protected":false},"excerpt":{"rendered":"<p>Pour vous permettre de tester rapidement un produit qui correspondrait \u00e0 ce que vous avez imagin\u00e9, nous proposons des Reference Design, test\u00e9s, approuv\u00e9s et tr\u00e8s largement personnalisables. La plupart de nos reference designs sont d\u00e9j\u00e0 certifi\u00e9s. Nous proposons des services OEM pour ces designs que ce soit avec ou sans personnalisation, selon le volume et [&hellip;]<\/p>\n","protected":false},"author":1,"featured_media":0,"parent":16045,"menu_order":0,"comment_status":"closed","ping_status":"closed","template":"elementor_header_footer","meta":{"_acf_changed":false,"inline_featured_image":false,"_monsterinsights_skip_tracking":false,"_monsterinsights_sitenote_active":false,"_monsterinsights_sitenote_note":"","_monsterinsights_sitenote_category":0,"footnotes":""},"class_list":["post-16049","page","type-page","status-publish","hentry"],"acf":[],"yoast_head":"<!-- This site is optimized with the Yoast SEO plugin v27.2 - https:\/\/yoast.com\/product\/yoast-seo-wordpress\/ -->\n<title>OEM &amp; Reference Design<\/title>\n<meta name=\"description\" content=\"Optimisez vos projets avec notre service de design OEM sur mesure. D\u00e9couvrez nos solutions ici !\" \/>\n<meta name=\"robots\" content=\"index, follow, max-snippet:-1, max-image-preview:large, max-video-preview:-1\" \/>\n<link rel=\"canonical\" href=\"https:\/\/nexvision.fr\/fr\/solutions\/services\/oem-reference-design\/\" \/>\n<meta property=\"og:locale\" content=\"fr_FR\" \/>\n<meta property=\"og:type\" content=\"article\" \/>\n<meta property=\"og:title\" content=\"OEM &amp; Reference Design\" \/>\n<meta property=\"og:description\" content=\"Optimisez vos projets avec notre service de design OEM sur mesure. D\u00e9couvrez nos solutions ici !\" \/>\n<meta property=\"og:url\" content=\"https:\/\/nexvision.fr\/fr\/solutions\/services\/oem-reference-design\/\" \/>\n<meta property=\"og:site_name\" content=\"NEXVISION\" \/>\n<meta property=\"article:modified_time\" content=\"2024-08-19T14:45:32+00:00\" \/>\n<meta name=\"twitter:card\" content=\"summary_large_image\" \/>\n<script type=\"application\/ld+json\" class=\"yoast-schema-graph\">{\"@context\":\"https:\/\/schema.org\",\"@graph\":[{\"@type\":\"WebPage\",\"@id\":\"https:\/\/nexvision.fr\/fr\/solutions\/services\/oem-reference-design\/\",\"url\":\"https:\/\/nexvision.fr\/fr\/solutions\/services\/oem-reference-design\/\",\"name\":\"OEM & Reference Design\",\"isPartOf\":{\"@id\":\"https:\/\/nexvision.fr\/#website\"},\"datePublished\":\"2024-08-19T10:30:39+00:00\",\"dateModified\":\"2024-08-19T14:45:32+00:00\",\"description\":\"Optimisez vos projets avec notre service de design OEM sur mesure. D\u00e9couvrez nos solutions ici !\",\"breadcrumb\":{\"@id\":\"https:\/\/nexvision.fr\/fr\/solutions\/services\/oem-reference-design\/#breadcrumb\"},\"inLanguage\":\"fr-FR\",\"potentialAction\":[{\"@type\":\"ReadAction\",\"target\":[\"https:\/\/nexvision.fr\/fr\/solutions\/services\/oem-reference-design\/\"]}]},{\"@type\":\"BreadcrumbList\",\"@id\":\"https:\/\/nexvision.fr\/fr\/solutions\/services\/oem-reference-design\/#breadcrumb\",\"itemListElement\":[{\"@type\":\"ListItem\",\"position\":1,\"name\":\"Home\",\"item\":\"https:\/\/nexvision.fr\/fr\/accueil\/\"},{\"@type\":\"ListItem\",\"position\":2,\"name\":\"Solutions\",\"item\":\"https:\/\/nexvision.fr\/fr\/solutions\/\"},{\"@type\":\"ListItem\",\"position\":3,\"name\":\"Services\",\"item\":\"https:\/\/nexvision.fr\/fr\/solutions\/services\/\"},{\"@type\":\"ListItem\",\"position\":4,\"name\":\"OEM &#038; Reference Design\"}]},{\"@type\":\"WebSite\",\"@id\":\"https:\/\/nexvision.fr\/#website\",\"url\":\"https:\/\/nexvision.fr\/\",\"name\":\"NEXVISION\",\"description\":\"Vision solution : optronic system UV night SWIR LWIR Terahertz\",\"publisher\":{\"@id\":\"https:\/\/nexvision.fr\/#organization\"},\"potentialAction\":[{\"@type\":\"SearchAction\",\"target\":{\"@type\":\"EntryPoint\",\"urlTemplate\":\"https:\/\/nexvision.fr\/?s={search_term_string}\"},\"query-input\":{\"@type\":\"PropertyValueSpecification\",\"valueRequired\":true,\"valueName\":\"search_term_string\"}}],\"inLanguage\":\"fr-FR\"},{\"@type\":\"Organization\",\"@id\":\"https:\/\/nexvision.fr\/#organization\",\"name\":\"NEXVISION\",\"url\":\"https:\/\/nexvision.fr\/\",\"logo\":{\"@type\":\"ImageObject\",\"inLanguage\":\"fr-FR\",\"@id\":\"https:\/\/nexvision.fr\/#\/schema\/logo\/image\/\",\"url\":\"https:\/\/nexvision.fr\/wp-content\/uploads\/2025\/10\/LogoNexvision696px.png\",\"contentUrl\":\"https:\/\/nexvision.fr\/wp-content\/uploads\/2025\/10\/LogoNexvision696px.png\",\"width\":696,\"height\":696,\"caption\":\"NEXVISION\"},\"image\":{\"@id\":\"https:\/\/nexvision.fr\/#\/schema\/logo\/image\/\"}}]}<\/script>\n<!-- \/ Yoast SEO plugin. -->","yoast_head_json":{"title":"OEM & Reference Design","description":"Optimisez vos projets avec notre service de design OEM sur mesure. D\u00e9couvrez nos solutions ici !","robots":{"index":"index","follow":"follow","max-snippet":"max-snippet:-1","max-image-preview":"max-image-preview:large","max-video-preview":"max-video-preview:-1"},"canonical":"https:\/\/nexvision.fr\/fr\/solutions\/services\/oem-reference-design\/","og_locale":"fr_FR","og_type":"article","og_title":"OEM & Reference Design","og_description":"Optimisez vos projets avec notre service de design OEM sur mesure. D\u00e9couvrez nos solutions ici !","og_url":"https:\/\/nexvision.fr\/fr\/solutions\/services\/oem-reference-design\/","og_site_name":"NEXVISION","article_modified_time":"2024-08-19T14:45:32+00:00","twitter_card":"summary_large_image","schema":{"@context":"https:\/\/schema.org","@graph":[{"@type":"WebPage","@id":"https:\/\/nexvision.fr\/fr\/solutions\/services\/oem-reference-design\/","url":"https:\/\/nexvision.fr\/fr\/solutions\/services\/oem-reference-design\/","name":"OEM & Reference Design","isPartOf":{"@id":"https:\/\/nexvision.fr\/#website"},"datePublished":"2024-08-19T10:30:39+00:00","dateModified":"2024-08-19T14:45:32+00:00","description":"Optimisez vos projets avec notre service de design OEM sur mesure. D\u00e9couvrez nos solutions ici !","breadcrumb":{"@id":"https:\/\/nexvision.fr\/fr\/solutions\/services\/oem-reference-design\/#breadcrumb"},"inLanguage":"fr-FR","potentialAction":[{"@type":"ReadAction","target":["https:\/\/nexvision.fr\/fr\/solutions\/services\/oem-reference-design\/"]}]},{"@type":"BreadcrumbList","@id":"https:\/\/nexvision.fr\/fr\/solutions\/services\/oem-reference-design\/#breadcrumb","itemListElement":[{"@type":"ListItem","position":1,"name":"Home","item":"https:\/\/nexvision.fr\/fr\/accueil\/"},{"@type":"ListItem","position":2,"name":"Solutions","item":"https:\/\/nexvision.fr\/fr\/solutions\/"},{"@type":"ListItem","position":3,"name":"Services","item":"https:\/\/nexvision.fr\/fr\/solutions\/services\/"},{"@type":"ListItem","position":4,"name":"OEM &#038; Reference Design"}]},{"@type":"WebSite","@id":"https:\/\/nexvision.fr\/#website","url":"https:\/\/nexvision.fr\/","name":"NEXVISION","description":"Vision solution : optronic system UV night SWIR LWIR Terahertz","publisher":{"@id":"https:\/\/nexvision.fr\/#organization"},"potentialAction":[{"@type":"SearchAction","target":{"@type":"EntryPoint","urlTemplate":"https:\/\/nexvision.fr\/?s={search_term_string}"},"query-input":{"@type":"PropertyValueSpecification","valueRequired":true,"valueName":"search_term_string"}}],"inLanguage":"fr-FR"},{"@type":"Organization","@id":"https:\/\/nexvision.fr\/#organization","name":"NEXVISION","url":"https:\/\/nexvision.fr\/","logo":{"@type":"ImageObject","inLanguage":"fr-FR","@id":"https:\/\/nexvision.fr\/#\/schema\/logo\/image\/","url":"https:\/\/nexvision.fr\/wp-content\/uploads\/2025\/10\/LogoNexvision696px.png","contentUrl":"https:\/\/nexvision.fr\/wp-content\/uploads\/2025\/10\/LogoNexvision696px.png","width":696,"height":696,"caption":"NEXVISION"},"image":{"@id":"https:\/\/nexvision.fr\/#\/schema\/logo\/image\/"}}]}},"_links":{"self":[{"href":"https:\/\/nexvision.fr\/fr\/wp-json\/wp\/v2\/pages\/16049","targetHints":{"allow":["GET"]}}],"collection":[{"href":"https:\/\/nexvision.fr\/fr\/wp-json\/wp\/v2\/pages"}],"about":[{"href":"https:\/\/nexvision.fr\/fr\/wp-json\/wp\/v2\/types\/page"}],"author":[{"embeddable":true,"href":"https:\/\/nexvision.fr\/fr\/wp-json\/wp\/v2\/users\/1"}],"replies":[{"embeddable":true,"href":"https:\/\/nexvision.fr\/fr\/wp-json\/wp\/v2\/comments?post=16049"}],"version-history":[{"count":1,"href":"https:\/\/nexvision.fr\/fr\/wp-json\/wp\/v2\/pages\/16049\/revisions"}],"predecessor-version":[{"id":16050,"href":"https:\/\/nexvision.fr\/fr\/wp-json\/wp\/v2\/pages\/16049\/revisions\/16050"}],"up":[{"embeddable":true,"href":"https:\/\/nexvision.fr\/fr\/wp-json\/wp\/v2\/pages\/16045"}],"wp:attachment":[{"href":"https:\/\/nexvision.fr\/fr\/wp-json\/wp\/v2\/media?parent=16049"}],"curies":[{"name":"wp","href":"https:\/\/api.w.org\/{rel}","templated":true}]}}