{"id":16051,"date":"2024-08-19T12:16:58","date_gmt":"2024-08-19T10:16:58","guid":{"rendered":"https:\/\/nexvision.dev\/solutions\/services\/etude-conception-de-design\/"},"modified":"2024-08-19T16:48:08","modified_gmt":"2024-08-19T14:48:08","slug":"etude-conception-de-design","status":"publish","type":"page","link":"https:\/\/nexvision.fr\/fr\/solutions\/services\/etude-conception-de-design\/","title":{"rendered":"\u00c9tude &#038; Conception de design"},"content":{"rendered":"\t\t<div data-elementor-type=\"wp-page\" data-elementor-id=\"16051\" class=\"elementor elementor-16051 elementor-15823\" data-elementor-post-type=\"page\">\n\t\t\t\t\t\t<section data-particle_enable=\"false\" data-particle-mobile-disabled=\"false\" class=\"elementor-section elementor-top-section elementor-element elementor-element-b3ea85e elementor-section-height-min-height elementor-section-stretched elementor-section-boxed elementor-section-height-default elementor-section-items-middle\" data-id=\"b3ea85e\" data-element_type=\"section\" data-e-type=\"section\" data-settings=\"{&quot;stretch_section&quot;:&quot;section-stretched&quot;,&quot;background_background&quot;:&quot;classic&quot;}\">\n\t\t\t\t\t\t\t<div class=\"elementor-background-overlay\"><\/div>\n\t\t\t\t\t\t\t<div class=\"elementor-container elementor-column-gap-no\">\n\t\t\t\t\t<div class=\"elementor-column elementor-col-100 elementor-top-column elementor-element elementor-element-52aa853\" data-id=\"52aa853\" data-element_type=\"column\" data-e-type=\"column\">\n\t\t\t<div class=\"elementor-widget-wrap elementor-element-populated\">\n\t\t\t\t\t\t<div class=\"elementor-element elementor-element-ad1a0e9 elementor-widget elementor-widget-heading\" data-id=\"ad1a0e9\" data-element_type=\"widget\" data-e-type=\"widget\" data-widget_type=\"heading.default\">\n\t\t\t\t<div class=\"elementor-widget-container\">\n\t\t\t\t\t<h1 class=\"elementor-heading-title elementor-size-default\">\u00c9tude &#038; Conception de design<\/h1>\t\t\t\t<\/div>\n\t\t\t\t<\/div>\n\t\t\t\t\t<\/div>\n\t\t<\/div>\n\t\t\t\t\t<\/div>\n\t\t<\/section>\n\t\t\t\t<section data-particle_enable=\"false\" data-particle-mobile-disabled=\"false\" class=\"elementor-section elementor-top-section elementor-element elementor-element-2159c43 elementor-section-content-middle elementor-section-boxed elementor-section-height-default elementor-section-height-default\" data-id=\"2159c43\" data-element_type=\"section\" data-e-type=\"section\" data-settings=\"{&quot;background_background&quot;:&quot;classic&quot;}\">\n\t\t\t\t\t\t<div class=\"elementor-container elementor-column-gap-default\">\n\t\t\t\t\t<div class=\"elementor-column elementor-col-100 elementor-top-column elementor-element elementor-element-9a06c60\" data-id=\"9a06c60\" data-element_type=\"column\" data-e-type=\"column\">\n\t\t\t<div class=\"elementor-widget-wrap elementor-element-populated\">\n\t\t\t\t\t\t<div class=\"elementor-element elementor-element-ef0b7ca elementor-widget elementor-widget-text-editor\" data-id=\"ef0b7ca\" data-element_type=\"widget\" data-e-type=\"widget\" data-widget_type=\"text-editor.default\">\n\t\t\t\t<div class=\"elementor-widget-container\">\n\t\t\t\t\t\t\t\t\t<p><span><span><a href=\"https:\/\/nexvision.fr\/\">Home<\/a><\/span><\/span><\/p>\n\t\t\t\t\t\t\t\t<\/div>\n\t\t\t\t<\/div>\n\t\t\t\t\t<\/div>\n\t\t<\/div>\n\t\t\t\t\t<\/div>\n\t\t<\/section>\n\t\t\t\t<section data-particle_enable=\"false\" data-particle-mobile-disabled=\"false\" class=\"elementor-section elementor-top-section elementor-element elementor-element-6945cb8 elementor-section-boxed elementor-section-height-default elementor-section-height-default\" data-id=\"6945cb8\" data-element_type=\"section\" data-e-type=\"section\">\n\t\t\t\t\t\t<div class=\"elementor-container elementor-column-gap-default\">\n\t\t\t\t\t<div class=\"elementor-column elementor-col-100 elementor-top-column elementor-element elementor-element-4646c65\" data-id=\"4646c65\" data-element_type=\"column\" data-e-type=\"column\">\n\t\t\t<div class=\"elementor-widget-wrap elementor-element-populated\">\n\t\t\t\t\t\t<div class=\"elementor-element elementor-element-2891894 elementor-widget elementor-widget-text-editor\" data-id=\"2891894\" data-element_type=\"widget\" data-e-type=\"widget\" data-widget_type=\"text-editor.default\">\n\t\t\t\t<div class=\"elementor-widget-container\">\n\t\t\t\t\t\t\t\t\t<p>Nous proposons une expertise \u00e0 haute valeur ajout\u00e9e pour vos projets d\u2019ing\u00e9nierie qui concernent l\u2019\u00e9lectronique et le d\u00e9veloppement de logiciels appliqu\u00e9s aux syst\u00e8mes de vision type cam\u00e9ra vid\u00e9o.<\/p>\n<p>Nous ferons les choix les plus appropri\u00e9s pour que la solution finale corresponde le mieux possible \u00e0 votre besoin et nous vous aiderons \u00e0 faire des choix techniques lorsque ceci sera n\u00e9cessaire.<\/p>\n<p>Nous avons des ing\u00e9nieurs experts dans les domaines suivants :<\/p>\n<div class=\"mx-title\">\n<h3 class=\"post-title\">\u00c9lectronique<\/h3>\n<\/div>\n<ul>\n<li>Design \u00e9lectronique<\/li>\n<li>Routage<\/li>\n<li>Signaux haute fr\u00e9quence<\/li>\n<li>\u00c9lectronique analogique<\/li>\n<li>Liens grande vitesse<\/li>\n<li>FPGA \/ CPU \/ capteurs vid\u00e9o<\/li>\n<\/ul>\n<div class=\"row mx-space small \"><\/div>\n<div class=\"mx-title\">\n<h3 class=\"post-title\">Design de circuits logiques<\/h3>\n<\/div>\n<ul>\n<li>Code VHDL<\/li>\n<li>Int\u00e9grateur de propri\u00e9t\u00e9 intellectuelle<\/li>\n<li>Fournisseur de propri\u00e9t\u00e9 intellectuelle<\/li>\n<\/ul>\n<div class=\"row mx-space small \"><\/div>\n<div class=\"mx-title\">\n<h3 class=\"post-title\">D\u00e9veloppement logiciel<\/h3>\n<\/div>\n<ul>\n<li>D\u00e9veloppement de logiciel embarqu\u00e9<\/li>\n<li>Logiciel et traitement de donn\u00e9es sur PC<\/li>\n<\/ul>\n<div class=\"row mx-space small \"><\/div>\n<div class=\"mx-title\">\n<h3 class=\"post-title\">Standards audio \/ vid\u00e9o<\/h3>\n<\/div>\n<ul>\n<li>H264<\/li>\n<li>MPEG4<\/li>\n<li>MJPEG<\/li>\n<li>AAC<\/li>\n<li>MP3<\/li>\n<\/ul>\n<div class=\"row mx-space small \"><\/div>\n<div class=\"mx-title\">\n<h3 class=\"post-title\">Optique<\/h3>\n<\/div>\n<p>S\u00e9lection des optiques<\/p>\n<div class=\"row mx-space small \"><\/div>\n<div class=\"mx-title\">\n<h3 class=\"post-title\">Certification<\/h3>\n<\/div>\n<p>Nous travaillons en \u00e9troite collaboration avec des laboratoires de certification externes, notamment concernant la compatibilit\u00e9 \u00e9lectromagn\u00e9tique des solutions que nous concevons.<\/p>\n<p>Dans chaque design optronique que nous r\u00e9alisons, nous int\u00e9grons d\u00e8s le d\u00e9part les contraintes des certifications industrielles type CE\/FCC\/UL.<\/p>\n<div class=\"row mx-space small \"><\/div>\n<div class=\"mx-title\">\n<h3 class=\"post-title\">Ligne de production<\/h3>\n<\/div>\n<p>Une fois que le produit est fini, valid\u00e9 et pr\u00eat \u00e0 \u00eatre commercialis\u00e9, nous pouvons vous accompagner sur la mise en place de la production industrielle \u00e0 grande \u00e9chelle avec une ou plusieurs usines.<\/p>\n<p>Pour cela, nous avons d\u00e9velopp\u00e9 des outils de contr\u00f4le qualit\u00e9 pour nous assurer que le produit sorti d\u2019usine correspond bien au produit souhait\u00e9.<\/p>\n\t\t\t\t\t\t\t\t<\/div>\n\t\t\t\t<\/div>\n\t\t\t\t\t<\/div>\n\t\t<\/div>\n\t\t\t\t\t<\/div>\n\t\t<\/section>\n\t\t\t\t<\/div>\n\t\t","protected":false},"excerpt":{"rendered":"<p>Nous proposons une expertise \u00e0 haute valeur ajout\u00e9e pour vos projets d\u2019ing\u00e9nierie qui concernent l\u2019\u00e9lectronique et le d\u00e9veloppement de logiciels appliqu\u00e9s aux syst\u00e8mes de vision type cam\u00e9ra vid\u00e9o. Nous ferons les choix les plus appropri\u00e9s pour que la solution finale corresponde le mieux possible \u00e0 votre besoin et nous vous aiderons \u00e0 faire des choix [&hellip;]<\/p>\n","protected":false},"author":1,"featured_media":0,"parent":16045,"menu_order":0,"comment_status":"closed","ping_status":"closed","template":"elementor_header_footer","meta":{"_acf_changed":false,"inline_featured_image":false,"_monsterinsights_skip_tracking":false,"_monsterinsights_sitenote_active":false,"_monsterinsights_sitenote_note":"","_monsterinsights_sitenote_category":0,"footnotes":""},"class_list":["post-16051","page","type-page","status-publish","hentry"],"acf":[],"yoast_head":"<!-- This site is optimized with the Yoast SEO plugin v27.2 - https:\/\/yoast.com\/product\/yoast-seo-wordpress\/ -->\n<title>Bureau d&#039;\u00e9tudes et conception de syst\u00e8mes optroniques<\/title>\n<meta name=\"description\" content=\"Confiez-nous vos projets de design. De l&#039;\u00e9tude \u00e0 la conception, nous cr\u00e9ons des solutions sur mesure. En savoir plus ici !\" \/>\n<meta name=\"robots\" content=\"index, follow, max-snippet:-1, max-image-preview:large, max-video-preview:-1\" \/>\n<link rel=\"canonical\" href=\"https:\/\/nexvision.fr\/fr\/solutions\/services\/etude-conception-de-design\/\" \/>\n<meta property=\"og:locale\" content=\"fr_FR\" \/>\n<meta property=\"og:type\" content=\"article\" \/>\n<meta property=\"og:title\" content=\"Bureau d&#039;\u00e9tudes et conception de syst\u00e8mes optroniques\" \/>\n<meta property=\"og:description\" content=\"Confiez-nous vos projets de design. De l&#039;\u00e9tude \u00e0 la conception, nous cr\u00e9ons des solutions sur mesure. En savoir plus ici !\" \/>\n<meta property=\"og:url\" content=\"https:\/\/nexvision.fr\/fr\/solutions\/services\/etude-conception-de-design\/\" \/>\n<meta property=\"og:site_name\" content=\"NEXVISION\" \/>\n<meta property=\"article:modified_time\" content=\"2024-08-19T14:48:08+00:00\" \/>\n<meta name=\"twitter:card\" content=\"summary_large_image\" \/>\n<meta name=\"twitter:label1\" content=\"Dur\u00e9e de lecture estim\u00e9e\" \/>\n\t<meta name=\"twitter:data1\" content=\"1 minute\" \/>\n<script type=\"application\/ld+json\" class=\"yoast-schema-graph\">{\"@context\":\"https:\/\/schema.org\",\"@graph\":[{\"@type\":\"WebPage\",\"@id\":\"https:\/\/nexvision.fr\/fr\/solutions\/services\/etude-conception-de-design\/\",\"url\":\"https:\/\/nexvision.fr\/fr\/solutions\/services\/etude-conception-de-design\/\",\"name\":\"Bureau d'\u00e9tudes et conception de syst\u00e8mes optroniques\",\"isPartOf\":{\"@id\":\"https:\/\/nexvision.fr\/#website\"},\"datePublished\":\"2024-08-19T10:16:58+00:00\",\"dateModified\":\"2024-08-19T14:48:08+00:00\",\"description\":\"Confiez-nous vos projets de design. De l'\u00e9tude \u00e0 la conception, nous cr\u00e9ons des solutions sur mesure. En savoir plus ici !\",\"breadcrumb\":{\"@id\":\"https:\/\/nexvision.fr\/fr\/solutions\/services\/etude-conception-de-design\/#breadcrumb\"},\"inLanguage\":\"fr-FR\",\"potentialAction\":[{\"@type\":\"ReadAction\",\"target\":[\"https:\/\/nexvision.fr\/fr\/solutions\/services\/etude-conception-de-design\/\"]}]},{\"@type\":\"BreadcrumbList\",\"@id\":\"https:\/\/nexvision.fr\/fr\/solutions\/services\/etude-conception-de-design\/#breadcrumb\",\"itemListElement\":[{\"@type\":\"ListItem\",\"position\":1,\"name\":\"Home\",\"item\":\"https:\/\/nexvision.fr\/\"},{\"@type\":\"ListItem\",\"position\":2,\"name\":\"Solutions\",\"item\":\"https:\/\/nexvision.fr\/fr\/solutions\/\"},{\"@type\":\"ListItem\",\"position\":3,\"name\":\"Services\",\"item\":\"https:\/\/nexvision.fr\/fr\/solutions\/services\/\"},{\"@type\":\"ListItem\",\"position\":4,\"name\":\"\u00c9tude &#038; Conception de design\"}]},{\"@type\":\"WebSite\",\"@id\":\"https:\/\/nexvision.fr\/#website\",\"url\":\"https:\/\/nexvision.fr\/\",\"name\":\"NEXVISION\",\"description\":\"Vision solution : optronic system UV night SWIR LWIR Terahertz\",\"publisher\":{\"@id\":\"https:\/\/nexvision.fr\/#organization\"},\"potentialAction\":[{\"@type\":\"SearchAction\",\"target\":{\"@type\":\"EntryPoint\",\"urlTemplate\":\"https:\/\/nexvision.fr\/?s={search_term_string}\"},\"query-input\":{\"@type\":\"PropertyValueSpecification\",\"valueRequired\":true,\"valueName\":\"search_term_string\"}}],\"inLanguage\":\"fr-FR\"},{\"@type\":\"Organization\",\"@id\":\"https:\/\/nexvision.fr\/#organization\",\"name\":\"NEXVISION\",\"url\":\"https:\/\/nexvision.fr\/\",\"logo\":{\"@type\":\"ImageObject\",\"inLanguage\":\"fr-FR\",\"@id\":\"https:\/\/nexvision.fr\/#\/schema\/logo\/image\/\",\"url\":\"https:\/\/nexvision.fr\/wp-content\/uploads\/2025\/10\/LogoNexvision696px.png\",\"contentUrl\":\"https:\/\/nexvision.fr\/wp-content\/uploads\/2025\/10\/LogoNexvision696px.png\",\"width\":696,\"height\":696,\"caption\":\"NEXVISION\"},\"image\":{\"@id\":\"https:\/\/nexvision.fr\/#\/schema\/logo\/image\/\"}}]}<\/script>\n<!-- \/ Yoast SEO plugin. -->","yoast_head_json":{"title":"Bureau d'\u00e9tudes et conception de syst\u00e8mes optroniques","description":"Confiez-nous vos projets de design. De l'\u00e9tude \u00e0 la conception, nous cr\u00e9ons des solutions sur mesure. En savoir plus ici !","robots":{"index":"index","follow":"follow","max-snippet":"max-snippet:-1","max-image-preview":"max-image-preview:large","max-video-preview":"max-video-preview:-1"},"canonical":"https:\/\/nexvision.fr\/fr\/solutions\/services\/etude-conception-de-design\/","og_locale":"fr_FR","og_type":"article","og_title":"Bureau d'\u00e9tudes et conception de syst\u00e8mes optroniques","og_description":"Confiez-nous vos projets de design. De l'\u00e9tude \u00e0 la conception, nous cr\u00e9ons des solutions sur mesure. En savoir plus ici !","og_url":"https:\/\/nexvision.fr\/fr\/solutions\/services\/etude-conception-de-design\/","og_site_name":"NEXVISION","article_modified_time":"2024-08-19T14:48:08+00:00","twitter_card":"summary_large_image","twitter_misc":{"Dur\u00e9e de lecture estim\u00e9e":"1 minute"},"schema":{"@context":"https:\/\/schema.org","@graph":[{"@type":"WebPage","@id":"https:\/\/nexvision.fr\/fr\/solutions\/services\/etude-conception-de-design\/","url":"https:\/\/nexvision.fr\/fr\/solutions\/services\/etude-conception-de-design\/","name":"Bureau d'\u00e9tudes et conception de syst\u00e8mes optroniques","isPartOf":{"@id":"https:\/\/nexvision.fr\/#website"},"datePublished":"2024-08-19T10:16:58+00:00","dateModified":"2024-08-19T14:48:08+00:00","description":"Confiez-nous vos projets de design. De l'\u00e9tude \u00e0 la conception, nous cr\u00e9ons des solutions sur mesure. En savoir plus ici !","breadcrumb":{"@id":"https:\/\/nexvision.fr\/fr\/solutions\/services\/etude-conception-de-design\/#breadcrumb"},"inLanguage":"fr-FR","potentialAction":[{"@type":"ReadAction","target":["https:\/\/nexvision.fr\/fr\/solutions\/services\/etude-conception-de-design\/"]}]},{"@type":"BreadcrumbList","@id":"https:\/\/nexvision.fr\/fr\/solutions\/services\/etude-conception-de-design\/#breadcrumb","itemListElement":[{"@type":"ListItem","position":1,"name":"Home","item":"https:\/\/nexvision.fr\/"},{"@type":"ListItem","position":2,"name":"Solutions","item":"https:\/\/nexvision.fr\/fr\/solutions\/"},{"@type":"ListItem","position":3,"name":"Services","item":"https:\/\/nexvision.fr\/fr\/solutions\/services\/"},{"@type":"ListItem","position":4,"name":"\u00c9tude &#038; Conception de design"}]},{"@type":"WebSite","@id":"https:\/\/nexvision.fr\/#website","url":"https:\/\/nexvision.fr\/","name":"NEXVISION","description":"Vision solution : optronic system UV night SWIR LWIR Terahertz","publisher":{"@id":"https:\/\/nexvision.fr\/#organization"},"potentialAction":[{"@type":"SearchAction","target":{"@type":"EntryPoint","urlTemplate":"https:\/\/nexvision.fr\/?s={search_term_string}"},"query-input":{"@type":"PropertyValueSpecification","valueRequired":true,"valueName":"search_term_string"}}],"inLanguage":"fr-FR"},{"@type":"Organization","@id":"https:\/\/nexvision.fr\/#organization","name":"NEXVISION","url":"https:\/\/nexvision.fr\/","logo":{"@type":"ImageObject","inLanguage":"fr-FR","@id":"https:\/\/nexvision.fr\/#\/schema\/logo\/image\/","url":"https:\/\/nexvision.fr\/wp-content\/uploads\/2025\/10\/LogoNexvision696px.png","contentUrl":"https:\/\/nexvision.fr\/wp-content\/uploads\/2025\/10\/LogoNexvision696px.png","width":696,"height":696,"caption":"NEXVISION"},"image":{"@id":"https:\/\/nexvision.fr\/#\/schema\/logo\/image\/"}}]}},"_links":{"self":[{"href":"https:\/\/nexvision.fr\/fr\/wp-json\/wp\/v2\/pages\/16051","targetHints":{"allow":["GET"]}}],"collection":[{"href":"https:\/\/nexvision.fr\/fr\/wp-json\/wp\/v2\/pages"}],"about":[{"href":"https:\/\/nexvision.fr\/fr\/wp-json\/wp\/v2\/types\/page"}],"author":[{"embeddable":true,"href":"https:\/\/nexvision.fr\/fr\/wp-json\/wp\/v2\/users\/1"}],"replies":[{"embeddable":true,"href":"https:\/\/nexvision.fr\/fr\/wp-json\/wp\/v2\/comments?post=16051"}],"version-history":[{"count":1,"href":"https:\/\/nexvision.fr\/fr\/wp-json\/wp\/v2\/pages\/16051\/revisions"}],"predecessor-version":[{"id":16052,"href":"https:\/\/nexvision.fr\/fr\/wp-json\/wp\/v2\/pages\/16051\/revisions\/16052"}],"up":[{"embeddable":true,"href":"https:\/\/nexvision.fr\/fr\/wp-json\/wp\/v2\/pages\/16045"}],"wp:attachment":[{"href":"https:\/\/nexvision.fr\/fr\/wp-json\/wp\/v2\/media?parent=16051"}],"curies":[{"name":"wp","href":"https:\/\/api.w.org\/{rel}","templated":true}]}}