{"id":16053,"date":"2024-08-19T12:37:54","date_gmt":"2024-08-19T10:37:54","guid":{"rendered":"https:\/\/nexvision.dev\/solutions\/services\/integrateur-systeme\/"},"modified":"2024-08-19T16:48:55","modified_gmt":"2024-08-19T14:48:55","slug":"integrateur-systeme","status":"publish","type":"page","link":"https:\/\/nexvision.fr\/fr\/solutions\/services\/integrateur-systeme\/","title":{"rendered":"Int\u00e9grateur syst\u00e8me"},"content":{"rendered":"\t\t<div data-elementor-type=\"wp-page\" data-elementor-id=\"16053\" class=\"elementor elementor-16053 elementor-15861\" data-elementor-post-type=\"page\">\n\t\t\t\t\t\t<section data-particle_enable=\"false\" data-particle-mobile-disabled=\"false\" class=\"elementor-section elementor-top-section elementor-element elementor-element-e5cabc3 elementor-section-height-min-height elementor-section-stretched elementor-section-boxed elementor-section-height-default elementor-section-items-middle\" data-id=\"e5cabc3\" data-element_type=\"section\" data-e-type=\"section\" data-settings=\"{&quot;stretch_section&quot;:&quot;section-stretched&quot;,&quot;background_background&quot;:&quot;classic&quot;}\">\n\t\t\t\t\t\t\t<div class=\"elementor-background-overlay\"><\/div>\n\t\t\t\t\t\t\t<div class=\"elementor-container elementor-column-gap-no\">\n\t\t\t\t\t<div class=\"elementor-column elementor-col-100 elementor-top-column elementor-element elementor-element-feae28d\" data-id=\"feae28d\" data-element_type=\"column\" data-e-type=\"column\">\n\t\t\t<div class=\"elementor-widget-wrap elementor-element-populated\">\n\t\t\t\t\t\t<div class=\"elementor-element elementor-element-11139e1 elementor-widget elementor-widget-heading\" data-id=\"11139e1\" data-element_type=\"widget\" data-e-type=\"widget\" data-widget_type=\"heading.default\">\n\t\t\t\t<div class=\"elementor-widget-container\">\n\t\t\t\t\t<h1 class=\"elementor-heading-title elementor-size-default\">Int\u00e9grateur syst\u00e8me<\/h1>\t\t\t\t<\/div>\n\t\t\t\t<\/div>\n\t\t\t\t\t<\/div>\n\t\t<\/div>\n\t\t\t\t\t<\/div>\n\t\t<\/section>\n\t\t\t\t<section data-particle_enable=\"false\" data-particle-mobile-disabled=\"false\" class=\"elementor-section elementor-top-section elementor-element elementor-element-84205f7 elementor-section-content-middle elementor-section-boxed elementor-section-height-default elementor-section-height-default\" data-id=\"84205f7\" data-element_type=\"section\" data-e-type=\"section\" data-settings=\"{&quot;background_background&quot;:&quot;classic&quot;}\">\n\t\t\t\t\t\t<div class=\"elementor-container elementor-column-gap-default\">\n\t\t\t\t\t<div class=\"elementor-column elementor-col-100 elementor-top-column elementor-element elementor-element-d13a96f\" data-id=\"d13a96f\" data-element_type=\"column\" data-e-type=\"column\">\n\t\t\t<div class=\"elementor-widget-wrap elementor-element-populated\">\n\t\t\t\t\t\t<div class=\"elementor-element elementor-element-72b0624 elementor-widget elementor-widget-text-editor\" data-id=\"72b0624\" data-element_type=\"widget\" data-e-type=\"widget\" data-widget_type=\"text-editor.default\">\n\t\t\t\t<div class=\"elementor-widget-container\">\n\t\t\t\t\t\t\t\t\t<p><span><span><a href=\"https:\/\/nexvision.fr\/fr\/accueil\/\">Home<\/a><\/span><\/span><\/p>\n\t\t\t\t\t\t\t\t<\/div>\n\t\t\t\t<\/div>\n\t\t\t\t\t<\/div>\n\t\t<\/div>\n\t\t\t\t\t<\/div>\n\t\t<\/section>\n\t\t\t\t<section data-particle_enable=\"false\" data-particle-mobile-disabled=\"false\" class=\"elementor-section elementor-top-section elementor-element elementor-element-efc7276 elementor-section-boxed elementor-section-height-default elementor-section-height-default\" data-id=\"efc7276\" data-element_type=\"section\" data-e-type=\"section\">\n\t\t\t\t\t\t<div class=\"elementor-container elementor-column-gap-default\">\n\t\t\t\t\t<div class=\"elementor-column elementor-col-100 elementor-top-column elementor-element elementor-element-33c8c4d\" data-id=\"33c8c4d\" data-element_type=\"column\" data-e-type=\"column\">\n\t\t\t<div class=\"elementor-widget-wrap elementor-element-populated\">\n\t\t\t\t\t\t<div class=\"elementor-element elementor-element-852a12b elementor-widget elementor-widget-text-editor\" data-id=\"852a12b\" data-element_type=\"widget\" data-e-type=\"widget\" data-widget_type=\"text-editor.default\">\n\t\t\t\t<div class=\"elementor-widget-container\">\n\t\t\t\t\t\t\t\t\t<p>Notre expertise technique dans les syst\u00e8mes de vision s\u2019\u00e9tendant sur toute la chaine, nous proposons des services d\u2019int\u00e9grateur syst\u00e8me pour le march\u00e9 de la vid\u00e9osurveillance, depuis le r\u00e9seau de communication (WIFI, Wimax, 3G, 4G) jusqu\u2019au choix des cam\u00e9ras, des fonctionnalit\u00e9s, du logiciel de monitoring, de la maintenance, de la r\u00e9alisation et num\u00e9risation de la cartographie, l\u2019enregistrement des donn\u00e9es et les back-up.<\/p>\n<p>Par exemple, vous pouvez consulter notre solution compl\u00e8te de vid\u00e9osurveillance pour les villes.<\/p>\n\t\t\t\t\t\t\t\t<\/div>\n\t\t\t\t<\/div>\n\t\t\t\t\t<\/div>\n\t\t<\/div>\n\t\t\t\t\t<\/div>\n\t\t<\/section>\n\t\t\t\t<\/div>\n\t\t","protected":false},"excerpt":{"rendered":"<p>Notre expertise technique dans les syst\u00e8mes de vision s\u2019\u00e9tendant sur toute la chaine, nous proposons des services d\u2019int\u00e9grateur syst\u00e8me pour le march\u00e9 de la vid\u00e9osurveillance, depuis le r\u00e9seau de communication (WIFI, Wimax, 3G, 4G) jusqu\u2019au choix des cam\u00e9ras, des fonctionnalit\u00e9s, du logiciel de monitoring, de la maintenance, de la r\u00e9alisation et num\u00e9risation de la cartographie, [&hellip;]<\/p>\n","protected":false},"author":1,"featured_media":0,"parent":16045,"menu_order":0,"comment_status":"closed","ping_status":"closed","template":"elementor_header_footer","meta":{"_acf_changed":false,"inline_featured_image":false,"_monsterinsights_skip_tracking":false,"_monsterinsights_sitenote_active":false,"_monsterinsights_sitenote_note":"","_monsterinsights_sitenote_category":0,"footnotes":""},"class_list":["post-16053","page","type-page","status-publish","hentry"],"acf":[],"yoast_head":"<!-- This site is optimized with the Yoast SEO plugin v27.2 - https:\/\/yoast.com\/product\/yoast-seo-wordpress\/ -->\n<title>Int\u00e9grateur syst\u00e8me r\u00e9seau de cam\u00e9ra vid\u00e9o &amp; technologies IP<\/title>\n<meta name=\"description\" content=\"Optimisez vos projets avec nos services d&#039;int\u00e9gration syst\u00e8me sur mesure. D\u00e9couvrez nos solutions ici !\" \/>\n<meta name=\"robots\" content=\"index, follow, max-snippet:-1, max-image-preview:large, max-video-preview:-1\" \/>\n<link rel=\"canonical\" href=\"https:\/\/nexvision.fr\/fr\/solutions\/services\/integrateur-systeme\/\" \/>\n<meta property=\"og:locale\" content=\"fr_FR\" \/>\n<meta property=\"og:type\" content=\"article\" \/>\n<meta property=\"og:title\" content=\"Int\u00e9grateur syst\u00e8me r\u00e9seau de cam\u00e9ra vid\u00e9o &amp; technologies IP\" \/>\n<meta property=\"og:description\" content=\"Optimisez vos projets avec nos services d&#039;int\u00e9gration syst\u00e8me sur mesure. D\u00e9couvrez nos solutions ici !\" \/>\n<meta property=\"og:url\" content=\"https:\/\/nexvision.fr\/fr\/solutions\/services\/integrateur-systeme\/\" \/>\n<meta property=\"og:site_name\" content=\"NEXVISION\" \/>\n<meta property=\"article:modified_time\" content=\"2024-08-19T14:48:55+00:00\" \/>\n<meta name=\"twitter:card\" content=\"summary_large_image\" \/>\n<script type=\"application\/ld+json\" class=\"yoast-schema-graph\">{\"@context\":\"https:\/\/schema.org\",\"@graph\":[{\"@type\":\"WebPage\",\"@id\":\"https:\/\/nexvision.fr\/fr\/solutions\/services\/integrateur-systeme\/\",\"url\":\"https:\/\/nexvision.fr\/fr\/solutions\/services\/integrateur-systeme\/\",\"name\":\"Int\u00e9grateur syst\u00e8me r\u00e9seau de cam\u00e9ra vid\u00e9o & technologies IP\",\"isPartOf\":{\"@id\":\"https:\/\/nexvision.fr\/#website\"},\"datePublished\":\"2024-08-19T10:37:54+00:00\",\"dateModified\":\"2024-08-19T14:48:55+00:00\",\"description\":\"Optimisez vos projets avec nos services d'int\u00e9gration syst\u00e8me sur mesure. D\u00e9couvrez nos solutions ici !\",\"breadcrumb\":{\"@id\":\"https:\/\/nexvision.fr\/fr\/solutions\/services\/integrateur-systeme\/#breadcrumb\"},\"inLanguage\":\"fr-FR\",\"potentialAction\":[{\"@type\":\"ReadAction\",\"target\":[\"https:\/\/nexvision.fr\/fr\/solutions\/services\/integrateur-systeme\/\"]}]},{\"@type\":\"BreadcrumbList\",\"@id\":\"https:\/\/nexvision.fr\/fr\/solutions\/services\/integrateur-systeme\/#breadcrumb\",\"itemListElement\":[{\"@type\":\"ListItem\",\"position\":1,\"name\":\"Home\",\"item\":\"https:\/\/nexvision.fr\/fr\/accueil\/\"},{\"@type\":\"ListItem\",\"position\":2,\"name\":\"Solutions\",\"item\":\"https:\/\/nexvision.fr\/fr\/solutions\/\"},{\"@type\":\"ListItem\",\"position\":3,\"name\":\"Services\",\"item\":\"https:\/\/nexvision.fr\/fr\/solutions\/services\/\"},{\"@type\":\"ListItem\",\"position\":4,\"name\":\"Int\u00e9grateur syst\u00e8me\"}]},{\"@type\":\"WebSite\",\"@id\":\"https:\/\/nexvision.fr\/#website\",\"url\":\"https:\/\/nexvision.fr\/\",\"name\":\"NEXVISION\",\"description\":\"Vision solution : optronic system UV night SWIR LWIR Terahertz\",\"publisher\":{\"@id\":\"https:\/\/nexvision.fr\/#organization\"},\"potentialAction\":[{\"@type\":\"SearchAction\",\"target\":{\"@type\":\"EntryPoint\",\"urlTemplate\":\"https:\/\/nexvision.fr\/?s={search_term_string}\"},\"query-input\":{\"@type\":\"PropertyValueSpecification\",\"valueRequired\":true,\"valueName\":\"search_term_string\"}}],\"inLanguage\":\"fr-FR\"},{\"@type\":\"Organization\",\"@id\":\"https:\/\/nexvision.fr\/#organization\",\"name\":\"NEXVISION\",\"url\":\"https:\/\/nexvision.fr\/\",\"logo\":{\"@type\":\"ImageObject\",\"inLanguage\":\"fr-FR\",\"@id\":\"https:\/\/nexvision.fr\/#\/schema\/logo\/image\/\",\"url\":\"https:\/\/nexvision.fr\/wp-content\/uploads\/2025\/10\/LogoNexvision696px.png\",\"contentUrl\":\"https:\/\/nexvision.fr\/wp-content\/uploads\/2025\/10\/LogoNexvision696px.png\",\"width\":696,\"height\":696,\"caption\":\"NEXVISION\"},\"image\":{\"@id\":\"https:\/\/nexvision.fr\/#\/schema\/logo\/image\/\"}}]}<\/script>\n<!-- \/ Yoast SEO plugin. -->","yoast_head_json":{"title":"Int\u00e9grateur syst\u00e8me r\u00e9seau de cam\u00e9ra vid\u00e9o & technologies IP","description":"Optimisez vos projets avec nos services d'int\u00e9gration syst\u00e8me sur mesure. D\u00e9couvrez nos solutions ici !","robots":{"index":"index","follow":"follow","max-snippet":"max-snippet:-1","max-image-preview":"max-image-preview:large","max-video-preview":"max-video-preview:-1"},"canonical":"https:\/\/nexvision.fr\/fr\/solutions\/services\/integrateur-systeme\/","og_locale":"fr_FR","og_type":"article","og_title":"Int\u00e9grateur syst\u00e8me r\u00e9seau de cam\u00e9ra vid\u00e9o & technologies IP","og_description":"Optimisez vos projets avec nos services d'int\u00e9gration syst\u00e8me sur mesure. D\u00e9couvrez nos solutions ici !","og_url":"https:\/\/nexvision.fr\/fr\/solutions\/services\/integrateur-systeme\/","og_site_name":"NEXVISION","article_modified_time":"2024-08-19T14:48:55+00:00","twitter_card":"summary_large_image","schema":{"@context":"https:\/\/schema.org","@graph":[{"@type":"WebPage","@id":"https:\/\/nexvision.fr\/fr\/solutions\/services\/integrateur-systeme\/","url":"https:\/\/nexvision.fr\/fr\/solutions\/services\/integrateur-systeme\/","name":"Int\u00e9grateur syst\u00e8me r\u00e9seau de cam\u00e9ra vid\u00e9o & technologies IP","isPartOf":{"@id":"https:\/\/nexvision.fr\/#website"},"datePublished":"2024-08-19T10:37:54+00:00","dateModified":"2024-08-19T14:48:55+00:00","description":"Optimisez vos projets avec nos services d'int\u00e9gration syst\u00e8me sur mesure. D\u00e9couvrez nos solutions ici !","breadcrumb":{"@id":"https:\/\/nexvision.fr\/fr\/solutions\/services\/integrateur-systeme\/#breadcrumb"},"inLanguage":"fr-FR","potentialAction":[{"@type":"ReadAction","target":["https:\/\/nexvision.fr\/fr\/solutions\/services\/integrateur-systeme\/"]}]},{"@type":"BreadcrumbList","@id":"https:\/\/nexvision.fr\/fr\/solutions\/services\/integrateur-systeme\/#breadcrumb","itemListElement":[{"@type":"ListItem","position":1,"name":"Home","item":"https:\/\/nexvision.fr\/fr\/accueil\/"},{"@type":"ListItem","position":2,"name":"Solutions","item":"https:\/\/nexvision.fr\/fr\/solutions\/"},{"@type":"ListItem","position":3,"name":"Services","item":"https:\/\/nexvision.fr\/fr\/solutions\/services\/"},{"@type":"ListItem","position":4,"name":"Int\u00e9grateur syst\u00e8me"}]},{"@type":"WebSite","@id":"https:\/\/nexvision.fr\/#website","url":"https:\/\/nexvision.fr\/","name":"NEXVISION","description":"Vision solution : optronic system UV night SWIR LWIR Terahertz","publisher":{"@id":"https:\/\/nexvision.fr\/#organization"},"potentialAction":[{"@type":"SearchAction","target":{"@type":"EntryPoint","urlTemplate":"https:\/\/nexvision.fr\/?s={search_term_string}"},"query-input":{"@type":"PropertyValueSpecification","valueRequired":true,"valueName":"search_term_string"}}],"inLanguage":"fr-FR"},{"@type":"Organization","@id":"https:\/\/nexvision.fr\/#organization","name":"NEXVISION","url":"https:\/\/nexvision.fr\/","logo":{"@type":"ImageObject","inLanguage":"fr-FR","@id":"https:\/\/nexvision.fr\/#\/schema\/logo\/image\/","url":"https:\/\/nexvision.fr\/wp-content\/uploads\/2025\/10\/LogoNexvision696px.png","contentUrl":"https:\/\/nexvision.fr\/wp-content\/uploads\/2025\/10\/LogoNexvision696px.png","width":696,"height":696,"caption":"NEXVISION"},"image":{"@id":"https:\/\/nexvision.fr\/#\/schema\/logo\/image\/"}}]}},"_links":{"self":[{"href":"https:\/\/nexvision.fr\/fr\/wp-json\/wp\/v2\/pages\/16053","targetHints":{"allow":["GET"]}}],"collection":[{"href":"https:\/\/nexvision.fr\/fr\/wp-json\/wp\/v2\/pages"}],"about":[{"href":"https:\/\/nexvision.fr\/fr\/wp-json\/wp\/v2\/types\/page"}],"author":[{"embeddable":true,"href":"https:\/\/nexvision.fr\/fr\/wp-json\/wp\/v2\/users\/1"}],"replies":[{"embeddable":true,"href":"https:\/\/nexvision.fr\/fr\/wp-json\/wp\/v2\/comments?post=16053"}],"version-history":[{"count":1,"href":"https:\/\/nexvision.fr\/fr\/wp-json\/wp\/v2\/pages\/16053\/revisions"}],"predecessor-version":[{"id":16054,"href":"https:\/\/nexvision.fr\/fr\/wp-json\/wp\/v2\/pages\/16053\/revisions\/16054"}],"up":[{"embeddable":true,"href":"https:\/\/nexvision.fr\/fr\/wp-json\/wp\/v2\/pages\/16045"}],"wp:attachment":[{"href":"https:\/\/nexvision.fr\/fr\/wp-json\/wp\/v2\/media?parent=16053"}],"curies":[{"name":"wp","href":"https:\/\/api.w.org\/{rel}","templated":true}]}}