{"id":16055,"date":"2024-08-19T12:33:26","date_gmt":"2024-08-19T10:33:26","guid":{"rendered":"https:\/\/nexvision.dev\/solutions\/services\/customisation\/"},"modified":"2024-08-19T16:50:20","modified_gmt":"2024-08-19T14:50:20","slug":"customisation","status":"publish","type":"page","link":"https:\/\/nexvision.fr\/fr\/solutions\/services\/customisation\/","title":{"rendered":"Customisation"},"content":{"rendered":"\t\t<div data-elementor-type=\"wp-page\" data-elementor-id=\"16055\" class=\"elementor elementor-16055 elementor-15850\" data-elementor-post-type=\"page\">\n\t\t\t\t\t\t<section data-particle_enable=\"false\" data-particle-mobile-disabled=\"false\" class=\"elementor-section elementor-top-section elementor-element elementor-element-d521275 elementor-section-height-min-height elementor-section-stretched elementor-section-boxed elementor-section-height-default elementor-section-items-middle\" data-id=\"d521275\" data-element_type=\"section\" data-e-type=\"section\" data-settings=\"{&quot;stretch_section&quot;:&quot;section-stretched&quot;,&quot;background_background&quot;:&quot;classic&quot;}\">\n\t\t\t\t\t\t\t<div class=\"elementor-background-overlay\"><\/div>\n\t\t\t\t\t\t\t<div class=\"elementor-container elementor-column-gap-no\">\n\t\t\t\t\t<div class=\"elementor-column elementor-col-100 elementor-top-column elementor-element elementor-element-9b4fff6\" data-id=\"9b4fff6\" data-element_type=\"column\" data-e-type=\"column\">\n\t\t\t<div class=\"elementor-widget-wrap elementor-element-populated\">\n\t\t\t\t\t\t<div class=\"elementor-element elementor-element-425ada1 elementor-widget elementor-widget-heading\" data-id=\"425ada1\" data-element_type=\"widget\" data-e-type=\"widget\" data-widget_type=\"heading.default\">\n\t\t\t\t<div class=\"elementor-widget-container\">\n\t\t\t\t\t<h1 class=\"elementor-heading-title elementor-size-default\">Customisation<\/h1>\t\t\t\t<\/div>\n\t\t\t\t<\/div>\n\t\t\t\t\t<\/div>\n\t\t<\/div>\n\t\t\t\t\t<\/div>\n\t\t<\/section>\n\t\t\t\t<section data-particle_enable=\"false\" data-particle-mobile-disabled=\"false\" class=\"elementor-section elementor-top-section elementor-element elementor-element-7f334b2 elementor-section-content-middle elementor-section-boxed elementor-section-height-default elementor-section-height-default\" data-id=\"7f334b2\" data-element_type=\"section\" data-e-type=\"section\" data-settings=\"{&quot;background_background&quot;:&quot;classic&quot;}\">\n\t\t\t\t\t\t<div class=\"elementor-container elementor-column-gap-default\">\n\t\t\t\t\t<div class=\"elementor-column elementor-col-100 elementor-top-column elementor-element elementor-element-026d6e8\" data-id=\"026d6e8\" data-element_type=\"column\" data-e-type=\"column\">\n\t\t\t<div class=\"elementor-widget-wrap elementor-element-populated\">\n\t\t\t\t\t\t<div class=\"elementor-element elementor-element-2f6f76a elementor-widget elementor-widget-text-editor\" data-id=\"2f6f76a\" data-element_type=\"widget\" data-e-type=\"widget\" data-widget_type=\"text-editor.default\">\n\t\t\t\t<div class=\"elementor-widget-container\">\n\t\t\t\t\t\t\t\t\t<p><span><span><a href=\"https:\/\/nexvision.fr\/\">Home<\/a><\/span><\/span><\/p>\n\t\t\t\t\t\t\t\t<\/div>\n\t\t\t\t<\/div>\n\t\t\t\t\t<\/div>\n\t\t<\/div>\n\t\t\t\t\t<\/div>\n\t\t<\/section>\n\t\t\t\t<section data-particle_enable=\"false\" data-particle-mobile-disabled=\"false\" class=\"elementor-section elementor-top-section elementor-element elementor-element-19cb783 elementor-section-boxed elementor-section-height-default elementor-section-height-default\" data-id=\"19cb783\" data-element_type=\"section\" data-e-type=\"section\">\n\t\t\t\t\t\t<div class=\"elementor-container elementor-column-gap-default\">\n\t\t\t\t\t<div class=\"elementor-column elementor-col-100 elementor-top-column elementor-element elementor-element-79fdc49\" data-id=\"79fdc49\" data-element_type=\"column\" data-e-type=\"column\">\n\t\t\t<div class=\"elementor-widget-wrap elementor-element-populated\">\n\t\t\t\t\t\t<div class=\"elementor-element elementor-element-e6de3d0 elementor-widget elementor-widget-text-editor\" data-id=\"e6de3d0\" data-element_type=\"widget\" data-e-type=\"widget\" data-widget_type=\"text-editor.default\">\n\t\t\t\t<div class=\"elementor-widget-container\">\n\t\t\t\t\t\t\t\t\t<p>La r\u00e9alisation de syst\u00e8mes de vision complexes sur mesure est notre coeur d\u2019activit\u00e9.<\/p>\n<p>Pour cela, nous pouvons utiliser notre biblioth\u00e8que de modules fonctionnels et les personnaliser \u00e0 souhait pour obtenir le produit que vous avez imagin\u00e9.<\/p>\n<p>Notre strat\u00e9gie modulaire nous permet d\u2019ajouter ou de supprimer des briques fonctionnelles d\u2019un reference design tr\u00e8s rapidement, ce qui vous permet de lancer votre produit sur le march\u00e9 dans les temps voulus.<\/p>\n<p>Vous serez tr\u00e8s surpris par notre capacit\u00e9 \u00e0 concevoir un produit fini aussi proche de ce que vous avez imagin\u00e9.<\/p>\n\t\t\t\t\t\t\t\t<\/div>\n\t\t\t\t<\/div>\n\t\t\t\t\t<\/div>\n\t\t<\/div>\n\t\t\t\t\t<\/div>\n\t\t<\/section>\n\t\t\t\t<\/div>\n\t\t","protected":false},"excerpt":{"rendered":"<p>La r\u00e9alisation de syst\u00e8mes de vision complexes sur mesure est notre coeur d\u2019activit\u00e9. Pour cela, nous pouvons utiliser notre biblioth\u00e8que de modules fonctionnels et les personnaliser \u00e0 souhait pour obtenir le produit que vous avez imagin\u00e9. Notre strat\u00e9gie modulaire nous permet d\u2019ajouter ou de supprimer des briques fonctionnelles d\u2019un reference design tr\u00e8s rapidement, ce qui [&hellip;]<\/p>\n","protected":false},"author":1,"featured_media":0,"parent":16045,"menu_order":0,"comment_status":"closed","ping_status":"closed","template":"elementor_header_footer","meta":{"_acf_changed":false,"inline_featured_image":false,"_monsterinsights_skip_tracking":false,"_monsterinsights_sitenote_active":false,"_monsterinsights_sitenote_note":"","_monsterinsights_sitenote_category":0,"footnotes":""},"class_list":["post-16055","page","type-page","status-publish","hentry"],"acf":[],"yoast_head":"<!-- This site is optimized with the Yoast SEO plugin v27.2 - https:\/\/yoast.com\/product\/yoast-seo-wordpress\/ -->\n<title>Expert syst\u00e8me de vision embarqu\u00e9 sur mesure<\/title>\n<meta name=\"description\" content=\"Solutions optroniques avec nos services de customisation sur mesure. Adaptez nos technologies \u00e0 vos besoins.\" \/>\n<meta name=\"robots\" content=\"index, follow, max-snippet:-1, max-image-preview:large, max-video-preview:-1\" \/>\n<link rel=\"canonical\" href=\"https:\/\/nexvision.fr\/fr\/solutions\/services\/customisation\/\" \/>\n<meta property=\"og:locale\" content=\"fr_FR\" \/>\n<meta property=\"og:type\" content=\"article\" \/>\n<meta property=\"og:title\" content=\"Expert syst\u00e8me de vision embarqu\u00e9 sur mesure\" \/>\n<meta property=\"og:description\" content=\"Solutions optroniques avec nos services de customisation sur mesure. Adaptez nos technologies \u00e0 vos besoins.\" \/>\n<meta property=\"og:url\" content=\"https:\/\/nexvision.fr\/fr\/solutions\/services\/customisation\/\" \/>\n<meta property=\"og:site_name\" content=\"NEXVISION\" \/>\n<meta property=\"article:modified_time\" content=\"2024-08-19T14:50:20+00:00\" \/>\n<meta name=\"twitter:card\" content=\"summary_large_image\" \/>\n<script type=\"application\/ld+json\" class=\"yoast-schema-graph\">{\"@context\":\"https:\/\/schema.org\",\"@graph\":[{\"@type\":\"WebPage\",\"@id\":\"https:\/\/nexvision.fr\/fr\/solutions\/services\/customisation\/\",\"url\":\"https:\/\/nexvision.fr\/fr\/solutions\/services\/customisation\/\",\"name\":\"Expert syst\u00e8me de vision embarqu\u00e9 sur mesure\",\"isPartOf\":{\"@id\":\"https:\/\/nexvision.fr\/#website\"},\"datePublished\":\"2024-08-19T10:33:26+00:00\",\"dateModified\":\"2024-08-19T14:50:20+00:00\",\"description\":\"Solutions optroniques avec nos services de customisation sur mesure. Adaptez nos technologies \u00e0 vos besoins.\",\"breadcrumb\":{\"@id\":\"https:\/\/nexvision.fr\/fr\/solutions\/services\/customisation\/#breadcrumb\"},\"inLanguage\":\"fr-FR\",\"potentialAction\":[{\"@type\":\"ReadAction\",\"target\":[\"https:\/\/nexvision.fr\/fr\/solutions\/services\/customisation\/\"]}]},{\"@type\":\"BreadcrumbList\",\"@id\":\"https:\/\/nexvision.fr\/fr\/solutions\/services\/customisation\/#breadcrumb\",\"itemListElement\":[{\"@type\":\"ListItem\",\"position\":1,\"name\":\"Home\",\"item\":\"https:\/\/nexvision.fr\/\"},{\"@type\":\"ListItem\",\"position\":2,\"name\":\"Solutions\",\"item\":\"https:\/\/nexvision.fr\/fr\/solutions\/\"},{\"@type\":\"ListItem\",\"position\":3,\"name\":\"Services\",\"item\":\"https:\/\/nexvision.fr\/fr\/solutions\/services\/\"},{\"@type\":\"ListItem\",\"position\":4,\"name\":\"Customisation\"}]},{\"@type\":\"WebSite\",\"@id\":\"https:\/\/nexvision.fr\/#website\",\"url\":\"https:\/\/nexvision.fr\/\",\"name\":\"NEXVISION\",\"description\":\"Vision solution : optronic system UV night SWIR LWIR Terahertz\",\"publisher\":{\"@id\":\"https:\/\/nexvision.fr\/#organization\"},\"potentialAction\":[{\"@type\":\"SearchAction\",\"target\":{\"@type\":\"EntryPoint\",\"urlTemplate\":\"https:\/\/nexvision.fr\/?s={search_term_string}\"},\"query-input\":{\"@type\":\"PropertyValueSpecification\",\"valueRequired\":true,\"valueName\":\"search_term_string\"}}],\"inLanguage\":\"fr-FR\"},{\"@type\":\"Organization\",\"@id\":\"https:\/\/nexvision.fr\/#organization\",\"name\":\"NEXVISION\",\"url\":\"https:\/\/nexvision.fr\/\",\"logo\":{\"@type\":\"ImageObject\",\"inLanguage\":\"fr-FR\",\"@id\":\"https:\/\/nexvision.fr\/#\/schema\/logo\/image\/\",\"url\":\"https:\/\/nexvision.fr\/wp-content\/uploads\/2025\/10\/LogoNexvision696px.png\",\"contentUrl\":\"https:\/\/nexvision.fr\/wp-content\/uploads\/2025\/10\/LogoNexvision696px.png\",\"width\":696,\"height\":696,\"caption\":\"NEXVISION\"},\"image\":{\"@id\":\"https:\/\/nexvision.fr\/#\/schema\/logo\/image\/\"}}]}<\/script>\n<!-- \/ Yoast SEO plugin. -->","yoast_head_json":{"title":"Expert syst\u00e8me de vision embarqu\u00e9 sur mesure","description":"Solutions optroniques avec nos services de customisation sur mesure. Adaptez nos technologies \u00e0 vos besoins.","robots":{"index":"index","follow":"follow","max-snippet":"max-snippet:-1","max-image-preview":"max-image-preview:large","max-video-preview":"max-video-preview:-1"},"canonical":"https:\/\/nexvision.fr\/fr\/solutions\/services\/customisation\/","og_locale":"fr_FR","og_type":"article","og_title":"Expert syst\u00e8me de vision embarqu\u00e9 sur mesure","og_description":"Solutions optroniques avec nos services de customisation sur mesure. Adaptez nos technologies \u00e0 vos besoins.","og_url":"https:\/\/nexvision.fr\/fr\/solutions\/services\/customisation\/","og_site_name":"NEXVISION","article_modified_time":"2024-08-19T14:50:20+00:00","twitter_card":"summary_large_image","schema":{"@context":"https:\/\/schema.org","@graph":[{"@type":"WebPage","@id":"https:\/\/nexvision.fr\/fr\/solutions\/services\/customisation\/","url":"https:\/\/nexvision.fr\/fr\/solutions\/services\/customisation\/","name":"Expert syst\u00e8me de vision embarqu\u00e9 sur mesure","isPartOf":{"@id":"https:\/\/nexvision.fr\/#website"},"datePublished":"2024-08-19T10:33:26+00:00","dateModified":"2024-08-19T14:50:20+00:00","description":"Solutions optroniques avec nos services de customisation sur mesure. Adaptez nos technologies \u00e0 vos besoins.","breadcrumb":{"@id":"https:\/\/nexvision.fr\/fr\/solutions\/services\/customisation\/#breadcrumb"},"inLanguage":"fr-FR","potentialAction":[{"@type":"ReadAction","target":["https:\/\/nexvision.fr\/fr\/solutions\/services\/customisation\/"]}]},{"@type":"BreadcrumbList","@id":"https:\/\/nexvision.fr\/fr\/solutions\/services\/customisation\/#breadcrumb","itemListElement":[{"@type":"ListItem","position":1,"name":"Home","item":"https:\/\/nexvision.fr\/"},{"@type":"ListItem","position":2,"name":"Solutions","item":"https:\/\/nexvision.fr\/fr\/solutions\/"},{"@type":"ListItem","position":3,"name":"Services","item":"https:\/\/nexvision.fr\/fr\/solutions\/services\/"},{"@type":"ListItem","position":4,"name":"Customisation"}]},{"@type":"WebSite","@id":"https:\/\/nexvision.fr\/#website","url":"https:\/\/nexvision.fr\/","name":"NEXVISION","description":"Vision solution : optronic system UV night SWIR LWIR Terahertz","publisher":{"@id":"https:\/\/nexvision.fr\/#organization"},"potentialAction":[{"@type":"SearchAction","target":{"@type":"EntryPoint","urlTemplate":"https:\/\/nexvision.fr\/?s={search_term_string}"},"query-input":{"@type":"PropertyValueSpecification","valueRequired":true,"valueName":"search_term_string"}}],"inLanguage":"fr-FR"},{"@type":"Organization","@id":"https:\/\/nexvision.fr\/#organization","name":"NEXVISION","url":"https:\/\/nexvision.fr\/","logo":{"@type":"ImageObject","inLanguage":"fr-FR","@id":"https:\/\/nexvision.fr\/#\/schema\/logo\/image\/","url":"https:\/\/nexvision.fr\/wp-content\/uploads\/2025\/10\/LogoNexvision696px.png","contentUrl":"https:\/\/nexvision.fr\/wp-content\/uploads\/2025\/10\/LogoNexvision696px.png","width":696,"height":696,"caption":"NEXVISION"},"image":{"@id":"https:\/\/nexvision.fr\/#\/schema\/logo\/image\/"}}]}},"_links":{"self":[{"href":"https:\/\/nexvision.fr\/fr\/wp-json\/wp\/v2\/pages\/16055","targetHints":{"allow":["GET"]}}],"collection":[{"href":"https:\/\/nexvision.fr\/fr\/wp-json\/wp\/v2\/pages"}],"about":[{"href":"https:\/\/nexvision.fr\/fr\/wp-json\/wp\/v2\/types\/page"}],"author":[{"embeddable":true,"href":"https:\/\/nexvision.fr\/fr\/wp-json\/wp\/v2\/users\/1"}],"replies":[{"embeddable":true,"href":"https:\/\/nexvision.fr\/fr\/wp-json\/wp\/v2\/comments?post=16055"}],"version-history":[{"count":1,"href":"https:\/\/nexvision.fr\/fr\/wp-json\/wp\/v2\/pages\/16055\/revisions"}],"predecessor-version":[{"id":16056,"href":"https:\/\/nexvision.fr\/fr\/wp-json\/wp\/v2\/pages\/16055\/revisions\/16056"}],"up":[{"embeddable":true,"href":"https:\/\/nexvision.fr\/fr\/wp-json\/wp\/v2\/pages\/16045"}],"wp:attachment":[{"href":"https:\/\/nexvision.fr\/fr\/wp-json\/wp\/v2\/media?parent=16055"}],"curies":[{"name":"wp","href":"https:\/\/api.w.org\/{rel}","templated":true}]}}