{"id":16063,"date":"2024-08-19T14:22:00","date_gmt":"2024-08-19T12:22:00","guid":{"rendered":"https:\/\/nexvision.dev\/expertise-en-reference-design-hw-sw-ip\/domaines-dexpertise\/analyse-traitement-video\/"},"modified":"2024-08-19T16:57:24","modified_gmt":"2024-08-19T14:57:24","slug":"analyse-traitement-video","status":"publish","type":"page","link":"https:\/\/nexvision.fr\/fr\/expertise-en-reference-design-hw-sw-ip\/domaines-d-expertise\/analyse-traitement-video\/","title":{"rendered":"Analyse &#038; traitement vid\u00e9o"},"content":{"rendered":"\t\t<div data-elementor-type=\"wp-page\" data-elementor-id=\"16063\" class=\"elementor elementor-16063 elementor-15914\" data-elementor-post-type=\"page\">\n\t\t\t\t\t\t<section data-particle_enable=\"false\" data-particle-mobile-disabled=\"false\" class=\"elementor-section elementor-top-section elementor-element elementor-element-eca0fc6 elementor-section-height-min-height elementor-section-stretched elementor-section-boxed elementor-section-height-default elementor-section-items-middle\" data-id=\"eca0fc6\" data-element_type=\"section\" data-e-type=\"section\" data-settings=\"{&quot;stretch_section&quot;:&quot;section-stretched&quot;,&quot;background_background&quot;:&quot;classic&quot;}\">\n\t\t\t\t\t\t\t<div class=\"elementor-background-overlay\"><\/div>\n\t\t\t\t\t\t\t<div class=\"elementor-container elementor-column-gap-no\">\n\t\t\t\t\t<div class=\"elementor-column elementor-col-100 elementor-top-column elementor-element elementor-element-301e803\" data-id=\"301e803\" data-element_type=\"column\" data-e-type=\"column\">\n\t\t\t<div class=\"elementor-widget-wrap elementor-element-populated\">\n\t\t\t\t\t\t<div class=\"elementor-element elementor-element-a89d7ee elementor-widget elementor-widget-heading\" data-id=\"a89d7ee\" data-element_type=\"widget\" data-e-type=\"widget\" data-widget_type=\"heading.default\">\n\t\t\t\t<div class=\"elementor-widget-container\">\n\t\t\t\t\t<h1 class=\"elementor-heading-title elementor-size-default\">Analyse &#038; traitement vid\u00e9o<\/h1>\t\t\t\t<\/div>\n\t\t\t\t<\/div>\n\t\t\t\t\t<\/div>\n\t\t<\/div>\n\t\t\t\t\t<\/div>\n\t\t<\/section>\n\t\t\t\t<section data-particle_enable=\"false\" data-particle-mobile-disabled=\"false\" class=\"elementor-section elementor-top-section elementor-element elementor-element-3a810df elementor-section-content-middle elementor-section-boxed elementor-section-height-default elementor-section-height-default\" data-id=\"3a810df\" data-element_type=\"section\" data-e-type=\"section\" data-settings=\"{&quot;background_background&quot;:&quot;classic&quot;}\">\n\t\t\t\t\t\t<div class=\"elementor-container elementor-column-gap-default\">\n\t\t\t\t\t<div class=\"elementor-column elementor-col-100 elementor-top-column elementor-element elementor-element-2a78aef\" data-id=\"2a78aef\" data-element_type=\"column\" data-e-type=\"column\">\n\t\t\t<div class=\"elementor-widget-wrap elementor-element-populated\">\n\t\t\t\t\t\t<div class=\"elementor-element elementor-element-8662172 elementor-widget elementor-widget-text-editor\" data-id=\"8662172\" data-element_type=\"widget\" data-e-type=\"widget\" data-widget_type=\"text-editor.default\">\n\t\t\t\t<div class=\"elementor-widget-container\">\n\t\t\t\t\t\t\t\t\t<p><span><span><a href=\"https:\/\/nexvision.fr\/fr\/accueil\/\">Home<\/a><\/span><\/span><\/p>\n\t\t\t\t\t\t\t\t<\/div>\n\t\t\t\t<\/div>\n\t\t\t\t\t<\/div>\n\t\t<\/div>\n\t\t\t\t\t<\/div>\n\t\t<\/section>\n\t\t\t\t<section data-particle_enable=\"false\" data-particle-mobile-disabled=\"false\" class=\"elementor-section elementor-top-section elementor-element elementor-element-1cb0ffd elementor-section-boxed elementor-section-height-default elementor-section-height-default\" data-id=\"1cb0ffd\" data-element_type=\"section\" data-e-type=\"section\">\n\t\t\t\t\t\t<div class=\"elementor-container elementor-column-gap-default\">\n\t\t\t\t\t<div class=\"elementor-column elementor-col-100 elementor-top-column elementor-element elementor-element-dfd0fb6\" data-id=\"dfd0fb6\" data-element_type=\"column\" data-e-type=\"column\">\n\t\t\t<div class=\"elementor-widget-wrap elementor-element-populated\">\n\t\t\t\t\t\t<div class=\"elementor-element elementor-element-f086966 elementor-widget elementor-widget-text-editor\" data-id=\"f086966\" data-element_type=\"widget\" data-e-type=\"widget\" data-widget_type=\"text-editor.default\">\n\t\t\t\t<div class=\"elementor-widget-container\">\n\t\t\t\t\t\t\t\t\t<h2>Traitement vid\u00e9o<\/h2>\n<p>Fruit de nos ann\u00e9es de R&amp;D, nous disposons d\u2019une banque d\u2019algorithmes qui permettent d\u2019am\u00e9liorer la qualit\u00e9 du signal vid\u00e9o (r\u00e9duction du bruit, plage dynamique \u00e9tendue (HDR), stabilisation d\u2019image, etc\u2026) ainsi votre application donnera la meilleure qualit\u00e9 d\u2019image possible.<\/p>\n<p>Nous int\u00e9grons une large gamme de processeurs (du CPU \u00e0 faible puissance tel que le DM368, jusqu\u2019au processeur le plus \u00e9volu\u00e9, par exemple le Tegra K1) ou FPGA\u00a0(Kintex7 \/ Ultrascale) selon votre besoin en traitement vid\u00e9o.<\/p>\n<div class=\"row mx-space normal \"><\/div>\n<h2>D\u00e9veloppement d\u2019algorithmes d\u2019analyse d\u2019images vid\u00e9o<\/h2>\n<p>Nous d\u00e9veloppons des algorithmes d\u2019analyses qui nous permettent d\u2019int\u00e9grer une intelligence suppl\u00e9mentaire sur les cartes \u00e9lectroniques de traitement bas\u00e9e sur l\u2019analyse des donn\u00e9es vid\u00e9o temps r\u00e9el :<\/p>\n<p>Extraire une structure d\u2019une image<br \/>\nLire une plaque d\u2019immatriculation<br \/>\nSuivre une cible<br \/>\nReconnaitre un visage (reconnaissance faciale)<br \/>\nEtc\u2026<br \/>\nNous disposons d\u2019un catalogue d\u2019algorithmes complet pour vos applications.<\/p>\n<div class=\"row mx-space normal \"><\/div>\n<h2>Portage d\u2019algorithmes vid\u00e9o<\/h2>\n<p>Nous proposons d\u2019adapter vos algorithmes sur des plateformes embarqu\u00e9es pour qu\u2019ils fonctionnent en\u00a0temps r\u00e9el et pour fournir une solution industrielle commercialisable.<\/p>\n\t\t\t\t\t\t\t\t<\/div>\n\t\t\t\t<\/div>\n\t\t\t\t\t<\/div>\n\t\t<\/div>\n\t\t\t\t\t<\/div>\n\t\t<\/section>\n\t\t\t\t<\/div>\n\t\t","protected":false},"excerpt":{"rendered":"<p>Traitement vid\u00e9o Fruit de nos ann\u00e9es de R&amp;D, nous disposons d\u2019une banque d\u2019algorithmes qui permettent d\u2019am\u00e9liorer la qualit\u00e9 du signal vid\u00e9o (r\u00e9duction du bruit, plage dynamique \u00e9tendue (HDR), stabilisation d\u2019image, etc\u2026) ainsi votre application donnera la meilleure qualit\u00e9 d\u2019image possible. Nous int\u00e9grons une large gamme de processeurs (du CPU \u00e0 faible puissance tel que le [&hellip;]<\/p>\n","protected":false},"author":1,"featured_media":0,"parent":16030,"menu_order":0,"comment_status":"closed","ping_status":"closed","template":"elementor_header_footer","meta":{"_acf_changed":false,"inline_featured_image":false,"_monsterinsights_skip_tracking":false,"_monsterinsights_sitenote_active":false,"_monsterinsights_sitenote_note":"","_monsterinsights_sitenote_category":0,"footnotes":""},"class_list":["post-16063","page","type-page","status-publish","hentry"],"acf":[],"yoast_head":"<!-- This site is optimized with the Yoast SEO plugin v27.2 - https:\/\/yoast.com\/product\/yoast-seo-wordpress\/ -->\n<title>D\u00e9veloppement d\u2019algorithmes d\u2019analyse d\u2019images vid\u00e9o<\/title>\n<meta name=\"description\" content=\"Ma\u00eetrisez l&#039;analyse et le traitement vid\u00e9o avec notre expertise en design de r\u00e9f\u00e9rence. Am\u00e9liorez vos syst\u00e8mes de vision. En savoir plus !\" \/>\n<meta name=\"robots\" content=\"index, follow, max-snippet:-1, max-image-preview:large, max-video-preview:-1\" \/>\n<link rel=\"canonical\" href=\"https:\/\/nexvision.fr\/fr\/expertise-en-reference-design-hw-sw-ip\/domaines-d-expertise\/analyse-traitement-video\/\" \/>\n<meta property=\"og:locale\" content=\"fr_FR\" \/>\n<meta property=\"og:type\" content=\"article\" \/>\n<meta property=\"og:title\" content=\"D\u00e9veloppement d\u2019algorithmes d\u2019analyse d\u2019images vid\u00e9o\" \/>\n<meta property=\"og:description\" content=\"Ma\u00eetrisez l&#039;analyse et le traitement vid\u00e9o avec notre expertise en design de r\u00e9f\u00e9rence. Am\u00e9liorez vos syst\u00e8mes de vision. En savoir plus !\" \/>\n<meta property=\"og:url\" content=\"https:\/\/nexvision.fr\/fr\/expertise-en-reference-design-hw-sw-ip\/domaines-d-expertise\/analyse-traitement-video\/\" \/>\n<meta property=\"og:site_name\" content=\"NEXVISION\" \/>\n<meta property=\"article:modified_time\" content=\"2024-08-19T14:57:24+00:00\" \/>\n<meta name=\"twitter:card\" content=\"summary_large_image\" \/>\n<meta name=\"twitter:label1\" content=\"Dur\u00e9e de lecture estim\u00e9e\" \/>\n\t<meta name=\"twitter:data1\" content=\"1 minute\" \/>\n<script type=\"application\/ld+json\" class=\"yoast-schema-graph\">{\"@context\":\"https:\/\/schema.org\",\"@graph\":[{\"@type\":\"WebPage\",\"@id\":\"https:\/\/nexvision.fr\/fr\/expertise-en-reference-design-hw-sw-ip\/domaines-d-expertise\/analyse-traitement-video\/\",\"url\":\"https:\/\/nexvision.fr\/fr\/expertise-en-reference-design-hw-sw-ip\/domaines-d-expertise\/analyse-traitement-video\/\",\"name\":\"D\u00e9veloppement d\u2019algorithmes d\u2019analyse d\u2019images vid\u00e9o\",\"isPartOf\":{\"@id\":\"https:\/\/nexvision.fr\/#website\"},\"datePublished\":\"2024-08-19T12:22:00+00:00\",\"dateModified\":\"2024-08-19T14:57:24+00:00\",\"description\":\"Ma\u00eetrisez l'analyse et le traitement vid\u00e9o avec notre expertise en design de r\u00e9f\u00e9rence. Am\u00e9liorez vos syst\u00e8mes de vision. En savoir plus !\",\"breadcrumb\":{\"@id\":\"https:\/\/nexvision.fr\/fr\/expertise-en-reference-design-hw-sw-ip\/domaines-d-expertise\/analyse-traitement-video\/#breadcrumb\"},\"inLanguage\":\"fr-FR\",\"potentialAction\":[{\"@type\":\"ReadAction\",\"target\":[\"https:\/\/nexvision.fr\/fr\/expertise-en-reference-design-hw-sw-ip\/domaines-d-expertise\/analyse-traitement-video\/\"]}]},{\"@type\":\"BreadcrumbList\",\"@id\":\"https:\/\/nexvision.fr\/fr\/expertise-en-reference-design-hw-sw-ip\/domaines-d-expertise\/analyse-traitement-video\/#breadcrumb\",\"itemListElement\":[{\"@type\":\"ListItem\",\"position\":1,\"name\":\"Home\",\"item\":\"https:\/\/nexvision.fr\/fr\/accueil\/\"},{\"@type\":\"ListItem\",\"position\":2,\"name\":\"Expertise en reference design hw sw ip\",\"item\":\"https:\/\/nexvision.fr\/fr\/expertise-en-reference-design-hw-sw-ip\/\"},{\"@type\":\"ListItem\",\"position\":3,\"name\":\"Domaines d&#8217;expertise\",\"item\":\"https:\/\/nexvision.fr\/fr\/expertise-en-reference-design-hw-sw-ip\/domaines-d-expertise\/\"},{\"@type\":\"ListItem\",\"position\":4,\"name\":\"Analyse &#038; traitement vid\u00e9o\"}]},{\"@type\":\"WebSite\",\"@id\":\"https:\/\/nexvision.fr\/#website\",\"url\":\"https:\/\/nexvision.fr\/\",\"name\":\"NEXVISION\",\"description\":\"Vision solution : optronic system UV night SWIR LWIR Terahertz\",\"publisher\":{\"@id\":\"https:\/\/nexvision.fr\/#organization\"},\"potentialAction\":[{\"@type\":\"SearchAction\",\"target\":{\"@type\":\"EntryPoint\",\"urlTemplate\":\"https:\/\/nexvision.fr\/?s={search_term_string}\"},\"query-input\":{\"@type\":\"PropertyValueSpecification\",\"valueRequired\":true,\"valueName\":\"search_term_string\"}}],\"inLanguage\":\"fr-FR\"},{\"@type\":\"Organization\",\"@id\":\"https:\/\/nexvision.fr\/#organization\",\"name\":\"NEXVISION\",\"url\":\"https:\/\/nexvision.fr\/\",\"logo\":{\"@type\":\"ImageObject\",\"inLanguage\":\"fr-FR\",\"@id\":\"https:\/\/nexvision.fr\/#\/schema\/logo\/image\/\",\"url\":\"https:\/\/nexvision.fr\/wp-content\/uploads\/2025\/10\/LogoNexvision696px.png\",\"contentUrl\":\"https:\/\/nexvision.fr\/wp-content\/uploads\/2025\/10\/LogoNexvision696px.png\",\"width\":696,\"height\":696,\"caption\":\"NEXVISION\"},\"image\":{\"@id\":\"https:\/\/nexvision.fr\/#\/schema\/logo\/image\/\"}}]}<\/script>\n<!-- \/ Yoast SEO plugin. -->","yoast_head_json":{"title":"D\u00e9veloppement d\u2019algorithmes d\u2019analyse d\u2019images vid\u00e9o","description":"Ma\u00eetrisez l'analyse et le traitement vid\u00e9o avec notre expertise en design de r\u00e9f\u00e9rence. Am\u00e9liorez vos syst\u00e8mes de vision. En savoir plus !","robots":{"index":"index","follow":"follow","max-snippet":"max-snippet:-1","max-image-preview":"max-image-preview:large","max-video-preview":"max-video-preview:-1"},"canonical":"https:\/\/nexvision.fr\/fr\/expertise-en-reference-design-hw-sw-ip\/domaines-d-expertise\/analyse-traitement-video\/","og_locale":"fr_FR","og_type":"article","og_title":"D\u00e9veloppement d\u2019algorithmes d\u2019analyse d\u2019images vid\u00e9o","og_description":"Ma\u00eetrisez l'analyse et le traitement vid\u00e9o avec notre expertise en design de r\u00e9f\u00e9rence. Am\u00e9liorez vos syst\u00e8mes de vision. En savoir plus !","og_url":"https:\/\/nexvision.fr\/fr\/expertise-en-reference-design-hw-sw-ip\/domaines-d-expertise\/analyse-traitement-video\/","og_site_name":"NEXVISION","article_modified_time":"2024-08-19T14:57:24+00:00","twitter_card":"summary_large_image","twitter_misc":{"Dur\u00e9e de lecture estim\u00e9e":"1 minute"},"schema":{"@context":"https:\/\/schema.org","@graph":[{"@type":"WebPage","@id":"https:\/\/nexvision.fr\/fr\/expertise-en-reference-design-hw-sw-ip\/domaines-d-expertise\/analyse-traitement-video\/","url":"https:\/\/nexvision.fr\/fr\/expertise-en-reference-design-hw-sw-ip\/domaines-d-expertise\/analyse-traitement-video\/","name":"D\u00e9veloppement d\u2019algorithmes d\u2019analyse d\u2019images vid\u00e9o","isPartOf":{"@id":"https:\/\/nexvision.fr\/#website"},"datePublished":"2024-08-19T12:22:00+00:00","dateModified":"2024-08-19T14:57:24+00:00","description":"Ma\u00eetrisez l'analyse et le traitement vid\u00e9o avec notre expertise en design de r\u00e9f\u00e9rence. Am\u00e9liorez vos syst\u00e8mes de vision. En savoir plus !","breadcrumb":{"@id":"https:\/\/nexvision.fr\/fr\/expertise-en-reference-design-hw-sw-ip\/domaines-d-expertise\/analyse-traitement-video\/#breadcrumb"},"inLanguage":"fr-FR","potentialAction":[{"@type":"ReadAction","target":["https:\/\/nexvision.fr\/fr\/expertise-en-reference-design-hw-sw-ip\/domaines-d-expertise\/analyse-traitement-video\/"]}]},{"@type":"BreadcrumbList","@id":"https:\/\/nexvision.fr\/fr\/expertise-en-reference-design-hw-sw-ip\/domaines-d-expertise\/analyse-traitement-video\/#breadcrumb","itemListElement":[{"@type":"ListItem","position":1,"name":"Home","item":"https:\/\/nexvision.fr\/fr\/accueil\/"},{"@type":"ListItem","position":2,"name":"Expertise en reference design hw sw ip","item":"https:\/\/nexvision.fr\/fr\/expertise-en-reference-design-hw-sw-ip\/"},{"@type":"ListItem","position":3,"name":"Domaines d&#8217;expertise","item":"https:\/\/nexvision.fr\/fr\/expertise-en-reference-design-hw-sw-ip\/domaines-d-expertise\/"},{"@type":"ListItem","position":4,"name":"Analyse &#038; traitement vid\u00e9o"}]},{"@type":"WebSite","@id":"https:\/\/nexvision.fr\/#website","url":"https:\/\/nexvision.fr\/","name":"NEXVISION","description":"Vision solution : optronic system UV night SWIR LWIR Terahertz","publisher":{"@id":"https:\/\/nexvision.fr\/#organization"},"potentialAction":[{"@type":"SearchAction","target":{"@type":"EntryPoint","urlTemplate":"https:\/\/nexvision.fr\/?s={search_term_string}"},"query-input":{"@type":"PropertyValueSpecification","valueRequired":true,"valueName":"search_term_string"}}],"inLanguage":"fr-FR"},{"@type":"Organization","@id":"https:\/\/nexvision.fr\/#organization","name":"NEXVISION","url":"https:\/\/nexvision.fr\/","logo":{"@type":"ImageObject","inLanguage":"fr-FR","@id":"https:\/\/nexvision.fr\/#\/schema\/logo\/image\/","url":"https:\/\/nexvision.fr\/wp-content\/uploads\/2025\/10\/LogoNexvision696px.png","contentUrl":"https:\/\/nexvision.fr\/wp-content\/uploads\/2025\/10\/LogoNexvision696px.png","width":696,"height":696,"caption":"NEXVISION"},"image":{"@id":"https:\/\/nexvision.fr\/#\/schema\/logo\/image\/"}}]}},"_links":{"self":[{"href":"https:\/\/nexvision.fr\/fr\/wp-json\/wp\/v2\/pages\/16063","targetHints":{"allow":["GET"]}}],"collection":[{"href":"https:\/\/nexvision.fr\/fr\/wp-json\/wp\/v2\/pages"}],"about":[{"href":"https:\/\/nexvision.fr\/fr\/wp-json\/wp\/v2\/types\/page"}],"author":[{"embeddable":true,"href":"https:\/\/nexvision.fr\/fr\/wp-json\/wp\/v2\/users\/1"}],"replies":[{"embeddable":true,"href":"https:\/\/nexvision.fr\/fr\/wp-json\/wp\/v2\/comments?post=16063"}],"version-history":[{"count":1,"href":"https:\/\/nexvision.fr\/fr\/wp-json\/wp\/v2\/pages\/16063\/revisions"}],"predecessor-version":[{"id":16064,"href":"https:\/\/nexvision.fr\/fr\/wp-json\/wp\/v2\/pages\/16063\/revisions\/16064"}],"up":[{"embeddable":true,"href":"https:\/\/nexvision.fr\/fr\/wp-json\/wp\/v2\/pages\/16030"}],"wp:attachment":[{"href":"https:\/\/nexvision.fr\/fr\/wp-json\/wp\/v2\/media?parent=16063"}],"curies":[{"name":"wp","href":"https:\/\/api.w.org\/{rel}","templated":true}]}}