{"id":16065,"date":"2024-08-19T14:25:19","date_gmt":"2024-08-19T12:25:19","guid":{"rendered":"https:\/\/nexvision.dev\/expertise-en-reference-design-hw-sw-ip\/domaines-dexpertise\/codage-de-flux-videos-sur-ip\/"},"modified":"2024-08-19T16:58:02","modified_gmt":"2024-08-19T14:58:02","slug":"codage-de-flux-videos-sur-ip","status":"publish","type":"page","link":"https:\/\/nexvision.fr\/fr\/expertise-en-reference-design-hw-sw-ip\/domaines-d-expertise\/codage-de-flux-videos-sur-ip\/","title":{"rendered":"Codage de flux vid\u00e9os sur IP"},"content":{"rendered":"\t\t<div data-elementor-type=\"wp-page\" data-elementor-id=\"16065\" class=\"elementor elementor-16065 elementor-15917\" data-elementor-post-type=\"page\">\n\t\t\t\t\t\t<section data-particle_enable=\"false\" data-particle-mobile-disabled=\"false\" class=\"elementor-section elementor-top-section elementor-element elementor-element-dde2dd9 elementor-section-height-min-height elementor-section-stretched elementor-section-boxed elementor-section-height-default elementor-section-items-middle\" data-id=\"dde2dd9\" data-element_type=\"section\" data-e-type=\"section\" data-settings=\"{&quot;stretch_section&quot;:&quot;section-stretched&quot;,&quot;background_background&quot;:&quot;classic&quot;}\">\n\t\t\t\t\t\t\t<div class=\"elementor-background-overlay\"><\/div>\n\t\t\t\t\t\t\t<div class=\"elementor-container elementor-column-gap-no\">\n\t\t\t\t\t<div class=\"elementor-column elementor-col-100 elementor-top-column elementor-element elementor-element-b5d9192\" data-id=\"b5d9192\" data-element_type=\"column\" data-e-type=\"column\">\n\t\t\t<div class=\"elementor-widget-wrap elementor-element-populated\">\n\t\t\t\t\t\t<div class=\"elementor-element elementor-element-8ddb61c elementor-widget elementor-widget-heading\" data-id=\"8ddb61c\" data-element_type=\"widget\" data-e-type=\"widget\" data-widget_type=\"heading.default\">\n\t\t\t\t<div class=\"elementor-widget-container\">\n\t\t\t\t\t<h1 class=\"elementor-heading-title elementor-size-default\">Codage de flux vid\u00e9os sur IP<\/h1>\t\t\t\t<\/div>\n\t\t\t\t<\/div>\n\t\t\t\t\t<\/div>\n\t\t<\/div>\n\t\t\t\t\t<\/div>\n\t\t<\/section>\n\t\t\t\t<section data-particle_enable=\"false\" data-particle-mobile-disabled=\"false\" class=\"elementor-section elementor-top-section elementor-element elementor-element-cb86285 elementor-section-content-middle elementor-section-boxed elementor-section-height-default elementor-section-height-default\" data-id=\"cb86285\" data-element_type=\"section\" data-e-type=\"section\" data-settings=\"{&quot;background_background&quot;:&quot;classic&quot;}\">\n\t\t\t\t\t\t<div class=\"elementor-container elementor-column-gap-default\">\n\t\t\t\t\t<div class=\"elementor-column elementor-col-100 elementor-top-column elementor-element elementor-element-093b6d7\" data-id=\"093b6d7\" data-element_type=\"column\" data-e-type=\"column\">\n\t\t\t<div class=\"elementor-widget-wrap elementor-element-populated\">\n\t\t\t\t\t\t<div class=\"elementor-element elementor-element-22d109c elementor-widget elementor-widget-text-editor\" data-id=\"22d109c\" data-element_type=\"widget\" data-e-type=\"widget\" data-widget_type=\"text-editor.default\">\n\t\t\t\t<div class=\"elementor-widget-container\">\n\t\t\t\t\t\t\t\t\t<p><span><span><a href=\"https:\/\/nexvision.fr\/fr\/accueil\/\">Home<\/a><\/span><\/span><\/p>\n\t\t\t\t\t\t\t\t<\/div>\n\t\t\t\t<\/div>\n\t\t\t\t\t<\/div>\n\t\t<\/div>\n\t\t\t\t\t<\/div>\n\t\t<\/section>\n\t\t\t\t<section data-particle_enable=\"false\" data-particle-mobile-disabled=\"false\" class=\"elementor-section elementor-top-section elementor-element elementor-element-25b2cf3 elementor-section-boxed elementor-section-height-default elementor-section-height-default\" data-id=\"25b2cf3\" data-element_type=\"section\" data-e-type=\"section\">\n\t\t\t\t\t\t<div class=\"elementor-container elementor-column-gap-default\">\n\t\t\t\t\t<div class=\"elementor-column elementor-col-100 elementor-top-column elementor-element elementor-element-11a0054\" data-id=\"11a0054\" data-element_type=\"column\" data-e-type=\"column\">\n\t\t\t<div class=\"elementor-widget-wrap elementor-element-populated\">\n\t\t\t\t\t\t<div class=\"elementor-element elementor-element-7678cc8 elementor-widget elementor-widget-text-editor\" data-id=\"7678cc8\" data-element_type=\"widget\" data-e-type=\"widget\" data-widget_type=\"text-editor.default\">\n\t\t\t\t<div class=\"elementor-widget-container\">\n\t\t\t\t\t\t\t\t\t<p>Nous disposons d\u2019une pile compl\u00e8te de protocoles de flux temps r\u00e9el type RTSP (Real Time Streaming Protocol) incluant H264, pour des communications client\/serveur.<\/p>\n<p>Cette pile est optimis\u00e9e pour des faibles latences, avec une excellente r\u00e9silience sur les r\u00e9seaux peu fiables (ex : WIFI), et compatible avec la plupart des fournisseurs.<\/p>\n<p>Nous ma\u00eetrisons les formats de codec multim\u00e9dia les plus utilis\u00e9s (H264, MPEG4, AAC, MJPEG, JPEG) ainsi que les formats de fichiers\u00a0(MP4, MKV).<\/p>\n<p>Notre syst\u00e8me de gestion des villes utilise d\u2019ailleurs ces modules depuis 4 ans dans une configuration 24\/7.<\/p>\n\t\t\t\t\t\t\t\t<\/div>\n\t\t\t\t<\/div>\n\t\t\t\t\t<\/div>\n\t\t<\/div>\n\t\t\t\t\t<\/div>\n\t\t<\/section>\n\t\t\t\t<\/div>\n\t\t","protected":false},"excerpt":{"rendered":"<p>Nous disposons d\u2019une pile compl\u00e8te de protocoles de flux temps r\u00e9el type RTSP (Real Time Streaming Protocol) incluant H264, pour des communications client\/serveur. Cette pile est optimis\u00e9e pour des faibles latences, avec une excellente r\u00e9silience sur les r\u00e9seaux peu fiables (ex : WIFI), et compatible avec la plupart des fournisseurs. Nous ma\u00eetrisons les formats de [&hellip;]<\/p>\n","protected":false},"author":1,"featured_media":0,"parent":16030,"menu_order":0,"comment_status":"closed","ping_status":"closed","template":"elementor_header_footer","meta":{"_acf_changed":false,"inline_featured_image":false,"_monsterinsights_skip_tracking":false,"_monsterinsights_sitenote_active":false,"_monsterinsights_sitenote_note":"","_monsterinsights_sitenote_category":0,"footnotes":""},"class_list":["post-16065","page","type-page","status-publish","hentry"],"acf":[],"yoast_head":"<!-- This site is optimized with the Yoast SEO plugin v27.2 - https:\/\/yoast.com\/product\/yoast-seo-wordpress\/ -->\n<title>Codage de flux vid\u00e9os sur IP<\/title>\n<meta name=\"description\" content=\"Optimisez vos flux vid\u00e9os sur IP avec notre expertise en codage. Qualit\u00e9 et efficacit\u00e9 garanties. D\u00e9couvrez-en plus ici !\" \/>\n<meta name=\"robots\" content=\"index, follow, max-snippet:-1, max-image-preview:large, max-video-preview:-1\" \/>\n<link rel=\"canonical\" href=\"https:\/\/nexvision.fr\/fr\/expertise-en-reference-design-hw-sw-ip\/domaines-d-expertise\/codage-de-flux-videos-sur-ip\/\" \/>\n<meta property=\"og:locale\" content=\"fr_FR\" \/>\n<meta property=\"og:type\" content=\"article\" \/>\n<meta property=\"og:title\" content=\"Codage de flux vid\u00e9os sur IP\" \/>\n<meta property=\"og:description\" content=\"Optimisez vos flux vid\u00e9os sur IP avec notre expertise en codage. Qualit\u00e9 et efficacit\u00e9 garanties. D\u00e9couvrez-en plus ici !\" \/>\n<meta property=\"og:url\" content=\"https:\/\/nexvision.fr\/fr\/expertise-en-reference-design-hw-sw-ip\/domaines-d-expertise\/codage-de-flux-videos-sur-ip\/\" \/>\n<meta property=\"og:site_name\" content=\"NEXVISION\" \/>\n<meta property=\"article:modified_time\" content=\"2024-08-19T14:58:02+00:00\" \/>\n<meta name=\"twitter:card\" content=\"summary_large_image\" \/>\n<meta name=\"twitter:label1\" content=\"Dur\u00e9e de lecture estim\u00e9e\" \/>\n\t<meta name=\"twitter:data1\" content=\"1 minute\" \/>\n<script type=\"application\/ld+json\" class=\"yoast-schema-graph\">{\"@context\":\"https:\/\/schema.org\",\"@graph\":[{\"@type\":\"WebPage\",\"@id\":\"https:\/\/nexvision.fr\/fr\/expertise-en-reference-design-hw-sw-ip\/domaines-d-expertise\/codage-de-flux-videos-sur-ip\/\",\"url\":\"https:\/\/nexvision.fr\/fr\/expertise-en-reference-design-hw-sw-ip\/domaines-d-expertise\/codage-de-flux-videos-sur-ip\/\",\"name\":\"Codage de flux vid\u00e9os sur IP\",\"isPartOf\":{\"@id\":\"https:\/\/nexvision.fr\/#website\"},\"datePublished\":\"2024-08-19T12:25:19+00:00\",\"dateModified\":\"2024-08-19T14:58:02+00:00\",\"description\":\"Optimisez vos flux vid\u00e9os sur IP avec notre expertise en codage. Qualit\u00e9 et efficacit\u00e9 garanties. D\u00e9couvrez-en plus ici !\",\"breadcrumb\":{\"@id\":\"https:\/\/nexvision.fr\/fr\/expertise-en-reference-design-hw-sw-ip\/domaines-d-expertise\/codage-de-flux-videos-sur-ip\/#breadcrumb\"},\"inLanguage\":\"fr-FR\",\"potentialAction\":[{\"@type\":\"ReadAction\",\"target\":[\"https:\/\/nexvision.fr\/fr\/expertise-en-reference-design-hw-sw-ip\/domaines-d-expertise\/codage-de-flux-videos-sur-ip\/\"]}]},{\"@type\":\"BreadcrumbList\",\"@id\":\"https:\/\/nexvision.fr\/fr\/expertise-en-reference-design-hw-sw-ip\/domaines-d-expertise\/codage-de-flux-videos-sur-ip\/#breadcrumb\",\"itemListElement\":[{\"@type\":\"ListItem\",\"position\":1,\"name\":\"Home\",\"item\":\"https:\/\/nexvision.fr\/fr\/accueil\/\"},{\"@type\":\"ListItem\",\"position\":2,\"name\":\"Expertise en reference design hw sw ip\",\"item\":\"https:\/\/nexvision.fr\/fr\/expertise-en-reference-design-hw-sw-ip\/\"},{\"@type\":\"ListItem\",\"position\":3,\"name\":\"Domaines d&#8217;expertise\",\"item\":\"https:\/\/nexvision.fr\/fr\/expertise-en-reference-design-hw-sw-ip\/domaines-d-expertise\/\"},{\"@type\":\"ListItem\",\"position\":4,\"name\":\"Codage de flux vid\u00e9os sur IP\"}]},{\"@type\":\"WebSite\",\"@id\":\"https:\/\/nexvision.fr\/#website\",\"url\":\"https:\/\/nexvision.fr\/\",\"name\":\"NEXVISION\",\"description\":\"Vision solution : optronic system UV night SWIR LWIR Terahertz\",\"publisher\":{\"@id\":\"https:\/\/nexvision.fr\/#organization\"},\"potentialAction\":[{\"@type\":\"SearchAction\",\"target\":{\"@type\":\"EntryPoint\",\"urlTemplate\":\"https:\/\/nexvision.fr\/?s={search_term_string}\"},\"query-input\":{\"@type\":\"PropertyValueSpecification\",\"valueRequired\":true,\"valueName\":\"search_term_string\"}}],\"inLanguage\":\"fr-FR\"},{\"@type\":\"Organization\",\"@id\":\"https:\/\/nexvision.fr\/#organization\",\"name\":\"NEXVISION\",\"url\":\"https:\/\/nexvision.fr\/\",\"logo\":{\"@type\":\"ImageObject\",\"inLanguage\":\"fr-FR\",\"@id\":\"https:\/\/nexvision.fr\/#\/schema\/logo\/image\/\",\"url\":\"https:\/\/nexvision.fr\/wp-content\/uploads\/2025\/10\/LogoNexvision696px.png\",\"contentUrl\":\"https:\/\/nexvision.fr\/wp-content\/uploads\/2025\/10\/LogoNexvision696px.png\",\"width\":696,\"height\":696,\"caption\":\"NEXVISION\"},\"image\":{\"@id\":\"https:\/\/nexvision.fr\/#\/schema\/logo\/image\/\"}}]}<\/script>\n<!-- \/ Yoast SEO plugin. -->","yoast_head_json":{"title":"Codage de flux vid\u00e9os sur IP","description":"Optimisez vos flux vid\u00e9os sur IP avec notre expertise en codage. Qualit\u00e9 et efficacit\u00e9 garanties. D\u00e9couvrez-en plus ici !","robots":{"index":"index","follow":"follow","max-snippet":"max-snippet:-1","max-image-preview":"max-image-preview:large","max-video-preview":"max-video-preview:-1"},"canonical":"https:\/\/nexvision.fr\/fr\/expertise-en-reference-design-hw-sw-ip\/domaines-d-expertise\/codage-de-flux-videos-sur-ip\/","og_locale":"fr_FR","og_type":"article","og_title":"Codage de flux vid\u00e9os sur IP","og_description":"Optimisez vos flux vid\u00e9os sur IP avec notre expertise en codage. Qualit\u00e9 et efficacit\u00e9 garanties. D\u00e9couvrez-en plus ici !","og_url":"https:\/\/nexvision.fr\/fr\/expertise-en-reference-design-hw-sw-ip\/domaines-d-expertise\/codage-de-flux-videos-sur-ip\/","og_site_name":"NEXVISION","article_modified_time":"2024-08-19T14:58:02+00:00","twitter_card":"summary_large_image","twitter_misc":{"Dur\u00e9e de lecture estim\u00e9e":"1 minute"},"schema":{"@context":"https:\/\/schema.org","@graph":[{"@type":"WebPage","@id":"https:\/\/nexvision.fr\/fr\/expertise-en-reference-design-hw-sw-ip\/domaines-d-expertise\/codage-de-flux-videos-sur-ip\/","url":"https:\/\/nexvision.fr\/fr\/expertise-en-reference-design-hw-sw-ip\/domaines-d-expertise\/codage-de-flux-videos-sur-ip\/","name":"Codage de flux vid\u00e9os sur IP","isPartOf":{"@id":"https:\/\/nexvision.fr\/#website"},"datePublished":"2024-08-19T12:25:19+00:00","dateModified":"2024-08-19T14:58:02+00:00","description":"Optimisez vos flux vid\u00e9os sur IP avec notre expertise en codage. Qualit\u00e9 et efficacit\u00e9 garanties. D\u00e9couvrez-en plus ici !","breadcrumb":{"@id":"https:\/\/nexvision.fr\/fr\/expertise-en-reference-design-hw-sw-ip\/domaines-d-expertise\/codage-de-flux-videos-sur-ip\/#breadcrumb"},"inLanguage":"fr-FR","potentialAction":[{"@type":"ReadAction","target":["https:\/\/nexvision.fr\/fr\/expertise-en-reference-design-hw-sw-ip\/domaines-d-expertise\/codage-de-flux-videos-sur-ip\/"]}]},{"@type":"BreadcrumbList","@id":"https:\/\/nexvision.fr\/fr\/expertise-en-reference-design-hw-sw-ip\/domaines-d-expertise\/codage-de-flux-videos-sur-ip\/#breadcrumb","itemListElement":[{"@type":"ListItem","position":1,"name":"Home","item":"https:\/\/nexvision.fr\/fr\/accueil\/"},{"@type":"ListItem","position":2,"name":"Expertise en reference design hw sw ip","item":"https:\/\/nexvision.fr\/fr\/expertise-en-reference-design-hw-sw-ip\/"},{"@type":"ListItem","position":3,"name":"Domaines d&#8217;expertise","item":"https:\/\/nexvision.fr\/fr\/expertise-en-reference-design-hw-sw-ip\/domaines-d-expertise\/"},{"@type":"ListItem","position":4,"name":"Codage de flux vid\u00e9os sur IP"}]},{"@type":"WebSite","@id":"https:\/\/nexvision.fr\/#website","url":"https:\/\/nexvision.fr\/","name":"NEXVISION","description":"Vision solution : optronic system UV night SWIR LWIR Terahertz","publisher":{"@id":"https:\/\/nexvision.fr\/#organization"},"potentialAction":[{"@type":"SearchAction","target":{"@type":"EntryPoint","urlTemplate":"https:\/\/nexvision.fr\/?s={search_term_string}"},"query-input":{"@type":"PropertyValueSpecification","valueRequired":true,"valueName":"search_term_string"}}],"inLanguage":"fr-FR"},{"@type":"Organization","@id":"https:\/\/nexvision.fr\/#organization","name":"NEXVISION","url":"https:\/\/nexvision.fr\/","logo":{"@type":"ImageObject","inLanguage":"fr-FR","@id":"https:\/\/nexvision.fr\/#\/schema\/logo\/image\/","url":"https:\/\/nexvision.fr\/wp-content\/uploads\/2025\/10\/LogoNexvision696px.png","contentUrl":"https:\/\/nexvision.fr\/wp-content\/uploads\/2025\/10\/LogoNexvision696px.png","width":696,"height":696,"caption":"NEXVISION"},"image":{"@id":"https:\/\/nexvision.fr\/#\/schema\/logo\/image\/"}}]}},"_links":{"self":[{"href":"https:\/\/nexvision.fr\/fr\/wp-json\/wp\/v2\/pages\/16065","targetHints":{"allow":["GET"]}}],"collection":[{"href":"https:\/\/nexvision.fr\/fr\/wp-json\/wp\/v2\/pages"}],"about":[{"href":"https:\/\/nexvision.fr\/fr\/wp-json\/wp\/v2\/types\/page"}],"author":[{"embeddable":true,"href":"https:\/\/nexvision.fr\/fr\/wp-json\/wp\/v2\/users\/1"}],"replies":[{"embeddable":true,"href":"https:\/\/nexvision.fr\/fr\/wp-json\/wp\/v2\/comments?post=16065"}],"version-history":[{"count":1,"href":"https:\/\/nexvision.fr\/fr\/wp-json\/wp\/v2\/pages\/16065\/revisions"}],"predecessor-version":[{"id":16066,"href":"https:\/\/nexvision.fr\/fr\/wp-json\/wp\/v2\/pages\/16065\/revisions\/16066"}],"up":[{"embeddable":true,"href":"https:\/\/nexvision.fr\/fr\/wp-json\/wp\/v2\/pages\/16030"}],"wp:attachment":[{"href":"https:\/\/nexvision.fr\/fr\/wp-json\/wp\/v2\/media?parent=16065"}],"curies":[{"name":"wp","href":"https:\/\/api.w.org\/{rel}","templated":true}]}}