{"id":16067,"date":"2024-08-19T14:18:09","date_gmt":"2024-08-19T12:18:09","guid":{"rendered":"https:\/\/nexvision.dev\/expertise-en-reference-design-hw-sw-ip\/domaines-dexpertise\/conception-hardware-de-systemes-videos-complexes\/"},"modified":"2024-08-19T16:58:57","modified_gmt":"2024-08-19T14:58:57","slug":"conception-hardware-de-systemes-videos-complexes","status":"publish","type":"page","link":"https:\/\/nexvision.fr\/fr\/expertise-en-reference-design-hw-sw-ip\/domaines-d-expertise\/conception-hardware-de-systemes-videos-complexes\/","title":{"rendered":"Conception Hardware de syst\u00e8mes vid\u00e9os complexes"},"content":{"rendered":"\t\t<div data-elementor-type=\"wp-page\" data-elementor-id=\"16067\" class=\"elementor elementor-16067 elementor-15907\" data-elementor-post-type=\"page\">\n\t\t\t\t\t\t<section data-particle_enable=\"false\" data-particle-mobile-disabled=\"false\" class=\"elementor-section elementor-top-section elementor-element elementor-element-d318e2e elementor-section-height-min-height elementor-section-stretched elementor-section-boxed elementor-section-height-default elementor-section-items-middle\" data-id=\"d318e2e\" data-element_type=\"section\" data-e-type=\"section\" data-settings=\"{&quot;stretch_section&quot;:&quot;section-stretched&quot;,&quot;background_background&quot;:&quot;classic&quot;}\">\n\t\t\t\t\t\t\t<div class=\"elementor-background-overlay\"><\/div>\n\t\t\t\t\t\t\t<div class=\"elementor-container elementor-column-gap-no\">\n\t\t\t\t\t<div class=\"elementor-column elementor-col-100 elementor-top-column elementor-element elementor-element-811c4cf\" data-id=\"811c4cf\" data-element_type=\"column\" data-e-type=\"column\">\n\t\t\t<div class=\"elementor-widget-wrap elementor-element-populated\">\n\t\t\t\t\t\t<div class=\"elementor-element elementor-element-27fdbee elementor-widget elementor-widget-heading\" data-id=\"27fdbee\" data-element_type=\"widget\" data-e-type=\"widget\" data-widget_type=\"heading.default\">\n\t\t\t\t<div class=\"elementor-widget-container\">\n\t\t\t\t\t<h1 class=\"elementor-heading-title elementor-size-default\">Conception Hardware de syst\u00e8mes vid\u00e9os complexes<\/h1>\t\t\t\t<\/div>\n\t\t\t\t<\/div>\n\t\t\t\t\t<\/div>\n\t\t<\/div>\n\t\t\t\t\t<\/div>\n\t\t<\/section>\n\t\t\t\t<section data-particle_enable=\"false\" data-particle-mobile-disabled=\"false\" class=\"elementor-section elementor-top-section elementor-element elementor-element-69dbccc elementor-section-content-middle elementor-section-boxed elementor-section-height-default elementor-section-height-default\" data-id=\"69dbccc\" data-element_type=\"section\" data-e-type=\"section\" data-settings=\"{&quot;background_background&quot;:&quot;classic&quot;}\">\n\t\t\t\t\t\t<div class=\"elementor-container elementor-column-gap-default\">\n\t\t\t\t\t<div class=\"elementor-column elementor-col-100 elementor-top-column elementor-element elementor-element-bc6c515\" data-id=\"bc6c515\" data-element_type=\"column\" data-e-type=\"column\">\n\t\t\t<div class=\"elementor-widget-wrap elementor-element-populated\">\n\t\t\t\t\t\t<div class=\"elementor-element elementor-element-de94b81 elementor-widget elementor-widget-text-editor\" data-id=\"de94b81\" data-element_type=\"widget\" data-e-type=\"widget\" data-widget_type=\"text-editor.default\">\n\t\t\t\t<div class=\"elementor-widget-container\">\n\t\t\t\t\t\t\t\t\t<p><span><span><a href=\"https:\/\/nexvision.fr\/fr\/accueil\/\">Home<\/a><\/span><\/span><\/p>\n\t\t\t\t\t\t\t\t<\/div>\n\t\t\t\t<\/div>\n\t\t\t\t\t<\/div>\n\t\t<\/div>\n\t\t\t\t\t<\/div>\n\t\t<\/section>\n\t\t\t\t<section data-particle_enable=\"false\" data-particle-mobile-disabled=\"false\" class=\"elementor-section elementor-top-section elementor-element elementor-element-25c565b elementor-section-boxed elementor-section-height-default elementor-section-height-default\" data-id=\"25c565b\" data-element_type=\"section\" data-e-type=\"section\">\n\t\t\t\t\t\t<div class=\"elementor-container elementor-column-gap-default\">\n\t\t\t\t\t<div class=\"elementor-column elementor-col-100 elementor-top-column elementor-element elementor-element-82cf2eb\" data-id=\"82cf2eb\" data-element_type=\"column\" data-e-type=\"column\">\n\t\t\t<div class=\"elementor-widget-wrap elementor-element-populated\">\n\t\t\t\t\t\t<div class=\"elementor-element elementor-element-e547348 elementor-widget elementor-widget-text-editor\" data-id=\"e547348\" data-element_type=\"widget\" data-e-type=\"widget\" data-widget_type=\"text-editor.default\">\n\t\t\t\t<div class=\"elementor-widget-container\">\n\t\t\t\t\t\t\t\t\t<p>Nous r\u00e9alisons les cartes \u00e9lectroniques vid\u00e9o pour tout appareil qui a besoin de faire de l\u2019acquisition vid\u00e9o, du traitement (images ou donn\u00e9es), de l\u2019affichage ou du transfert de flux multim\u00e9dia.<\/p>\n<p>Pour cela, nous sommes capables d\u2019int\u00e9grer une large gamme de capteurs d\u2019images couvrant tous les march\u00e9s :<\/p>\n<ul>\n<li>S\u00e9curit\u00e9 : d\u00e9fense \/ surveillance<\/li>\n<li>Transport : a\u00e9ronautique, assistance \u00e0 la conduite (ADAS), train<\/li>\n<li>Science \/ M\u00e9dical<\/li>\n<li>Industrie : microscope de mesure, projecteur de profil, endoscope, vision industrielle<\/li>\n<li>Cinema \/ Media : cinema &amp; broadcast video camera, digital signage, media player<\/li>\n<li>Consumer : sports<\/li>\n<\/ul>\n<p>Si vous avez une quelconque sp\u00e9cificit\u00e9 pour votre projet de cam\u00e9ra vid\u00e9o, nous pouvons s\u00fbrement vous proposer la meilleure solution technique du march\u00e9.<\/p>\n<p>Nos clients b\u00e9n\u00e9ficient de notre expertise sur les capteurs d\u2019images dans diff\u00e9rents spectres (UV \/ visible (HDR) \/ IR \/ thermique, nuit) et nous int\u00e9grons les capteurs \u00e0 l\u2019\u00e9tat de l\u2019art pour concevoir des solutions performantes.<\/p>\n<p>Si vous avez un produit existant, nous pouvons y int\u00e9grer nos solutions pour le rendre plus performant et b\u00e9n\u00e9ficier ainsi des derni\u00e8res technologies.<\/p>\n\t\t\t\t\t\t\t\t<\/div>\n\t\t\t\t<\/div>\n\t\t\t\t\t<\/div>\n\t\t<\/div>\n\t\t\t\t\t<\/div>\n\t\t<\/section>\n\t\t\t\t<\/div>\n\t\t","protected":false},"excerpt":{"rendered":"<p>Nous r\u00e9alisons les cartes \u00e9lectroniques vid\u00e9o pour tout appareil qui a besoin de faire de l\u2019acquisition vid\u00e9o, du traitement (images ou donn\u00e9es), de l\u2019affichage ou du transfert de flux multim\u00e9dia. Pour cela, nous sommes capables d\u2019int\u00e9grer une large gamme de capteurs d\u2019images couvrant tous les march\u00e9s : S\u00e9curit\u00e9 : d\u00e9fense \/ surveillance Transport : a\u00e9ronautique, [&hellip;]<\/p>\n","protected":false},"author":1,"featured_media":0,"parent":16030,"menu_order":0,"comment_status":"closed","ping_status":"closed","template":"elementor_header_footer","meta":{"_acf_changed":false,"inline_featured_image":false,"_monsterinsights_skip_tracking":false,"_monsterinsights_sitenote_active":false,"_monsterinsights_sitenote_note":"","_monsterinsights_sitenote_category":0,"footnotes":""},"class_list":["post-16067","page","type-page","status-publish","hentry"],"acf":[],"yoast_head":"<!-- This site is optimized with the Yoast SEO plugin v27.2 - https:\/\/yoast.com\/product\/yoast-seo-wordpress\/ -->\n<title>Conception Hardware de syst\u00e8mes vid\u00e9os complexes<\/title>\n<meta name=\"description\" content=\"Optimisez vos projets avec notre expertise en hardware pour syst\u00e8mes vid\u00e9os complexes. Cliquez pour en savoir plus !\" \/>\n<meta name=\"robots\" content=\"index, follow, max-snippet:-1, max-image-preview:large, max-video-preview:-1\" \/>\n<link rel=\"canonical\" href=\"https:\/\/nexvision.fr\/fr\/expertise-en-reference-design-hw-sw-ip\/domaines-d-expertise\/conception-hardware-de-systemes-videos-complexes\/\" \/>\n<meta property=\"og:locale\" content=\"fr_FR\" \/>\n<meta property=\"og:type\" content=\"article\" \/>\n<meta property=\"og:title\" content=\"Conception Hardware de syst\u00e8mes vid\u00e9os complexes\" \/>\n<meta property=\"og:description\" content=\"Optimisez vos projets avec notre expertise en hardware pour syst\u00e8mes vid\u00e9os complexes. Cliquez pour en savoir plus !\" \/>\n<meta property=\"og:url\" content=\"https:\/\/nexvision.fr\/fr\/expertise-en-reference-design-hw-sw-ip\/domaines-d-expertise\/conception-hardware-de-systemes-videos-complexes\/\" \/>\n<meta property=\"og:site_name\" content=\"NEXVISION\" \/>\n<meta property=\"article:modified_time\" content=\"2024-08-19T14:58:57+00:00\" \/>\n<meta name=\"twitter:card\" content=\"summary_large_image\" \/>\n<meta name=\"twitter:label1\" content=\"Dur\u00e9e de lecture estim\u00e9e\" \/>\n\t<meta name=\"twitter:data1\" content=\"1 minute\" \/>\n<script type=\"application\/ld+json\" class=\"yoast-schema-graph\">{\"@context\":\"https:\/\/schema.org\",\"@graph\":[{\"@type\":\"WebPage\",\"@id\":\"https:\/\/nexvision.fr\/fr\/expertise-en-reference-design-hw-sw-ip\/domaines-d-expertise\/conception-hardware-de-systemes-videos-complexes\/\",\"url\":\"https:\/\/nexvision.fr\/fr\/expertise-en-reference-design-hw-sw-ip\/domaines-d-expertise\/conception-hardware-de-systemes-videos-complexes\/\",\"name\":\"Conception Hardware de syst\u00e8mes vid\u00e9os complexes\",\"isPartOf\":{\"@id\":\"https:\/\/nexvision.fr\/#website\"},\"datePublished\":\"2024-08-19T12:18:09+00:00\",\"dateModified\":\"2024-08-19T14:58:57+00:00\",\"description\":\"Optimisez vos projets avec notre expertise en hardware pour syst\u00e8mes vid\u00e9os complexes. Cliquez pour en savoir plus !\",\"breadcrumb\":{\"@id\":\"https:\/\/nexvision.fr\/fr\/expertise-en-reference-design-hw-sw-ip\/domaines-d-expertise\/conception-hardware-de-systemes-videos-complexes\/#breadcrumb\"},\"inLanguage\":\"fr-FR\",\"potentialAction\":[{\"@type\":\"ReadAction\",\"target\":[\"https:\/\/nexvision.fr\/fr\/expertise-en-reference-design-hw-sw-ip\/domaines-d-expertise\/conception-hardware-de-systemes-videos-complexes\/\"]}]},{\"@type\":\"BreadcrumbList\",\"@id\":\"https:\/\/nexvision.fr\/fr\/expertise-en-reference-design-hw-sw-ip\/domaines-d-expertise\/conception-hardware-de-systemes-videos-complexes\/#breadcrumb\",\"itemListElement\":[{\"@type\":\"ListItem\",\"position\":1,\"name\":\"Home\",\"item\":\"https:\/\/nexvision.fr\/fr\/accueil\/\"},{\"@type\":\"ListItem\",\"position\":2,\"name\":\"Expertise en reference design hw sw ip\",\"item\":\"https:\/\/nexvision.fr\/fr\/expertise-en-reference-design-hw-sw-ip\/\"},{\"@type\":\"ListItem\",\"position\":3,\"name\":\"Domaines d&#8217;expertise\",\"item\":\"https:\/\/nexvision.fr\/fr\/expertise-en-reference-design-hw-sw-ip\/domaines-d-expertise\/\"},{\"@type\":\"ListItem\",\"position\":4,\"name\":\"Conception Hardware de syst\u00e8mes vid\u00e9os complexes\"}]},{\"@type\":\"WebSite\",\"@id\":\"https:\/\/nexvision.fr\/#website\",\"url\":\"https:\/\/nexvision.fr\/\",\"name\":\"NEXVISION\",\"description\":\"Vision solution : optronic system UV night SWIR LWIR Terahertz\",\"publisher\":{\"@id\":\"https:\/\/nexvision.fr\/#organization\"},\"potentialAction\":[{\"@type\":\"SearchAction\",\"target\":{\"@type\":\"EntryPoint\",\"urlTemplate\":\"https:\/\/nexvision.fr\/?s={search_term_string}\"},\"query-input\":{\"@type\":\"PropertyValueSpecification\",\"valueRequired\":true,\"valueName\":\"search_term_string\"}}],\"inLanguage\":\"fr-FR\"},{\"@type\":\"Organization\",\"@id\":\"https:\/\/nexvision.fr\/#organization\",\"name\":\"NEXVISION\",\"url\":\"https:\/\/nexvision.fr\/\",\"logo\":{\"@type\":\"ImageObject\",\"inLanguage\":\"fr-FR\",\"@id\":\"https:\/\/nexvision.fr\/#\/schema\/logo\/image\/\",\"url\":\"https:\/\/nexvision.fr\/wp-content\/uploads\/2025\/10\/LogoNexvision696px.png\",\"contentUrl\":\"https:\/\/nexvision.fr\/wp-content\/uploads\/2025\/10\/LogoNexvision696px.png\",\"width\":696,\"height\":696,\"caption\":\"NEXVISION\"},\"image\":{\"@id\":\"https:\/\/nexvision.fr\/#\/schema\/logo\/image\/\"}}]}<\/script>\n<!-- \/ Yoast SEO plugin. -->","yoast_head_json":{"title":"Conception Hardware de syst\u00e8mes vid\u00e9os complexes","description":"Optimisez vos projets avec notre expertise en hardware pour syst\u00e8mes vid\u00e9os complexes. Cliquez pour en savoir plus !","robots":{"index":"index","follow":"follow","max-snippet":"max-snippet:-1","max-image-preview":"max-image-preview:large","max-video-preview":"max-video-preview:-1"},"canonical":"https:\/\/nexvision.fr\/fr\/expertise-en-reference-design-hw-sw-ip\/domaines-d-expertise\/conception-hardware-de-systemes-videos-complexes\/","og_locale":"fr_FR","og_type":"article","og_title":"Conception Hardware de syst\u00e8mes vid\u00e9os complexes","og_description":"Optimisez vos projets avec notre expertise en hardware pour syst\u00e8mes vid\u00e9os complexes. Cliquez pour en savoir plus !","og_url":"https:\/\/nexvision.fr\/fr\/expertise-en-reference-design-hw-sw-ip\/domaines-d-expertise\/conception-hardware-de-systemes-videos-complexes\/","og_site_name":"NEXVISION","article_modified_time":"2024-08-19T14:58:57+00:00","twitter_card":"summary_large_image","twitter_misc":{"Dur\u00e9e de lecture estim\u00e9e":"1 minute"},"schema":{"@context":"https:\/\/schema.org","@graph":[{"@type":"WebPage","@id":"https:\/\/nexvision.fr\/fr\/expertise-en-reference-design-hw-sw-ip\/domaines-d-expertise\/conception-hardware-de-systemes-videos-complexes\/","url":"https:\/\/nexvision.fr\/fr\/expertise-en-reference-design-hw-sw-ip\/domaines-d-expertise\/conception-hardware-de-systemes-videos-complexes\/","name":"Conception Hardware de syst\u00e8mes vid\u00e9os complexes","isPartOf":{"@id":"https:\/\/nexvision.fr\/#website"},"datePublished":"2024-08-19T12:18:09+00:00","dateModified":"2024-08-19T14:58:57+00:00","description":"Optimisez vos projets avec notre expertise en hardware pour syst\u00e8mes vid\u00e9os complexes. Cliquez pour en savoir plus !","breadcrumb":{"@id":"https:\/\/nexvision.fr\/fr\/expertise-en-reference-design-hw-sw-ip\/domaines-d-expertise\/conception-hardware-de-systemes-videos-complexes\/#breadcrumb"},"inLanguage":"fr-FR","potentialAction":[{"@type":"ReadAction","target":["https:\/\/nexvision.fr\/fr\/expertise-en-reference-design-hw-sw-ip\/domaines-d-expertise\/conception-hardware-de-systemes-videos-complexes\/"]}]},{"@type":"BreadcrumbList","@id":"https:\/\/nexvision.fr\/fr\/expertise-en-reference-design-hw-sw-ip\/domaines-d-expertise\/conception-hardware-de-systemes-videos-complexes\/#breadcrumb","itemListElement":[{"@type":"ListItem","position":1,"name":"Home","item":"https:\/\/nexvision.fr\/fr\/accueil\/"},{"@type":"ListItem","position":2,"name":"Expertise en reference design hw sw ip","item":"https:\/\/nexvision.fr\/fr\/expertise-en-reference-design-hw-sw-ip\/"},{"@type":"ListItem","position":3,"name":"Domaines d&#8217;expertise","item":"https:\/\/nexvision.fr\/fr\/expertise-en-reference-design-hw-sw-ip\/domaines-d-expertise\/"},{"@type":"ListItem","position":4,"name":"Conception Hardware de syst\u00e8mes vid\u00e9os complexes"}]},{"@type":"WebSite","@id":"https:\/\/nexvision.fr\/#website","url":"https:\/\/nexvision.fr\/","name":"NEXVISION","description":"Vision solution : optronic system UV night SWIR LWIR Terahertz","publisher":{"@id":"https:\/\/nexvision.fr\/#organization"},"potentialAction":[{"@type":"SearchAction","target":{"@type":"EntryPoint","urlTemplate":"https:\/\/nexvision.fr\/?s={search_term_string}"},"query-input":{"@type":"PropertyValueSpecification","valueRequired":true,"valueName":"search_term_string"}}],"inLanguage":"fr-FR"},{"@type":"Organization","@id":"https:\/\/nexvision.fr\/#organization","name":"NEXVISION","url":"https:\/\/nexvision.fr\/","logo":{"@type":"ImageObject","inLanguage":"fr-FR","@id":"https:\/\/nexvision.fr\/#\/schema\/logo\/image\/","url":"https:\/\/nexvision.fr\/wp-content\/uploads\/2025\/10\/LogoNexvision696px.png","contentUrl":"https:\/\/nexvision.fr\/wp-content\/uploads\/2025\/10\/LogoNexvision696px.png","width":696,"height":696,"caption":"NEXVISION"},"image":{"@id":"https:\/\/nexvision.fr\/#\/schema\/logo\/image\/"}}]}},"_links":{"self":[{"href":"https:\/\/nexvision.fr\/fr\/wp-json\/wp\/v2\/pages\/16067","targetHints":{"allow":["GET"]}}],"collection":[{"href":"https:\/\/nexvision.fr\/fr\/wp-json\/wp\/v2\/pages"}],"about":[{"href":"https:\/\/nexvision.fr\/fr\/wp-json\/wp\/v2\/types\/page"}],"author":[{"embeddable":true,"href":"https:\/\/nexvision.fr\/fr\/wp-json\/wp\/v2\/users\/1"}],"replies":[{"embeddable":true,"href":"https:\/\/nexvision.fr\/fr\/wp-json\/wp\/v2\/comments?post=16067"}],"version-history":[{"count":1,"href":"https:\/\/nexvision.fr\/fr\/wp-json\/wp\/v2\/pages\/16067\/revisions"}],"predecessor-version":[{"id":16068,"href":"https:\/\/nexvision.fr\/fr\/wp-json\/wp\/v2\/pages\/16067\/revisions\/16068"}],"up":[{"embeddable":true,"href":"https:\/\/nexvision.fr\/fr\/wp-json\/wp\/v2\/pages\/16030"}],"wp:attachment":[{"href":"https:\/\/nexvision.fr\/fr\/wp-json\/wp\/v2\/media?parent=16067"}],"curies":[{"name":"wp","href":"https:\/\/api.w.org\/{rel}","templated":true}]}}