{"id":16069,"date":"2024-08-19T14:20:57","date_gmt":"2024-08-19T12:20:57","guid":{"rendered":"https:\/\/nexvision.dev\/expertise-en-reference-design-hw-sw-ip\/domaines-dexpertise\/conception-de-systemes-optroniques\/"},"modified":"2024-08-19T16:59:34","modified_gmt":"2024-08-19T14:59:34","slug":"conception-de-systemes-optroniques","status":"publish","type":"page","link":"https:\/\/nexvision.fr\/fr\/expertise-en-reference-design-hw-sw-ip\/domaines-d-expertise\/conception-de-systemes-optroniques\/","title":{"rendered":"Conception de syst\u00e8mes optroniques"},"content":{"rendered":"\t\t<div data-elementor-type=\"wp-page\" data-elementor-id=\"16069\" class=\"elementor elementor-16069 elementor-15913\" data-elementor-post-type=\"page\">\n\t\t\t\t\t\t<section data-particle_enable=\"false\" data-particle-mobile-disabled=\"false\" class=\"elementor-section elementor-top-section elementor-element elementor-element-2e39ef0 elementor-section-height-min-height elementor-section-stretched elementor-section-boxed elementor-section-height-default elementor-section-items-middle\" data-id=\"2e39ef0\" data-element_type=\"section\" data-e-type=\"section\" data-settings=\"{&quot;stretch_section&quot;:&quot;section-stretched&quot;,&quot;background_background&quot;:&quot;classic&quot;}\">\n\t\t\t\t\t\t\t<div class=\"elementor-background-overlay\"><\/div>\n\t\t\t\t\t\t\t<div class=\"elementor-container elementor-column-gap-no\">\n\t\t\t\t\t<div class=\"elementor-column elementor-col-100 elementor-top-column elementor-element elementor-element-a0ee0e2\" data-id=\"a0ee0e2\" data-element_type=\"column\" data-e-type=\"column\">\n\t\t\t<div class=\"elementor-widget-wrap elementor-element-populated\">\n\t\t\t\t\t\t<div class=\"elementor-element elementor-element-878d8a1 elementor-widget elementor-widget-heading\" data-id=\"878d8a1\" data-element_type=\"widget\" data-e-type=\"widget\" data-widget_type=\"heading.default\">\n\t\t\t\t<div class=\"elementor-widget-container\">\n\t\t\t\t\t<h1 class=\"elementor-heading-title elementor-size-default\">Conception de syst\u00e8mes optroniques<\/h1>\t\t\t\t<\/div>\n\t\t\t\t<\/div>\n\t\t\t\t\t<\/div>\n\t\t<\/div>\n\t\t\t\t\t<\/div>\n\t\t<\/section>\n\t\t\t\t<section data-particle_enable=\"false\" data-particle-mobile-disabled=\"false\" class=\"elementor-section elementor-top-section elementor-element elementor-element-8385fce elementor-section-content-middle elementor-section-boxed elementor-section-height-default elementor-section-height-default\" data-id=\"8385fce\" data-element_type=\"section\" data-e-type=\"section\" data-settings=\"{&quot;background_background&quot;:&quot;classic&quot;}\">\n\t\t\t\t\t\t<div class=\"elementor-container elementor-column-gap-default\">\n\t\t\t\t\t<div class=\"elementor-column elementor-col-100 elementor-top-column elementor-element elementor-element-e0c89b3\" data-id=\"e0c89b3\" data-element_type=\"column\" data-e-type=\"column\">\n\t\t\t<div class=\"elementor-widget-wrap elementor-element-populated\">\n\t\t\t\t\t\t<div class=\"elementor-element elementor-element-2dcfd69 elementor-widget elementor-widget-text-editor\" data-id=\"2dcfd69\" data-element_type=\"widget\" data-e-type=\"widget\" data-widget_type=\"text-editor.default\">\n\t\t\t\t<div class=\"elementor-widget-container\">\n\t\t\t\t\t\t\t\t\t<p><span><span><a href=\"https:\/\/nexvision.fr\/\">Home<\/a><\/span><\/span><\/p>\n\t\t\t\t\t\t\t\t<\/div>\n\t\t\t\t<\/div>\n\t\t\t\t\t<\/div>\n\t\t<\/div>\n\t\t\t\t\t<\/div>\n\t\t<\/section>\n\t\t\t\t<section data-particle_enable=\"false\" data-particle-mobile-disabled=\"false\" class=\"elementor-section elementor-top-section elementor-element elementor-element-30740e5 elementor-section-boxed elementor-section-height-default elementor-section-height-default\" data-id=\"30740e5\" data-element_type=\"section\" data-e-type=\"section\">\n\t\t\t\t\t\t<div class=\"elementor-container elementor-column-gap-default\">\n\t\t\t\t\t<div class=\"elementor-column elementor-col-100 elementor-top-column elementor-element elementor-element-7459f71\" data-id=\"7459f71\" data-element_type=\"column\" data-e-type=\"column\">\n\t\t\t<div class=\"elementor-widget-wrap elementor-element-populated\">\n\t\t\t\t\t\t<div class=\"elementor-element elementor-element-70a7286 elementor-widget elementor-widget-text-editor\" data-id=\"70a7286\" data-element_type=\"widget\" data-e-type=\"widget\" data-widget_type=\"text-editor.default\">\n\t\t\t\t<div class=\"elementor-widget-container\">\n\t\t\t\t\t\t\t\t\t<p>Nous concevons des syst\u00e8mes opto-\u00e9lectroniques complets, du cahier des charges jusqu\u2019au boitier du produit fini, ce qui vous permet d\u2019avoir un seul interlocuteur pour piloter et r\u00e9aliser votre projet.<\/p>\n<p>Nous vous proposons :<\/p>\n<ul>\n<li>La s\u00e9lection de lentille<\/li>\n<li>La customisation de la carte capteur adapt\u00e9e<\/li>\n<li>La customisation de la carte d\u2019acquisition vid\u00e9o et de traitement des donn\u00e9es<\/li>\n<li>Le transfert des donn\u00e9es<\/li>\n<li>Le contr\u00f4le et la calibration<\/li>\n<li>Et \u00e9galement la conception des \u00e9l\u00e9ments m\u00e9caniques si besoin<\/li>\n<\/ul>\n<p>Nous proposons ainsi une solution compl\u00e8te cl\u00e9 en main et nous vous livrons un produit fini.<\/p>\n<p>Pour vous permettre d\u2019obtenir un produit final id\u00e9al, nous r\u00e9alisons des produits interm\u00e9diaires, ce qui vous permet de tester des fonctionnalit\u00e9s cl\u00e9s au fur et \u00e0 mesure de l\u2019avancement du projet et \u00e9ventuellement d\u2019ajuster et de red\u00e9finir les sp\u00e9cifications sur le produit fini. Cela vous permet \u00e9galement d\u2019affiner le Marketing du produit.<\/p>\n\t\t\t\t\t\t\t\t<\/div>\n\t\t\t\t<\/div>\n\t\t\t\t\t<\/div>\n\t\t<\/div>\n\t\t\t\t\t<\/div>\n\t\t<\/section>\n\t\t\t\t<\/div>\n\t\t","protected":false},"excerpt":{"rendered":"<p>Nous concevons des syst\u00e8mes opto-\u00e9lectroniques complets, du cahier des charges jusqu\u2019au boitier du produit fini, ce qui vous permet d\u2019avoir un seul interlocuteur pour piloter et r\u00e9aliser votre projet. Nous vous proposons : La s\u00e9lection de lentille La customisation de la carte capteur adapt\u00e9e La customisation de la carte d\u2019acquisition vid\u00e9o et de traitement des [&hellip;]<\/p>\n","protected":false},"author":1,"featured_media":0,"parent":16030,"menu_order":0,"comment_status":"closed","ping_status":"closed","template":"elementor_header_footer","meta":{"_acf_changed":false,"inline_featured_image":false,"_monsterinsights_skip_tracking":false,"_monsterinsights_sitenote_active":false,"_monsterinsights_sitenote_note":"","_monsterinsights_sitenote_category":0,"footnotes":""},"class_list":["post-16069","page","type-page","status-publish","hentry"],"acf":[],"yoast_head":"<!-- This site is optimized with the Yoast SEO plugin v27.2 - https:\/\/yoast.com\/product\/yoast-seo-wordpress\/ -->\n<title>Conception de syst\u00e8mes optroniques<\/title>\n<meta name=\"description\" content=\"D\u00e9couvrez notre expertise en conception de syst\u00e8mes optroniques avanc\u00e9s. Performance et pr\u00e9cision. En savoir plus ici !\" \/>\n<meta name=\"robots\" content=\"index, follow, max-snippet:-1, max-image-preview:large, max-video-preview:-1\" \/>\n<link rel=\"canonical\" href=\"https:\/\/nexvision.fr\/fr\/expertise-en-reference-design-hw-sw-ip\/domaines-d-expertise\/conception-de-systemes-optroniques\/\" \/>\n<meta property=\"og:locale\" content=\"fr_FR\" \/>\n<meta property=\"og:type\" content=\"article\" \/>\n<meta property=\"og:title\" content=\"Conception de syst\u00e8mes optroniques\" \/>\n<meta property=\"og:description\" content=\"D\u00e9couvrez notre expertise en conception de syst\u00e8mes optroniques avanc\u00e9s. Performance et pr\u00e9cision. En savoir plus ici !\" \/>\n<meta property=\"og:url\" content=\"https:\/\/nexvision.fr\/fr\/expertise-en-reference-design-hw-sw-ip\/domaines-d-expertise\/conception-de-systemes-optroniques\/\" \/>\n<meta property=\"og:site_name\" content=\"NEXVISION\" \/>\n<meta property=\"article:modified_time\" content=\"2024-08-19T14:59:34+00:00\" \/>\n<meta name=\"twitter:card\" content=\"summary_large_image\" \/>\n<meta name=\"twitter:label1\" content=\"Dur\u00e9e de lecture estim\u00e9e\" \/>\n\t<meta name=\"twitter:data1\" content=\"1 minute\" \/>\n<script type=\"application\/ld+json\" class=\"yoast-schema-graph\">{\"@context\":\"https:\/\/schema.org\",\"@graph\":[{\"@type\":\"WebPage\",\"@id\":\"https:\/\/nexvision.fr\/fr\/expertise-en-reference-design-hw-sw-ip\/domaines-d-expertise\/conception-de-systemes-optroniques\/\",\"url\":\"https:\/\/nexvision.fr\/fr\/expertise-en-reference-design-hw-sw-ip\/domaines-d-expertise\/conception-de-systemes-optroniques\/\",\"name\":\"Conception de syst\u00e8mes optroniques\",\"isPartOf\":{\"@id\":\"https:\/\/nexvision.fr\/#website\"},\"datePublished\":\"2024-08-19T12:20:57+00:00\",\"dateModified\":\"2024-08-19T14:59:34+00:00\",\"description\":\"D\u00e9couvrez notre expertise en conception de syst\u00e8mes optroniques avanc\u00e9s. Performance et pr\u00e9cision. En savoir plus ici !\",\"breadcrumb\":{\"@id\":\"https:\/\/nexvision.fr\/fr\/expertise-en-reference-design-hw-sw-ip\/domaines-d-expertise\/conception-de-systemes-optroniques\/#breadcrumb\"},\"inLanguage\":\"fr-FR\",\"potentialAction\":[{\"@type\":\"ReadAction\",\"target\":[\"https:\/\/nexvision.fr\/fr\/expertise-en-reference-design-hw-sw-ip\/domaines-d-expertise\/conception-de-systemes-optroniques\/\"]}]},{\"@type\":\"BreadcrumbList\",\"@id\":\"https:\/\/nexvision.fr\/fr\/expertise-en-reference-design-hw-sw-ip\/domaines-d-expertise\/conception-de-systemes-optroniques\/#breadcrumb\",\"itemListElement\":[{\"@type\":\"ListItem\",\"position\":1,\"name\":\"Home\",\"item\":\"https:\/\/nexvision.fr\/\"},{\"@type\":\"ListItem\",\"position\":2,\"name\":\"Expertise en reference design hw sw ip\",\"item\":\"https:\/\/nexvision.fr\/fr\/expertise-en-reference-design-hw-sw-ip\/\"},{\"@type\":\"ListItem\",\"position\":3,\"name\":\"Domaines d&#8217;expertise\",\"item\":\"https:\/\/nexvision.fr\/fr\/expertise-en-reference-design-hw-sw-ip\/domaines-d-expertise\/\"},{\"@type\":\"ListItem\",\"position\":4,\"name\":\"Conception de syst\u00e8mes optroniques\"}]},{\"@type\":\"WebSite\",\"@id\":\"https:\/\/nexvision.fr\/#website\",\"url\":\"https:\/\/nexvision.fr\/\",\"name\":\"NEXVISION\",\"description\":\"Vision solution : optronic system UV night SWIR LWIR Terahertz\",\"publisher\":{\"@id\":\"https:\/\/nexvision.fr\/#organization\"},\"potentialAction\":[{\"@type\":\"SearchAction\",\"target\":{\"@type\":\"EntryPoint\",\"urlTemplate\":\"https:\/\/nexvision.fr\/?s={search_term_string}\"},\"query-input\":{\"@type\":\"PropertyValueSpecification\",\"valueRequired\":true,\"valueName\":\"search_term_string\"}}],\"inLanguage\":\"fr-FR\"},{\"@type\":\"Organization\",\"@id\":\"https:\/\/nexvision.fr\/#organization\",\"name\":\"NEXVISION\",\"url\":\"https:\/\/nexvision.fr\/\",\"logo\":{\"@type\":\"ImageObject\",\"inLanguage\":\"fr-FR\",\"@id\":\"https:\/\/nexvision.fr\/#\/schema\/logo\/image\/\",\"url\":\"https:\/\/nexvision.fr\/wp-content\/uploads\/2025\/10\/LogoNexvision696px.png\",\"contentUrl\":\"https:\/\/nexvision.fr\/wp-content\/uploads\/2025\/10\/LogoNexvision696px.png\",\"width\":696,\"height\":696,\"caption\":\"NEXVISION\"},\"image\":{\"@id\":\"https:\/\/nexvision.fr\/#\/schema\/logo\/image\/\"}}]}<\/script>\n<!-- \/ Yoast SEO plugin. -->","yoast_head_json":{"title":"Conception de syst\u00e8mes optroniques","description":"D\u00e9couvrez notre expertise en conception de syst\u00e8mes optroniques avanc\u00e9s. Performance et pr\u00e9cision. En savoir plus ici !","robots":{"index":"index","follow":"follow","max-snippet":"max-snippet:-1","max-image-preview":"max-image-preview:large","max-video-preview":"max-video-preview:-1"},"canonical":"https:\/\/nexvision.fr\/fr\/expertise-en-reference-design-hw-sw-ip\/domaines-d-expertise\/conception-de-systemes-optroniques\/","og_locale":"fr_FR","og_type":"article","og_title":"Conception de syst\u00e8mes optroniques","og_description":"D\u00e9couvrez notre expertise en conception de syst\u00e8mes optroniques avanc\u00e9s. Performance et pr\u00e9cision. En savoir plus ici !","og_url":"https:\/\/nexvision.fr\/fr\/expertise-en-reference-design-hw-sw-ip\/domaines-d-expertise\/conception-de-systemes-optroniques\/","og_site_name":"NEXVISION","article_modified_time":"2024-08-19T14:59:34+00:00","twitter_card":"summary_large_image","twitter_misc":{"Dur\u00e9e de lecture estim\u00e9e":"1 minute"},"schema":{"@context":"https:\/\/schema.org","@graph":[{"@type":"WebPage","@id":"https:\/\/nexvision.fr\/fr\/expertise-en-reference-design-hw-sw-ip\/domaines-d-expertise\/conception-de-systemes-optroniques\/","url":"https:\/\/nexvision.fr\/fr\/expertise-en-reference-design-hw-sw-ip\/domaines-d-expertise\/conception-de-systemes-optroniques\/","name":"Conception de syst\u00e8mes optroniques","isPartOf":{"@id":"https:\/\/nexvision.fr\/#website"},"datePublished":"2024-08-19T12:20:57+00:00","dateModified":"2024-08-19T14:59:34+00:00","description":"D\u00e9couvrez notre expertise en conception de syst\u00e8mes optroniques avanc\u00e9s. Performance et pr\u00e9cision. En savoir plus ici !","breadcrumb":{"@id":"https:\/\/nexvision.fr\/fr\/expertise-en-reference-design-hw-sw-ip\/domaines-d-expertise\/conception-de-systemes-optroniques\/#breadcrumb"},"inLanguage":"fr-FR","potentialAction":[{"@type":"ReadAction","target":["https:\/\/nexvision.fr\/fr\/expertise-en-reference-design-hw-sw-ip\/domaines-d-expertise\/conception-de-systemes-optroniques\/"]}]},{"@type":"BreadcrumbList","@id":"https:\/\/nexvision.fr\/fr\/expertise-en-reference-design-hw-sw-ip\/domaines-d-expertise\/conception-de-systemes-optroniques\/#breadcrumb","itemListElement":[{"@type":"ListItem","position":1,"name":"Home","item":"https:\/\/nexvision.fr\/"},{"@type":"ListItem","position":2,"name":"Expertise en reference design hw sw ip","item":"https:\/\/nexvision.fr\/fr\/expertise-en-reference-design-hw-sw-ip\/"},{"@type":"ListItem","position":3,"name":"Domaines d&#8217;expertise","item":"https:\/\/nexvision.fr\/fr\/expertise-en-reference-design-hw-sw-ip\/domaines-d-expertise\/"},{"@type":"ListItem","position":4,"name":"Conception de syst\u00e8mes optroniques"}]},{"@type":"WebSite","@id":"https:\/\/nexvision.fr\/#website","url":"https:\/\/nexvision.fr\/","name":"NEXVISION","description":"Vision solution : optronic system UV night SWIR LWIR Terahertz","publisher":{"@id":"https:\/\/nexvision.fr\/#organization"},"potentialAction":[{"@type":"SearchAction","target":{"@type":"EntryPoint","urlTemplate":"https:\/\/nexvision.fr\/?s={search_term_string}"},"query-input":{"@type":"PropertyValueSpecification","valueRequired":true,"valueName":"search_term_string"}}],"inLanguage":"fr-FR"},{"@type":"Organization","@id":"https:\/\/nexvision.fr\/#organization","name":"NEXVISION","url":"https:\/\/nexvision.fr\/","logo":{"@type":"ImageObject","inLanguage":"fr-FR","@id":"https:\/\/nexvision.fr\/#\/schema\/logo\/image\/","url":"https:\/\/nexvision.fr\/wp-content\/uploads\/2025\/10\/LogoNexvision696px.png","contentUrl":"https:\/\/nexvision.fr\/wp-content\/uploads\/2025\/10\/LogoNexvision696px.png","width":696,"height":696,"caption":"NEXVISION"},"image":{"@id":"https:\/\/nexvision.fr\/#\/schema\/logo\/image\/"}}]}},"_links":{"self":[{"href":"https:\/\/nexvision.fr\/fr\/wp-json\/wp\/v2\/pages\/16069","targetHints":{"allow":["GET"]}}],"collection":[{"href":"https:\/\/nexvision.fr\/fr\/wp-json\/wp\/v2\/pages"}],"about":[{"href":"https:\/\/nexvision.fr\/fr\/wp-json\/wp\/v2\/types\/page"}],"author":[{"embeddable":true,"href":"https:\/\/nexvision.fr\/fr\/wp-json\/wp\/v2\/users\/1"}],"replies":[{"embeddable":true,"href":"https:\/\/nexvision.fr\/fr\/wp-json\/wp\/v2\/comments?post=16069"}],"version-history":[{"count":1,"href":"https:\/\/nexvision.fr\/fr\/wp-json\/wp\/v2\/pages\/16069\/revisions"}],"predecessor-version":[{"id":16070,"href":"https:\/\/nexvision.fr\/fr\/wp-json\/wp\/v2\/pages\/16069\/revisions\/16070"}],"up":[{"embeddable":true,"href":"https:\/\/nexvision.fr\/fr\/wp-json\/wp\/v2\/pages\/16030"}],"wp:attachment":[{"href":"https:\/\/nexvision.fr\/fr\/wp-json\/wp\/v2\/media?parent=16069"}],"curies":[{"name":"wp","href":"https:\/\/api.w.org\/{rel}","templated":true}]}}