{"id":16071,"date":"2024-08-19T14:14:40","date_gmt":"2024-08-19T12:14:40","guid":{"rendered":"https:\/\/nexvision.dev\/expertise-en-reference-design-hw-sw-ip\/domaines-dexpertise\/capteur-dimage-uv-visible-ir-thermique-nuit\/"},"modified":"2024-08-19T17:00:26","modified_gmt":"2024-08-19T15:00:26","slug":"capteur-dimage-uv-visible-ir-thermique-nuit","status":"publish","type":"page","link":"https:\/\/nexvision.fr\/fr\/expertise-en-reference-design-hw-sw-ip\/domaines-d-expertise\/capteur-dimage-uv-visible-ir-thermique-nuit\/","title":{"rendered":"Capteur d&rsquo;image (UV, visible, IR, thermique, nuit&#8230;)"},"content":{"rendered":"\t\t<div data-elementor-type=\"wp-page\" data-elementor-id=\"16071\" class=\"elementor elementor-16071 elementor-15901\" data-elementor-post-type=\"page\">\n\t\t\t\t\t\t<section data-particle_enable=\"false\" data-particle-mobile-disabled=\"false\" class=\"elementor-section elementor-top-section elementor-element elementor-element-350b7a6 elementor-section-height-min-height elementor-section-stretched elementor-section-boxed elementor-section-height-default elementor-section-items-middle\" data-id=\"350b7a6\" data-element_type=\"section\" data-e-type=\"section\" data-settings=\"{&quot;stretch_section&quot;:&quot;section-stretched&quot;,&quot;background_background&quot;:&quot;classic&quot;}\">\n\t\t\t\t\t\t\t<div class=\"elementor-background-overlay\"><\/div>\n\t\t\t\t\t\t\t<div class=\"elementor-container elementor-column-gap-no\">\n\t\t\t\t\t<div class=\"elementor-column elementor-col-100 elementor-top-column elementor-element elementor-element-c4b2952\" data-id=\"c4b2952\" data-element_type=\"column\" data-e-type=\"column\">\n\t\t\t<div class=\"elementor-widget-wrap elementor-element-populated\">\n\t\t\t\t\t\t<div class=\"elementor-element elementor-element-9b083ad elementor-widget elementor-widget-heading\" data-id=\"9b083ad\" data-element_type=\"widget\" data-e-type=\"widget\" data-widget_type=\"heading.default\">\n\t\t\t\t<div class=\"elementor-widget-container\">\n\t\t\t\t\t<h1 class=\"elementor-heading-title elementor-size-default\">Capteur d&rsquo;image (UV, visible, IR, thermique, nuit&#8230;)<\/h1>\t\t\t\t<\/div>\n\t\t\t\t<\/div>\n\t\t\t\t\t<\/div>\n\t\t<\/div>\n\t\t\t\t\t<\/div>\n\t\t<\/section>\n\t\t\t\t<section data-particle_enable=\"false\" data-particle-mobile-disabled=\"false\" class=\"elementor-section elementor-top-section elementor-element elementor-element-83294b5 elementor-section-content-middle elementor-section-boxed elementor-section-height-default elementor-section-height-default\" data-id=\"83294b5\" data-element_type=\"section\" data-e-type=\"section\" data-settings=\"{&quot;background_background&quot;:&quot;classic&quot;}\">\n\t\t\t\t\t\t<div class=\"elementor-container elementor-column-gap-default\">\n\t\t\t\t\t<div class=\"elementor-column elementor-col-100 elementor-top-column elementor-element elementor-element-9c571d6\" data-id=\"9c571d6\" data-element_type=\"column\" data-e-type=\"column\">\n\t\t\t<div class=\"elementor-widget-wrap elementor-element-populated\">\n\t\t\t\t\t\t<div class=\"elementor-element elementor-element-780f46c elementor-widget elementor-widget-text-editor\" data-id=\"780f46c\" data-element_type=\"widget\" data-e-type=\"widget\" data-widget_type=\"text-editor.default\">\n\t\t\t\t<div class=\"elementor-widget-container\">\n\t\t\t\t\t\t\t\t\t<p><span><span><a href=\"https:\/\/nexvision.fr\/fr\/accueil\/\">Home<\/a><\/span><\/span><\/p>\n\t\t\t\t\t\t\t\t<\/div>\n\t\t\t\t<\/div>\n\t\t\t\t\t<\/div>\n\t\t<\/div>\n\t\t\t\t\t<\/div>\n\t\t<\/section>\n\t\t\t\t<section data-particle_enable=\"false\" data-particle-mobile-disabled=\"false\" class=\"elementor-section elementor-top-section elementor-element elementor-element-f134700 elementor-section-boxed elementor-section-height-default elementor-section-height-default\" data-id=\"f134700\" data-element_type=\"section\" data-e-type=\"section\">\n\t\t\t\t\t\t<div class=\"elementor-container elementor-column-gap-default\">\n\t\t\t\t\t<div class=\"elementor-column elementor-col-100 elementor-top-column elementor-element elementor-element-7292e0e\" data-id=\"7292e0e\" data-element_type=\"column\" data-e-type=\"column\">\n\t\t\t<div class=\"elementor-widget-wrap elementor-element-populated\">\n\t\t\t\t\t\t<div class=\"elementor-element elementor-element-715a49e elementor-widget elementor-widget-text-editor\" data-id=\"715a49e\" data-element_type=\"widget\" data-e-type=\"widget\" data-widget_type=\"text-editor.default\">\n\t\t\t\t<div class=\"elementor-widget-container\">\n\t\t\t\t\t\t\t\t\t<h2>Une forte expertise sur la plupart des capteurs d\u2019image du march\u00e9<\/h2>\n<p>Nous connaissons bien les diff\u00e9rents capteurs du march\u00e9 et nous pouvons ainsi vous conseiller et op\u00e9rer sur une large gamme\u00a0de capteurs d\u2019images : UV, visible avec ou sans\u00a0HDR, SWIR, LWIR, thermique, capteur refroidi pour la vision de nuit, microbolom\u00e8tre, Terahertz.<\/p>\n<p>Pour chacun de ces capteurs, nous pouvons r\u00e9aliser un design de votre produit dans des temps tr\u00e8s courts.<\/p>\n<p>N\u2019h\u00e9sitez-pas \u00e0 nous communiquer votre besoin, nous vous aiderons \u00e0 trouver le capteur le mieux adapt\u00e9.<\/p>\n<h2>R\u00e9alisation de kits de d\u00e9veloppement<\/h2>\n<p>Si vous avez besoin d\u2019un kit de d\u00e9veloppement pour un nouveau capteur, nous\u00a0pouvons \u00e9galement vous accompagner sur ce type de projet.<\/p>\n<p>Nous avons r\u00e9alis\u00e9 des kits de d\u00e9veloppement pour de nombreux fabricants de capteurs.<\/p>\n\t\t\t\t\t\t\t\t<\/div>\n\t\t\t\t<\/div>\n\t\t\t\t\t<\/div>\n\t\t<\/div>\n\t\t\t\t\t<\/div>\n\t\t<\/section>\n\t\t\t\t<\/div>\n\t\t","protected":false},"excerpt":{"rendered":"<p>Une forte expertise sur la plupart des capteurs d\u2019image du march\u00e9 Nous connaissons bien les diff\u00e9rents capteurs du march\u00e9 et nous pouvons ainsi vous conseiller et op\u00e9rer sur une large gamme\u00a0de capteurs d\u2019images : UV, visible avec ou sans\u00a0HDR, SWIR, LWIR, thermique, capteur refroidi pour la vision de nuit, microbolom\u00e8tre, Terahertz. Pour chacun de ces [&hellip;]<\/p>\n","protected":false},"author":1,"featured_media":0,"parent":16030,"menu_order":0,"comment_status":"closed","ping_status":"closed","template":"elementor_header_footer","meta":{"_acf_changed":false,"inline_featured_image":false,"_monsterinsights_skip_tracking":false,"_monsterinsights_sitenote_active":false,"_monsterinsights_sitenote_note":"","_monsterinsights_sitenote_category":0,"footnotes":""},"class_list":["post-16071","page","type-page","status-publish","hentry"],"acf":[],"yoast_head":"<!-- This site is optimized with the Yoast SEO plugin v27.2 - https:\/\/yoast.com\/product\/yoast-seo-wordpress\/ -->\n<title>Capteur d&#039;image (UV, visible, IR, thermique, nuit...)<\/title>\n<meta name=\"description\" content=\"D\u00e9couvrez notre expertise en capteurs d&#039;image pour toutes les conditions : UV, Visible, IR, Thermique, Nuit. Performances garanties.\" \/>\n<meta name=\"robots\" content=\"index, follow, max-snippet:-1, max-image-preview:large, max-video-preview:-1\" \/>\n<link rel=\"canonical\" href=\"https:\/\/nexvision.fr\/fr\/expertise-en-reference-design-hw-sw-ip\/domaines-d-expertise\/capteur-dimage-uv-visible-ir-thermique-nuit\/\" \/>\n<meta property=\"og:locale\" content=\"fr_FR\" \/>\n<meta property=\"og:type\" content=\"article\" \/>\n<meta property=\"og:title\" content=\"Capteur d&#039;image (UV, visible, IR, thermique, nuit...)\" \/>\n<meta property=\"og:description\" content=\"D\u00e9couvrez notre expertise en capteurs d&#039;image pour toutes les conditions : UV, Visible, IR, Thermique, Nuit. Performances garanties.\" \/>\n<meta property=\"og:url\" content=\"https:\/\/nexvision.fr\/fr\/expertise-en-reference-design-hw-sw-ip\/domaines-d-expertise\/capteur-dimage-uv-visible-ir-thermique-nuit\/\" \/>\n<meta property=\"og:site_name\" content=\"NEXVISION\" \/>\n<meta property=\"article:modified_time\" content=\"2024-08-19T15:00:26+00:00\" \/>\n<meta name=\"twitter:card\" content=\"summary_large_image\" \/>\n<meta name=\"twitter:label1\" content=\"Dur\u00e9e de lecture estim\u00e9e\" \/>\n\t<meta name=\"twitter:data1\" content=\"1 minute\" \/>\n<script type=\"application\/ld+json\" class=\"yoast-schema-graph\">{\"@context\":\"https:\/\/schema.org\",\"@graph\":[{\"@type\":\"WebPage\",\"@id\":\"https:\/\/nexvision.fr\/fr\/expertise-en-reference-design-hw-sw-ip\/domaines-d-expertise\/capteur-dimage-uv-visible-ir-thermique-nuit\/\",\"url\":\"https:\/\/nexvision.fr\/fr\/expertise-en-reference-design-hw-sw-ip\/domaines-d-expertise\/capteur-dimage-uv-visible-ir-thermique-nuit\/\",\"name\":\"Capteur d'image (UV, visible, IR, thermique, nuit...)\",\"isPartOf\":{\"@id\":\"https:\/\/nexvision.fr\/#website\"},\"datePublished\":\"2024-08-19T12:14:40+00:00\",\"dateModified\":\"2024-08-19T15:00:26+00:00\",\"description\":\"D\u00e9couvrez notre expertise en capteurs d'image pour toutes les conditions : UV, Visible, IR, Thermique, Nuit. Performances garanties.\",\"breadcrumb\":{\"@id\":\"https:\/\/nexvision.fr\/fr\/expertise-en-reference-design-hw-sw-ip\/domaines-d-expertise\/capteur-dimage-uv-visible-ir-thermique-nuit\/#breadcrumb\"},\"inLanguage\":\"fr-FR\",\"potentialAction\":[{\"@type\":\"ReadAction\",\"target\":[\"https:\/\/nexvision.fr\/fr\/expertise-en-reference-design-hw-sw-ip\/domaines-d-expertise\/capteur-dimage-uv-visible-ir-thermique-nuit\/\"]}]},{\"@type\":\"BreadcrumbList\",\"@id\":\"https:\/\/nexvision.fr\/fr\/expertise-en-reference-design-hw-sw-ip\/domaines-d-expertise\/capteur-dimage-uv-visible-ir-thermique-nuit\/#breadcrumb\",\"itemListElement\":[{\"@type\":\"ListItem\",\"position\":1,\"name\":\"Home\",\"item\":\"https:\/\/nexvision.fr\/fr\/accueil\/\"},{\"@type\":\"ListItem\",\"position\":2,\"name\":\"Expertise en reference design hw sw ip\",\"item\":\"https:\/\/nexvision.fr\/fr\/expertise-en-reference-design-hw-sw-ip\/\"},{\"@type\":\"ListItem\",\"position\":3,\"name\":\"Domaines d&#8217;expertise\",\"item\":\"https:\/\/nexvision.fr\/fr\/expertise-en-reference-design-hw-sw-ip\/domaines-d-expertise\/\"},{\"@type\":\"ListItem\",\"position\":4,\"name\":\"Capteur d&#8217;image (UV, visible, IR, thermique, nuit&#8230;)\"}]},{\"@type\":\"WebSite\",\"@id\":\"https:\/\/nexvision.fr\/#website\",\"url\":\"https:\/\/nexvision.fr\/\",\"name\":\"NEXVISION\",\"description\":\"Vision solution : optronic system UV night SWIR LWIR Terahertz\",\"publisher\":{\"@id\":\"https:\/\/nexvision.fr\/#organization\"},\"potentialAction\":[{\"@type\":\"SearchAction\",\"target\":{\"@type\":\"EntryPoint\",\"urlTemplate\":\"https:\/\/nexvision.fr\/?s={search_term_string}\"},\"query-input\":{\"@type\":\"PropertyValueSpecification\",\"valueRequired\":true,\"valueName\":\"search_term_string\"}}],\"inLanguage\":\"fr-FR\"},{\"@type\":\"Organization\",\"@id\":\"https:\/\/nexvision.fr\/#organization\",\"name\":\"NEXVISION\",\"url\":\"https:\/\/nexvision.fr\/\",\"logo\":{\"@type\":\"ImageObject\",\"inLanguage\":\"fr-FR\",\"@id\":\"https:\/\/nexvision.fr\/#\/schema\/logo\/image\/\",\"url\":\"https:\/\/nexvision.fr\/wp-content\/uploads\/2025\/10\/LogoNexvision696px.png\",\"contentUrl\":\"https:\/\/nexvision.fr\/wp-content\/uploads\/2025\/10\/LogoNexvision696px.png\",\"width\":696,\"height\":696,\"caption\":\"NEXVISION\"},\"image\":{\"@id\":\"https:\/\/nexvision.fr\/#\/schema\/logo\/image\/\"}}]}<\/script>\n<!-- \/ Yoast SEO plugin. -->","yoast_head_json":{"title":"Capteur d'image (UV, visible, IR, thermique, nuit...)","description":"D\u00e9couvrez notre expertise en capteurs d'image pour toutes les conditions : UV, Visible, IR, Thermique, Nuit. Performances garanties.","robots":{"index":"index","follow":"follow","max-snippet":"max-snippet:-1","max-image-preview":"max-image-preview:large","max-video-preview":"max-video-preview:-1"},"canonical":"https:\/\/nexvision.fr\/fr\/expertise-en-reference-design-hw-sw-ip\/domaines-d-expertise\/capteur-dimage-uv-visible-ir-thermique-nuit\/","og_locale":"fr_FR","og_type":"article","og_title":"Capteur d'image (UV, visible, IR, thermique, nuit...)","og_description":"D\u00e9couvrez notre expertise en capteurs d'image pour toutes les conditions : UV, Visible, IR, Thermique, Nuit. Performances garanties.","og_url":"https:\/\/nexvision.fr\/fr\/expertise-en-reference-design-hw-sw-ip\/domaines-d-expertise\/capteur-dimage-uv-visible-ir-thermique-nuit\/","og_site_name":"NEXVISION","article_modified_time":"2024-08-19T15:00:26+00:00","twitter_card":"summary_large_image","twitter_misc":{"Dur\u00e9e de lecture estim\u00e9e":"1 minute"},"schema":{"@context":"https:\/\/schema.org","@graph":[{"@type":"WebPage","@id":"https:\/\/nexvision.fr\/fr\/expertise-en-reference-design-hw-sw-ip\/domaines-d-expertise\/capteur-dimage-uv-visible-ir-thermique-nuit\/","url":"https:\/\/nexvision.fr\/fr\/expertise-en-reference-design-hw-sw-ip\/domaines-d-expertise\/capteur-dimage-uv-visible-ir-thermique-nuit\/","name":"Capteur d'image (UV, visible, IR, thermique, nuit...)","isPartOf":{"@id":"https:\/\/nexvision.fr\/#website"},"datePublished":"2024-08-19T12:14:40+00:00","dateModified":"2024-08-19T15:00:26+00:00","description":"D\u00e9couvrez notre expertise en capteurs d'image pour toutes les conditions : UV, Visible, IR, Thermique, Nuit. Performances garanties.","breadcrumb":{"@id":"https:\/\/nexvision.fr\/fr\/expertise-en-reference-design-hw-sw-ip\/domaines-d-expertise\/capteur-dimage-uv-visible-ir-thermique-nuit\/#breadcrumb"},"inLanguage":"fr-FR","potentialAction":[{"@type":"ReadAction","target":["https:\/\/nexvision.fr\/fr\/expertise-en-reference-design-hw-sw-ip\/domaines-d-expertise\/capteur-dimage-uv-visible-ir-thermique-nuit\/"]}]},{"@type":"BreadcrumbList","@id":"https:\/\/nexvision.fr\/fr\/expertise-en-reference-design-hw-sw-ip\/domaines-d-expertise\/capteur-dimage-uv-visible-ir-thermique-nuit\/#breadcrumb","itemListElement":[{"@type":"ListItem","position":1,"name":"Home","item":"https:\/\/nexvision.fr\/fr\/accueil\/"},{"@type":"ListItem","position":2,"name":"Expertise en reference design hw sw ip","item":"https:\/\/nexvision.fr\/fr\/expertise-en-reference-design-hw-sw-ip\/"},{"@type":"ListItem","position":3,"name":"Domaines d&#8217;expertise","item":"https:\/\/nexvision.fr\/fr\/expertise-en-reference-design-hw-sw-ip\/domaines-d-expertise\/"},{"@type":"ListItem","position":4,"name":"Capteur d&#8217;image (UV, visible, IR, thermique, nuit&#8230;)"}]},{"@type":"WebSite","@id":"https:\/\/nexvision.fr\/#website","url":"https:\/\/nexvision.fr\/","name":"NEXVISION","description":"Vision solution : optronic system UV night SWIR LWIR Terahertz","publisher":{"@id":"https:\/\/nexvision.fr\/#organization"},"potentialAction":[{"@type":"SearchAction","target":{"@type":"EntryPoint","urlTemplate":"https:\/\/nexvision.fr\/?s={search_term_string}"},"query-input":{"@type":"PropertyValueSpecification","valueRequired":true,"valueName":"search_term_string"}}],"inLanguage":"fr-FR"},{"@type":"Organization","@id":"https:\/\/nexvision.fr\/#organization","name":"NEXVISION","url":"https:\/\/nexvision.fr\/","logo":{"@type":"ImageObject","inLanguage":"fr-FR","@id":"https:\/\/nexvision.fr\/#\/schema\/logo\/image\/","url":"https:\/\/nexvision.fr\/wp-content\/uploads\/2025\/10\/LogoNexvision696px.png","contentUrl":"https:\/\/nexvision.fr\/wp-content\/uploads\/2025\/10\/LogoNexvision696px.png","width":696,"height":696,"caption":"NEXVISION"},"image":{"@id":"https:\/\/nexvision.fr\/#\/schema\/logo\/image\/"}}]}},"_links":{"self":[{"href":"https:\/\/nexvision.fr\/fr\/wp-json\/wp\/v2\/pages\/16071","targetHints":{"allow":["GET"]}}],"collection":[{"href":"https:\/\/nexvision.fr\/fr\/wp-json\/wp\/v2\/pages"}],"about":[{"href":"https:\/\/nexvision.fr\/fr\/wp-json\/wp\/v2\/types\/page"}],"author":[{"embeddable":true,"href":"https:\/\/nexvision.fr\/fr\/wp-json\/wp\/v2\/users\/1"}],"replies":[{"embeddable":true,"href":"https:\/\/nexvision.fr\/fr\/wp-json\/wp\/v2\/comments?post=16071"}],"version-history":[{"count":1,"href":"https:\/\/nexvision.fr\/fr\/wp-json\/wp\/v2\/pages\/16071\/revisions"}],"predecessor-version":[{"id":16072,"href":"https:\/\/nexvision.fr\/fr\/wp-json\/wp\/v2\/pages\/16071\/revisions\/16072"}],"up":[{"embeddable":true,"href":"https:\/\/nexvision.fr\/fr\/wp-json\/wp\/v2\/pages\/16030"}],"wp:attachment":[{"href":"https:\/\/nexvision.fr\/fr\/wp-json\/wp\/v2\/media?parent=16071"}],"curies":[{"name":"wp","href":"https:\/\/api.w.org\/{rel}","templated":true}]}}