{"id":16082,"date":"2024-08-19T14:44:20","date_gmt":"2024-08-19T12:44:20","guid":{"rendered":"https:\/\/nexvision.dev\/expertise-en-reference-design-hw-sw-ip\/technologies\/capteurs\/"},"modified":"2024-08-19T17:37:39","modified_gmt":"2024-08-19T15:37:39","slug":"capteurs","status":"publish","type":"page","link":"https:\/\/nexvision.fr\/fr\/expertise-en-reference-design-hw-sw-ip\/technologies\/capteurs\/","title":{"rendered":"Capteurs"},"content":{"rendered":"\t\t<div data-elementor-type=\"wp-page\" data-elementor-id=\"16082\" class=\"elementor elementor-16082 elementor-15953\" data-elementor-post-type=\"page\">\n\t\t\t\t\t\t<section data-particle_enable=\"false\" data-particle-mobile-disabled=\"false\" class=\"elementor-section elementor-top-section elementor-element elementor-element-7db3dc3 elementor-section-height-min-height elementor-section-stretched elementor-section-boxed elementor-section-height-default elementor-section-items-middle\" data-id=\"7db3dc3\" data-element_type=\"section\" data-e-type=\"section\" data-settings=\"{&quot;stretch_section&quot;:&quot;section-stretched&quot;,&quot;background_background&quot;:&quot;classic&quot;}\">\n\t\t\t\t\t\t\t<div class=\"elementor-background-overlay\"><\/div>\n\t\t\t\t\t\t\t<div class=\"elementor-container elementor-column-gap-no\">\n\t\t\t\t\t<div class=\"elementor-column elementor-col-100 elementor-top-column elementor-element elementor-element-280b5a1\" data-id=\"280b5a1\" data-element_type=\"column\" data-e-type=\"column\">\n\t\t\t<div class=\"elementor-widget-wrap elementor-element-populated\">\n\t\t\t\t\t\t<div class=\"elementor-element elementor-element-1e63ba9 elementor-widget elementor-widget-heading\" data-id=\"1e63ba9\" data-element_type=\"widget\" data-e-type=\"widget\" data-widget_type=\"heading.default\">\n\t\t\t\t<div class=\"elementor-widget-container\">\n\t\t\t\t\t<h1 class=\"elementor-heading-title elementor-size-default\">Capteurs<\/h1>\t\t\t\t<\/div>\n\t\t\t\t<\/div>\n\t\t\t\t\t<\/div>\n\t\t<\/div>\n\t\t\t\t\t<\/div>\n\t\t<\/section>\n\t\t\t\t<section data-particle_enable=\"false\" data-particle-mobile-disabled=\"false\" class=\"elementor-section elementor-top-section elementor-element elementor-element-83b2211 elementor-section-content-middle elementor-section-boxed elementor-section-height-default elementor-section-height-default\" data-id=\"83b2211\" data-element_type=\"section\" data-e-type=\"section\" data-settings=\"{&quot;background_background&quot;:&quot;classic&quot;}\">\n\t\t\t\t\t\t<div class=\"elementor-container elementor-column-gap-default\">\n\t\t\t\t\t<div class=\"elementor-column elementor-col-100 elementor-top-column elementor-element elementor-element-f629aa5\" data-id=\"f629aa5\" data-element_type=\"column\" data-e-type=\"column\">\n\t\t\t<div class=\"elementor-widget-wrap elementor-element-populated\">\n\t\t\t\t\t\t<div class=\"elementor-element elementor-element-787ab81 elementor-widget elementor-widget-text-editor\" data-id=\"787ab81\" data-element_type=\"widget\" data-e-type=\"widget\" data-widget_type=\"text-editor.default\">\n\t\t\t\t<div class=\"elementor-widget-container\">\n\t\t\t\t\t\t\t\t\t<p><span><span><a href=\"https:\/\/nexvision.fr\/fr\/accueil\/\">Home<\/a><\/span><\/span><\/p>\n\t\t\t\t\t\t\t\t<\/div>\n\t\t\t\t<\/div>\n\t\t\t\t\t<\/div>\n\t\t<\/div>\n\t\t\t\t\t<\/div>\n\t\t<\/section>\n\t\t\t\t<section data-particle_enable=\"false\" data-particle-mobile-disabled=\"false\" class=\"elementor-section elementor-top-section elementor-element elementor-element-2da114d elementor-section-boxed elementor-section-height-default elementor-section-height-default\" data-id=\"2da114d\" data-element_type=\"section\" data-e-type=\"section\" data-settings=\"{&quot;background_background&quot;:&quot;classic&quot;}\">\n\t\t\t\t\t\t<div class=\"elementor-container elementor-column-gap-default\">\n\t\t\t\t\t<div class=\"elementor-column elementor-col-100 elementor-top-column elementor-element elementor-element-5c78336\" data-id=\"5c78336\" data-element_type=\"column\" data-e-type=\"column\">\n\t\t\t<div class=\"elementor-widget-wrap elementor-element-populated\">\n\t\t\t\t\t\t<div class=\"elementor-element elementor-element-83d7a9e elementor-widget elementor-widget-text-editor\" data-id=\"83d7a9e\" data-element_type=\"widget\" data-e-type=\"widget\" data-widget_type=\"text-editor.default\">\n\t\t\t\t<div class=\"elementor-widget-container\">\n\t\t\t\t\t\t\t\t\t<span style=\"color: #ffffff;\">Nous int\u00e9grons ces diff\u00e9rents types de capteur pour votre syst\u00e8me de vision :<\/span>\r\n<h2><span style=\"color: #ffffff;\">Capteurs d&rsquo;image<\/span><\/h2>\r\n<img fetchpriority=\"high\" decoding=\"async\" class=\"wp-image-15989 size-full alignnone\" src=\"https:\/\/nexvision.fr\/wp-content\/uploads\/2024\/08\/vision_system_frequency_bandwidth2.png\" alt=\"\" width=\"850\" height=\"400\" srcset=\"https:\/\/nexvision.fr\/wp-content\/uploads\/2024\/08\/vision_system_frequency_bandwidth2.png 850w, https:\/\/nexvision.fr\/wp-content\/uploads\/2024\/08\/vision_system_frequency_bandwidth2-300x141.png 300w, https:\/\/nexvision.fr\/wp-content\/uploads\/2024\/08\/vision_system_frequency_bandwidth2-768x361.png 768w\" sizes=\"(max-width: 850px) 100vw, 850px\" \/>\r\n<h3><i class=\"fa fa-caret-right\"><\/i><span style=\"color: #ffffff;\">\u00a0Capteurs d\u2019images disponibles pour tout le spectre (UV, Visible, SWIR, LWIR, Terahertz)\r\n<\/span><\/h3>\r\n<ul>\r\n \t<li><span style=\"color: #ffffff;\">Par exemple, les capteurs rapides (High Frame Rate) dans le visible concernent les capteurs de CMOSIS CMV2000 2MP, CMV4000 4MP, CMV12000 12MP, CMV20000 20MP, ceux d\u2019Aptina AR1011HS 11MP, et de Dynamax DYN0174 17MP<\/span><\/li>\r\n \t<li><span style=\"color: #ffffff;\">Par exemple, sur la bande SWIR le capteur Cactus de 3-5Lab\u2019s.<\/span><\/li>\r\n<\/ul>\r\n\t\t\t\t\t\t\t\t<\/div>\n\t\t\t\t<\/div>\n\t\t\t\t\t<\/div>\n\t\t<\/div>\n\t\t\t\t\t<\/div>\n\t\t<\/section>\n\t\t\t\t<section data-particle_enable=\"false\" data-particle-mobile-disabled=\"false\" class=\"elementor-section elementor-top-section elementor-element elementor-element-e332f3a elementor-section-boxed elementor-section-height-default elementor-section-height-default\" data-id=\"e332f3a\" data-element_type=\"section\" data-e-type=\"section\">\n\t\t\t\t\t\t<div class=\"elementor-container elementor-column-gap-default\">\n\t\t\t\t\t<div class=\"elementor-column elementor-col-100 elementor-top-column elementor-element elementor-element-c5f14f3\" data-id=\"c5f14f3\" data-element_type=\"column\" data-e-type=\"column\">\n\t\t\t<div class=\"elementor-widget-wrap elementor-element-populated\">\n\t\t\t\t\t\t<div class=\"elementor-element elementor-element-8e6a990 elementor-widget elementor-widget-text-editor\" data-id=\"8e6a990\" data-element_type=\"widget\" data-e-type=\"widget\" data-widget_type=\"text-editor.default\">\n\t\t\t\t<div class=\"elementor-widget-container\">\n\t\t\t\t\t\t\t\t\t<h4><i class=\"fa fa-toggle-right\"><\/i> EXEMPLE DE PROJET DE CAM\u00c9RA SWIR<\/h4>\n\t\t\t\t\t\t\t\t<\/div>\n\t\t\t\t<\/div>\n\t\t\t\t<section data-particle_enable=\"false\" data-particle-mobile-disabled=\"false\" class=\"elementor-section elementor-inner-section elementor-element elementor-element-8c77fcd elementor-section-boxed elementor-section-height-default elementor-section-height-default\" data-id=\"8c77fcd\" data-element_type=\"section\" data-e-type=\"section\">\n\t\t\t\t\t\t<div class=\"elementor-container elementor-column-gap-default\">\n\t\t\t\t\t<div class=\"elementor-column elementor-col-50 elementor-inner-column elementor-element elementor-element-02b6f66\" data-id=\"02b6f66\" data-element_type=\"column\" data-e-type=\"column\">\n\t\t\t<div class=\"elementor-widget-wrap elementor-element-populated\">\n\t\t\t\t\t\t<div class=\"elementor-element elementor-element-df4e0a5 elementor-widget elementor-widget-text-editor\" data-id=\"df4e0a5\" data-element_type=\"widget\" data-e-type=\"widget\" data-widget_type=\"text-editor.default\">\n\t\t\t\t<div class=\"elementor-widget-container\">\n\t\t\t\t\t\t\t\t\t<p><iframe src=\"https:\/\/www.youtube.com\/embed\/GLWwmIS512A\" width=\"400\" height=\"300\" frameborder=\"0\" allowfullscreen=\"allowfullscreen\" data-mce-fragment=\"1\"><\/iframe><\/p>\n\t\t\t\t\t\t\t\t<\/div>\n\t\t\t\t<\/div>\n\t\t\t\t\t<\/div>\n\t\t<\/div>\n\t\t\t\t<div class=\"elementor-column elementor-col-50 elementor-inner-column elementor-element elementor-element-ef098e4\" data-id=\"ef098e4\" data-element_type=\"column\" data-e-type=\"column\">\n\t\t\t<div class=\"elementor-widget-wrap elementor-element-populated\">\n\t\t\t\t\t\t<div class=\"elementor-element elementor-element-a301d46 elementor-widget elementor-widget-text-editor\" data-id=\"a301d46\" data-element_type=\"widget\" data-e-type=\"widget\" data-widget_type=\"text-editor.default\">\n\t\t\t\t<div class=\"elementor-widget-container\">\n\t\t\t\t\t\t\t\t\t<p><iframe src=\"https:\/\/www.youtube.com\/embed\/VxDQFAnFZPY\" width=\"400\" height=\"300\" frameborder=\"0\" allowfullscreen=\"allowfullscreen\" data-mce-fragment=\"1\"><\/iframe><\/p>\n\t\t\t\t\t\t\t\t<\/div>\n\t\t\t\t<\/div>\n\t\t\t\t\t<\/div>\n\t\t<\/div>\n\t\t\t\t\t<\/div>\n\t\t<\/section>\n\t\t\t\t\t<\/div>\n\t\t<\/div>\n\t\t\t\t\t<\/div>\n\t\t<\/section>\n\t\t\t\t<section data-particle_enable=\"false\" data-particle-mobile-disabled=\"false\" class=\"elementor-section elementor-top-section elementor-element elementor-element-7c390cc elementor-section-boxed elementor-section-height-default elementor-section-height-default\" data-id=\"7c390cc\" data-element_type=\"section\" data-e-type=\"section\">\n\t\t\t\t\t\t<div class=\"elementor-container elementor-column-gap-default\">\n\t\t\t\t\t<div class=\"elementor-column elementor-col-100 elementor-top-column elementor-element elementor-element-6fb368a\" data-id=\"6fb368a\" data-element_type=\"column\" data-e-type=\"column\">\n\t\t\t<div class=\"elementor-widget-wrap elementor-element-populated\">\n\t\t\t\t\t\t<div class=\"elementor-element elementor-element-3329ca4 elementor-widget elementor-widget-text-editor\" data-id=\"3329ca4\" data-element_type=\"widget\" data-e-type=\"widget\" data-widget_type=\"text-editor.default\">\n\t\t\t\t<div class=\"elementor-widget-container\">\n\t\t\t\t\t\t\t\t\t<h3><i class=\"fa fa-caret-right\"><\/i>\u00a0Capteur d\u2019images pour la vision de nuit\u00a0(EBCMOS, SCMOS)<\/h3>\r\nNous avons d\u00e9velopp\u00e9 le kit de d\u00e9veloppement du capteur Lynx de Photonis.\r\n<h3><i class=\"fa fa-caret-right\"><\/i>\u00a0Grande plage dynamique (HDR)<\/h3>\r\nPar exemple, nous avons utilis\u00e9 le capteur HDR OV10630 d\u2019Omnivision pour les cam\u00e9ras de la police.\r\nNous proposons \u00e9galement une librairie HDR\u00a0pour tout capteur rapide\u00a0dans le visible.\r\n<h3><i class=\"fa fa-caret-right\"><\/i>\u00a0Capteur thermique<\/h3>\r\nNous utilisons les capteurs microbolom\u00e8tre d\u2019Ulis. Nous avons une solide exp\u00e9rience dans les capteurs refroidis pour les projets qui concernent la d\u00e9fense.\r\n\r\n\r\n<h2>Autres capteurs<\/h2>\r\n\r\n<ul>\r\n \t<li>GPS<\/li>\r\n \t<li>Capteur inertiel<\/li>\r\n \t<li>Capteur de pression<\/li>\r\n \t<li>Microphone<\/li>\r\n<\/ul>\t\t\t\t\t\t\t\t<\/div>\n\t\t\t\t<\/div>\n\t\t\t\t\t<\/div>\n\t\t<\/div>\n\t\t\t\t\t<\/div>\n\t\t<\/section>\n\t\t\t\t<\/div>\n\t\t","protected":false},"excerpt":{"rendered":"<p>Nous int\u00e9grons ces diff\u00e9rents types de capteur pour votre syst\u00e8me de vision : Capteurs d&rsquo;image \u00a0Capteurs d\u2019images disponibles pour tout le spectre (UV, Visible, SWIR, LWIR, Terahertz) Par exemple, les capteurs rapides (High Frame Rate) dans le visible concernent les capteurs de CMOSIS CMV2000 2MP, CMV4000 4MP, CMV12000 12MP, CMV20000 20MP, ceux d\u2019Aptina AR1011HS 11MP, [&hellip;]<\/p>\n","protected":false},"author":1,"featured_media":0,"parent":16032,"menu_order":0,"comment_status":"closed","ping_status":"closed","template":"elementor_header_footer","meta":{"_acf_changed":false,"inline_featured_image":false,"_monsterinsights_skip_tracking":false,"_monsterinsights_sitenote_active":false,"_monsterinsights_sitenote_note":"","_monsterinsights_sitenote_category":0,"footnotes":""},"class_list":["post-16082","page","type-page","status-publish","hentry"],"acf":[],"yoast_head":"<!-- This site is optimized with the Yoast SEO plugin v27.2 - https:\/\/yoast.com\/product\/yoast-seo-wordpress\/ -->\n<title>Capteurs image pour syst\u00e8me de vision : VNIR, SWIR, MWIR\/LWIR<\/title>\n<meta name=\"description\" content=\"Nexvision op\u00e8re des capteurs d&#039;image dans toutes les bandes de fr\u00e9quences : UV, Visible, Nuit, VNIR, SWIR, MWIR, LWIR, Thermal, TeraHertz.\" \/>\n<meta name=\"robots\" content=\"index, follow, max-snippet:-1, max-image-preview:large, max-video-preview:-1\" \/>\n<link rel=\"canonical\" href=\"https:\/\/nexvision.fr\/fr\/expertise-en-reference-design-hw-sw-ip\/technologies\/capteurs\/\" \/>\n<meta property=\"og:locale\" content=\"fr_FR\" \/>\n<meta property=\"og:type\" content=\"article\" \/>\n<meta property=\"og:title\" content=\"Capteurs image pour syst\u00e8me de vision : VNIR, SWIR, MWIR\/LWIR\" \/>\n<meta property=\"og:description\" content=\"Nexvision op\u00e8re des capteurs d&#039;image dans toutes les bandes de fr\u00e9quences : UV, Visible, Nuit, VNIR, SWIR, MWIR, LWIR, Thermal, TeraHertz.\" \/>\n<meta property=\"og:url\" content=\"https:\/\/nexvision.fr\/fr\/expertise-en-reference-design-hw-sw-ip\/technologies\/capteurs\/\" \/>\n<meta property=\"og:site_name\" content=\"NEXVISION\" \/>\n<meta property=\"article:modified_time\" content=\"2024-08-19T15:37:39+00:00\" \/>\n<meta property=\"og:image\" content=\"https:\/\/nexvision.fr\/wp-content\/uploads\/2024\/08\/vision_system_frequency_bandwidth2.png\" \/>\n<meta name=\"twitter:card\" content=\"summary_large_image\" \/>\n<meta name=\"twitter:label1\" content=\"Dur\u00e9e de lecture estim\u00e9e\" \/>\n\t<meta name=\"twitter:data1\" content=\"1 minute\" \/>\n<script type=\"application\/ld+json\" class=\"yoast-schema-graph\">{\"@context\":\"https:\/\/schema.org\",\"@graph\":[{\"@type\":\"WebPage\",\"@id\":\"https:\/\/nexvision.fr\/fr\/expertise-en-reference-design-hw-sw-ip\/technologies\/capteurs\/\",\"url\":\"https:\/\/nexvision.fr\/fr\/expertise-en-reference-design-hw-sw-ip\/technologies\/capteurs\/\",\"name\":\"Capteurs image pour syst\u00e8me de vision : VNIR, SWIR, MWIR\/LWIR\",\"isPartOf\":{\"@id\":\"https:\/\/nexvision.fr\/#website\"},\"primaryImageOfPage\":{\"@id\":\"https:\/\/nexvision.fr\/fr\/expertise-en-reference-design-hw-sw-ip\/technologies\/capteurs\/#primaryimage\"},\"image\":{\"@id\":\"https:\/\/nexvision.fr\/fr\/expertise-en-reference-design-hw-sw-ip\/technologies\/capteurs\/#primaryimage\"},\"thumbnailUrl\":\"https:\/\/nexvision.fr\/wp-content\/uploads\/2024\/08\/vision_system_frequency_bandwidth2.png\",\"datePublished\":\"2024-08-19T12:44:20+00:00\",\"dateModified\":\"2024-08-19T15:37:39+00:00\",\"description\":\"Nexvision op\u00e8re des capteurs d'image dans toutes les bandes de fr\u00e9quences : UV, Visible, Nuit, VNIR, SWIR, MWIR, LWIR, Thermal, TeraHertz.\",\"breadcrumb\":{\"@id\":\"https:\/\/nexvision.fr\/fr\/expertise-en-reference-design-hw-sw-ip\/technologies\/capteurs\/#breadcrumb\"},\"inLanguage\":\"fr-FR\",\"potentialAction\":[{\"@type\":\"ReadAction\",\"target\":[\"https:\/\/nexvision.fr\/fr\/expertise-en-reference-design-hw-sw-ip\/technologies\/capteurs\/\"]}]},{\"@type\":\"ImageObject\",\"inLanguage\":\"fr-FR\",\"@id\":\"https:\/\/nexvision.fr\/fr\/expertise-en-reference-design-hw-sw-ip\/technologies\/capteurs\/#primaryimage\",\"url\":\"https:\/\/nexvision.fr\/wp-content\/uploads\/2024\/08\/vision_system_frequency_bandwidth2.png\",\"contentUrl\":\"https:\/\/nexvision.fr\/wp-content\/uploads\/2024\/08\/vision_system_frequency_bandwidth2.png\"},{\"@type\":\"BreadcrumbList\",\"@id\":\"https:\/\/nexvision.fr\/fr\/expertise-en-reference-design-hw-sw-ip\/technologies\/capteurs\/#breadcrumb\",\"itemListElement\":[{\"@type\":\"ListItem\",\"position\":1,\"name\":\"Home\",\"item\":\"https:\/\/nexvision.fr\/fr\/accueil\/\"},{\"@type\":\"ListItem\",\"position\":2,\"name\":\"Expertise en reference design hw sw ip\",\"item\":\"https:\/\/nexvision.fr\/fr\/expertise-en-reference-design-hw-sw-ip\/\"},{\"@type\":\"ListItem\",\"position\":3,\"name\":\"Technologies\",\"item\":\"https:\/\/nexvision.fr\/fr\/expertise-en-reference-design-hw-sw-ip\/technologies\/\"},{\"@type\":\"ListItem\",\"position\":4,\"name\":\"Capteurs\"}]},{\"@type\":\"WebSite\",\"@id\":\"https:\/\/nexvision.fr\/#website\",\"url\":\"https:\/\/nexvision.fr\/\",\"name\":\"NEXVISION\",\"description\":\"Vision solution : optronic system UV night SWIR LWIR Terahertz\",\"publisher\":{\"@id\":\"https:\/\/nexvision.fr\/#organization\"},\"potentialAction\":[{\"@type\":\"SearchAction\",\"target\":{\"@type\":\"EntryPoint\",\"urlTemplate\":\"https:\/\/nexvision.fr\/?s={search_term_string}\"},\"query-input\":{\"@type\":\"PropertyValueSpecification\",\"valueRequired\":true,\"valueName\":\"search_term_string\"}}],\"inLanguage\":\"fr-FR\"},{\"@type\":\"Organization\",\"@id\":\"https:\/\/nexvision.fr\/#organization\",\"name\":\"NEXVISION\",\"url\":\"https:\/\/nexvision.fr\/\",\"logo\":{\"@type\":\"ImageObject\",\"inLanguage\":\"fr-FR\",\"@id\":\"https:\/\/nexvision.fr\/#\/schema\/logo\/image\/\",\"url\":\"https:\/\/nexvision.fr\/wp-content\/uploads\/2025\/10\/LogoNexvision696px.png\",\"contentUrl\":\"https:\/\/nexvision.fr\/wp-content\/uploads\/2025\/10\/LogoNexvision696px.png\",\"width\":696,\"height\":696,\"caption\":\"NEXVISION\"},\"image\":{\"@id\":\"https:\/\/nexvision.fr\/#\/schema\/logo\/image\/\"}}]}<\/script>\n<!-- \/ Yoast SEO plugin. -->","yoast_head_json":{"title":"Capteurs image pour syst\u00e8me de vision : VNIR, SWIR, MWIR\/LWIR","description":"Nexvision op\u00e8re des capteurs d'image dans toutes les bandes de fr\u00e9quences : UV, Visible, Nuit, VNIR, SWIR, MWIR, LWIR, Thermal, TeraHertz.","robots":{"index":"index","follow":"follow","max-snippet":"max-snippet:-1","max-image-preview":"max-image-preview:large","max-video-preview":"max-video-preview:-1"},"canonical":"https:\/\/nexvision.fr\/fr\/expertise-en-reference-design-hw-sw-ip\/technologies\/capteurs\/","og_locale":"fr_FR","og_type":"article","og_title":"Capteurs image pour syst\u00e8me de vision : VNIR, SWIR, MWIR\/LWIR","og_description":"Nexvision op\u00e8re des capteurs d'image dans toutes les bandes de fr\u00e9quences : UV, Visible, Nuit, VNIR, SWIR, MWIR, LWIR, Thermal, TeraHertz.","og_url":"https:\/\/nexvision.fr\/fr\/expertise-en-reference-design-hw-sw-ip\/technologies\/capteurs\/","og_site_name":"NEXVISION","article_modified_time":"2024-08-19T15:37:39+00:00","og_image":[{"url":"https:\/\/nexvision.fr\/wp-content\/uploads\/2024\/08\/vision_system_frequency_bandwidth2.png","type":"","width":"","height":""}],"twitter_card":"summary_large_image","twitter_misc":{"Dur\u00e9e de lecture estim\u00e9e":"1 minute"},"schema":{"@context":"https:\/\/schema.org","@graph":[{"@type":"WebPage","@id":"https:\/\/nexvision.fr\/fr\/expertise-en-reference-design-hw-sw-ip\/technologies\/capteurs\/","url":"https:\/\/nexvision.fr\/fr\/expertise-en-reference-design-hw-sw-ip\/technologies\/capteurs\/","name":"Capteurs image pour syst\u00e8me de vision : VNIR, SWIR, MWIR\/LWIR","isPartOf":{"@id":"https:\/\/nexvision.fr\/#website"},"primaryImageOfPage":{"@id":"https:\/\/nexvision.fr\/fr\/expertise-en-reference-design-hw-sw-ip\/technologies\/capteurs\/#primaryimage"},"image":{"@id":"https:\/\/nexvision.fr\/fr\/expertise-en-reference-design-hw-sw-ip\/technologies\/capteurs\/#primaryimage"},"thumbnailUrl":"https:\/\/nexvision.fr\/wp-content\/uploads\/2024\/08\/vision_system_frequency_bandwidth2.png","datePublished":"2024-08-19T12:44:20+00:00","dateModified":"2024-08-19T15:37:39+00:00","description":"Nexvision op\u00e8re des capteurs d'image dans toutes les bandes de fr\u00e9quences : UV, Visible, Nuit, VNIR, SWIR, MWIR, LWIR, Thermal, TeraHertz.","breadcrumb":{"@id":"https:\/\/nexvision.fr\/fr\/expertise-en-reference-design-hw-sw-ip\/technologies\/capteurs\/#breadcrumb"},"inLanguage":"fr-FR","potentialAction":[{"@type":"ReadAction","target":["https:\/\/nexvision.fr\/fr\/expertise-en-reference-design-hw-sw-ip\/technologies\/capteurs\/"]}]},{"@type":"ImageObject","inLanguage":"fr-FR","@id":"https:\/\/nexvision.fr\/fr\/expertise-en-reference-design-hw-sw-ip\/technologies\/capteurs\/#primaryimage","url":"https:\/\/nexvision.fr\/wp-content\/uploads\/2024\/08\/vision_system_frequency_bandwidth2.png","contentUrl":"https:\/\/nexvision.fr\/wp-content\/uploads\/2024\/08\/vision_system_frequency_bandwidth2.png"},{"@type":"BreadcrumbList","@id":"https:\/\/nexvision.fr\/fr\/expertise-en-reference-design-hw-sw-ip\/technologies\/capteurs\/#breadcrumb","itemListElement":[{"@type":"ListItem","position":1,"name":"Home","item":"https:\/\/nexvision.fr\/fr\/accueil\/"},{"@type":"ListItem","position":2,"name":"Expertise en reference design hw sw ip","item":"https:\/\/nexvision.fr\/fr\/expertise-en-reference-design-hw-sw-ip\/"},{"@type":"ListItem","position":3,"name":"Technologies","item":"https:\/\/nexvision.fr\/fr\/expertise-en-reference-design-hw-sw-ip\/technologies\/"},{"@type":"ListItem","position":4,"name":"Capteurs"}]},{"@type":"WebSite","@id":"https:\/\/nexvision.fr\/#website","url":"https:\/\/nexvision.fr\/","name":"NEXVISION","description":"Vision solution : optronic system UV night SWIR LWIR Terahertz","publisher":{"@id":"https:\/\/nexvision.fr\/#organization"},"potentialAction":[{"@type":"SearchAction","target":{"@type":"EntryPoint","urlTemplate":"https:\/\/nexvision.fr\/?s={search_term_string}"},"query-input":{"@type":"PropertyValueSpecification","valueRequired":true,"valueName":"search_term_string"}}],"inLanguage":"fr-FR"},{"@type":"Organization","@id":"https:\/\/nexvision.fr\/#organization","name":"NEXVISION","url":"https:\/\/nexvision.fr\/","logo":{"@type":"ImageObject","inLanguage":"fr-FR","@id":"https:\/\/nexvision.fr\/#\/schema\/logo\/image\/","url":"https:\/\/nexvision.fr\/wp-content\/uploads\/2025\/10\/LogoNexvision696px.png","contentUrl":"https:\/\/nexvision.fr\/wp-content\/uploads\/2025\/10\/LogoNexvision696px.png","width":696,"height":696,"caption":"NEXVISION"},"image":{"@id":"https:\/\/nexvision.fr\/#\/schema\/logo\/image\/"}}]}},"_links":{"self":[{"href":"https:\/\/nexvision.fr\/fr\/wp-json\/wp\/v2\/pages\/16082","targetHints":{"allow":["GET"]}}],"collection":[{"href":"https:\/\/nexvision.fr\/fr\/wp-json\/wp\/v2\/pages"}],"about":[{"href":"https:\/\/nexvision.fr\/fr\/wp-json\/wp\/v2\/types\/page"}],"author":[{"embeddable":true,"href":"https:\/\/nexvision.fr\/fr\/wp-json\/wp\/v2\/users\/1"}],"replies":[{"embeddable":true,"href":"https:\/\/nexvision.fr\/fr\/wp-json\/wp\/v2\/comments?post=16082"}],"version-history":[{"count":2,"href":"https:\/\/nexvision.fr\/fr\/wp-json\/wp\/v2\/pages\/16082\/revisions"}],"predecessor-version":[{"id":16102,"href":"https:\/\/nexvision.fr\/fr\/wp-json\/wp\/v2\/pages\/16082\/revisions\/16102"}],"up":[{"embeddable":true,"href":"https:\/\/nexvision.fr\/fr\/wp-json\/wp\/v2\/pages\/16032"}],"wp:attachment":[{"href":"https:\/\/nexvision.fr\/fr\/wp-json\/wp\/v2\/media?parent=16082"}],"curies":[{"name":"wp","href":"https:\/\/api.w.org\/{rel}","templated":true}]}}