{"id":16090,"date":"2024-08-19T14:44:35","date_gmt":"2024-08-19T12:44:35","guid":{"rendered":"https:\/\/nexvision.dev\/expertise-en-reference-design-hw-sw-ip\/technologies\/fpga\/"},"modified":"2024-08-19T17:27:21","modified_gmt":"2024-08-19T15:27:21","slug":"fpga","status":"publish","type":"page","link":"https:\/\/nexvision.fr\/fr\/expertise-en-reference-design-hw-sw-ip\/technologies\/fpga\/","title":{"rendered":"FPGA"},"content":{"rendered":"\t\t<div data-elementor-type=\"wp-page\" data-elementor-id=\"16090\" class=\"elementor elementor-16090 elementor-15954\" data-elementor-post-type=\"page\">\n\t\t\t\t\t\t<section data-particle_enable=\"false\" data-particle-mobile-disabled=\"false\" class=\"elementor-section elementor-top-section elementor-element elementor-element-4a7a1be elementor-section-height-min-height elementor-section-stretched elementor-section-boxed elementor-section-height-default elementor-section-items-middle\" data-id=\"4a7a1be\" data-element_type=\"section\" data-e-type=\"section\" data-settings=\"{&quot;stretch_section&quot;:&quot;section-stretched&quot;,&quot;background_background&quot;:&quot;classic&quot;}\">\n\t\t\t\t\t\t\t<div class=\"elementor-background-overlay\"><\/div>\n\t\t\t\t\t\t\t<div class=\"elementor-container elementor-column-gap-no\">\n\t\t\t\t\t<div class=\"elementor-column elementor-col-100 elementor-top-column elementor-element elementor-element-6c575c9\" data-id=\"6c575c9\" data-element_type=\"column\" data-e-type=\"column\">\n\t\t\t<div class=\"elementor-widget-wrap elementor-element-populated\">\n\t\t\t\t\t\t<div class=\"elementor-element elementor-element-3857283 elementor-widget elementor-widget-heading\" data-id=\"3857283\" data-element_type=\"widget\" data-e-type=\"widget\" data-widget_type=\"heading.default\">\n\t\t\t\t<div class=\"elementor-widget-container\">\n\t\t\t\t\t<h1 class=\"elementor-heading-title elementor-size-default\">FPGA<\/h1>\t\t\t\t<\/div>\n\t\t\t\t<\/div>\n\t\t\t\t\t<\/div>\n\t\t<\/div>\n\t\t\t\t\t<\/div>\n\t\t<\/section>\n\t\t\t\t<section data-particle_enable=\"false\" data-particle-mobile-disabled=\"false\" class=\"elementor-section elementor-top-section elementor-element elementor-element-0678e36 elementor-section-content-middle elementor-section-boxed elementor-section-height-default elementor-section-height-default\" data-id=\"0678e36\" data-element_type=\"section\" data-e-type=\"section\" data-settings=\"{&quot;background_background&quot;:&quot;classic&quot;}\">\n\t\t\t\t\t\t<div class=\"elementor-container elementor-column-gap-default\">\n\t\t\t\t\t<div class=\"elementor-column elementor-col-100 elementor-top-column elementor-element elementor-element-c84adaf\" data-id=\"c84adaf\" data-element_type=\"column\" data-e-type=\"column\">\n\t\t\t<div class=\"elementor-widget-wrap elementor-element-populated\">\n\t\t\t\t\t\t<div class=\"elementor-element elementor-element-22465bd elementor-widget elementor-widget-text-editor\" data-id=\"22465bd\" data-element_type=\"widget\" data-e-type=\"widget\" data-widget_type=\"text-editor.default\">\n\t\t\t\t<div class=\"elementor-widget-container\">\n\t\t\t\t\t\t\t\t\t<p><span><span><a href=\"https:\/\/nexvision.fr\/fr\/accueil\/\">Home<\/a><\/span><\/span><\/p>\n\t\t\t\t\t\t\t\t<\/div>\n\t\t\t\t<\/div>\n\t\t\t\t\t<\/div>\n\t\t<\/div>\n\t\t\t\t\t<\/div>\n\t\t<\/section>\n\t\t\t\t<section data-particle_enable=\"false\" data-particle-mobile-disabled=\"false\" class=\"elementor-section elementor-top-section elementor-element elementor-element-6032adf elementor-section-boxed elementor-section-height-default elementor-section-height-default\" data-id=\"6032adf\" data-element_type=\"section\" data-e-type=\"section\">\n\t\t\t\t\t\t<div class=\"elementor-container elementor-column-gap-default\">\n\t\t\t\t\t<div class=\"elementor-column elementor-col-100 elementor-top-column elementor-element elementor-element-ef37f17\" data-id=\"ef37f17\" data-element_type=\"column\" data-e-type=\"column\">\n\t\t\t<div class=\"elementor-widget-wrap elementor-element-populated\">\n\t\t\t\t\t\t<div class=\"elementor-element elementor-element-d40242b elementor-widget elementor-widget-text-editor\" data-id=\"d40242b\" data-element_type=\"widget\" data-e-type=\"widget\" data-widget_type=\"text-editor.default\">\n\t\t\t\t<div class=\"elementor-widget-container\">\n\t\t\t\t\t\t\t\t\t<p>Nexvision a d\u00e9velopp\u00e9 de nombreux Reference Design embarquant des FPGA.<\/p>\n<p>Selon votre besoin, nous vous aiguillerons ou pas vers une solution utilisant un FPGA.<\/p>\n<p>Apr\u00e8s analyse, s\u2019il s\u2019av\u00e8re que le FPGA est la solution la mieux adapt\u00e9e pour votre application, alors nous s\u00e9lectionnerons le FPGA le plus pertinent pour r\u00e9aliser votre syst\u00e8me de vision.<\/p>\n<p>Cela d\u00e9pendra du nombre de liens de communications et de la vitesse requise pour votre application, du co\u00fbt de d\u00e9veloppement et de production, du nombre de cellules logiques par rapport aux algorithmes pr\u00e9vus, des caract\u00e9ristiques \u00e9lectriques, des outils de d\u00e9veloppement\u2026<\/p>\n<p>Voici par exemple quelques FPGA que nous avons eu l\u2019occasion d\u2019impl\u00e9menter pour des clients :<\/p>\n<h3>XILINX<\/h3>\n<ul>\n<li>ULTRASCALE<\/li>\n<li>KINTEX 7<\/li>\n<li>SPARTAN 6<\/li>\n<\/ul>\n<h3>ALTERA<\/h3>\n<ul>\n<li>CYCLONE III<\/li>\n<li>CYCLONE IV<\/li>\n<\/ul>\n<h3>LATTICE<\/h3>\n<ul>\n<li>ECP3<\/li>\n<li>ICEx<\/li>\n<\/ul>\n\t\t\t\t\t\t\t\t<\/div>\n\t\t\t\t<\/div>\n\t\t\t\t\t<\/div>\n\t\t<\/div>\n\t\t\t\t\t<\/div>\n\t\t<\/section>\n\t\t\t\t<\/div>\n\t\t","protected":false},"excerpt":{"rendered":"<p>Nexvision a d\u00e9velopp\u00e9 de nombreux Reference Design embarquant des FPGA. Selon votre besoin, nous vous aiguillerons ou pas vers une solution utilisant un FPGA. Apr\u00e8s analyse, s\u2019il s\u2019av\u00e8re que le FPGA est la solution la mieux adapt\u00e9e pour votre application, alors nous s\u00e9lectionnerons le FPGA le plus pertinent pour r\u00e9aliser votre syst\u00e8me de vision. Cela [&hellip;]<\/p>\n","protected":false},"author":1,"featured_media":0,"parent":16032,"menu_order":0,"comment_status":"closed","ping_status":"closed","template":"elementor_header_footer","meta":{"_acf_changed":false,"inline_featured_image":false,"_monsterinsights_skip_tracking":false,"_monsterinsights_sitenote_active":false,"_monsterinsights_sitenote_note":"","_monsterinsights_sitenote_category":0,"footnotes":""},"class_list":["post-16090","page","type-page","status-publish","hentry"],"acf":[],"yoast_head":"<!-- This site is optimized with the Yoast SEO plugin v27.2 - https:\/\/yoast.com\/product\/yoast-seo-wordpress\/ -->\n<title>Expert programmation FPGA pour syst\u00e8mes de vision &amp; cam\u00e9ra<\/title>\n<meta name=\"description\" content=\"Exploitez le potentiel des technologies FPGA avec Nexvision. Am\u00e9liorez les performances de vos syst\u00e8mes. Cliquez ici !\" \/>\n<meta name=\"robots\" content=\"index, follow, max-snippet:-1, max-image-preview:large, max-video-preview:-1\" \/>\n<link rel=\"canonical\" href=\"https:\/\/nexvision.fr\/fr\/expertise-en-reference-design-hw-sw-ip\/technologies\/fpga\/\" \/>\n<meta property=\"og:locale\" content=\"fr_FR\" \/>\n<meta property=\"og:type\" content=\"article\" \/>\n<meta property=\"og:title\" content=\"Expert programmation FPGA pour syst\u00e8mes de vision &amp; cam\u00e9ra\" \/>\n<meta property=\"og:description\" content=\"Exploitez le potentiel des technologies FPGA avec Nexvision. Am\u00e9liorez les performances de vos syst\u00e8mes. Cliquez ici !\" \/>\n<meta property=\"og:url\" content=\"https:\/\/nexvision.fr\/fr\/expertise-en-reference-design-hw-sw-ip\/technologies\/fpga\/\" \/>\n<meta property=\"og:site_name\" content=\"NEXVISION\" \/>\n<meta property=\"article:modified_time\" content=\"2024-08-19T15:27:21+00:00\" \/>\n<meta name=\"twitter:card\" content=\"summary_large_image\" \/>\n<meta name=\"twitter:label1\" content=\"Dur\u00e9e de lecture estim\u00e9e\" \/>\n\t<meta name=\"twitter:data1\" content=\"1 minute\" \/>\n<script type=\"application\/ld+json\" class=\"yoast-schema-graph\">{\"@context\":\"https:\/\/schema.org\",\"@graph\":[{\"@type\":\"WebPage\",\"@id\":\"https:\/\/nexvision.fr\/fr\/expertise-en-reference-design-hw-sw-ip\/technologies\/fpga\/\",\"url\":\"https:\/\/nexvision.fr\/fr\/expertise-en-reference-design-hw-sw-ip\/technologies\/fpga\/\",\"name\":\"Expert programmation FPGA pour syst\u00e8mes de vision & cam\u00e9ra\",\"isPartOf\":{\"@id\":\"https:\/\/nexvision.fr\/#website\"},\"datePublished\":\"2024-08-19T12:44:35+00:00\",\"dateModified\":\"2024-08-19T15:27:21+00:00\",\"description\":\"Exploitez le potentiel des technologies FPGA avec Nexvision. Am\u00e9liorez les performances de vos syst\u00e8mes. Cliquez ici !\",\"breadcrumb\":{\"@id\":\"https:\/\/nexvision.fr\/fr\/expertise-en-reference-design-hw-sw-ip\/technologies\/fpga\/#breadcrumb\"},\"inLanguage\":\"fr-FR\",\"potentialAction\":[{\"@type\":\"ReadAction\",\"target\":[\"https:\/\/nexvision.fr\/fr\/expertise-en-reference-design-hw-sw-ip\/technologies\/fpga\/\"]}]},{\"@type\":\"BreadcrumbList\",\"@id\":\"https:\/\/nexvision.fr\/fr\/expertise-en-reference-design-hw-sw-ip\/technologies\/fpga\/#breadcrumb\",\"itemListElement\":[{\"@type\":\"ListItem\",\"position\":1,\"name\":\"Home\",\"item\":\"https:\/\/nexvision.fr\/fr\/accueil\/\"},{\"@type\":\"ListItem\",\"position\":2,\"name\":\"Expertise en reference design hw sw ip\",\"item\":\"https:\/\/nexvision.fr\/fr\/expertise-en-reference-design-hw-sw-ip\/\"},{\"@type\":\"ListItem\",\"position\":3,\"name\":\"Technologies\",\"item\":\"https:\/\/nexvision.fr\/fr\/expertise-en-reference-design-hw-sw-ip\/technologies\/\"},{\"@type\":\"ListItem\",\"position\":4,\"name\":\"FPGA\"}]},{\"@type\":\"WebSite\",\"@id\":\"https:\/\/nexvision.fr\/#website\",\"url\":\"https:\/\/nexvision.fr\/\",\"name\":\"NEXVISION\",\"description\":\"Vision solution : optronic system UV night SWIR LWIR Terahertz\",\"publisher\":{\"@id\":\"https:\/\/nexvision.fr\/#organization\"},\"potentialAction\":[{\"@type\":\"SearchAction\",\"target\":{\"@type\":\"EntryPoint\",\"urlTemplate\":\"https:\/\/nexvision.fr\/?s={search_term_string}\"},\"query-input\":{\"@type\":\"PropertyValueSpecification\",\"valueRequired\":true,\"valueName\":\"search_term_string\"}}],\"inLanguage\":\"fr-FR\"},{\"@type\":\"Organization\",\"@id\":\"https:\/\/nexvision.fr\/#organization\",\"name\":\"NEXVISION\",\"url\":\"https:\/\/nexvision.fr\/\",\"logo\":{\"@type\":\"ImageObject\",\"inLanguage\":\"fr-FR\",\"@id\":\"https:\/\/nexvision.fr\/#\/schema\/logo\/image\/\",\"url\":\"https:\/\/nexvision.fr\/wp-content\/uploads\/2025\/10\/LogoNexvision696px.png\",\"contentUrl\":\"https:\/\/nexvision.fr\/wp-content\/uploads\/2025\/10\/LogoNexvision696px.png\",\"width\":696,\"height\":696,\"caption\":\"NEXVISION\"},\"image\":{\"@id\":\"https:\/\/nexvision.fr\/#\/schema\/logo\/image\/\"}}]}<\/script>\n<!-- \/ Yoast SEO plugin. -->","yoast_head_json":{"title":"Expert programmation FPGA pour syst\u00e8mes de vision & cam\u00e9ra","description":"Exploitez le potentiel des technologies FPGA avec Nexvision. Am\u00e9liorez les performances de vos syst\u00e8mes. Cliquez ici !","robots":{"index":"index","follow":"follow","max-snippet":"max-snippet:-1","max-image-preview":"max-image-preview:large","max-video-preview":"max-video-preview:-1"},"canonical":"https:\/\/nexvision.fr\/fr\/expertise-en-reference-design-hw-sw-ip\/technologies\/fpga\/","og_locale":"fr_FR","og_type":"article","og_title":"Expert programmation FPGA pour syst\u00e8mes de vision & cam\u00e9ra","og_description":"Exploitez le potentiel des technologies FPGA avec Nexvision. Am\u00e9liorez les performances de vos syst\u00e8mes. Cliquez ici !","og_url":"https:\/\/nexvision.fr\/fr\/expertise-en-reference-design-hw-sw-ip\/technologies\/fpga\/","og_site_name":"NEXVISION","article_modified_time":"2024-08-19T15:27:21+00:00","twitter_card":"summary_large_image","twitter_misc":{"Dur\u00e9e de lecture estim\u00e9e":"1 minute"},"schema":{"@context":"https:\/\/schema.org","@graph":[{"@type":"WebPage","@id":"https:\/\/nexvision.fr\/fr\/expertise-en-reference-design-hw-sw-ip\/technologies\/fpga\/","url":"https:\/\/nexvision.fr\/fr\/expertise-en-reference-design-hw-sw-ip\/technologies\/fpga\/","name":"Expert programmation FPGA pour syst\u00e8mes de vision & cam\u00e9ra","isPartOf":{"@id":"https:\/\/nexvision.fr\/#website"},"datePublished":"2024-08-19T12:44:35+00:00","dateModified":"2024-08-19T15:27:21+00:00","description":"Exploitez le potentiel des technologies FPGA avec Nexvision. Am\u00e9liorez les performances de vos syst\u00e8mes. Cliquez ici !","breadcrumb":{"@id":"https:\/\/nexvision.fr\/fr\/expertise-en-reference-design-hw-sw-ip\/technologies\/fpga\/#breadcrumb"},"inLanguage":"fr-FR","potentialAction":[{"@type":"ReadAction","target":["https:\/\/nexvision.fr\/fr\/expertise-en-reference-design-hw-sw-ip\/technologies\/fpga\/"]}]},{"@type":"BreadcrumbList","@id":"https:\/\/nexvision.fr\/fr\/expertise-en-reference-design-hw-sw-ip\/technologies\/fpga\/#breadcrumb","itemListElement":[{"@type":"ListItem","position":1,"name":"Home","item":"https:\/\/nexvision.fr\/fr\/accueil\/"},{"@type":"ListItem","position":2,"name":"Expertise en reference design hw sw ip","item":"https:\/\/nexvision.fr\/fr\/expertise-en-reference-design-hw-sw-ip\/"},{"@type":"ListItem","position":3,"name":"Technologies","item":"https:\/\/nexvision.fr\/fr\/expertise-en-reference-design-hw-sw-ip\/technologies\/"},{"@type":"ListItem","position":4,"name":"FPGA"}]},{"@type":"WebSite","@id":"https:\/\/nexvision.fr\/#website","url":"https:\/\/nexvision.fr\/","name":"NEXVISION","description":"Vision solution : optronic system UV night SWIR LWIR Terahertz","publisher":{"@id":"https:\/\/nexvision.fr\/#organization"},"potentialAction":[{"@type":"SearchAction","target":{"@type":"EntryPoint","urlTemplate":"https:\/\/nexvision.fr\/?s={search_term_string}"},"query-input":{"@type":"PropertyValueSpecification","valueRequired":true,"valueName":"search_term_string"}}],"inLanguage":"fr-FR"},{"@type":"Organization","@id":"https:\/\/nexvision.fr\/#organization","name":"NEXVISION","url":"https:\/\/nexvision.fr\/","logo":{"@type":"ImageObject","inLanguage":"fr-FR","@id":"https:\/\/nexvision.fr\/#\/schema\/logo\/image\/","url":"https:\/\/nexvision.fr\/wp-content\/uploads\/2025\/10\/LogoNexvision696px.png","contentUrl":"https:\/\/nexvision.fr\/wp-content\/uploads\/2025\/10\/LogoNexvision696px.png","width":696,"height":696,"caption":"NEXVISION"},"image":{"@id":"https:\/\/nexvision.fr\/#\/schema\/logo\/image\/"}}]}},"_links":{"self":[{"href":"https:\/\/nexvision.fr\/fr\/wp-json\/wp\/v2\/pages\/16090","targetHints":{"allow":["GET"]}}],"collection":[{"href":"https:\/\/nexvision.fr\/fr\/wp-json\/wp\/v2\/pages"}],"about":[{"href":"https:\/\/nexvision.fr\/fr\/wp-json\/wp\/v2\/types\/page"}],"author":[{"embeddable":true,"href":"https:\/\/nexvision.fr\/fr\/wp-json\/wp\/v2\/users\/1"}],"replies":[{"embeddable":true,"href":"https:\/\/nexvision.fr\/fr\/wp-json\/wp\/v2\/comments?post=16090"}],"version-history":[{"count":1,"href":"https:\/\/nexvision.fr\/fr\/wp-json\/wp\/v2\/pages\/16090\/revisions"}],"predecessor-version":[{"id":16091,"href":"https:\/\/nexvision.fr\/fr\/wp-json\/wp\/v2\/pages\/16090\/revisions\/16091"}],"up":[{"embeddable":true,"href":"https:\/\/nexvision.fr\/fr\/wp-json\/wp\/v2\/pages\/16032"}],"wp:attachment":[{"href":"https:\/\/nexvision.fr\/fr\/wp-json\/wp\/v2\/media?parent=16090"}],"curies":[{"name":"wp","href":"https:\/\/api.w.org\/{rel}","templated":true}]}}