{"id":16094,"date":"2024-08-19T14:45:30","date_gmt":"2024-08-19T12:45:30","guid":{"rendered":"https:\/\/nexvision.dev\/expertise-en-reference-design-hw-sw-ip\/technologies\/communication\/"},"modified":"2024-08-19T17:30:06","modified_gmt":"2024-08-19T15:30:06","slug":"communication","status":"publish","type":"page","link":"https:\/\/nexvision.fr\/fr\/expertise-en-reference-design-hw-sw-ip\/technologies\/communication\/","title":{"rendered":"Communication"},"content":{"rendered":"\t\t<div data-elementor-type=\"wp-page\" data-elementor-id=\"16094\" class=\"elementor elementor-16094 elementor-15957\" data-elementor-post-type=\"page\">\n\t\t\t\t\t\t<section data-particle_enable=\"false\" data-particle-mobile-disabled=\"false\" class=\"elementor-section elementor-top-section elementor-element elementor-element-a14e11f elementor-section-height-min-height elementor-section-stretched elementor-section-boxed elementor-section-height-default elementor-section-items-middle\" data-id=\"a14e11f\" data-element_type=\"section\" data-e-type=\"section\" data-settings=\"{&quot;stretch_section&quot;:&quot;section-stretched&quot;,&quot;background_background&quot;:&quot;classic&quot;}\">\n\t\t\t\t\t\t\t<div class=\"elementor-background-overlay\"><\/div>\n\t\t\t\t\t\t\t<div class=\"elementor-container elementor-column-gap-no\">\n\t\t\t\t\t<div class=\"elementor-column elementor-col-100 elementor-top-column elementor-element elementor-element-526d461\" data-id=\"526d461\" data-element_type=\"column\" data-e-type=\"column\">\n\t\t\t<div class=\"elementor-widget-wrap elementor-element-populated\">\n\t\t\t\t\t\t<div class=\"elementor-element elementor-element-be3cc89 elementor-widget elementor-widget-heading\" data-id=\"be3cc89\" data-element_type=\"widget\" data-e-type=\"widget\" data-widget_type=\"heading.default\">\n\t\t\t\t<div class=\"elementor-widget-container\">\n\t\t\t\t\t<h1 class=\"elementor-heading-title elementor-size-default\">Communication<\/h1>\t\t\t\t<\/div>\n\t\t\t\t<\/div>\n\t\t\t\t\t<\/div>\n\t\t<\/div>\n\t\t\t\t\t<\/div>\n\t\t<\/section>\n\t\t\t\t<section data-particle_enable=\"false\" data-particle-mobile-disabled=\"false\" class=\"elementor-section elementor-top-section elementor-element elementor-element-8dc2d7d elementor-section-content-middle elementor-section-boxed elementor-section-height-default elementor-section-height-default\" data-id=\"8dc2d7d\" data-element_type=\"section\" data-e-type=\"section\" data-settings=\"{&quot;background_background&quot;:&quot;classic&quot;}\">\n\t\t\t\t\t\t<div class=\"elementor-container elementor-column-gap-default\">\n\t\t\t\t\t<div class=\"elementor-column elementor-col-100 elementor-top-column elementor-element elementor-element-542405d\" data-id=\"542405d\" data-element_type=\"column\" data-e-type=\"column\">\n\t\t\t<div class=\"elementor-widget-wrap elementor-element-populated\">\n\t\t\t\t\t\t<div class=\"elementor-element elementor-element-f1ee085 elementor-widget elementor-widget-text-editor\" data-id=\"f1ee085\" data-element_type=\"widget\" data-e-type=\"widget\" data-widget_type=\"text-editor.default\">\n\t\t\t\t<div class=\"elementor-widget-container\">\n\t\t\t\t\t\t\t\t\t<p><span><span><a href=\"https:\/\/nexvision.fr\/fr\/accueil\/\">Home<\/a><\/span><\/span><\/p>\n\t\t\t\t\t\t\t\t<\/div>\n\t\t\t\t<\/div>\n\t\t\t\t\t<\/div>\n\t\t<\/div>\n\t\t\t\t\t<\/div>\n\t\t<\/section>\n\t\t\t\t<section data-particle_enable=\"false\" data-particle-mobile-disabled=\"false\" class=\"elementor-section elementor-top-section elementor-element elementor-element-cce9287 elementor-section-boxed elementor-section-height-default elementor-section-height-default\" data-id=\"cce9287\" data-element_type=\"section\" data-e-type=\"section\">\n\t\t\t\t\t\t<div class=\"elementor-container elementor-column-gap-default\">\n\t\t\t\t\t<div class=\"elementor-column elementor-col-100 elementor-top-column elementor-element elementor-element-3f80050\" data-id=\"3f80050\" data-element_type=\"column\" data-e-type=\"column\">\n\t\t\t<div class=\"elementor-widget-wrap elementor-element-populated\">\n\t\t\t\t\t\t<div class=\"elementor-element elementor-element-8f01bef elementor-widget elementor-widget-text-editor\" data-id=\"8f01bef\" data-element_type=\"widget\" data-e-type=\"widget\" data-widget_type=\"text-editor.default\">\n\t\t\t\t<div class=\"elementor-widget-container\">\n\t\t\t\t\t\t\t\t\t<h2>Liens grande vitesse<\/h2>\n<ul>\n<li>PCIe<\/li>\n<li>USB3<\/li>\n<li>Gigabit Ethernet<\/li>\n<li>Sata<\/li>\n<li>NVME<\/li>\n<li>CoaXPress<\/li>\n<li>SDI<\/li>\n<\/ul>\n<h2>R\u00e9seau<\/h2>\n<ul>\n<li>Wifi (802.11)<\/li>\n<li>Ethernet (802.3)<\/li>\n<li>Zigbee (802.15.4)<\/li>\n<\/ul>\n<h2>Protocole<\/h2>\n<ul>\n<li>RTSP (Streaming)<\/li>\n<li>HTTP<\/li>\n<li>WebSocket<\/li>\n<li>Onvif<\/li>\n<\/ul>\n\t\t\t\t\t\t\t\t<\/div>\n\t\t\t\t<\/div>\n\t\t\t\t\t<\/div>\n\t\t<\/div>\n\t\t\t\t\t<\/div>\n\t\t<\/section>\n\t\t\t\t<\/div>\n\t\t","protected":false},"excerpt":{"rendered":"<p>Liens grande vitesse PCIe USB3 Gigabit Ethernet Sata NVME CoaXPress SDI R\u00e9seau Wifi (802.11) Ethernet (802.3) Zigbee (802.15.4) Protocole RTSP (Streaming) HTTP WebSocket Onvif<\/p>\n","protected":false},"author":1,"featured_media":0,"parent":16032,"menu_order":0,"comment_status":"closed","ping_status":"closed","template":"elementor_header_footer","meta":{"_acf_changed":false,"inline_featured_image":false,"_monsterinsights_skip_tracking":false,"_monsterinsights_sitenote_active":false,"_monsterinsights_sitenote_note":"","_monsterinsights_sitenote_category":0,"footnotes":""},"class_list":["post-16094","page","type-page","status-publish","hentry"],"acf":[],"yoast_head":"<!-- This site is optimized with the Yoast SEO plugin v27.2 - https:\/\/yoast.com\/product\/yoast-seo-wordpress\/ -->\n<title>Liens rapides pour syst\u00e8mes optroniques<\/title>\n<meta name=\"description\" content=\"D\u00e9couvrez nos technologies de communication avanc\u00e9es. Propulsez vos projets avec des solutions innovantes. Cliquez ici !\" \/>\n<meta name=\"robots\" content=\"index, follow, max-snippet:-1, max-image-preview:large, max-video-preview:-1\" \/>\n<link rel=\"canonical\" href=\"https:\/\/nexvision.fr\/fr\/expertise-en-reference-design-hw-sw-ip\/technologies\/communication\/\" \/>\n<meta property=\"og:locale\" content=\"fr_FR\" \/>\n<meta property=\"og:type\" content=\"article\" \/>\n<meta property=\"og:title\" content=\"Liens rapides pour syst\u00e8mes optroniques\" \/>\n<meta property=\"og:description\" content=\"D\u00e9couvrez nos technologies de communication avanc\u00e9es. Propulsez vos projets avec des solutions innovantes. Cliquez ici !\" \/>\n<meta property=\"og:url\" content=\"https:\/\/nexvision.fr\/fr\/expertise-en-reference-design-hw-sw-ip\/technologies\/communication\/\" \/>\n<meta property=\"og:site_name\" content=\"NEXVISION\" \/>\n<meta property=\"article:modified_time\" content=\"2024-08-19T15:30:06+00:00\" \/>\n<meta name=\"twitter:card\" content=\"summary_large_image\" \/>\n<script type=\"application\/ld+json\" class=\"yoast-schema-graph\">{\"@context\":\"https:\/\/schema.org\",\"@graph\":[{\"@type\":\"WebPage\",\"@id\":\"https:\/\/nexvision.fr\/fr\/expertise-en-reference-design-hw-sw-ip\/technologies\/communication\/\",\"url\":\"https:\/\/nexvision.fr\/fr\/expertise-en-reference-design-hw-sw-ip\/technologies\/communication\/\",\"name\":\"Liens rapides pour syst\u00e8mes optroniques\",\"isPartOf\":{\"@id\":\"https:\/\/nexvision.fr\/#website\"},\"datePublished\":\"2024-08-19T12:45:30+00:00\",\"dateModified\":\"2024-08-19T15:30:06+00:00\",\"description\":\"D\u00e9couvrez nos technologies de communication avanc\u00e9es. Propulsez vos projets avec des solutions innovantes. Cliquez ici !\",\"breadcrumb\":{\"@id\":\"https:\/\/nexvision.fr\/fr\/expertise-en-reference-design-hw-sw-ip\/technologies\/communication\/#breadcrumb\"},\"inLanguage\":\"fr-FR\",\"potentialAction\":[{\"@type\":\"ReadAction\",\"target\":[\"https:\/\/nexvision.fr\/fr\/expertise-en-reference-design-hw-sw-ip\/technologies\/communication\/\"]}]},{\"@type\":\"BreadcrumbList\",\"@id\":\"https:\/\/nexvision.fr\/fr\/expertise-en-reference-design-hw-sw-ip\/technologies\/communication\/#breadcrumb\",\"itemListElement\":[{\"@type\":\"ListItem\",\"position\":1,\"name\":\"Home\",\"item\":\"https:\/\/nexvision.fr\/fr\/accueil\/\"},{\"@type\":\"ListItem\",\"position\":2,\"name\":\"Expertise en reference design hw sw ip\",\"item\":\"https:\/\/nexvision.fr\/fr\/expertise-en-reference-design-hw-sw-ip\/\"},{\"@type\":\"ListItem\",\"position\":3,\"name\":\"Technologies\",\"item\":\"https:\/\/nexvision.fr\/fr\/expertise-en-reference-design-hw-sw-ip\/technologies\/\"},{\"@type\":\"ListItem\",\"position\":4,\"name\":\"Communication\"}]},{\"@type\":\"WebSite\",\"@id\":\"https:\/\/nexvision.fr\/#website\",\"url\":\"https:\/\/nexvision.fr\/\",\"name\":\"NEXVISION\",\"description\":\"Vision solution : optronic system UV night SWIR LWIR Terahertz\",\"publisher\":{\"@id\":\"https:\/\/nexvision.fr\/#organization\"},\"potentialAction\":[{\"@type\":\"SearchAction\",\"target\":{\"@type\":\"EntryPoint\",\"urlTemplate\":\"https:\/\/nexvision.fr\/?s={search_term_string}\"},\"query-input\":{\"@type\":\"PropertyValueSpecification\",\"valueRequired\":true,\"valueName\":\"search_term_string\"}}],\"inLanguage\":\"fr-FR\"},{\"@type\":\"Organization\",\"@id\":\"https:\/\/nexvision.fr\/#organization\",\"name\":\"NEXVISION\",\"url\":\"https:\/\/nexvision.fr\/\",\"logo\":{\"@type\":\"ImageObject\",\"inLanguage\":\"fr-FR\",\"@id\":\"https:\/\/nexvision.fr\/#\/schema\/logo\/image\/\",\"url\":\"https:\/\/nexvision.fr\/wp-content\/uploads\/2025\/10\/LogoNexvision696px.png\",\"contentUrl\":\"https:\/\/nexvision.fr\/wp-content\/uploads\/2025\/10\/LogoNexvision696px.png\",\"width\":696,\"height\":696,\"caption\":\"NEXVISION\"},\"image\":{\"@id\":\"https:\/\/nexvision.fr\/#\/schema\/logo\/image\/\"}}]}<\/script>\n<!-- \/ Yoast SEO plugin. -->","yoast_head_json":{"title":"Liens rapides pour syst\u00e8mes optroniques","description":"D\u00e9couvrez nos technologies de communication avanc\u00e9es. Propulsez vos projets avec des solutions innovantes. Cliquez ici !","robots":{"index":"index","follow":"follow","max-snippet":"max-snippet:-1","max-image-preview":"max-image-preview:large","max-video-preview":"max-video-preview:-1"},"canonical":"https:\/\/nexvision.fr\/fr\/expertise-en-reference-design-hw-sw-ip\/technologies\/communication\/","og_locale":"fr_FR","og_type":"article","og_title":"Liens rapides pour syst\u00e8mes optroniques","og_description":"D\u00e9couvrez nos technologies de communication avanc\u00e9es. Propulsez vos projets avec des solutions innovantes. Cliquez ici !","og_url":"https:\/\/nexvision.fr\/fr\/expertise-en-reference-design-hw-sw-ip\/technologies\/communication\/","og_site_name":"NEXVISION","article_modified_time":"2024-08-19T15:30:06+00:00","twitter_card":"summary_large_image","schema":{"@context":"https:\/\/schema.org","@graph":[{"@type":"WebPage","@id":"https:\/\/nexvision.fr\/fr\/expertise-en-reference-design-hw-sw-ip\/technologies\/communication\/","url":"https:\/\/nexvision.fr\/fr\/expertise-en-reference-design-hw-sw-ip\/technologies\/communication\/","name":"Liens rapides pour syst\u00e8mes optroniques","isPartOf":{"@id":"https:\/\/nexvision.fr\/#website"},"datePublished":"2024-08-19T12:45:30+00:00","dateModified":"2024-08-19T15:30:06+00:00","description":"D\u00e9couvrez nos technologies de communication avanc\u00e9es. Propulsez vos projets avec des solutions innovantes. Cliquez ici !","breadcrumb":{"@id":"https:\/\/nexvision.fr\/fr\/expertise-en-reference-design-hw-sw-ip\/technologies\/communication\/#breadcrumb"},"inLanguage":"fr-FR","potentialAction":[{"@type":"ReadAction","target":["https:\/\/nexvision.fr\/fr\/expertise-en-reference-design-hw-sw-ip\/technologies\/communication\/"]}]},{"@type":"BreadcrumbList","@id":"https:\/\/nexvision.fr\/fr\/expertise-en-reference-design-hw-sw-ip\/technologies\/communication\/#breadcrumb","itemListElement":[{"@type":"ListItem","position":1,"name":"Home","item":"https:\/\/nexvision.fr\/fr\/accueil\/"},{"@type":"ListItem","position":2,"name":"Expertise en reference design hw sw ip","item":"https:\/\/nexvision.fr\/fr\/expertise-en-reference-design-hw-sw-ip\/"},{"@type":"ListItem","position":3,"name":"Technologies","item":"https:\/\/nexvision.fr\/fr\/expertise-en-reference-design-hw-sw-ip\/technologies\/"},{"@type":"ListItem","position":4,"name":"Communication"}]},{"@type":"WebSite","@id":"https:\/\/nexvision.fr\/#website","url":"https:\/\/nexvision.fr\/","name":"NEXVISION","description":"Vision solution : optronic system UV night SWIR LWIR Terahertz","publisher":{"@id":"https:\/\/nexvision.fr\/#organization"},"potentialAction":[{"@type":"SearchAction","target":{"@type":"EntryPoint","urlTemplate":"https:\/\/nexvision.fr\/?s={search_term_string}"},"query-input":{"@type":"PropertyValueSpecification","valueRequired":true,"valueName":"search_term_string"}}],"inLanguage":"fr-FR"},{"@type":"Organization","@id":"https:\/\/nexvision.fr\/#organization","name":"NEXVISION","url":"https:\/\/nexvision.fr\/","logo":{"@type":"ImageObject","inLanguage":"fr-FR","@id":"https:\/\/nexvision.fr\/#\/schema\/logo\/image\/","url":"https:\/\/nexvision.fr\/wp-content\/uploads\/2025\/10\/LogoNexvision696px.png","contentUrl":"https:\/\/nexvision.fr\/wp-content\/uploads\/2025\/10\/LogoNexvision696px.png","width":696,"height":696,"caption":"NEXVISION"},"image":{"@id":"https:\/\/nexvision.fr\/#\/schema\/logo\/image\/"}}]}},"_links":{"self":[{"href":"https:\/\/nexvision.fr\/fr\/wp-json\/wp\/v2\/pages\/16094","targetHints":{"allow":["GET"]}}],"collection":[{"href":"https:\/\/nexvision.fr\/fr\/wp-json\/wp\/v2\/pages"}],"about":[{"href":"https:\/\/nexvision.fr\/fr\/wp-json\/wp\/v2\/types\/page"}],"author":[{"embeddable":true,"href":"https:\/\/nexvision.fr\/fr\/wp-json\/wp\/v2\/users\/1"}],"replies":[{"embeddable":true,"href":"https:\/\/nexvision.fr\/fr\/wp-json\/wp\/v2\/comments?post=16094"}],"version-history":[{"count":1,"href":"https:\/\/nexvision.fr\/fr\/wp-json\/wp\/v2\/pages\/16094\/revisions"}],"predecessor-version":[{"id":16095,"href":"https:\/\/nexvision.fr\/fr\/wp-json\/wp\/v2\/pages\/16094\/revisions\/16095"}],"up":[{"embeddable":true,"href":"https:\/\/nexvision.fr\/fr\/wp-json\/wp\/v2\/pages\/16032"}],"wp:attachment":[{"href":"https:\/\/nexvision.fr\/fr\/wp-json\/wp\/v2\/media?parent=16094"}],"curies":[{"name":"wp","href":"https:\/\/api.w.org\/{rel}","templated":true}]}}