{"id":16096,"date":"2024-08-19T14:45:12","date_gmt":"2024-08-19T12:45:12","guid":{"rendered":"https:\/\/nexvision.dev\/expertise-en-reference-design-hw-sw-ip\/technologies\/traitement-du-signal-traitement-de-donnees\/"},"modified":"2024-08-19T17:37:01","modified_gmt":"2024-08-19T15:37:01","slug":"traitement-du-signal-traitement-de-donnees","status":"publish","type":"page","link":"https:\/\/nexvision.fr\/fr\/expertise-en-reference-design-hw-sw-ip\/technologies\/traitement-du-signal-traitement-de-donnees\/","title":{"rendered":"Traitement du signal &#038; traitement de donn\u00e9es"},"content":{"rendered":"\t\t<div data-elementor-type=\"wp-page\" data-elementor-id=\"16096\" class=\"elementor elementor-16096 elementor-15956\" data-elementor-post-type=\"page\">\n\t\t\t\t\t\t<section data-particle_enable=\"false\" data-particle-mobile-disabled=\"false\" class=\"elementor-section elementor-top-section elementor-element elementor-element-5c06cad elementor-section-height-min-height elementor-section-stretched elementor-section-boxed elementor-section-height-default elementor-section-items-middle\" data-id=\"5c06cad\" data-element_type=\"section\" data-e-type=\"section\" data-settings=\"{&quot;stretch_section&quot;:&quot;section-stretched&quot;,&quot;background_background&quot;:&quot;classic&quot;}\">\n\t\t\t\t\t\t\t<div class=\"elementor-background-overlay\"><\/div>\n\t\t\t\t\t\t\t<div class=\"elementor-container elementor-column-gap-no\">\n\t\t\t\t\t<div class=\"elementor-column elementor-col-100 elementor-top-column elementor-element elementor-element-c854e9c\" data-id=\"c854e9c\" data-element_type=\"column\" data-e-type=\"column\">\n\t\t\t<div class=\"elementor-widget-wrap elementor-element-populated\">\n\t\t\t\t\t\t<div class=\"elementor-element elementor-element-43f991a elementor-widget elementor-widget-heading\" data-id=\"43f991a\" data-element_type=\"widget\" data-e-type=\"widget\" data-widget_type=\"heading.default\">\n\t\t\t\t<div class=\"elementor-widget-container\">\n\t\t\t\t\t<h1 class=\"elementor-heading-title elementor-size-default\">Traitement du signal &amp; traitement de donn\u00e9es<\/h1>\t\t\t\t<\/div>\n\t\t\t\t<\/div>\n\t\t\t\t\t<\/div>\n\t\t<\/div>\n\t\t\t\t\t<\/div>\n\t\t<\/section>\n\t\t\t\t<section data-particle_enable=\"false\" data-particle-mobile-disabled=\"false\" class=\"elementor-section elementor-top-section elementor-element elementor-element-05e4600 elementor-section-content-middle elementor-section-boxed elementor-section-height-default elementor-section-height-default\" data-id=\"05e4600\" data-element_type=\"section\" data-e-type=\"section\" data-settings=\"{&quot;background_background&quot;:&quot;classic&quot;}\">\n\t\t\t\t\t\t<div class=\"elementor-container elementor-column-gap-default\">\n\t\t\t\t\t<div class=\"elementor-column elementor-col-100 elementor-top-column elementor-element elementor-element-25302ec\" data-id=\"25302ec\" data-element_type=\"column\" data-e-type=\"column\">\n\t\t\t<div class=\"elementor-widget-wrap elementor-element-populated\">\n\t\t\t\t\t\t<div class=\"elementor-element elementor-element-84565d4 elementor-widget elementor-widget-text-editor\" data-id=\"84565d4\" data-element_type=\"widget\" data-e-type=\"widget\" data-widget_type=\"text-editor.default\">\n\t\t\t\t<div class=\"elementor-widget-container\">\n\t\t\t\t\t\t\t\t\t<p><span><span><a href=\"https:\/\/nexvision.fr\/fr\/accueil\/\">Home<\/a><\/span><\/span><\/p>\n\t\t\t\t\t\t\t\t<\/div>\n\t\t\t\t<\/div>\n\t\t\t\t\t<\/div>\n\t\t<\/div>\n\t\t\t\t\t<\/div>\n\t\t<\/section>\n\t\t\t\t<section data-particle_enable=\"false\" data-particle-mobile-disabled=\"false\" class=\"elementor-section elementor-top-section elementor-element elementor-element-9a376c1 elementor-section-boxed elementor-section-height-default elementor-section-height-default\" data-id=\"9a376c1\" data-element_type=\"section\" data-e-type=\"section\">\n\t\t\t\t\t\t<div class=\"elementor-container elementor-column-gap-default\">\n\t\t\t\t\t<div class=\"elementor-column elementor-col-100 elementor-top-column elementor-element elementor-element-a6446db\" data-id=\"a6446db\" data-element_type=\"column\" data-e-type=\"column\">\n\t\t\t<div class=\"elementor-widget-wrap elementor-element-populated\">\n\t\t\t\t\t\t<div class=\"elementor-element elementor-element-b8d3830 elementor-widget elementor-widget-text-editor\" data-id=\"b8d3830\" data-element_type=\"widget\" data-e-type=\"widget\" data-widget_type=\"text-editor.default\">\n\t\t\t\t<div class=\"elementor-widget-container\">\n\t\t\t\t\t\t\t\t\tVoici nos solutions de traitement du signal et de traitement de donn\u00e9es :\r\n<h2>TRAITEMENT DU SIGNAL<\/h2>\r\n<ul>\r\n \t<li>Image processing<\/li>\r\n \t<li>Sensor control<\/li>\r\n \t<li>Demosaicing<\/li>\r\n \t<li>Color matrix correction<\/li>\r\n \t<li>Auto white balance<\/li>\r\n \t<li>Correction Gamma<\/li>\r\n \t<li>Anti flickering<\/li>\r\n \t<li>Auto exposure<\/li>\r\n \t<li>Fixed pattern noise<\/li>\r\n \t<li>Correction de pixel mort<\/li>\r\n<\/ul>\r\n<h2>Optique<\/h2>\r\n<ul>\r\n \t<li>Aberation correction<\/li>\r\n \t<li>Distorsion correction<\/li>\r\n \t<li>Chromatic correction<\/li>\r\n \t<li>Dewarping<\/li>\r\n \t<li>Stabilisation<\/li>\r\n \t<li>Deconvolution<\/li>\r\n<\/ul>\r\n<h2>Am\u00e9liorations<\/h2>\r\n<ul>\r\n \t<li>HDR<\/li>\r\n \t<li>Tone mapping<\/li>\r\n \t<li>Auto level<\/li>\r\n \t<li>3D noise filter<\/li>\r\n \t<li>Contrast filter<\/li>\r\n \t<li>Edges filter<\/li>\r\n<\/ul>\r\n<h2>Analyses<\/h2>\r\n<ul>\r\n \t<li>D\u00e9tection de mouvement<\/li>\r\n \t<li>D\u00e9tection de forme<\/li>\r\n \t<li>Comptage<\/li>\r\n \t<li>Auto focus<\/li>\r\n<\/ul>\r\n<h2>Codec vid\u00e9o<\/h2>\r\n<ul>\r\n \t<li>Motion-JPEG<\/li>\r\n \t<li>MPEG4-part2<\/li>\r\n \t<li>H264<\/li>\r\n \t<li>RGB444<\/li>\r\n \t<li>YUV422<\/li>\r\n \t<li>RAW<\/li>\r\n<\/ul>\r\n<h2>TRAITEMENT DE DONNEES<\/h2>\r\n<ul>\r\n \t<li>Base de donn\u00e9es<\/li>\r\n \t<li>Stockage<\/li>\r\n \t<li>Graphique<\/li>\r\n \t<li>MAP \/ SIG<\/li>\r\n \t<li>IHM \/ Interface graphique<\/li>\r\n \t<li>ONVIF<\/li>\r\n \t<li>NVR (Network Video Recorder)<\/li>\r\n \t<li>DRM (Digital Right Protection)<\/li>\r\n \t<li>Flux vid\u00e9o<\/li>\r\n \t<li>Lecteur<\/li>\r\n \t<li>Automate<\/li>\r\n<\/ul>\t\t\t\t\t\t\t\t<\/div>\n\t\t\t\t<\/div>\n\t\t\t\t\t<\/div>\n\t\t<\/div>\n\t\t\t\t\t<\/div>\n\t\t<\/section>\n\t\t\t\t<\/div>\n\t\t","protected":false},"excerpt":{"rendered":"<p>Traitement du signal &#038; traitement de donn\u00e9es Voici nos solutions de traitement du signal et de traitement de donn\u00e9es : TRAITEMENT DU SIGNAL Image processing Sensor control Demosaicing Color matrix correction Auto white balance Correction Gamma Anti flickering Auto exposure Fixed pattern noise Correction de pixel mort Optique Aberation correction Distorsion correction Chromatic correction Dewarping [&hellip;]<\/p>\n","protected":false},"author":1,"featured_media":0,"parent":16032,"menu_order":0,"comment_status":"closed","ping_status":"closed","template":"elementor_header_footer","meta":{"_acf_changed":false,"inline_featured_image":false,"_monsterinsights_skip_tracking":false,"_monsterinsights_sitenote_active":false,"_monsterinsights_sitenote_note":"","_monsterinsights_sitenote_category":0,"footnotes":""},"class_list":["post-16096","page","type-page","status-publish","hentry"],"acf":[],"yoast_head":"<!-- This site is optimized with the Yoast SEO plugin v27.2 - https:\/\/yoast.com\/product\/yoast-seo-wordpress\/ -->\n<title>Traitement du signal &amp; traitement de donn\u00e9es<\/title>\n<meta name=\"description\" content=\"Ma\u00eetrisez le traitement du signal et des donn\u00e9es avec notre expertise. Optimisez vos projets ici !\" \/>\n<meta name=\"robots\" content=\"index, follow, max-snippet:-1, max-image-preview:large, max-video-preview:-1\" \/>\n<link rel=\"canonical\" href=\"https:\/\/nexvision.fr\/fr\/expertise-en-reference-design-hw-sw-ip\/technologies\/traitement-du-signal-traitement-de-donnees\/\" \/>\n<meta property=\"og:locale\" content=\"fr_FR\" \/>\n<meta property=\"og:type\" content=\"article\" \/>\n<meta property=\"og:title\" content=\"Traitement du signal &amp; traitement de donn\u00e9es\" \/>\n<meta property=\"og:description\" content=\"Ma\u00eetrisez le traitement du signal et des donn\u00e9es avec notre expertise. Optimisez vos projets ici !\" \/>\n<meta property=\"og:url\" content=\"https:\/\/nexvision.fr\/fr\/expertise-en-reference-design-hw-sw-ip\/technologies\/traitement-du-signal-traitement-de-donnees\/\" \/>\n<meta property=\"og:site_name\" content=\"NEXVISION\" \/>\n<meta property=\"article:modified_time\" content=\"2024-08-19T15:37:01+00:00\" \/>\n<meta name=\"twitter:card\" content=\"summary_large_image\" \/>\n<meta name=\"twitter:label1\" content=\"Dur\u00e9e de lecture estim\u00e9e\" \/>\n\t<meta name=\"twitter:data1\" content=\"1 minute\" \/>\n<script type=\"application\/ld+json\" class=\"yoast-schema-graph\">{\"@context\":\"https:\/\/schema.org\",\"@graph\":[{\"@type\":\"WebPage\",\"@id\":\"https:\/\/nexvision.fr\/fr\/expertise-en-reference-design-hw-sw-ip\/technologies\/traitement-du-signal-traitement-de-donnees\/\",\"url\":\"https:\/\/nexvision.fr\/fr\/expertise-en-reference-design-hw-sw-ip\/technologies\/traitement-du-signal-traitement-de-donnees\/\",\"name\":\"Traitement du signal & traitement de donn\u00e9es\",\"isPartOf\":{\"@id\":\"https:\/\/nexvision.fr\/#website\"},\"datePublished\":\"2024-08-19T12:45:12+00:00\",\"dateModified\":\"2024-08-19T15:37:01+00:00\",\"description\":\"Ma\u00eetrisez le traitement du signal et des donn\u00e9es avec notre expertise. Optimisez vos projets ici !\",\"breadcrumb\":{\"@id\":\"https:\/\/nexvision.fr\/fr\/expertise-en-reference-design-hw-sw-ip\/technologies\/traitement-du-signal-traitement-de-donnees\/#breadcrumb\"},\"inLanguage\":\"fr-FR\",\"potentialAction\":[{\"@type\":\"ReadAction\",\"target\":[\"https:\/\/nexvision.fr\/fr\/expertise-en-reference-design-hw-sw-ip\/technologies\/traitement-du-signal-traitement-de-donnees\/\"]}]},{\"@type\":\"BreadcrumbList\",\"@id\":\"https:\/\/nexvision.fr\/fr\/expertise-en-reference-design-hw-sw-ip\/technologies\/traitement-du-signal-traitement-de-donnees\/#breadcrumb\",\"itemListElement\":[{\"@type\":\"ListItem\",\"position\":1,\"name\":\"Home\",\"item\":\"https:\/\/nexvision.fr\/fr\/accueil\/\"},{\"@type\":\"ListItem\",\"position\":2,\"name\":\"Expertise en reference design hw sw ip\",\"item\":\"https:\/\/nexvision.fr\/fr\/expertise-en-reference-design-hw-sw-ip\/\"},{\"@type\":\"ListItem\",\"position\":3,\"name\":\"Technologies\",\"item\":\"https:\/\/nexvision.fr\/fr\/expertise-en-reference-design-hw-sw-ip\/technologies\/\"},{\"@type\":\"ListItem\",\"position\":4,\"name\":\"Traitement du signal &#038; traitement de donn\u00e9es\"}]},{\"@type\":\"WebSite\",\"@id\":\"https:\/\/nexvision.fr\/#website\",\"url\":\"https:\/\/nexvision.fr\/\",\"name\":\"NEXVISION\",\"description\":\"Vision solution : optronic system UV night SWIR LWIR Terahertz\",\"publisher\":{\"@id\":\"https:\/\/nexvision.fr\/#organization\"},\"potentialAction\":[{\"@type\":\"SearchAction\",\"target\":{\"@type\":\"EntryPoint\",\"urlTemplate\":\"https:\/\/nexvision.fr\/?s={search_term_string}\"},\"query-input\":{\"@type\":\"PropertyValueSpecification\",\"valueRequired\":true,\"valueName\":\"search_term_string\"}}],\"inLanguage\":\"fr-FR\"},{\"@type\":\"Organization\",\"@id\":\"https:\/\/nexvision.fr\/#organization\",\"name\":\"NEXVISION\",\"url\":\"https:\/\/nexvision.fr\/\",\"logo\":{\"@type\":\"ImageObject\",\"inLanguage\":\"fr-FR\",\"@id\":\"https:\/\/nexvision.fr\/#\/schema\/logo\/image\/\",\"url\":\"https:\/\/nexvision.fr\/wp-content\/uploads\/2025\/10\/LogoNexvision696px.png\",\"contentUrl\":\"https:\/\/nexvision.fr\/wp-content\/uploads\/2025\/10\/LogoNexvision696px.png\",\"width\":696,\"height\":696,\"caption\":\"NEXVISION\"},\"image\":{\"@id\":\"https:\/\/nexvision.fr\/#\/schema\/logo\/image\/\"}}]}<\/script>\n<!-- \/ Yoast SEO plugin. -->","yoast_head_json":{"title":"Traitement du signal & traitement de donn\u00e9es","description":"Ma\u00eetrisez le traitement du signal et des donn\u00e9es avec notre expertise. Optimisez vos projets ici !","robots":{"index":"index","follow":"follow","max-snippet":"max-snippet:-1","max-image-preview":"max-image-preview:large","max-video-preview":"max-video-preview:-1"},"canonical":"https:\/\/nexvision.fr\/fr\/expertise-en-reference-design-hw-sw-ip\/technologies\/traitement-du-signal-traitement-de-donnees\/","og_locale":"fr_FR","og_type":"article","og_title":"Traitement du signal & traitement de donn\u00e9es","og_description":"Ma\u00eetrisez le traitement du signal et des donn\u00e9es avec notre expertise. Optimisez vos projets ici !","og_url":"https:\/\/nexvision.fr\/fr\/expertise-en-reference-design-hw-sw-ip\/technologies\/traitement-du-signal-traitement-de-donnees\/","og_site_name":"NEXVISION","article_modified_time":"2024-08-19T15:37:01+00:00","twitter_card":"summary_large_image","twitter_misc":{"Dur\u00e9e de lecture estim\u00e9e":"1 minute"},"schema":{"@context":"https:\/\/schema.org","@graph":[{"@type":"WebPage","@id":"https:\/\/nexvision.fr\/fr\/expertise-en-reference-design-hw-sw-ip\/technologies\/traitement-du-signal-traitement-de-donnees\/","url":"https:\/\/nexvision.fr\/fr\/expertise-en-reference-design-hw-sw-ip\/technologies\/traitement-du-signal-traitement-de-donnees\/","name":"Traitement du signal & traitement de donn\u00e9es","isPartOf":{"@id":"https:\/\/nexvision.fr\/#website"},"datePublished":"2024-08-19T12:45:12+00:00","dateModified":"2024-08-19T15:37:01+00:00","description":"Ma\u00eetrisez le traitement du signal et des donn\u00e9es avec notre expertise. Optimisez vos projets ici !","breadcrumb":{"@id":"https:\/\/nexvision.fr\/fr\/expertise-en-reference-design-hw-sw-ip\/technologies\/traitement-du-signal-traitement-de-donnees\/#breadcrumb"},"inLanguage":"fr-FR","potentialAction":[{"@type":"ReadAction","target":["https:\/\/nexvision.fr\/fr\/expertise-en-reference-design-hw-sw-ip\/technologies\/traitement-du-signal-traitement-de-donnees\/"]}]},{"@type":"BreadcrumbList","@id":"https:\/\/nexvision.fr\/fr\/expertise-en-reference-design-hw-sw-ip\/technologies\/traitement-du-signal-traitement-de-donnees\/#breadcrumb","itemListElement":[{"@type":"ListItem","position":1,"name":"Home","item":"https:\/\/nexvision.fr\/fr\/accueil\/"},{"@type":"ListItem","position":2,"name":"Expertise en reference design hw sw ip","item":"https:\/\/nexvision.fr\/fr\/expertise-en-reference-design-hw-sw-ip\/"},{"@type":"ListItem","position":3,"name":"Technologies","item":"https:\/\/nexvision.fr\/fr\/expertise-en-reference-design-hw-sw-ip\/technologies\/"},{"@type":"ListItem","position":4,"name":"Traitement du signal &#038; traitement de donn\u00e9es"}]},{"@type":"WebSite","@id":"https:\/\/nexvision.fr\/#website","url":"https:\/\/nexvision.fr\/","name":"NEXVISION","description":"Vision solution : optronic system UV night SWIR LWIR Terahertz","publisher":{"@id":"https:\/\/nexvision.fr\/#organization"},"potentialAction":[{"@type":"SearchAction","target":{"@type":"EntryPoint","urlTemplate":"https:\/\/nexvision.fr\/?s={search_term_string}"},"query-input":{"@type":"PropertyValueSpecification","valueRequired":true,"valueName":"search_term_string"}}],"inLanguage":"fr-FR"},{"@type":"Organization","@id":"https:\/\/nexvision.fr\/#organization","name":"NEXVISION","url":"https:\/\/nexvision.fr\/","logo":{"@type":"ImageObject","inLanguage":"fr-FR","@id":"https:\/\/nexvision.fr\/#\/schema\/logo\/image\/","url":"https:\/\/nexvision.fr\/wp-content\/uploads\/2025\/10\/LogoNexvision696px.png","contentUrl":"https:\/\/nexvision.fr\/wp-content\/uploads\/2025\/10\/LogoNexvision696px.png","width":696,"height":696,"caption":"NEXVISION"},"image":{"@id":"https:\/\/nexvision.fr\/#\/schema\/logo\/image\/"}}]}},"_links":{"self":[{"href":"https:\/\/nexvision.fr\/fr\/wp-json\/wp\/v2\/pages\/16096","targetHints":{"allow":["GET"]}}],"collection":[{"href":"https:\/\/nexvision.fr\/fr\/wp-json\/wp\/v2\/pages"}],"about":[{"href":"https:\/\/nexvision.fr\/fr\/wp-json\/wp\/v2\/types\/page"}],"author":[{"embeddable":true,"href":"https:\/\/nexvision.fr\/fr\/wp-json\/wp\/v2\/users\/1"}],"replies":[{"embeddable":true,"href":"https:\/\/nexvision.fr\/fr\/wp-json\/wp\/v2\/comments?post=16096"}],"version-history":[{"count":2,"href":"https:\/\/nexvision.fr\/fr\/wp-json\/wp\/v2\/pages\/16096\/revisions"}],"predecessor-version":[{"id":16101,"href":"https:\/\/nexvision.fr\/fr\/wp-json\/wp\/v2\/pages\/16096\/revisions\/16101"}],"up":[{"embeddable":true,"href":"https:\/\/nexvision.fr\/fr\/wp-json\/wp\/v2\/pages\/16032"}],"wp:attachment":[{"href":"https:\/\/nexvision.fr\/fr\/wp-json\/wp\/v2\/media?parent=16096"}],"curies":[{"name":"wp","href":"https:\/\/api.w.org\/{rel}","templated":true}]}}