{"id":16271,"date":"2024-08-20T14:37:15","date_gmt":"2024-08-20T12:37:15","guid":{"rendered":"https:\/\/nexvision.dev\/reference-design-modules-electroniques-optionnels\/module-industriel-nvidia-tegra-k1-nex-tk1\/"},"modified":"2024-08-20T14:47:01","modified_gmt":"2024-08-20T12:47:01","slug":"module-industriel-nvidia-tegra-k1-nex-tk1","status":"publish","type":"page","link":"https:\/\/nexvision.fr\/fr\/reference-design-modules-electroniques-optionnels\/module-industriel-nvidia-tegra-k1-nex-tk1\/","title":{"rendered":"Module industriel Nvidia Tegra K1 &#8211; Nex [ TK1 ]"},"content":{"rendered":"\t\t<div data-elementor-type=\"wp-page\" data-elementor-id=\"16271\" class=\"elementor elementor-16271 elementor-16248\" data-elementor-post-type=\"page\">\n\t\t\t\t\t\t<section data-particle_enable=\"false\" data-particle-mobile-disabled=\"false\" class=\"elementor-section elementor-top-section elementor-element elementor-element-c279c77 elementor-section-height-full elementor-section-stretched elementor-section-boxed elementor-section-height-default elementor-section-items-middle\" data-id=\"c279c77\" data-element_type=\"section\" data-e-type=\"section\" data-settings=\"{&quot;stretch_section&quot;:&quot;section-stretched&quot;,&quot;background_background&quot;:&quot;classic&quot;}\">\n\t\t\t\t\t\t\t<div class=\"elementor-background-overlay\"><\/div>\n\t\t\t\t\t\t\t<div class=\"elementor-container elementor-column-gap-no\">\n\t\t\t\t\t<div class=\"elementor-column elementor-col-33 elementor-top-column elementor-element elementor-element-ec889f2\" data-id=\"ec889f2\" data-element_type=\"column\" data-e-type=\"column\">\n\t\t\t<div class=\"elementor-widget-wrap\">\n\t\t\t\t\t\t\t<\/div>\n\t\t<\/div>\n\t\t\t\t<div class=\"elementor-column elementor-col-33 elementor-top-column elementor-element elementor-element-f1adcfb\" data-id=\"f1adcfb\" data-element_type=\"column\" data-e-type=\"column\" data-settings=\"{&quot;background_background&quot;:&quot;classic&quot;}\">\n\t\t\t<div class=\"elementor-widget-wrap elementor-element-populated\">\n\t\t\t\t\t\t<div class=\"elementor-element elementor-element-ed9f20a animated-fast elementor-invisible elementor-widget elementor-widget-heading\" data-id=\"ed9f20a\" data-element_type=\"widget\" data-e-type=\"widget\" data-settings=\"{&quot;_animation&quot;:&quot;fadeInDown&quot;,&quot;_animation_delay&quot;:300}\" data-widget_type=\"heading.default\">\n\t\t\t\t<div class=\"elementor-widget-container\">\n\t\t\t\t\t<h2 class=\"elementor-heading-title elementor-size-default\">Nex [ TK1 ]<\/h2>\t\t\t\t<\/div>\n\t\t\t\t<\/div>\n\t\t\t\t<div class=\"elementor-element elementor-element-6bd8ef9 elementor-invisible elementor-widget elementor-widget-heading\" data-id=\"6bd8ef9\" data-element_type=\"widget\" data-e-type=\"widget\" data-settings=\"{&quot;_animation&quot;:&quot;fadeInLeft&quot;,&quot;_animation_delay&quot;:600}\" data-widget_type=\"heading.default\">\n\t\t\t\t<div class=\"elementor-widget-container\">\n\t\t\t\t\t<h2 class=\"elementor-heading-title elementor-size-default\">Module industriel Nvidia Tegra K1<\/h2>\t\t\t\t<\/div>\n\t\t\t\t<\/div>\n\t\t\t\t\t<\/div>\n\t\t<\/div>\n\t\t\t\t<div class=\"elementor-column elementor-col-33 elementor-top-column elementor-element elementor-element-c8e7fc9\" data-id=\"c8e7fc9\" data-element_type=\"column\" data-e-type=\"column\">\n\t\t\t<div class=\"elementor-widget-wrap\">\n\t\t\t\t\t\t\t<\/div>\n\t\t<\/div>\n\t\t\t\t\t<\/div>\n\t\t<\/section>\n\t\t\t\t<section data-particle_enable=\"false\" data-particle-mobile-disabled=\"false\" class=\"elementor-section elementor-top-section elementor-element elementor-element-d76980a elementor-section-boxed elementor-section-height-default elementor-section-height-default\" data-id=\"d76980a\" data-element_type=\"section\" data-e-type=\"section\">\n\t\t\t\t\t\t<div class=\"elementor-container elementor-column-gap-default\">\n\t\t\t\t\t<div class=\"elementor-column elementor-col-100 elementor-top-column elementor-element elementor-element-47f6009\" data-id=\"47f6009\" data-element_type=\"column\" data-e-type=\"column\">\n\t\t\t<div class=\"elementor-widget-wrap elementor-element-populated\">\n\t\t\t\t\t\t<div class=\"elementor-element elementor-element-0a00a2a elementor-widget elementor-widget-heading\" data-id=\"0a00a2a\" data-element_type=\"widget\" data-e-type=\"widget\" data-widget_type=\"heading.default\">\n\t\t\t\t<div class=\"elementor-widget-container\">\n\t\t\t\t\t<h2 class=\"elementor-heading-title elementor-size-default\">Module de traitement d\u2019images haute vitesse pour applications industrielles D\u00e9fense | A\u00e9ronautique | Transport<\/h2>\t\t\t\t<\/div>\n\t\t\t\t<\/div>\n\t\t\t\t\t<\/div>\n\t\t<\/div>\n\t\t\t\t\t<\/div>\n\t\t<\/section>\n\t\t\t\t<section data-particle_enable=\"false\" data-particle-mobile-disabled=\"false\" class=\"elementor-section elementor-top-section elementor-element elementor-element-a2a4b62 elementor-section-boxed elementor-section-height-default elementor-section-height-default\" data-id=\"a2a4b62\" data-element_type=\"section\" data-e-type=\"section\">\n\t\t\t\t\t\t<div class=\"elementor-container elementor-column-gap-default\">\n\t\t\t\t\t<div class=\"elementor-column elementor-col-100 elementor-top-column elementor-element elementor-element-df5d0d2\" data-id=\"df5d0d2\" data-element_type=\"column\" data-e-type=\"column\">\n\t\t\t<div class=\"elementor-widget-wrap elementor-element-populated\">\n\t\t\t\t\t\t<div class=\"elementor-element elementor-element-052f1f6 elementor-arrows-position-inside elementor-pagination-position-outside elementor-widget elementor-widget-image-carousel\" data-id=\"052f1f6\" data-element_type=\"widget\" data-e-type=\"widget\" data-settings=\"{&quot;slides_to_show&quot;:&quot;1&quot;,&quot;navigation&quot;:&quot;both&quot;,&quot;autoplay&quot;:&quot;yes&quot;,&quot;pause_on_interaction&quot;:&quot;yes&quot;,&quot;autoplay_speed&quot;:5000,&quot;infinite&quot;:&quot;yes&quot;,&quot;effect&quot;:&quot;slide&quot;,&quot;speed&quot;:500}\" data-widget_type=\"image-carousel.default\">\n\t\t\t\t<div class=\"elementor-widget-container\">\n\t\t\t\t\t\t\t<div class=\"elementor-image-carousel-wrapper swiper\" role=\"region\" aria-roledescription=\"carousel\" aria-label=\"Carrousel d\u2019images\" dir=\"ltr\">\n\t\t\t<div class=\"elementor-image-carousel swiper-wrapper\" aria-live=\"off\">\n\t\t\t\t\t\t\t\t<div class=\"swiper-slide\" role=\"group\" aria-roledescription=\"slide\" aria-label=\"1 sur 3\"><figure class=\"swiper-slide-inner\"><img decoding=\"async\" class=\"swiper-slide-image\" src=\"https:\/\/nexvision.fr\/wp-content\/uploads\/2024\/08\/Image_analysis_Tegra_k1_board_EN.jpg\" alt=\"Image_analysis_Tegra_k1_board_EN\" \/><\/figure><\/div><div class=\"swiper-slide\" role=\"group\" aria-roledescription=\"slide\" aria-label=\"2 sur 3\"><figure class=\"swiper-slide-inner\"><img decoding=\"async\" class=\"swiper-slide-image\" src=\"https:\/\/nexvision.fr\/wp-content\/uploads\/2024\/08\/Tegra_k1_board_carrier_vision_project_EN.jpg\" alt=\"Tegra_k1_board_carrier_vision_project_EN\" \/><\/figure><\/div><div class=\"swiper-slide\" role=\"group\" aria-roledescription=\"slide\" aria-label=\"3 sur 3\"><figure class=\"swiper-slide-inner\"><img decoding=\"async\" class=\"swiper-slide-image\" src=\"https:\/\/nexvision.fr\/wp-content\/uploads\/2024\/08\/Module_Tegra_k1_board_EN.jpg\" alt=\"Module_Tegra_k1_board_EN\" \/><\/figure><\/div>\t\t\t<\/div>\n\t\t\t\t\t\t\t\t\t\t\t\t<div class=\"elementor-swiper-button elementor-swiper-button-prev\" role=\"button\" tabindex=\"0\">\n\t\t\t\t\t\t<i aria-hidden=\"true\" class=\"eicon-chevron-left\"><\/i>\t\t\t\t\t<\/div>\n\t\t\t\t\t<div class=\"elementor-swiper-button elementor-swiper-button-next\" role=\"button\" tabindex=\"0\">\n\t\t\t\t\t\t<i aria-hidden=\"true\" class=\"eicon-chevron-right\"><\/i>\t\t\t\t\t<\/div>\n\t\t\t\t\n\t\t\t\t\t\t\t\t\t<div class=\"swiper-pagination\"><\/div>\n\t\t\t\t\t\t\t\t\t<\/div>\n\t\t\t\t\t\t<\/div>\n\t\t\t\t<\/div>\n\t\t\t\t\t<\/div>\n\t\t<\/div>\n\t\t\t\t\t<\/div>\n\t\t<\/section>\n\t\t\t\t<section data-particle_enable=\"false\" data-particle-mobile-disabled=\"false\" class=\"elementor-section elementor-top-section elementor-element elementor-element-396f91e elementor-section-boxed elementor-section-height-default elementor-section-height-default\" data-id=\"396f91e\" data-element_type=\"section\" data-e-type=\"section\">\n\t\t\t\t\t\t<div class=\"elementor-container elementor-column-gap-default\">\n\t\t\t\t\t<div class=\"elementor-column elementor-col-100 elementor-top-column elementor-element elementor-element-7113175\" data-id=\"7113175\" data-element_type=\"column\" data-e-type=\"column\">\n\t\t\t<div class=\"elementor-widget-wrap elementor-element-populated\">\n\t\t\t\t\t\t<div class=\"elementor-element elementor-element-0e09c42 elementor-widget elementor-widget-text-editor\" data-id=\"0e09c42\" data-element_type=\"widget\" data-e-type=\"widget\" data-widget_type=\"text-editor.default\">\n\t\t\t\t<div class=\"elementor-widget-container\">\n\t\t\t\t\t\t\t\t\t<h2>VUE D\u2019ENSEMBLE<\/h2>\n<hr \/>\n<ul>\n<li>Nex [ TK1 ] est un module de traitement d\u2019images bas\u00e9e sur le GPU Nvidia Tegra K1<\/li>\n<li>La plateforme est compos\u00e9e d\u2019un module de traitement d\u2019image soft g\u00e9n\u00e9rique + une carte porteuse qui peut \u00eatre customis\u00e9e selon le projet<\/li>\n<li>Son principe g\u00e9n\u00e9ral consiste \u00e0 recevoir des donn\u00e9es, r\u00e9aliser des calculs, et les renvoyer soit vers un \u00e9cran, un FPGA ou un PC.<\/li>\n<li>Sur certains projets qui n\u00e9cessitent une tr\u00e8s forte puissance de calcul de traitement\/analyse d\u2019image, possibilit\u00e9 de faire un design avec plusieurs modules en parall\u00e8le<\/li>\n<\/ul>\n<h2>POINTS FORTS<\/h2>\n<hr \/>\n<ul>\n<li>Plus compl\u00e8te que la Jetson TK1 avec ses 4 ports PCIe qui permettent d\u2019avoir un tr\u00e8s haut d\u00e9bit de transfert entre un FPGA (Xilinx ultrascale, Artix\u2026) et le GPU du Tegra K1. (Le lien PCIe est le lien de transfert des images par DMA depuis une carte FPGA qui int\u00e8gre un des multiples types d\u2019interfaces directes avec des capteurs d\u2019image ou bien un des standards de communication vid\u00e9o num\u00e9rique [cameralink, CoaxPress, SDI, \u2026] autres que ceux nativement pr\u00e9sents : ethernet, USB3, MIPI-CSI.)<\/li>\n<li>HDMI 1.4b \u2013 DSI avec \u00e9cran<\/li>\n<li>GigE avec ext\u00e9rieur<\/li>\n<\/ul>\n<h2>CARACT\u00c9RISTIQUES<\/h2>\n<hr \/>\n<h3>Module Tegra K1<\/h3>\n<ul>\n<li>2 Go de RAM<\/li>\n<li>32 Go de m\u00e9moire Flash (boot + stockage)<\/li>\n<li>1 Mo m\u00e9moire SPI Flash boot secondaire<\/li>\n<li>8 Ko m\u00e9moire I2C EEPROM de stockage de configuration<\/li>\n<li>Alimentation en 5V<\/li>\n<li>Capteur de temp\u00e9rature<\/li>\n<li>Connecteur ZA1 400 pins avec 3mm de hauteur mont\u00e9<\/li>\n<\/ul>\n<h3>Carte porteuse<\/h3>\n<ul>\n<li>1 USB 2.0 format micro AB<\/li>\n<li>3 USB 2.0 format type A<\/li>\n<li>1 USB 3.0 format type A<\/li>\n<li>4 boutons dont 1 configurable par l\u2019utilisateur (debug pour les autres : ON\/OFF \u2013 RESET \u2013 FORCE RECOVERY)<\/li>\n<li>1 RS232 servant pour le debug<\/li>\n<li>1 TraceData (debug)<\/li>\n<li>1 JTAG (debug)<\/li>\n<li>1 codec audio avec deux sorties et une entr\u00e9e au format jack (sortie : \u00e9couteurs + haut parleur, entr\u00e9e = micro)<\/li>\n<li>1 LED de compte rendu de bon fonctionnement<\/li>\n<li>1 LED RGB pilotable par l\u2019utilisateur<\/li>\n<li>2 interrupteurs pour changer les valeurs de \u00ab\u00a0boot_sel\u00a0\u00bb<\/li>\n<li>1 entr\u00e9e MIPI CSI 4 lanes (cam\u00e9ra)<\/li>\n<li>1 sortie HDMI 1.4b (\u00e9cran)<\/li>\n<li>1 sortie MIPI DSI 4 lanes (\u00e9cran)<\/li>\n<li>1 sortie LVDS 5 lanes (\u00e9cran)<\/li>\n<li>1 sortie SPI TouchScreen (\u00e9cran + touchscreen)<\/li>\n<li>1 sortie parall\u00e8le pour LCD (\u00e9cran)<\/li>\n<li>1 microSD (extension m\u00e9moire)<\/li>\n<li>1 SD (extension m\u00e9moire)<\/li>\n<li>1 module Bluetooth<\/li>\n<li>1 I2C (connexion p\u00e9riph\u00e9riques divers : capteur pression, convertisseur digital-to-analog etc)<\/li>\n<li>1 GigaEthernet format RJ45 (Internet\/r\u00e9seau)<\/li>\n<li>1 PCIe x4 (connexion avec carte dont celle avec le FPGA)<\/li>\n<li>1 SATA (extension stockage)<\/li>\n<\/ul>\n<h2>DIMENSIONS &amp; ENVIRONNEMENT<\/h2>\n<hr \/>\n<ul>\n<li>Module TK1 : 70mm (L) x 55mm (l)<\/li>\n<li>Porteuse : 220mm (L) x 126mm (l)<\/li>\n<li>Temp\u00e9rature : \u201340\u00b0C \/ +105\u00b0C<\/li>\n<\/ul>\n\t\t\t\t\t\t\t\t<\/div>\n\t\t\t\t<\/div>\n\t\t\t\t\t<\/div>\n\t\t<\/div>\n\t\t\t\t\t<\/div>\n\t\t<\/section>\n\t\t\t\t<\/div>\n\t\t","protected":false},"excerpt":{"rendered":"<p>Nex [ TK1 ] Module industriel Nvidia Tegra K1 Module de traitement d\u2019images haute vitesse pour applications industrielles D\u00e9fense | A\u00e9ronautique | Transport VUE D\u2019ENSEMBLE Nex [ TK1 ] est un module de traitement d\u2019images bas\u00e9e sur le GPU Nvidia Tegra K1 La plateforme est compos\u00e9e d\u2019un module de traitement d\u2019image soft g\u00e9n\u00e9rique + une [&hellip;]<\/p>\n","protected":false},"author":1,"featured_media":0,"parent":14267,"menu_order":0,"comment_status":"closed","ping_status":"closed","template":"elementor_header_footer","meta":{"_acf_changed":false,"inline_featured_image":false,"_monsterinsights_skip_tracking":false,"_monsterinsights_sitenote_active":false,"_monsterinsights_sitenote_note":"","_monsterinsights_sitenote_category":0,"footnotes":""},"class_list":["post-16271","page","type-page","status-publish","hentry"],"acf":[],"yoast_head":"<!-- This site is optimized with the Yoast SEO plugin v27.2 - https:\/\/yoast.com\/product\/yoast-seo-wordpress\/ -->\n<title>Module industriel Nvidia Tegra K1 - Nex [ TK1 ]<\/title>\n<meta name=\"description\" content=\"D\u00e9couvrez le module industriel NVIDIA Tegra K1 pour des performances optimales en vision industrielle. Cliquez ici !\" \/>\n<meta name=\"robots\" content=\"index, follow, max-snippet:-1, max-image-preview:large, max-video-preview:-1\" \/>\n<link rel=\"canonical\" href=\"https:\/\/nexvision.fr\/fr\/reference-design-modules-electroniques-optionnels\/module-industriel-nvidia-tegra-k1-nex-tk1\/\" \/>\n<meta property=\"og:locale\" content=\"fr_FR\" \/>\n<meta property=\"og:type\" content=\"article\" \/>\n<meta property=\"og:title\" content=\"Module industriel Nvidia Tegra K1 - Nex [ TK1 ]\" \/>\n<meta property=\"og:description\" content=\"D\u00e9couvrez le module industriel NVIDIA Tegra K1 pour des performances optimales en vision industrielle. Cliquez ici !\" \/>\n<meta property=\"og:url\" content=\"https:\/\/nexvision.fr\/fr\/reference-design-modules-electroniques-optionnels\/module-industriel-nvidia-tegra-k1-nex-tk1\/\" \/>\n<meta property=\"og:site_name\" content=\"NEXVISION\" \/>\n<meta property=\"article:modified_time\" content=\"2024-08-20T12:47:01+00:00\" \/>\n<meta property=\"og:image\" content=\"https:\/\/nexvision.fr\/wp-content\/uploads\/2024\/08\/Image_analysis_Tegra_k1_board_EN.jpg\" \/>\n<meta name=\"twitter:card\" content=\"summary_large_image\" \/>\n<meta name=\"twitter:label1\" content=\"Dur\u00e9e de lecture estim\u00e9e\" \/>\n\t<meta name=\"twitter:data1\" content=\"2 minutes\" \/>\n<script type=\"application\/ld+json\" class=\"yoast-schema-graph\">{\"@context\":\"https:\/\/schema.org\",\"@graph\":[{\"@type\":\"WebPage\",\"@id\":\"https:\/\/nexvision.fr\/fr\/reference-design-modules-electroniques-optionnels\/module-industriel-nvidia-tegra-k1-nex-tk1\/\",\"url\":\"https:\/\/nexvision.fr\/fr\/reference-design-modules-electroniques-optionnels\/module-industriel-nvidia-tegra-k1-nex-tk1\/\",\"name\":\"Module industriel Nvidia Tegra K1 - Nex [ TK1 ]\",\"isPartOf\":{\"@id\":\"https:\/\/nexvision.fr\/#website\"},\"primaryImageOfPage\":{\"@id\":\"https:\/\/nexvision.fr\/fr\/reference-design-modules-electroniques-optionnels\/module-industriel-nvidia-tegra-k1-nex-tk1\/#primaryimage\"},\"image\":{\"@id\":\"https:\/\/nexvision.fr\/fr\/reference-design-modules-electroniques-optionnels\/module-industriel-nvidia-tegra-k1-nex-tk1\/#primaryimage\"},\"thumbnailUrl\":\"https:\/\/nexvision.fr\/wp-content\/uploads\/2024\/08\/Image_analysis_Tegra_k1_board_EN.jpg\",\"datePublished\":\"2024-08-20T12:37:15+00:00\",\"dateModified\":\"2024-08-20T12:47:01+00:00\",\"description\":\"D\u00e9couvrez le module industriel NVIDIA Tegra K1 pour des performances optimales en vision industrielle. Cliquez ici !\",\"breadcrumb\":{\"@id\":\"https:\/\/nexvision.fr\/fr\/reference-design-modules-electroniques-optionnels\/module-industriel-nvidia-tegra-k1-nex-tk1\/#breadcrumb\"},\"inLanguage\":\"fr-FR\",\"potentialAction\":[{\"@type\":\"ReadAction\",\"target\":[\"https:\/\/nexvision.fr\/fr\/reference-design-modules-electroniques-optionnels\/module-industriel-nvidia-tegra-k1-nex-tk1\/\"]}]},{\"@type\":\"ImageObject\",\"inLanguage\":\"fr-FR\",\"@id\":\"https:\/\/nexvision.fr\/fr\/reference-design-modules-electroniques-optionnels\/module-industriel-nvidia-tegra-k1-nex-tk1\/#primaryimage\",\"url\":\"https:\/\/nexvision.fr\/wp-content\/uploads\/2024\/08\/Image_analysis_Tegra_k1_board_EN.jpg\",\"contentUrl\":\"https:\/\/nexvision.fr\/wp-content\/uploads\/2024\/08\/Image_analysis_Tegra_k1_board_EN.jpg\"},{\"@type\":\"BreadcrumbList\",\"@id\":\"https:\/\/nexvision.fr\/fr\/reference-design-modules-electroniques-optionnels\/module-industriel-nvidia-tegra-k1-nex-tk1\/#breadcrumb\",\"itemListElement\":[{\"@type\":\"ListItem\",\"position\":1,\"name\":\"Home\",\"item\":\"https:\/\/nexvision.fr\/fr\/accueil\/\"},{\"@type\":\"ListItem\",\"position\":2,\"name\":\"Reference design : modules \u00e9lectroniques optionnels\",\"item\":\"https:\/\/nexvision.fr\/fr\/reference-design-modules-electroniques-optionnels\/\"},{\"@type\":\"ListItem\",\"position\":3,\"name\":\"Module industriel Nvidia Tegra K1 &#8211; Nex [ TK1 ]\"}]},{\"@type\":\"WebSite\",\"@id\":\"https:\/\/nexvision.fr\/#website\",\"url\":\"https:\/\/nexvision.fr\/\",\"name\":\"NEXVISION\",\"description\":\"Vision solution : optronic system UV night SWIR LWIR Terahertz\",\"publisher\":{\"@id\":\"https:\/\/nexvision.fr\/#organization\"},\"potentialAction\":[{\"@type\":\"SearchAction\",\"target\":{\"@type\":\"EntryPoint\",\"urlTemplate\":\"https:\/\/nexvision.fr\/?s={search_term_string}\"},\"query-input\":{\"@type\":\"PropertyValueSpecification\",\"valueRequired\":true,\"valueName\":\"search_term_string\"}}],\"inLanguage\":\"fr-FR\"},{\"@type\":\"Organization\",\"@id\":\"https:\/\/nexvision.fr\/#organization\",\"name\":\"NEXVISION\",\"url\":\"https:\/\/nexvision.fr\/\",\"logo\":{\"@type\":\"ImageObject\",\"inLanguage\":\"fr-FR\",\"@id\":\"https:\/\/nexvision.fr\/#\/schema\/logo\/image\/\",\"url\":\"https:\/\/nexvision.fr\/wp-content\/uploads\/2025\/10\/LogoNexvision696px.png\",\"contentUrl\":\"https:\/\/nexvision.fr\/wp-content\/uploads\/2025\/10\/LogoNexvision696px.png\",\"width\":696,\"height\":696,\"caption\":\"NEXVISION\"},\"image\":{\"@id\":\"https:\/\/nexvision.fr\/#\/schema\/logo\/image\/\"}}]}<\/script>\n<!-- \/ Yoast SEO plugin. -->","yoast_head_json":{"title":"Module industriel Nvidia Tegra K1 - Nex [ TK1 ]","description":"D\u00e9couvrez le module industriel NVIDIA Tegra K1 pour des performances optimales en vision industrielle. Cliquez ici !","robots":{"index":"index","follow":"follow","max-snippet":"max-snippet:-1","max-image-preview":"max-image-preview:large","max-video-preview":"max-video-preview:-1"},"canonical":"https:\/\/nexvision.fr\/fr\/reference-design-modules-electroniques-optionnels\/module-industriel-nvidia-tegra-k1-nex-tk1\/","og_locale":"fr_FR","og_type":"article","og_title":"Module industriel Nvidia Tegra K1 - Nex [ TK1 ]","og_description":"D\u00e9couvrez le module industriel NVIDIA Tegra K1 pour des performances optimales en vision industrielle. Cliquez ici !","og_url":"https:\/\/nexvision.fr\/fr\/reference-design-modules-electroniques-optionnels\/module-industriel-nvidia-tegra-k1-nex-tk1\/","og_site_name":"NEXVISION","article_modified_time":"2024-08-20T12:47:01+00:00","og_image":[{"url":"https:\/\/nexvision.fr\/wp-content\/uploads\/2024\/08\/Image_analysis_Tegra_k1_board_EN.jpg","type":"","width":"","height":""}],"twitter_card":"summary_large_image","twitter_misc":{"Dur\u00e9e de lecture estim\u00e9e":"2 minutes"},"schema":{"@context":"https:\/\/schema.org","@graph":[{"@type":"WebPage","@id":"https:\/\/nexvision.fr\/fr\/reference-design-modules-electroniques-optionnels\/module-industriel-nvidia-tegra-k1-nex-tk1\/","url":"https:\/\/nexvision.fr\/fr\/reference-design-modules-electroniques-optionnels\/module-industriel-nvidia-tegra-k1-nex-tk1\/","name":"Module industriel Nvidia Tegra K1 - Nex [ TK1 ]","isPartOf":{"@id":"https:\/\/nexvision.fr\/#website"},"primaryImageOfPage":{"@id":"https:\/\/nexvision.fr\/fr\/reference-design-modules-electroniques-optionnels\/module-industriel-nvidia-tegra-k1-nex-tk1\/#primaryimage"},"image":{"@id":"https:\/\/nexvision.fr\/fr\/reference-design-modules-electroniques-optionnels\/module-industriel-nvidia-tegra-k1-nex-tk1\/#primaryimage"},"thumbnailUrl":"https:\/\/nexvision.fr\/wp-content\/uploads\/2024\/08\/Image_analysis_Tegra_k1_board_EN.jpg","datePublished":"2024-08-20T12:37:15+00:00","dateModified":"2024-08-20T12:47:01+00:00","description":"D\u00e9couvrez le module industriel NVIDIA Tegra K1 pour des performances optimales en vision industrielle. Cliquez ici !","breadcrumb":{"@id":"https:\/\/nexvision.fr\/fr\/reference-design-modules-electroniques-optionnels\/module-industriel-nvidia-tegra-k1-nex-tk1\/#breadcrumb"},"inLanguage":"fr-FR","potentialAction":[{"@type":"ReadAction","target":["https:\/\/nexvision.fr\/fr\/reference-design-modules-electroniques-optionnels\/module-industriel-nvidia-tegra-k1-nex-tk1\/"]}]},{"@type":"ImageObject","inLanguage":"fr-FR","@id":"https:\/\/nexvision.fr\/fr\/reference-design-modules-electroniques-optionnels\/module-industriel-nvidia-tegra-k1-nex-tk1\/#primaryimage","url":"https:\/\/nexvision.fr\/wp-content\/uploads\/2024\/08\/Image_analysis_Tegra_k1_board_EN.jpg","contentUrl":"https:\/\/nexvision.fr\/wp-content\/uploads\/2024\/08\/Image_analysis_Tegra_k1_board_EN.jpg"},{"@type":"BreadcrumbList","@id":"https:\/\/nexvision.fr\/fr\/reference-design-modules-electroniques-optionnels\/module-industriel-nvidia-tegra-k1-nex-tk1\/#breadcrumb","itemListElement":[{"@type":"ListItem","position":1,"name":"Home","item":"https:\/\/nexvision.fr\/fr\/accueil\/"},{"@type":"ListItem","position":2,"name":"Reference design : modules \u00e9lectroniques optionnels","item":"https:\/\/nexvision.fr\/fr\/reference-design-modules-electroniques-optionnels\/"},{"@type":"ListItem","position":3,"name":"Module industriel Nvidia Tegra K1 &#8211; Nex [ TK1 ]"}]},{"@type":"WebSite","@id":"https:\/\/nexvision.fr\/#website","url":"https:\/\/nexvision.fr\/","name":"NEXVISION","description":"Vision solution : optronic system UV night SWIR LWIR Terahertz","publisher":{"@id":"https:\/\/nexvision.fr\/#organization"},"potentialAction":[{"@type":"SearchAction","target":{"@type":"EntryPoint","urlTemplate":"https:\/\/nexvision.fr\/?s={search_term_string}"},"query-input":{"@type":"PropertyValueSpecification","valueRequired":true,"valueName":"search_term_string"}}],"inLanguage":"fr-FR"},{"@type":"Organization","@id":"https:\/\/nexvision.fr\/#organization","name":"NEXVISION","url":"https:\/\/nexvision.fr\/","logo":{"@type":"ImageObject","inLanguage":"fr-FR","@id":"https:\/\/nexvision.fr\/#\/schema\/logo\/image\/","url":"https:\/\/nexvision.fr\/wp-content\/uploads\/2025\/10\/LogoNexvision696px.png","contentUrl":"https:\/\/nexvision.fr\/wp-content\/uploads\/2025\/10\/LogoNexvision696px.png","width":696,"height":696,"caption":"NEXVISION"},"image":{"@id":"https:\/\/nexvision.fr\/#\/schema\/logo\/image\/"}}]}},"_links":{"self":[{"href":"https:\/\/nexvision.fr\/fr\/wp-json\/wp\/v2\/pages\/16271","targetHints":{"allow":["GET"]}}],"collection":[{"href":"https:\/\/nexvision.fr\/fr\/wp-json\/wp\/v2\/pages"}],"about":[{"href":"https:\/\/nexvision.fr\/fr\/wp-json\/wp\/v2\/types\/page"}],"author":[{"embeddable":true,"href":"https:\/\/nexvision.fr\/fr\/wp-json\/wp\/v2\/users\/1"}],"replies":[{"embeddable":true,"href":"https:\/\/nexvision.fr\/fr\/wp-json\/wp\/v2\/comments?post=16271"}],"version-history":[{"count":1,"href":"https:\/\/nexvision.fr\/fr\/wp-json\/wp\/v2\/pages\/16271\/revisions"}],"predecessor-version":[{"id":16272,"href":"https:\/\/nexvision.fr\/fr\/wp-json\/wp\/v2\/pages\/16271\/revisions\/16272"}],"up":[{"embeddable":true,"href":"https:\/\/nexvision.fr\/fr\/wp-json\/wp\/v2\/pages\/14267"}],"wp:attachment":[{"href":"https:\/\/nexvision.fr\/fr\/wp-json\/wp\/v2\/media?parent=16271"}],"curies":[{"name":"wp","href":"https:\/\/api.w.org\/{rel}","templated":true}]}}